{"id":1377,"date":"2024-02-21T13:57:25","date_gmt":"2024-02-21T16:57:25","guid":{"rendered":"https:\/\/www.ufsm.br\/laboratorios\/labinter\/?page_id=1377"},"modified":"2024-04-22T22:38:20","modified_gmt":"2024-04-23T01:38:20","slug":"cosmicancestry","status":"publish","type":"page","link":"https:\/\/www.ufsm.br\/laboratorios\/labinter\/projetos\/cosmicancestry","title":{"rendered":"CosmicAncestry \u2013 Arte e Colabora\u00e7\u00e3o \u201cSul Global\u201d em Audiovisuais Expandidos"},"content":{"rendered":"\t\t<div data-elementor-type=\"wp-page\" data-elementor-id=\"1377\" class=\"elementor elementor-1377\">\n\t\t\t\t\t\t<section class=\"elementor-section elementor-top-section elementor-element elementor-element-16137d0 elementor-section-boxed elementor-section-height-default elementor-section-height-default\" data-id=\"16137d0\" data-element_type=\"section\">\n\t\t\t\t\t\t<div class=\"elementor-container elementor-column-gap-default\">\n\t\t\t\t\t<div class=\"elementor-column elementor-col-100 elementor-top-column elementor-element elementor-element-281e2fd\" data-id=\"281e2fd\" data-element_type=\"column\">\n\t\t\t<div class=\"elementor-widget-wrap elementor-element-populated\">\n\t\t\t\t\t\t<div class=\"elementor-element elementor-element-f44c5e7 elementor-widget elementor-widget-text-editor\" data-id=\"f44c5e7\" data-element_type=\"widget\" data-widget_type=\"text-editor.default\">\n\t\t\t\t<div class=\"elementor-widget-container\">\n\t\t\t\t\t\t\t<p style=\"text-align: justify\">Apresentamos a obra CosmicAncestry, produ\u00e7\u00e3o audiovisual colaborativa em processo, fruto da parceria &#8220;Sul Global&#8221; consolidada entre pesquisadores e artistas do Brasil e da \u00c1frica do Sul. Nesta perspectiva, desenvolvem-se di\u00e1logos e pr\u00e1ticas art\u00edsticas transdisciplinares com olhos direcionados para nossa ancestralidade c\u00f3smica. Atrav\u00e9s de um processo criativo colaborativo que re\u00fane e entrecruza m\u00faltiplos compartilhamentos, dos territ\u00f3rios e culturas, dos participantes e suas cidades. Ao voltar-se para a expans\u00e3o dos formatos expositivos, com obras audiovisuais que podem ser apresentadas em arranjos variados de imagens ef\u00eameras, fomenta-se e se propaga experi\u00eancias abertas e participativas, para repensar nossos modos de habitar e viver em sociedade. Assim, CosmicAncestry \u00e9 experimentada, inicialmente, como uma videoarte imersiva em ambiente fulldome, acompanhada de performance sonora ao vivo. Atualmente est\u00e1 sendo reconfigurada para outros formatos, como: v\u00eddeo 360\u00b0 para \u00f3culos de Realidade Virtual e ambientes imersivos interativos no metaverso. Tais possibilidades de formatos de exibi\u00e7\u00e3o vislumbram que sua exibi\u00e7\u00e3o pode participar em mais mostras e eventos de arte, nacionais e internacionais.<\/p><div dir=\"auto\" style=\"text-align: justify\">CosmicAncestry \u00e9 o resultado po\u00e9tico de projeto colaborativo que realiza produ\u00e7\u00f5es em Arte e Tecnologia, a partir de parceria consolidada entre artistas e pesquisadores do Laborat\u00f3rio Interdisciplinar Interativo &#8211; Labinter\/UFSM (Santa Maria, Brasil), da Universidade Federal da Bahia &#8211; UFBA (Salvador, Brasil), da Durban University of Technology -DUT (Durban, \u00c1frica do Sul) e da University of the Witwatersrand (Joanesburgo, \u00c1frica do Sul).<\/div>\t\t\t\t\t\t<\/div>\n\t\t\t\t<\/div>\n\t\t\t\t\t<\/div>\n\t\t<\/div>\n\t\t\t\t\t<\/div>\n\t\t<\/section>\n\t\t\t\t<section class=\"elementor-section elementor-top-section elementor-element elementor-element-262737b elementor-section-boxed elementor-section-height-default elementor-section-height-default\" data-id=\"262737b\" data-element_type=\"section\">\n\t\t\t\t\t\t<div class=\"elementor-container elementor-column-gap-default\">\n\t\t\t\t\t<div class=\"elementor-column elementor-col-50 elementor-top-column elementor-element elementor-element-f0a3264\" data-id=\"f0a3264\" data-element_type=\"column\">\n\t\t\t<div class=\"elementor-widget-wrap elementor-element-populated\">\n\t\t\t\t\t\t<div class=\"elementor-element elementor-element-5f838cb elementor-widget elementor-widget-image\" data-id=\"5f838cb\" data-element_type=\"widget\" data-widget_type=\"image.default\">\n\t\t\t\t<div class=\"elementor-widget-container\">\n\t\t\t\t\t\t\t\t\t\t\t\t\t<img fetchpriority=\"high\" decoding=\"async\" width=\"1024\" height=\"1024\" src=\"https:\/\/www.ufsm.br\/app\/uploads\/sites\/814\/2024\/02\/Slide2-1024x1024.jpg\" class=\"attachment-large size-large wp-image-1378\" alt=\"\" srcset=\"https:\/\/www.ufsm.br\/app\/uploads\/sites\/814\/2024\/02\/Slide2-1024x1024.jpg 1024w, https:\/\/www.ufsm.br\/app\/uploads\/sites\/814\/2024\/02\/Slide2-300x300.jpg 300w, https:\/\/www.ufsm.br\/app\/uploads\/sites\/814\/2024\/02\/Slide2-150x150.jpg 150w, https:\/\/www.ufsm.br\/app\/uploads\/sites\/814\/2024\/02\/Slide2-768x768.jpg 768w, https:\/\/www.ufsm.br\/app\/uploads\/sites\/814\/2024\/02\/Slide2.jpg 1500w\" sizes=\"(max-width: 1024px) 100vw, 1024px\" \/>\t\t\t\t\t\t\t\t\t\t\t\t\t<\/div>\n\t\t\t\t<\/div>\n\t\t\t\t<div class=\"elementor-element elementor-element-91b4add elementor-widget elementor-widget-image\" data-id=\"91b4add\" data-element_type=\"widget\" data-widget_type=\"image.default\">\n\t\t\t\t<div class=\"elementor-widget-container\">\n\t\t\t\t\t\t\t\t\t\t\t\t\t<img decoding=\"async\" width=\"1024\" height=\"1024\" src=\"https:\/\/www.ufsm.br\/app\/uploads\/sites\/814\/2024\/02\/Slide7-1024x1024.jpg\" class=\"attachment-large size-large wp-image-1380\" alt=\"\" srcset=\"https:\/\/www.ufsm.br\/app\/uploads\/sites\/814\/2024\/02\/Slide7-1024x1024.jpg 1024w, https:\/\/www.ufsm.br\/app\/uploads\/sites\/814\/2024\/02\/Slide7-300x300.jpg 300w, https:\/\/www.ufsm.br\/app\/uploads\/sites\/814\/2024\/02\/Slide7-150x150.jpg 150w, https:\/\/www.ufsm.br\/app\/uploads\/sites\/814\/2024\/02\/Slide7-768x768.jpg 768w, https:\/\/www.ufsm.br\/app\/uploads\/sites\/814\/2024\/02\/Slide7.jpg 1500w\" sizes=\"(max-width: 1024px) 100vw, 1024px\" \/>\t\t\t\t\t\t\t\t\t\t\t\t\t<\/div>\n\t\t\t\t<\/div>\n\t\t\t\t\t<\/div>\n\t\t<\/div>\n\t\t\t\t<div class=\"elementor-column elementor-col-50 elementor-top-column elementor-element elementor-element-f6dbf49\" data-id=\"f6dbf49\" data-element_type=\"column\">\n\t\t\t<div class=\"elementor-widget-wrap elementor-element-populated\">\n\t\t\t\t\t\t<div class=\"elementor-element elementor-element-507b8e4 elementor-widget elementor-widget-image\" data-id=\"507b8e4\" data-element_type=\"widget\" data-widget_type=\"image.default\">\n\t\t\t\t<div class=\"elementor-widget-container\">\n\t\t\t\t\t\t\t\t\t\t\t\t\t<img decoding=\"async\" width=\"1024\" height=\"1024\" src=\"https:\/\/www.ufsm.br\/app\/uploads\/sites\/814\/2024\/02\/Slide3-1024x1024.jpg\" class=\"attachment-large size-large wp-image-1379\" alt=\"\" srcset=\"https:\/\/www.ufsm.br\/app\/uploads\/sites\/814\/2024\/02\/Slide3-1024x1024.jpg 1024w, https:\/\/www.ufsm.br\/app\/uploads\/sites\/814\/2024\/02\/Slide3-300x300.jpg 300w, https:\/\/www.ufsm.br\/app\/uploads\/sites\/814\/2024\/02\/Slide3-150x150.jpg 150w, https:\/\/www.ufsm.br\/app\/uploads\/sites\/814\/2024\/02\/Slide3-768x768.jpg 768w, https:\/\/www.ufsm.br\/app\/uploads\/sites\/814\/2024\/02\/Slide3.jpg 1500w\" sizes=\"(max-width: 1024px) 100vw, 1024px\" \/>\t\t\t\t\t\t\t\t\t\t\t\t\t<\/div>\n\t\t\t\t<\/div>\n\t\t\t\t<div class=\"elementor-element elementor-element-9f34c71 elementor-widget elementor-widget-image\" data-id=\"9f34c71\" data-element_type=\"widget\" data-widget_type=\"image.default\">\n\t\t\t\t<div class=\"elementor-widget-container\">\n\t\t\t\t\t\t\t\t\t\t\t\t\t<img loading=\"lazy\" decoding=\"async\" width=\"1024\" height=\"1024\" src=\"https:\/\/www.ufsm.br\/app\/uploads\/sites\/814\/2024\/02\/Slide8-1024x1024.jpg\" class=\"attachment-large size-large wp-image-1381\" alt=\"\" srcset=\"https:\/\/www.ufsm.br\/app\/uploads\/sites\/814\/2024\/02\/Slide8-1024x1024.jpg 1024w, https:\/\/www.ufsm.br\/app\/uploads\/sites\/814\/2024\/02\/Slide8-300x300.jpg 300w, https:\/\/www.ufsm.br\/app\/uploads\/sites\/814\/2024\/02\/Slide8-150x150.jpg 150w, https:\/\/www.ufsm.br\/app\/uploads\/sites\/814\/2024\/02\/Slide8-768x768.jpg 768w, https:\/\/www.ufsm.br\/app\/uploads\/sites\/814\/2024\/02\/Slide8.jpg 1500w\" sizes=\"(max-width: 1024px) 100vw, 1024px\" \/>\t\t\t\t\t\t\t\t\t\t\t\t\t<\/div>\n\t\t\t\t<\/div>\n\t\t\t\t\t<\/div>\n\t\t<\/div>\n\t\t\t\t\t<\/div>\n\t\t<\/section>\n\t\t\t\t<section class=\"elementor-section elementor-top-section elementor-element elementor-element-2e81950 elementor-section-boxed elementor-section-height-default elementor-section-height-default\" data-id=\"2e81950\" data-element_type=\"section\">\n\t\t\t\t\t\t<div class=\"elementor-container elementor-column-gap-default\">\n\t\t\t\t\t<div class=\"elementor-column elementor-col-100 elementor-top-column elementor-element elementor-element-2e0ea4b\" data-id=\"2e0ea4b\" data-element_type=\"column\">\n\t\t\t<div class=\"elementor-widget-wrap elementor-element-populated\">\n\t\t\t\t\t\t<div class=\"elementor-element elementor-element-2c55ebb elementor-widget elementor-widget-text-editor\" data-id=\"2c55ebb\" data-element_type=\"widget\" data-widget_type=\"text-editor.default\">\n\t\t\t\t<div class=\"elementor-widget-container\">\n\t\t\t\t\t\t\t<p style=\"text-align: justify\">Frames de CosmicAncestry &#8211; Vers\u00e3o 2023. \u00c9 uma obra audiovisual que tem 1480x1480pixels de resolu\u00e7\u00e3o. Um videoarte com 9\u201950\u201d minutos de dura\u00e7\u00e3o.<\/p><p style=\"text-align: justify\">Link do v\u00eddeo: <a href=\"https:\/\/youtu.be\/5_rrROnG4tg\">https:\/\/youtu.be\/5_rrROnG4tg?si=ucpaIeiFZlzzpK-Ihttps:\/\/youtu.be\/5_rrROnG4tg<\/a><\/p>\t\t\t\t\t\t<\/div>\n\t\t\t\t<\/div>\n\t\t\t\t<div class=\"elementor-element elementor-element-22c51f0 elementor-widget elementor-widget-video\" data-id=\"22c51f0\" data-element_type=\"widget\" data-settings=\"{&quot;youtube_url&quot;:&quot;https:\\\/\\\/youtu.be\\\/5_rrROnG4tg?si=ucpaIeiFZlzzpK-I&quot;,&quot;video_type&quot;:&quot;youtube&quot;,&quot;controls&quot;:&quot;yes&quot;}\" data-widget_type=\"video.default\">\n\t\t\t\t<div class=\"elementor-widget-container\">\n\t\t\t\t\t<div class=\"elementor-wrapper elementor-open-inline\">\n\t\t\t<div class=\"elementor-video\"><\/div>\t\t<\/div>\n\t\t\t\t<\/div>\n\t\t\t\t<\/div>\n\t\t\t\t<div class=\"elementor-element elementor-element-221c01d elementor-widget elementor-widget-spacer\" data-id=\"221c01d\" data-element_type=\"widget\" data-widget_type=\"spacer.default\">\n\t\t\t\t<div class=\"elementor-widget-container\">\n\t\t\t\t\t<div class=\"elementor-spacer\">\n\t\t\t<div class=\"elementor-spacer-inner\"><\/div>\n\t\t<\/div>\n\t\t\t\t<\/div>\n\t\t\t\t<\/div>\n\t\t\t\t<div class=\"elementor-element elementor-element-4858374 elementor-widget elementor-widget-text-editor\" data-id=\"4858374\" data-element_type=\"widget\" data-widget_type=\"text-editor.default\">\n\t\t\t\t<div class=\"elementor-widget-container\">\n\t\t\t\t\t\t\t<div dir=\"auto\" style=\"text-align: justify\">Assim, este trabalho audiovisual foi exibido pela primeira vez na mostra internacional EFEMERA + UVM: Festival Internacional de M\u00fasica Visual Fulldome (curadoria de Andreia Oliveira, Matheus Moreno e Ricardo Dal Farra), no dia 1 de dezembro de 2023, na c\u00fapula do Planet\u00e1rio da UFSM, associada \u00e0 performance sonora ao vivo. Este evento foi integrante ao XVI Simp\u00f3sio Nacional de ABCiber &#8211; Informa\u00e7\u00e3o, Tecnodiversidade e Est\u00e9tica, realizado entre os dias 28 de novembro e 1 de dezembro de 2023, na Universidade Federal de Santa Maria.<\/div>\t\t\t\t\t\t<\/div>\n\t\t\t\t<\/div>\n\t\t\t\t\t<\/div>\n\t\t<\/div>\n\t\t\t\t\t<\/div>\n\t\t<\/section>\n\t\t\t\t<section class=\"elementor-section elementor-top-section elementor-element elementor-element-435b7e7 elementor-section-boxed elementor-section-height-default elementor-section-height-default\" data-id=\"435b7e7\" data-element_type=\"section\">\n\t\t\t\t\t\t<div class=\"elementor-container elementor-column-gap-default\">\n\t\t\t\t\t<div class=\"elementor-column elementor-col-50 elementor-top-column elementor-element elementor-element-74d22c4\" data-id=\"74d22c4\" data-element_type=\"column\">\n\t\t\t<div class=\"elementor-widget-wrap elementor-element-populated\">\n\t\t\t\t\t\t<div class=\"elementor-element elementor-element-041b0d8 elementor-widget elementor-widget-image\" data-id=\"041b0d8\" data-element_type=\"widget\" data-widget_type=\"image.default\">\n\t\t\t\t<div class=\"elementor-widget-container\">\n\t\t\t\t\t\t\t\t\t\t\t\t\t<img loading=\"lazy\" decoding=\"async\" width=\"1024\" height=\"682\" src=\"https:\/\/www.ufsm.br\/app\/uploads\/sites\/814\/2024\/02\/Imagem4-1024x682.jpg\" class=\"attachment-large size-large wp-image-1388\" alt=\"\" srcset=\"https:\/\/www.ufsm.br\/app\/uploads\/sites\/814\/2024\/02\/Imagem4-1024x682.jpg 1024w, https:\/\/www.ufsm.br\/app\/uploads\/sites\/814\/2024\/02\/Imagem4-300x200.jpg 300w, https:\/\/www.ufsm.br\/app\/uploads\/sites\/814\/2024\/02\/Imagem4-768x512.jpg 768w, https:\/\/www.ufsm.br\/app\/uploads\/sites\/814\/2024\/02\/Imagem4-1536x1024.jpg 1536w, https:\/\/www.ufsm.br\/app\/uploads\/sites\/814\/2024\/02\/Imagem4-272x182.jpg 272w, https:\/\/www.ufsm.br\/app\/uploads\/sites\/814\/2024\/02\/Imagem4.jpg 1688w\" sizes=\"(max-width: 1024px) 100vw, 1024px\" \/>\t\t\t\t\t\t\t\t\t\t\t\t\t<\/div>\n\t\t\t\t<\/div>\n\t\t\t\t<div class=\"elementor-element elementor-element-206efb9 elementor-widget elementor-widget-image\" data-id=\"206efb9\" data-element_type=\"widget\" data-widget_type=\"image.default\">\n\t\t\t\t<div class=\"elementor-widget-container\">\n\t\t\t\t\t\t\t\t\t\t\t\t\t<img loading=\"lazy\" decoding=\"async\" width=\"1024\" height=\"682\" src=\"https:\/\/www.ufsm.br\/app\/uploads\/sites\/814\/2024\/02\/Imagem1-1024x682.jpg\" class=\"attachment-large size-large wp-image-1387\" alt=\"\" srcset=\"https:\/\/www.ufsm.br\/app\/uploads\/sites\/814\/2024\/02\/Imagem1-1024x682.jpg 1024w, https:\/\/www.ufsm.br\/app\/uploads\/sites\/814\/2024\/02\/Imagem1-300x200.jpg 300w, https:\/\/www.ufsm.br\/app\/uploads\/sites\/814\/2024\/02\/Imagem1-768x512.jpg 768w, https:\/\/www.ufsm.br\/app\/uploads\/sites\/814\/2024\/02\/Imagem1-1536x1024.jpg 1536w, https:\/\/www.ufsm.br\/app\/uploads\/sites\/814\/2024\/02\/Imagem1-272x182.jpg 272w, https:\/\/www.ufsm.br\/app\/uploads\/sites\/814\/2024\/02\/Imagem1.jpg 1688w\" sizes=\"(max-width: 1024px) 100vw, 1024px\" \/>\t\t\t\t\t\t\t\t\t\t\t\t\t<\/div>\n\t\t\t\t<\/div>\n\t\t\t\t\t<\/div>\n\t\t<\/div>\n\t\t\t\t<div class=\"elementor-column elementor-col-50 elementor-top-column elementor-element elementor-element-b007f5d\" data-id=\"b007f5d\" data-element_type=\"column\">\n\t\t\t<div class=\"elementor-widget-wrap elementor-element-populated\">\n\t\t\t\t\t\t<div class=\"elementor-element elementor-element-af87915 elementor-widget elementor-widget-image\" data-id=\"af87915\" data-element_type=\"widget\" data-widget_type=\"image.default\">\n\t\t\t\t<div class=\"elementor-widget-container\">\n\t\t\t\t\t\t\t\t\t\t\t\t\t<img loading=\"lazy\" decoding=\"async\" width=\"1024\" height=\"682\" src=\"https:\/\/www.ufsm.br\/app\/uploads\/sites\/814\/2024\/02\/Imagem3-1024x682.jpg\" class=\"attachment-large size-large wp-image-1385\" alt=\"\" srcset=\"https:\/\/www.ufsm.br\/app\/uploads\/sites\/814\/2024\/02\/Imagem3-1024x682.jpg 1024w, https:\/\/www.ufsm.br\/app\/uploads\/sites\/814\/2024\/02\/Imagem3-300x200.jpg 300w, https:\/\/www.ufsm.br\/app\/uploads\/sites\/814\/2024\/02\/Imagem3-768x512.jpg 768w, https:\/\/www.ufsm.br\/app\/uploads\/sites\/814\/2024\/02\/Imagem3-1536x1024.jpg 1536w, https:\/\/www.ufsm.br\/app\/uploads\/sites\/814\/2024\/02\/Imagem3-272x182.jpg 272w, https:\/\/www.ufsm.br\/app\/uploads\/sites\/814\/2024\/02\/Imagem3.jpg 1688w\" sizes=\"(max-width: 1024px) 100vw, 1024px\" \/>\t\t\t\t\t\t\t\t\t\t\t\t\t<\/div>\n\t\t\t\t<\/div>\n\t\t\t\t<div class=\"elementor-element elementor-element-e2fc6dd elementor-widget elementor-widget-image\" data-id=\"e2fc6dd\" data-element_type=\"widget\" data-widget_type=\"image.default\">\n\t\t\t\t<div class=\"elementor-widget-container\">\n\t\t\t\t\t\t\t\t\t\t\t\t\t<img loading=\"lazy\" decoding=\"async\" width=\"1024\" height=\"682\" src=\"https:\/\/www.ufsm.br\/app\/uploads\/sites\/814\/2024\/02\/Imagem2-1024x682.jpg\" class=\"attachment-large size-large wp-image-1386\" alt=\"\" srcset=\"https:\/\/www.ufsm.br\/app\/uploads\/sites\/814\/2024\/02\/Imagem2-1024x682.jpg 1024w, https:\/\/www.ufsm.br\/app\/uploads\/sites\/814\/2024\/02\/Imagem2-300x200.jpg 300w, https:\/\/www.ufsm.br\/app\/uploads\/sites\/814\/2024\/02\/Imagem2-768x512.jpg 768w, https:\/\/www.ufsm.br\/app\/uploads\/sites\/814\/2024\/02\/Imagem2-1536x1024.jpg 1536w, https:\/\/www.ufsm.br\/app\/uploads\/sites\/814\/2024\/02\/Imagem2-272x182.jpg 272w, https:\/\/www.ufsm.br\/app\/uploads\/sites\/814\/2024\/02\/Imagem2.jpg 1688w\" sizes=\"(max-width: 1024px) 100vw, 1024px\" \/>\t\t\t\t\t\t\t\t\t\t\t\t\t<\/div>\n\t\t\t\t<\/div>\n\t\t\t\t\t<\/div>\n\t\t<\/div>\n\t\t\t\t\t<\/div>\n\t\t<\/section>\n\t\t\t\t<section class=\"elementor-section elementor-top-section elementor-element elementor-element-b032b09 elementor-section-boxed elementor-section-height-default elementor-section-height-default\" data-id=\"b032b09\" data-element_type=\"section\">\n\t\t\t\t\t\t<div class=\"elementor-container elementor-column-gap-default\">\n\t\t\t\t\t<div class=\"elementor-column elementor-col-100 elementor-top-column elementor-element elementor-element-a9a3a9c\" data-id=\"a9a3a9c\" data-element_type=\"column\">\n\t\t\t<div class=\"elementor-widget-wrap elementor-element-populated\">\n\t\t\t\t\t\t<div class=\"elementor-element elementor-element-7b7b78d elementor-widget elementor-widget-text-editor\" data-id=\"7b7b78d\" data-element_type=\"widget\" data-widget_type=\"text-editor.default\">\n\t\t\t\t<div class=\"elementor-widget-container\">\n\t\t\t\t\t\t\t<p style=\"text-align: justify\">Registros fotogr\u00e1ficos CosmicAncestry, na exibi\u00e7\u00e3o EFEMERA + UVM.<br \/>Fonte: Calixto Bento.<\/p><p>PROGRAMA\u00c7\u00c3O EFEMERA + UVM: <a href=\"https:\/\/www.ufsm.br\/app\/uploads\/sites\/368\/2023\/11\/ABCiber2023_EFEMERA-UVM.pdf\">https:\/\/www.ufsm.br\/app\/uploads\/sites\/368\/2023\/11\/ABCiber2023_EFEMERA-UVM.pdf<\/a><\/p>\t\t\t\t\t\t<\/div>\n\t\t\t\t<\/div>\n\t\t\t\t<div class=\"elementor-element elementor-element-331a906 elementor-widget elementor-widget-spacer\" data-id=\"331a906\" data-element_type=\"widget\" data-widget_type=\"spacer.default\">\n\t\t\t\t<div class=\"elementor-widget-container\">\n\t\t\t\t\t<div class=\"elementor-spacer\">\n\t\t\t<div class=\"elementor-spacer-inner\"><\/div>\n\t\t<\/div>\n\t\t\t\t<\/div>\n\t\t\t\t<\/div>\n\t\t\t\t<div class=\"elementor-element elementor-element-ef04f85 elementor-widget elementor-widget-text-editor\" data-id=\"ef04f85\" data-element_type=\"widget\" data-widget_type=\"text-editor.default\">\n\t\t\t\t<div class=\"elementor-widget-container\">\n\t\t\t\t\t\t\t<p style=\"text-align: justify\">Cosmic Ancestry \u00e9 desenvolvida a partir de di\u00e1logos peri\u00f3dicos trocados via videoconfer\u00eancia e conte\u00fados compartilhados em um drive virtual coletivo, que fica dispon\u00edvel para edi\u00e7\u00e3o e remixagem. A edi\u00e7\u00e3o \u00e9 desenvolvida com pr\u00e1ticas computacionais, produzindo imagens digitais que s\u00e3o resultantes deste entrecruzamento. Esta vers\u00e3o da obra, representa uma etapa experimental deste trabalho em processo, organizado neste momento numa narrativa ef\u00eamera, representando a busca por uma diversidade de nossa ancestralidade c\u00f3smica, a partir das rela\u00e7\u00f5es humanas, com nosso planeta, e como compreendemos o universo.<\/p><p style=\"text-align: justify\">Esta narrativa audiovisual, parte do fogo, da fogueira que se imp\u00f5e como fonte de energia vital, nos estabelecendo enquanto sociedade, lan\u00e7ando suas fagulhas em dire\u00e7\u00e3o ao c\u00e9u infinito. Direcionando nosso olhar as luzes e astros que comp\u00f5em conglomerados entre o escuro inquietante, pode simbolizar entidades ou divindades, nos permitindo crer em algo que possa reger nossas vidas. \u00c1rvores enraizadas ao terreno natural, tamb\u00e9m nos estendemos aos c\u00e9us, criando s\u00edmbolos, riscando pedras e caminhos, constituindo grafismos e tribos. Impulsionados por fontes de vida, pela \u00e1gua e eletricidade que nos la\u00e7am al\u00e9m dos territ\u00f3rios, atravessa-se barreiras f\u00edsicas ou continentes. Compondo, geometrias que nos guiam, mapas, tecnologias anal\u00f3gicas e digitais. Conectando modos de olhar, humanos e n\u00e3o-humanos, evidencia-se nossas conex\u00f5es ancestrais.<\/p><p style=\"text-align: justify\">Neste contexto, este projeto po\u00e9tico se constitui como um sistema colaborativo aberto, de processamento de informa\u00e7\u00f5es e imagens, que seguira se desdobrando em arranjos variados e composi\u00e7\u00f5es mutantes, entrela\u00e7ando linguagens e culturas. Visando novos formatos expositivos que possam contagiar estruturas, evoca-se outras compreens\u00f5es sobre o vivo, sugerindo novos habitats e modos de conviv\u00eancia.<\/p><p dir=\"auto\" style=\"text-align: justify\">Atualmente visamos experimentar este em ambientes virtuais no Metaverso, e, posteriormente, pretendemos enviar esta proposta tamb\u00e9m para exibi\u00e7\u00e3o em outras mostras audiovisuais nacionais e internacionais. Como audiovisuais expandidos para fulldome, video mapping ou imersivos em 360\u00b0 para \u00f3culos de Realidade Virtual, como metacartografia de ambientes e territ\u00f3rios no metaverso, e outros formatos.<\/p>\t\t\t\t\t\t<\/div>\n\t\t\t\t<\/div>\n\t\t\t\t\t<\/div>\n\t\t<\/div>\n\t\t\t\t\t<\/div>\n\t\t<\/section>\n\t\t\t\t<\/div>\n\t\t","protected":false},"excerpt":{"rendered":"<p>Apresentamos a obra CosmicAncestry, produ\u00e7\u00e3o audiovisual colaborativa em processo, fruto da parceria &#8220;Sul Global&#8221; consolidada entre pesquisadores e artistas do Brasil e da \u00c1frica do Sul. Nesta perspectiva, desenvolvem-se di\u00e1logos e pr\u00e1ticas art\u00edsticas transdisciplinares com olhos direcionados para nossa ancestralidade c\u00f3smica. Atrav\u00e9s de um processo criativo colaborativo que re\u00fane e entrecruza m\u00faltiplos compartilhamentos, dos territ\u00f3rios [&hellip;]<\/p>\n","protected":false},"author":7654,"featured_media":0,"parent":32,"menu_order":0,"comment_status":"closed","ping_status":"closed","template":"","meta":{"footnotes":""},"categories":[17],"tags":[],"class_list":["post-1377","page","type-page","status-publish","hentry","category-projetos"],"acf":[],"_links":{"self":[{"href":"https:\/\/www.ufsm.br\/laboratorios\/labinter\/wp-json\/wp\/v2\/pages\/1377","targetHints":{"allow":["GET"]}}],"collection":[{"href":"https:\/\/www.ufsm.br\/laboratorios\/labinter\/wp-json\/wp\/v2\/pages"}],"about":[{"href":"https:\/\/www.ufsm.br\/laboratorios\/labinter\/wp-json\/wp\/v2\/types\/page"}],"author":[{"embeddable":true,"href":"https:\/\/www.ufsm.br\/laboratorios\/labinter\/wp-json\/wp\/v2\/users\/7654"}],"replies":[{"embeddable":true,"href":"https:\/\/www.ufsm.br\/laboratorios\/labinter\/wp-json\/wp\/v2\/comments?post=1377"}],"version-history":[{"count":0,"href":"https:\/\/www.ufsm.br\/laboratorios\/labinter\/wp-json\/wp\/v2\/pages\/1377\/revisions"}],"up":[{"embeddable":true,"href":"https:\/\/www.ufsm.br\/laboratorios\/labinter\/wp-json\/wp\/v2\/pages\/32"}],"wp:attachment":[{"href":"https:\/\/www.ufsm.br\/laboratorios\/labinter\/wp-json\/wp\/v2\/media?parent=1377"}],"wp:term":[{"taxonomy":"category","embeddable":true,"href":"https:\/\/www.ufsm.br\/laboratorios\/labinter\/wp-json\/wp\/v2\/categories?post=1377"},{"taxonomy":"post_tag","embeddable":true,"href":"https:\/\/www.ufsm.br\/laboratorios\/labinter\/wp-json\/wp\/v2\/tags?post=1377"}],"curies":[{"name":"wp","href":"https:\/\/api.w.org\/{rel}","templated":true}]}}