{"id":1498,"date":"2024-03-12T23:03:55","date_gmt":"2024-03-13T02:03:55","guid":{"rendered":"https:\/\/www.ufsm.br\/laboratorios\/labinter\/?page_id=1498"},"modified":"2026-02-03T18:30:13","modified_gmt":"2026-02-03T21:30:13","slug":"colaborart","status":"publish","type":"page","link":"https:\/\/www.ufsm.br\/laboratorios\/labinter\/projetos\/colaborart","title":{"rendered":"CO(LABOR)ART &#8211; Pr\u00e1ticas Art\u00edsticas e Colaborativas"},"content":{"rendered":"\t\t<div data-elementor-type=\"wp-page\" data-elementor-id=\"1498\" class=\"elementor elementor-1498\">\n\t\t\t\t\t\t<section class=\"elementor-section elementor-top-section elementor-element elementor-element-10536d4 elementor-section-boxed elementor-section-height-default elementor-section-height-default\" data-id=\"10536d4\" data-element_type=\"section\">\n\t\t\t\t\t\t<div class=\"elementor-container elementor-column-gap-default\">\n\t\t\t\t\t<div class=\"elementor-column elementor-col-100 elementor-top-column elementor-element elementor-element-f8969b3\" data-id=\"f8969b3\" data-element_type=\"column\">\n\t\t\t<div class=\"elementor-widget-wrap elementor-element-populated\">\n\t\t\t\t\t\t<div class=\"elementor-element elementor-element-8ab07d4 elementor-widget elementor-widget-image\" data-id=\"8ab07d4\" data-element_type=\"widget\" data-widget_type=\"image.default\">\n\t\t\t\t<div class=\"elementor-widget-container\">\n\t\t\t\t\t\t\t\t\t\t\t\t\t<img fetchpriority=\"high\" decoding=\"async\" width=\"1024\" height=\"512\" src=\"https:\/\/www.ufsm.br\/app\/uploads\/sites\/814\/2024\/03\/Banner-COLABORART-1024x512.jpg\" class=\"attachment-large size-large wp-image-1501\" alt=\"\" srcset=\"https:\/\/www.ufsm.br\/app\/uploads\/sites\/814\/2024\/03\/Banner-COLABORART-1024x512.jpg 1024w, https:\/\/www.ufsm.br\/app\/uploads\/sites\/814\/2024\/03\/Banner-COLABORART-300x150.jpg 300w, https:\/\/www.ufsm.br\/app\/uploads\/sites\/814\/2024\/03\/Banner-COLABORART-768x384.jpg 768w, https:\/\/www.ufsm.br\/app\/uploads\/sites\/814\/2024\/03\/Banner-COLABORART-1536x768.jpg 1536w, https:\/\/www.ufsm.br\/app\/uploads\/sites\/814\/2024\/03\/Banner-COLABORART.jpg 2000w\" sizes=\"(max-width: 1024px) 100vw, 1024px\" \/>\t\t\t\t\t\t\t\t\t\t\t\t\t<\/div>\n\t\t\t\t<\/div>\n\t\t\t\t<div class=\"elementor-element elementor-element-a0f73a8 elementor-widget elementor-widget-text-editor\" data-id=\"a0f73a8\" data-element_type=\"widget\" data-widget_type=\"text-editor.default\">\n\t\t\t\t<div class=\"elementor-widget-container\">\n\t\t\t\t\t\t\t<p style=\"text-align: justify\">CO(LABOR)ART foi uma exposi\u00e7\u00e3o coletiva realizada em 2023 com os alunos da disciplina Arte, Tecnologia e Colabora\u00e7\u00e3o e Arte, Tecnologia e Interatividade, sob orienta\u00e7\u00e3o da professora Kalinka Mallmann. Essa exposi\u00e7\u00e3o foi um dos desdobramentos das pr\u00e1ticas art\u00edsticas colaborativas instauradas no decorrer do semestre, como modo de visualiza\u00e7\u00e3o das a\u00e7\u00f5es extensionistas feitas com grupos distintos e em diferentes espa\u00e7os.<\/p><p style=\"text-align: justify\">Segundo o te\u00f3rico Grant Kester, Co-labor significa \u201ctrabalhar juntos\u201d, e diante dessa concep\u00e7\u00e3o podemos categorizar as pr\u00e1ticas art\u00edsticas colaborativas contempor\u00e2neas enquanto um trabalho coletivo entre artistas e diversos outros agentes. A partir dessa prerrogativa, os alunos das disciplinas Arte, Tecnologia e Colabora\u00e7\u00e3o e Interatividade, Arte e Tecnologia, desenvolveram propostas experimentais no \u00e2mbito da arte colaborativa. Tais propostas, embora que distintas, possuem um car\u00e1ter processual, constitu\u00eddo por meio de diversas a\u00e7\u00f5es: como o mapeamento do grafite urbano na cidade de Santa Maria (projeto Museu Marginal); as oficinas de livro de artista e papel recicl\u00e1vel em ambiente escolar (projeto P\u00e1ginas Vivas); os encontros para expans\u00e3o criativa em espa\u00e7o privado de ensino de conhecimentos chineses (projeto Pa-Kuart) e os laborat\u00f3rios de fotografia ministrados no CAED (projeto Redescobrindo o CAED).<\/p><p style=\"text-align: justify\">As propostas fomentam e d\u00e3o visibilidade a quest\u00f5es sociais, pol\u00edticas, culturais e ecol\u00f3gicas, mesmo que de modo sutil, em fun\u00e7\u00e3o do prazo restrito de trabalho imposto pelo semestre acad\u00eamico. Do mesmo modo, n\u00e3o se limitam a criar um objeto contemplativo e problematizam os espa\u00e7os institucionalizados do sistema art\u00edstico, por esse motivo, ao retornarem a esses espa\u00e7os, s\u00e3o expostas de modo p\u00f3rtico e documental, para que o p\u00fablico possa se aproximar do car\u00e1ter relacional e colaborativo do que foi desenvolvido.<\/p>\t\t\t\t\t\t<\/div>\n\t\t\t\t<\/div>\n\t\t\t\t<div class=\"elementor-element elementor-element-d4de801 elementor-widget elementor-widget-spacer\" data-id=\"d4de801\" data-element_type=\"widget\" data-widget_type=\"spacer.default\">\n\t\t\t\t<div class=\"elementor-widget-container\">\n\t\t\t\t\t<div class=\"elementor-spacer\">\n\t\t\t<div class=\"elementor-spacer-inner\"><\/div>\n\t\t<\/div>\n\t\t\t\t<\/div>\n\t\t\t\t<\/div>\n\t\t\t\t<div class=\"elementor-element elementor-element-297da70 elementor-widget elementor-widget-heading\" data-id=\"297da70\" data-element_type=\"widget\" data-widget_type=\"heading.default\">\n\t\t\t\t<div class=\"elementor-widget-container\">\n\t\t\t<h5 class=\"elementor-heading-title elementor-size-default\">P\u00e1ginas Vivas<\/h5>\t\t<\/div>\n\t\t\t\t<\/div>\n\t\t\t\t<div class=\"elementor-element elementor-element-4dd3424 elementor-widget elementor-widget-text-editor\" data-id=\"4dd3424\" data-element_type=\"widget\" data-widget_type=\"text-editor.default\">\n\t\t\t\t<div class=\"elementor-widget-container\">\n\t\t\t\t\t\t\t<p style=\"text-align: justify\">P\u00e1ginas Vivas \u00e9 um projeto art\u00edstico colaborativo com a escola EMEF S\u00e9rgio Lopes\u00a0 (mediado pela professora Lilian Saccol) , a partir da \u00a0cria\u00e7\u00e3o coletiva de livro de artista com as turmas de quarto e quinto ano. As a\u00e7\u00f5es contemplaram oficinas pr\u00e1ticas para confeccionar dois livros de artista com o uso do papel reciclado (feito pelos alunos). Os\u00a0 alunos estiveram interessados e curiosos durante as oficinas realizadas. Chamou aten\u00e7\u00e3o o processo de prepara\u00e7\u00e3o das folhas de papel reciclado, desenvolvendo a criatividade por meio das linguagens art\u00edsticas e aprendendo sobre o que \u00e9 um livro de artista. Com essa atividade, foi poss\u00edvel aproximar os alunos da educa\u00e7\u00e3o b\u00e1sica com o campo art\u00edstico e conscientiz\u00e1-los sobre quest\u00f5es ambientais.<\/p><p style=\"text-align: justify\"><strong>Equipe:<\/strong> Carmen Maria, Carolina Passamani, Rodrigo Alvarenga de Souza Ourique e Val\u00e9ria Freitas.<\/p>\t\t\t\t\t\t<\/div>\n\t\t\t\t<\/div>\n\t\t\t\t<div class=\"elementor-element elementor-element-90c36db elementor-widget elementor-widget-image\" data-id=\"90c36db\" data-element_type=\"widget\" data-widget_type=\"image.default\">\n\t\t\t\t<div class=\"elementor-widget-container\">\n\t\t\t\t\t\t\t\t\t\t\t\t\t<img decoding=\"async\" width=\"1024\" height=\"1024\" src=\"https:\/\/www.ufsm.br\/app\/uploads\/sites\/814\/2024\/03\/Paginas-Vivas-03-1024x1024.jpg\" class=\"attachment-large size-large wp-image-1505\" alt=\"\" srcset=\"https:\/\/www.ufsm.br\/app\/uploads\/sites\/814\/2024\/03\/Paginas-Vivas-03-1024x1024.jpg 1024w, https:\/\/www.ufsm.br\/app\/uploads\/sites\/814\/2024\/03\/Paginas-Vivas-03-300x300.jpg 300w, https:\/\/www.ufsm.br\/app\/uploads\/sites\/814\/2024\/03\/Paginas-Vivas-03-150x150.jpg 150w, https:\/\/www.ufsm.br\/app\/uploads\/sites\/814\/2024\/03\/Paginas-Vivas-03-768x768.jpg 768w, https:\/\/www.ufsm.br\/app\/uploads\/sites\/814\/2024\/03\/Paginas-Vivas-03.jpg 1500w\" sizes=\"(max-width: 1024px) 100vw, 1024px\" \/>\t\t\t\t\t\t\t\t\t\t\t\t\t<\/div>\n\t\t\t\t<\/div>\n\t\t\t\t<div class=\"elementor-element elementor-element-f31fcc0 elementor-widget elementor-widget-image\" data-id=\"f31fcc0\" data-element_type=\"widget\" data-widget_type=\"image.default\">\n\t\t\t\t<div class=\"elementor-widget-container\">\n\t\t\t\t\t\t\t\t\t\t\t\t\t<img decoding=\"async\" width=\"1024\" height=\"1024\" src=\"https:\/\/www.ufsm.br\/app\/uploads\/sites\/814\/2024\/03\/Paginas-Vivas-02-1024x1024.jpg\" class=\"attachment-large size-large wp-image-1504\" alt=\"\" srcset=\"https:\/\/www.ufsm.br\/app\/uploads\/sites\/814\/2024\/03\/Paginas-Vivas-02-1024x1024.jpg 1024w, https:\/\/www.ufsm.br\/app\/uploads\/sites\/814\/2024\/03\/Paginas-Vivas-02-300x300.jpg 300w, https:\/\/www.ufsm.br\/app\/uploads\/sites\/814\/2024\/03\/Paginas-Vivas-02-150x150.jpg 150w, https:\/\/www.ufsm.br\/app\/uploads\/sites\/814\/2024\/03\/Paginas-Vivas-02-768x768.jpg 768w, https:\/\/www.ufsm.br\/app\/uploads\/sites\/814\/2024\/03\/Paginas-Vivas-02.jpg 1500w\" sizes=\"(max-width: 1024px) 100vw, 1024px\" \/>\t\t\t\t\t\t\t\t\t\t\t\t\t<\/div>\n\t\t\t\t<\/div>\n\t\t\t\t<div class=\"elementor-element elementor-element-c8e8f96 elementor-widget elementor-widget-image\" data-id=\"c8e8f96\" data-element_type=\"widget\" data-widget_type=\"image.default\">\n\t\t\t\t<div class=\"elementor-widget-container\">\n\t\t\t\t\t\t\t\t\t\t\t\t\t<img loading=\"lazy\" decoding=\"async\" width=\"1024\" height=\"1024\" src=\"https:\/\/www.ufsm.br\/app\/uploads\/sites\/814\/2024\/03\/Paginas-Vivas-01-1024x1024.jpg\" class=\"attachment-large size-large wp-image-1503\" alt=\"\" srcset=\"https:\/\/www.ufsm.br\/app\/uploads\/sites\/814\/2024\/03\/Paginas-Vivas-01-1024x1024.jpg 1024w, https:\/\/www.ufsm.br\/app\/uploads\/sites\/814\/2024\/03\/Paginas-Vivas-01-300x300.jpg 300w, https:\/\/www.ufsm.br\/app\/uploads\/sites\/814\/2024\/03\/Paginas-Vivas-01-150x150.jpg 150w, https:\/\/www.ufsm.br\/app\/uploads\/sites\/814\/2024\/03\/Paginas-Vivas-01-768x768.jpg 768w, https:\/\/www.ufsm.br\/app\/uploads\/sites\/814\/2024\/03\/Paginas-Vivas-01.jpg 1500w\" sizes=\"(max-width: 1024px) 100vw, 1024px\" \/>\t\t\t\t\t\t\t\t\t\t\t\t\t<\/div>\n\t\t\t\t<\/div>\n\t\t\t\t<div class=\"elementor-element elementor-element-17bd306 elementor-widget elementor-widget-spacer\" data-id=\"17bd306\" data-element_type=\"widget\" data-widget_type=\"spacer.default\">\n\t\t\t\t<div class=\"elementor-widget-container\">\n\t\t\t\t\t<div class=\"elementor-spacer\">\n\t\t\t<div class=\"elementor-spacer-inner\"><\/div>\n\t\t<\/div>\n\t\t\t\t<\/div>\n\t\t\t\t<\/div>\n\t\t\t\t<div class=\"elementor-element elementor-element-233cd24 elementor-widget elementor-widget-heading\" data-id=\"233cd24\" data-element_type=\"widget\" data-widget_type=\"heading.default\">\n\t\t\t\t<div class=\"elementor-widget-container\">\n\t\t\t<h5 class=\"elementor-heading-title elementor-size-default\">Redescobrindo o CAED<\/h5>\t\t<\/div>\n\t\t\t\t<\/div>\n\t\t\t\t<div class=\"elementor-element elementor-element-4f389c0 elementor-widget elementor-widget-text-editor\" data-id=\"4f389c0\" data-element_type=\"widget\" data-widget_type=\"text-editor.default\">\n\t\t\t\t<div class=\"elementor-widget-container\">\n\t\t\t\t\t\t\t<p style=\"text-align: justify\">A acessibilidade na UFSM tra\u00e7a diversos caminhos e age de modo fundamental para uma mir\u00edade de pessoas que comp\u00f5em a comunidade acad\u00eamica, desde disponibiliza\u00e7\u00e3o de int\u00e9rprete de libras, alimenta\u00e7\u00e3o para aqueles que n\u00e3o tem condi\u00e7\u00f5es de se locomover at\u00e9 o RU, a encaminhamentos para atendimentos psicol\u00f3gicos.<\/p><p style=\"text-align: justify\">A Coordenadoria de A\u00e7\u00f5es Educacionais (CAED) \u00e9 o centro respons\u00e1vel pelas a\u00e7\u00f5es de acessibilidade, e para muitos segue desconhecida, sem receber seu devido reconhecimento. Na oficina Redescobrindo o CAED, entregamos o protagonismo para as servidoras da coordenadoria, onde sob um olhar sens\u00edvel nos trazem, a partir de suas perspectivas, como o trabalho e a conviv\u00eancia com a acessibilidade e a\u00e7\u00f5es afirmativas as atravessam.<\/p><p style=\"text-align: justify\"><strong>Equipe:<\/strong> Aline Dal Pont, Ana J\u00falia, Gabriela Novaczinski, Isma Lisot e Katiany Echevarria.<\/p>\t\t\t\t\t\t<\/div>\n\t\t\t\t<\/div>\n\t\t\t\t<div class=\"elementor-element elementor-element-71098fe elementor-widget elementor-widget-image\" data-id=\"71098fe\" data-element_type=\"widget\" data-widget_type=\"image.default\">\n\t\t\t\t<div class=\"elementor-widget-container\">\n\t\t\t\t\t\t\t\t\t\t\t\t\t<img loading=\"lazy\" decoding=\"async\" width=\"1024\" height=\"1024\" src=\"https:\/\/www.ufsm.br\/app\/uploads\/sites\/814\/2024\/03\/Redescobrindo-o-CAED-1024x1024.jpg\" class=\"attachment-large size-large wp-image-1507\" alt=\"\" srcset=\"https:\/\/www.ufsm.br\/app\/uploads\/sites\/814\/2024\/03\/Redescobrindo-o-CAED-1024x1024.jpg 1024w, https:\/\/www.ufsm.br\/app\/uploads\/sites\/814\/2024\/03\/Redescobrindo-o-CAED-300x300.jpg 300w, https:\/\/www.ufsm.br\/app\/uploads\/sites\/814\/2024\/03\/Redescobrindo-o-CAED-150x150.jpg 150w, https:\/\/www.ufsm.br\/app\/uploads\/sites\/814\/2024\/03\/Redescobrindo-o-CAED-768x768.jpg 768w, https:\/\/www.ufsm.br\/app\/uploads\/sites\/814\/2024\/03\/Redescobrindo-o-CAED.jpg 1500w\" sizes=\"(max-width: 1024px) 100vw, 1024px\" \/>\t\t\t\t\t\t\t\t\t\t\t\t\t<\/div>\n\t\t\t\t<\/div>\n\t\t\t\t<div class=\"elementor-element elementor-element-d424f0c elementor-widget elementor-widget-spacer\" data-id=\"d424f0c\" data-element_type=\"widget\" data-widget_type=\"spacer.default\">\n\t\t\t\t<div class=\"elementor-widget-container\">\n\t\t\t\t\t<div class=\"elementor-spacer\">\n\t\t\t<div class=\"elementor-spacer-inner\"><\/div>\n\t\t<\/div>\n\t\t\t\t<\/div>\n\t\t\t\t<\/div>\n\t\t\t\t<div class=\"elementor-element elementor-element-5b91b1e elementor-widget elementor-widget-heading\" data-id=\"5b91b1e\" data-element_type=\"widget\" data-widget_type=\"heading.default\">\n\t\t\t\t<div class=\"elementor-widget-container\">\n\t\t\t<h5 class=\"elementor-heading-title elementor-size-default\">Pa-Kuart<\/h5>\t\t<\/div>\n\t\t\t\t<\/div>\n\t\t\t\t<div class=\"elementor-element elementor-element-0cb0a2b elementor-widget elementor-widget-text-editor\" data-id=\"0cb0a2b\" data-element_type=\"widget\" data-widget_type=\"text-editor.default\">\n\t\t\t\t<div class=\"elementor-widget-container\">\n\t\t\t\t\t\t\t<p style=\"text-align: justify\">O projeto Pa-Kuart possui a proposta de realizar uma atividade art\u00edstica em colabora\u00e7\u00e3o com a escola de Pa-Kua de Santa Maria, tendo o objetivo de desenvolvimento criativo e compartilhamento de experi\u00eancias e conhecimentos sobre o Pa-Kua. Para tal, foram realizados dois encontros, um no dia 08 e outro no dia 15 de julho. O primeiro encontro foi apenas de cunho te\u00f3rico enquanto o segundo fora de cunho pr\u00e1tico. As atividades propostas buscavam evidenciar e expressar as individualidades de cada uma das modalidades do Pa-Kua\u00a0 (acrobacia, armas de corte, arte marcial, arquearia, Pa-Kua chi, ritmo tai chi e yoga chinesa).<\/p><p style=\"text-align: justify\"><strong>Equipe:<\/strong>\u00a0Emilya V. Friedrich (<em>In Memoriam<\/em>) e Leonardo Londero.<\/p>\t\t\t\t\t\t<\/div>\n\t\t\t\t<\/div>\n\t\t\t\t<div class=\"elementor-element elementor-element-4ea8e9e elementor-widget elementor-widget-image\" data-id=\"4ea8e9e\" data-element_type=\"widget\" data-widget_type=\"image.default\">\n\t\t\t\t<div class=\"elementor-widget-container\">\n\t\t\t\t\t\t\t\t\t\t\t\t\t<img loading=\"lazy\" decoding=\"async\" width=\"1024\" height=\"1024\" src=\"https:\/\/www.ufsm.br\/app\/uploads\/sites\/814\/2024\/03\/Pa-Kuart-1024x1024.jpg\" class=\"attachment-large size-large wp-image-1506\" alt=\"\" srcset=\"https:\/\/www.ufsm.br\/app\/uploads\/sites\/814\/2024\/03\/Pa-Kuart-1024x1024.jpg 1024w, https:\/\/www.ufsm.br\/app\/uploads\/sites\/814\/2024\/03\/Pa-Kuart-300x300.jpg 300w, https:\/\/www.ufsm.br\/app\/uploads\/sites\/814\/2024\/03\/Pa-Kuart-150x150.jpg 150w, https:\/\/www.ufsm.br\/app\/uploads\/sites\/814\/2024\/03\/Pa-Kuart-768x768.jpg 768w, https:\/\/www.ufsm.br\/app\/uploads\/sites\/814\/2024\/03\/Pa-Kuart.jpg 1500w\" sizes=\"(max-width: 1024px) 100vw, 1024px\" \/>\t\t\t\t\t\t\t\t\t\t\t\t\t<\/div>\n\t\t\t\t<\/div>\n\t\t\t\t<div class=\"elementor-element elementor-element-57f4e69 elementor-widget elementor-widget-spacer\" data-id=\"57f4e69\" data-element_type=\"widget\" data-widget_type=\"spacer.default\">\n\t\t\t\t<div class=\"elementor-widget-container\">\n\t\t\t\t\t<div class=\"elementor-spacer\">\n\t\t\t<div class=\"elementor-spacer-inner\"><\/div>\n\t\t<\/div>\n\t\t\t\t<\/div>\n\t\t\t\t<\/div>\n\t\t\t\t<div class=\"elementor-element elementor-element-6443975 elementor-widget elementor-widget-heading\" data-id=\"6443975\" data-element_type=\"widget\" data-widget_type=\"heading.default\">\n\t\t\t\t<div class=\"elementor-widget-container\">\n\t\t\t<h5 class=\"elementor-heading-title elementor-size-default\">Museu Marginal<\/h5>\t\t<\/div>\n\t\t\t\t<\/div>\n\t\t\t\t<div class=\"elementor-element elementor-element-5990aac elementor-widget elementor-widget-text-editor\" data-id=\"5990aac\" data-element_type=\"widget\" data-widget_type=\"text-editor.default\">\n\t\t\t\t<div class=\"elementor-widget-container\">\n\t\t\t\t\t\t\t<p style=\"text-align: justify\">As ruas de Santa Maria s\u00e3o repletas de obras de arte, mas que n\u00e3o s\u00e3o vistas em museus ou galerias, pois s\u00e3o consideradas como vandalismo e mantidas as margens do mundo da arte. A partir dessas no\u00e7\u00f5es foi criado o Museu Marginal, um projeto interativo e colaborativo que visa trazer a arte urbana para exposi\u00e7\u00f5es art\u00edsticas, desafiando as narrativas legitimadoras da arte ao questionar a marginaliza\u00e7\u00e3o do pixo no meio urbano. Assim, atrav\u00e9s da tecnologia e de po\u00e9ticas cartogr\u00e1ficas, o Museu Marginal convida a comunidade a encontrar a obra de arte presente em cada esquina.<\/p><p style=\"text-align: justify\"><strong>Equipe:<\/strong> Amanda Prevedello, Camila Dias, Everton R. Santos, Fernanda Garcia e Jordan Rodrigues.<\/p>\t\t\t\t\t\t<\/div>\n\t\t\t\t<\/div>\n\t\t\t\t<div class=\"elementor-element elementor-element-3127ddd elementor-widget elementor-widget-image\" data-id=\"3127ddd\" data-element_type=\"widget\" data-widget_type=\"image.default\">\n\t\t\t\t<div class=\"elementor-widget-container\">\n\t\t\t\t\t\t\t\t\t\t\t\t\t<img loading=\"lazy\" decoding=\"async\" width=\"1024\" height=\"1024\" src=\"https:\/\/www.ufsm.br\/app\/uploads\/sites\/814\/2024\/03\/Museu-Marginal-01-1024x1024.jpg\" class=\"attachment-large size-large wp-image-1548\" alt=\"\" srcset=\"https:\/\/www.ufsm.br\/app\/uploads\/sites\/814\/2024\/03\/Museu-Marginal-01-1024x1024.jpg 1024w, https:\/\/www.ufsm.br\/app\/uploads\/sites\/814\/2024\/03\/Museu-Marginal-01-300x300.jpg 300w, https:\/\/www.ufsm.br\/app\/uploads\/sites\/814\/2024\/03\/Museu-Marginal-01-150x150.jpg 150w, https:\/\/www.ufsm.br\/app\/uploads\/sites\/814\/2024\/03\/Museu-Marginal-01-768x768.jpg 768w, https:\/\/www.ufsm.br\/app\/uploads\/sites\/814\/2024\/03\/Museu-Marginal-01.jpg 1500w\" sizes=\"(max-width: 1024px) 100vw, 1024px\" \/>\t\t\t\t\t\t\t\t\t\t\t\t\t<\/div>\n\t\t\t\t<\/div>\n\t\t\t\t<div class=\"elementor-element elementor-element-92cccd5 elementor-widget elementor-widget-image\" data-id=\"92cccd5\" data-element_type=\"widget\" data-widget_type=\"image.default\">\n\t\t\t\t<div class=\"elementor-widget-container\">\n\t\t\t\t\t\t\t\t\t\t\t\t\t<img loading=\"lazy\" decoding=\"async\" width=\"1024\" height=\"1024\" src=\"https:\/\/www.ufsm.br\/app\/uploads\/sites\/814\/2024\/03\/Museu-Marginal-02-1024x1024.jpg\" class=\"attachment-large size-large wp-image-1549\" alt=\"\" srcset=\"https:\/\/www.ufsm.br\/app\/uploads\/sites\/814\/2024\/03\/Museu-Marginal-02-1024x1024.jpg 1024w, https:\/\/www.ufsm.br\/app\/uploads\/sites\/814\/2024\/03\/Museu-Marginal-02-300x300.jpg 300w, https:\/\/www.ufsm.br\/app\/uploads\/sites\/814\/2024\/03\/Museu-Marginal-02-150x150.jpg 150w, https:\/\/www.ufsm.br\/app\/uploads\/sites\/814\/2024\/03\/Museu-Marginal-02-768x768.jpg 768w, https:\/\/www.ufsm.br\/app\/uploads\/sites\/814\/2024\/03\/Museu-Marginal-02.jpg 1500w\" sizes=\"(max-width: 1024px) 100vw, 1024px\" \/>\t\t\t\t\t\t\t\t\t\t\t\t\t<\/div>\n\t\t\t\t<\/div>\n\t\t\t\t<div class=\"elementor-element elementor-element-a9996be elementor-widget elementor-widget-image\" data-id=\"a9996be\" data-element_type=\"widget\" data-widget_type=\"image.default\">\n\t\t\t\t<div class=\"elementor-widget-container\">\n\t\t\t\t\t\t\t\t\t\t\t\t\t<img loading=\"lazy\" decoding=\"async\" width=\"1024\" height=\"1024\" src=\"https:\/\/www.ufsm.br\/app\/uploads\/sites\/814\/2024\/03\/Museu-Marginal-03-1024x1024.jpg\" class=\"attachment-large size-large wp-image-1550\" alt=\"\" srcset=\"https:\/\/www.ufsm.br\/app\/uploads\/sites\/814\/2024\/03\/Museu-Marginal-03-1024x1024.jpg 1024w, https:\/\/www.ufsm.br\/app\/uploads\/sites\/814\/2024\/03\/Museu-Marginal-03-300x300.jpg 300w, https:\/\/www.ufsm.br\/app\/uploads\/sites\/814\/2024\/03\/Museu-Marginal-03-150x150.jpg 150w, https:\/\/www.ufsm.br\/app\/uploads\/sites\/814\/2024\/03\/Museu-Marginal-03-768x768.jpg 768w, https:\/\/www.ufsm.br\/app\/uploads\/sites\/814\/2024\/03\/Museu-Marginal-03.jpg 1500w\" sizes=\"(max-width: 1024px) 100vw, 1024px\" \/>\t\t\t\t\t\t\t\t\t\t\t\t\t<\/div>\n\t\t\t\t<\/div>\n\t\t\t\t<div class=\"elementor-element elementor-element-fef4beb elementor-widget elementor-widget-image\" data-id=\"fef4beb\" data-element_type=\"widget\" data-widget_type=\"image.default\">\n\t\t\t\t<div class=\"elementor-widget-container\">\n\t\t\t\t\t\t\t\t\t\t\t\t\t<img loading=\"lazy\" decoding=\"async\" width=\"1024\" height=\"1024\" src=\"https:\/\/www.ufsm.br\/app\/uploads\/sites\/814\/2024\/03\/Museu-Marginal-04-1024x1024.jpg\" class=\"attachment-large size-large wp-image-1551\" alt=\"\" srcset=\"https:\/\/www.ufsm.br\/app\/uploads\/sites\/814\/2024\/03\/Museu-Marginal-04-1024x1024.jpg 1024w, https:\/\/www.ufsm.br\/app\/uploads\/sites\/814\/2024\/03\/Museu-Marginal-04-300x300.jpg 300w, https:\/\/www.ufsm.br\/app\/uploads\/sites\/814\/2024\/03\/Museu-Marginal-04-150x150.jpg 150w, https:\/\/www.ufsm.br\/app\/uploads\/sites\/814\/2024\/03\/Museu-Marginal-04-768x768.jpg 768w, https:\/\/www.ufsm.br\/app\/uploads\/sites\/814\/2024\/03\/Museu-Marginal-04.jpg 1500w\" sizes=\"(max-width: 1024px) 100vw, 1024px\" \/>\t\t\t\t\t\t\t\t\t\t\t\t\t<\/div>\n\t\t\t\t<\/div>\n\t\t\t\t<div class=\"elementor-element elementor-element-a938086 elementor-widget elementor-widget-image\" data-id=\"a938086\" data-element_type=\"widget\" data-widget_type=\"image.default\">\n\t\t\t\t<div class=\"elementor-widget-container\">\n\t\t\t\t\t\t\t\t\t\t\t\t\t<img loading=\"lazy\" decoding=\"async\" width=\"1024\" height=\"1024\" src=\"https:\/\/www.ufsm.br\/app\/uploads\/sites\/814\/2024\/03\/Museu-Marginal-05-1024x1024.jpg\" class=\"attachment-large size-large wp-image-1552\" alt=\"\" srcset=\"https:\/\/www.ufsm.br\/app\/uploads\/sites\/814\/2024\/03\/Museu-Marginal-05-1024x1024.jpg 1024w, https:\/\/www.ufsm.br\/app\/uploads\/sites\/814\/2024\/03\/Museu-Marginal-05-300x300.jpg 300w, https:\/\/www.ufsm.br\/app\/uploads\/sites\/814\/2024\/03\/Museu-Marginal-05-150x150.jpg 150w, https:\/\/www.ufsm.br\/app\/uploads\/sites\/814\/2024\/03\/Museu-Marginal-05-768x768.jpg 768w, https:\/\/www.ufsm.br\/app\/uploads\/sites\/814\/2024\/03\/Museu-Marginal-05.jpg 1500w\" sizes=\"(max-width: 1024px) 100vw, 1024px\" \/>\t\t\t\t\t\t\t\t\t\t\t\t\t<\/div>\n\t\t\t\t<\/div>\n\t\t\t\t\t<\/div>\n\t\t<\/div>\n\t\t\t\t\t<\/div>\n\t\t<\/section>\n\t\t\t\t<\/div>\n\t\t","protected":false},"excerpt":{"rendered":"<p>CO(LABOR)ART foi uma exposi\u00e7\u00e3o coletiva realizada em 2023 com os alunos da disciplina Arte, Tecnologia e Colabora\u00e7\u00e3o e Arte, Tecnologia e Interatividade, sob orienta\u00e7\u00e3o da professora Kalinka Mallmann. Essa exposi\u00e7\u00e3o foi um dos desdobramentos das pr\u00e1ticas art\u00edsticas colaborativas instauradas no decorrer do semestre, como modo de visualiza\u00e7\u00e3o das a\u00e7\u00f5es extensionistas feitas com grupos distintos e [&hellip;]<\/p>\n","protected":false},"author":7654,"featured_media":0,"parent":32,"menu_order":0,"comment_status":"closed","ping_status":"closed","template":"","meta":{"footnotes":""},"categories":[17],"tags":[],"class_list":["post-1498","page","type-page","status-publish","hentry","category-projetos"],"acf":[],"_links":{"self":[{"href":"https:\/\/www.ufsm.br\/laboratorios\/labinter\/wp-json\/wp\/v2\/pages\/1498","targetHints":{"allow":["GET"]}}],"collection":[{"href":"https:\/\/www.ufsm.br\/laboratorios\/labinter\/wp-json\/wp\/v2\/pages"}],"about":[{"href":"https:\/\/www.ufsm.br\/laboratorios\/labinter\/wp-json\/wp\/v2\/types\/page"}],"author":[{"embeddable":true,"href":"https:\/\/www.ufsm.br\/laboratorios\/labinter\/wp-json\/wp\/v2\/users\/7654"}],"replies":[{"embeddable":true,"href":"https:\/\/www.ufsm.br\/laboratorios\/labinter\/wp-json\/wp\/v2\/comments?post=1498"}],"version-history":[{"count":0,"href":"https:\/\/www.ufsm.br\/laboratorios\/labinter\/wp-json\/wp\/v2\/pages\/1498\/revisions"}],"up":[{"embeddable":true,"href":"https:\/\/www.ufsm.br\/laboratorios\/labinter\/wp-json\/wp\/v2\/pages\/32"}],"wp:attachment":[{"href":"https:\/\/www.ufsm.br\/laboratorios\/labinter\/wp-json\/wp\/v2\/media?parent=1498"}],"wp:term":[{"taxonomy":"category","embeddable":true,"href":"https:\/\/www.ufsm.br\/laboratorios\/labinter\/wp-json\/wp\/v2\/categories?post=1498"},{"taxonomy":"post_tag","embeddable":true,"href":"https:\/\/www.ufsm.br\/laboratorios\/labinter\/wp-json\/wp\/v2\/tags?post=1498"}],"curies":[{"name":"wp","href":"https:\/\/api.w.org\/{rel}","templated":true}]}}