{"id":1523,"date":"2024-03-23T23:51:28","date_gmt":"2024-03-24T02:51:28","guid":{"rendered":"https:\/\/www.ufsm.br\/laboratorios\/labinter\/?page_id=1523"},"modified":"2024-03-24T00:28:42","modified_gmt":"2024-03-24T03:28:42","slug":"transhabitat","status":"publish","type":"page","link":"https:\/\/www.ufsm.br\/laboratorios\/labinter\/projetos\/transhabitat","title":{"rendered":"Transhabitat: Topologias Transorg\u00e2nicas em Arte e Tecnologia"},"content":{"rendered":"\t\t<div data-elementor-type=\"wp-page\" data-elementor-id=\"1523\" class=\"elementor elementor-1523\">\n\t\t\t\t\t\t<section class=\"elementor-section elementor-top-section elementor-element elementor-element-177c67dc elementor-section-boxed elementor-section-height-default elementor-section-height-default\" data-id=\"177c67dc\" data-element_type=\"section\">\n\t\t\t\t\t\t<div class=\"elementor-container elementor-column-gap-default\">\n\t\t\t\t\t<div class=\"elementor-column elementor-col-100 elementor-top-column elementor-element elementor-element-5fd0fa3c\" data-id=\"5fd0fa3c\" data-element_type=\"column\">\n\t\t\t<div class=\"elementor-widget-wrap elementor-element-populated\">\n\t\t\t\t\t\t<div class=\"elementor-element elementor-element-76333d3 elementor-widget elementor-widget-text-editor\" data-id=\"76333d3\" data-element_type=\"widget\" data-widget_type=\"text-editor.default\">\n\t\t\t\t<div class=\"elementor-widget-container\">\n\t\t\t\t\t\t\t<p style=\"text-align: justify\">A pesquisa po\u00e9tica <em>Transhabitat<\/em> prop\u00f5e outros modos comunicativos de habitar no contexto da Arte e Tecnologia. Com a realiza\u00e7\u00e3o de instala\u00e7\u00f5es interativas, problematiza-se a defini\u00e7\u00e3o de topologia a partir dos conceitos de \u201cc\u00edbrido\u201d, proposto por Peter Anders (1997), e de \u201ctransorg\u00e2nico\u201d, apresentado por Di Felice (2009). Nos ambientes transorg\u00e2nicos constru\u00eddos, as configura\u00e7\u00f5es espaciais se estabelecem atrav\u00e9s de fluxos informacionais e conex\u00f5es h\u00edbridas do espa\u00e7o f\u00edsico e do ciberespa\u00e7o, tamb\u00e9m denominadas informa\u00e7\u00f5es c\u00edbridas, aos quais o observador-interator conecta-se autopoieticamente. Essas topologias\u00a0 s\u00e3o vis\u00edveis em diagramas eventuais,\u00a0 processos de virtualiza\u00e7\u00e3o e de atualiza\u00e7\u00e3o das superf\u00edcies do espa\u00e7o, e prov\u00eam das intera\u00e7\u00f5es entre dados de sistemas complexos em diversas escalas, resultando em imagens interativas, que conectam o indiv\u00edduo aos h\u00e1bitats transorg\u00e2nicos atrav\u00e9s de a\u00e7\u00f5es locais interconectadas em rede. As topologias generativas propostas nessa pesquisa, por se constituirem de camadas de padr\u00f5es din\u00e2micos e superf\u00edcies trasmut\u00e1veis, geram expans\u00f5es espaciais com a adi\u00e7\u00e3o de movimentos e tempos poss\u00edveis num hiperespa\u00e7o, onde os indiv\u00edduos interagem em \u201ctempo real\u201d com os h\u00e1bitats propostos. Desse modo, <em>Transhabitat<\/em> \u00e9 constitu\u00eddo de habitats transorg\u00e2nicos, interativos e conectados, que visam provocar hibridiza\u00e7\u00f5es espaciais em rela\u00e7\u00f5es c\u00edbridas, entre indiv\u00edduos e ambientes, em um organismo de dados e informa\u00e7\u00f5es em fluxo Interatividade.<\/p>\n<p style=\"text-align: justify\"><strong>Palavras-chave:<\/strong> <em>Transhabitat<\/em>. Topologia. Transorg\u00e2nico. Arte e Tecnologia. Interatividade.<\/p>\n<p style=\"text-align: justify\"><strong>Autor:<\/strong> Matheus Moreno dos Santos Camargo<\/p>\n<p style=\"text-align: justify\"><strong>Orientadora:<\/strong> Andr\u00e9ia Machado Oliveira<\/p>\t\t\t\t\t\t<\/div>\n\t\t\t\t<\/div>\n\t\t\t\t<div class=\"elementor-element elementor-element-6e6e8a6 elementor-widget elementor-widget-spacer\" data-id=\"6e6e8a6\" data-element_type=\"widget\" data-widget_type=\"spacer.default\">\n\t\t\t\t<div class=\"elementor-widget-container\">\n\t\t\t\t\t<div class=\"elementor-spacer\">\n\t\t\t<div class=\"elementor-spacer-inner\"><\/div>\n\t\t<\/div>\n\t\t\t\t<\/div>\n\t\t\t\t<\/div>\n\t\t\t\t<div class=\"elementor-element elementor-element-a3e38ce elementor-widget elementor-widget-image\" data-id=\"a3e38ce\" data-element_type=\"widget\" data-widget_type=\"image.default\">\n\t\t\t\t<div class=\"elementor-widget-container\">\n\t\t\t\t\t\t\t\t\t\t\t\t\t<img fetchpriority=\"high\" decoding=\"async\" width=\"1024\" height=\"761\" src=\"https:\/\/www.ufsm.br\/app\/uploads\/sites\/814\/2024\/03\/Transhabitat1-1024x761.jpg\" class=\"attachment-large size-large wp-image-1531\" alt=\"\" srcset=\"https:\/\/www.ufsm.br\/app\/uploads\/sites\/814\/2024\/03\/Transhabitat1-1024x761.jpg 1024w, https:\/\/www.ufsm.br\/app\/uploads\/sites\/814\/2024\/03\/Transhabitat1-300x223.jpg 300w, https:\/\/www.ufsm.br\/app\/uploads\/sites\/814\/2024\/03\/Transhabitat1-768x571.jpg 768w, https:\/\/www.ufsm.br\/app\/uploads\/sites\/814\/2024\/03\/Transhabitat1.jpg 1476w\" sizes=\"(max-width: 1024px) 100vw, 1024px\" \/>\t\t\t\t\t\t\t\t\t\t\t\t\t<\/div>\n\t\t\t\t<\/div>\n\t\t\t\t<div class=\"elementor-element elementor-element-2b7f7fe elementor-widget elementor-widget-heading\" data-id=\"2b7f7fe\" data-element_type=\"widget\" data-widget_type=\"heading.default\">\n\t\t\t\t<div class=\"elementor-widget-container\">\n\t\t\t<h6 class=\"elementor-heading-title elementor-size-default\">Frames da \u201cnuvem de pontos\u201d de Transhabitat. A partir de escaneamento em 3D do Sebo Caf\u00e9, apartamento de JJAC e da antiga Gare da VFRGS, Santa Maria.<\/h6>\t\t<\/div>\n\t\t\t\t<\/div>\n\t\t\t\t<div class=\"elementor-element elementor-element-95c7ac8 elementor-widget elementor-widget-spacer\" data-id=\"95c7ac8\" data-element_type=\"widget\" data-widget_type=\"spacer.default\">\n\t\t\t\t<div class=\"elementor-widget-container\">\n\t\t\t\t\t<div class=\"elementor-spacer\">\n\t\t\t<div class=\"elementor-spacer-inner\"><\/div>\n\t\t<\/div>\n\t\t\t\t<\/div>\n\t\t\t\t<\/div>\n\t\t\t\t<div class=\"elementor-element elementor-element-a886e18 elementor-widget elementor-widget-text-editor\" data-id=\"a886e18\" data-element_type=\"widget\" data-widget_type=\"text-editor.default\">\n\t\t\t\t<div class=\"elementor-widget-container\">\n\t\t\t\t\t\t\t<p style=\"text-align: justify\">A proposta po\u00e9tica de <em>Transhabitat <\/em>visa proporcionar rela\u00e7\u00f5es comunicativas que sensibilizem as conex\u00f5es entre indiv\u00edduo, m\u00eddia e meio atrav\u00e9s das intera\u00e7\u00f5es de informa\u00e7\u00f5es em fluxo, que modificam as rela\u00e7\u00f5es espa\u00e7otemporais entre ciberespa\u00e7o e ambientes habitados das cidades.<\/p>\t\t\t\t\t\t<\/div>\n\t\t\t\t<\/div>\n\t\t\t\t<div class=\"elementor-element elementor-element-3343a74 elementor-widget elementor-widget-image\" data-id=\"3343a74\" data-element_type=\"widget\" data-widget_type=\"image.default\">\n\t\t\t\t<div class=\"elementor-widget-container\">\n\t\t\t\t\t\t\t\t\t\t\t\t\t<img decoding=\"async\" width=\"1024\" height=\"746\" src=\"https:\/\/www.ufsm.br\/app\/uploads\/sites\/814\/2024\/03\/Transhabitat2-1024x746.jpg\" class=\"attachment-large size-large wp-image-1533\" alt=\"\" srcset=\"https:\/\/www.ufsm.br\/app\/uploads\/sites\/814\/2024\/03\/Transhabitat2-1024x746.jpg 1024w, https:\/\/www.ufsm.br\/app\/uploads\/sites\/814\/2024\/03\/Transhabitat2-300x219.jpg 300w, https:\/\/www.ufsm.br\/app\/uploads\/sites\/814\/2024\/03\/Transhabitat2-768x560.jpg 768w, https:\/\/www.ufsm.br\/app\/uploads\/sites\/814\/2024\/03\/Transhabitat2.jpg 1471w\" sizes=\"(max-width: 1024px) 100vw, 1024px\" \/>\t\t\t\t\t\t\t\t\t\t\t\t\t<\/div>\n\t\t\t\t<\/div>\n\t\t\t\t<div class=\"elementor-element elementor-element-93c6dfa elementor-widget elementor-widget-heading\" data-id=\"93c6dfa\" data-element_type=\"widget\" data-widget_type=\"heading.default\">\n\t\t\t\t<div class=\"elementor-widget-container\">\n\t\t\t<h6 class=\"elementor-heading-title elementor-size-default\">Arquitetura ef\u00eamera de Transcave, de Matheus Moreno. Qualifica\u00e7\u00e3o desta disserta\u00e7\u00e3o, na sala Cl\u00e1udio Carriconde (CAL\/UFSM), mar\u00e7o de 2015.<\/h6>\t\t<\/div>\n\t\t\t\t<\/div>\n\t\t\t\t<div class=\"elementor-element elementor-element-739cd44 elementor-widget elementor-widget-spacer\" data-id=\"739cd44\" data-element_type=\"widget\" data-widget_type=\"spacer.default\">\n\t\t\t\t<div class=\"elementor-widget-container\">\n\t\t\t\t\t<div class=\"elementor-spacer\">\n\t\t\t<div class=\"elementor-spacer-inner\"><\/div>\n\t\t<\/div>\n\t\t\t\t<\/div>\n\t\t\t\t<\/div>\n\t\t\t\t<div class=\"elementor-element elementor-element-6e0a8ee elementor-widget elementor-widget-text-editor\" data-id=\"6e0a8ee\" data-element_type=\"widget\" data-widget_type=\"text-editor.default\">\n\t\t\t\t<div class=\"elementor-widget-container\">\n\t\t\t\t\t\t\t<p style=\"text-align: justify\"><em>Transhabitat <\/em>\u00e9 vivenciado em h\u00e1bitats comunicativos, atrav\u00e9s das possibilidades de interatividade em \u201ctempo real\u201d, das instala\u00e7\u00f5es hiperm\u00eddias em ambientes interconectados em redes. Ao provocar hibridiza\u00e7\u00f5es entre espa\u00e7o f\u00edsico e ciberespa\u00e7o, entre indiv\u00edduos e ambientes, comp\u00f5e um organismo expandido de dados e de informa\u00e7\u00f5es em fluxo.<\/p>\t\t\t\t\t\t<\/div>\n\t\t\t\t<\/div>\n\t\t\t\t<div class=\"elementor-element elementor-element-8f4093e elementor-widget elementor-widget-image\" data-id=\"8f4093e\" data-element_type=\"widget\" data-widget_type=\"image.default\">\n\t\t\t\t<div class=\"elementor-widget-container\">\n\t\t\t\t\t\t\t\t\t\t\t\t\t<img decoding=\"async\" width=\"1024\" height=\"330\" src=\"https:\/\/www.ufsm.br\/app\/uploads\/sites\/814\/2024\/03\/Transhabitat2.1-1024x330.jpg\" class=\"attachment-large size-large wp-image-1532\" alt=\"\" srcset=\"https:\/\/www.ufsm.br\/app\/uploads\/sites\/814\/2024\/03\/Transhabitat2.1-1024x330.jpg 1024w, https:\/\/www.ufsm.br\/app\/uploads\/sites\/814\/2024\/03\/Transhabitat2.1-300x97.jpg 300w, https:\/\/www.ufsm.br\/app\/uploads\/sites\/814\/2024\/03\/Transhabitat2.1-768x247.jpg 768w, https:\/\/www.ufsm.br\/app\/uploads\/sites\/814\/2024\/03\/Transhabitat2.1-1536x495.jpg 1536w, https:\/\/www.ufsm.br\/app\/uploads\/sites\/814\/2024\/03\/Transhabitat2.1.jpg 1927w\" sizes=\"(max-width: 1024px) 100vw, 1024px\" \/>\t\t\t\t\t\t\t\t\t\t\t\t\t<\/div>\n\t\t\t\t<\/div>\n\t\t\t\t<div class=\"elementor-element elementor-element-9f4e3a7 elementor-widget elementor-widget-heading\" data-id=\"9f4e3a7\" data-element_type=\"widget\" data-widget_type=\"heading.default\">\n\t\t\t\t<div class=\"elementor-widget-container\">\n\t\t\t<h6 class=\"elementor-heading-title elementor-size-default\">Registros fotogr\u00e1ficos de Intermit\u00eancias Zerodimensionai (performance telem\u00e1tica da Rede LATI) com proje\u00e7\u00e3o interativa, de Matheus Moreno. 24\u00b0 Encontro da ANPAP, 2015 em Santa Maria RS. Na Exposi\u00e7\u00e3o Laborat\u00f3rios de Arte e Tecnologia PPGArt. Teatro Caixa Preta (CAL\/UFSM).<\/h6>\t\t<\/div>\n\t\t\t\t<\/div>\n\t\t\t\t<div class=\"elementor-element elementor-element-c7f3d08 elementor-widget elementor-widget-spacer\" data-id=\"c7f3d08\" data-element_type=\"widget\" data-widget_type=\"spacer.default\">\n\t\t\t\t<div class=\"elementor-widget-container\">\n\t\t\t\t\t<div class=\"elementor-spacer\">\n\t\t\t<div class=\"elementor-spacer-inner\"><\/div>\n\t\t<\/div>\n\t\t\t\t<\/div>\n\t\t\t\t<\/div>\n\t\t\t\t<div class=\"elementor-element elementor-element-7baeb2d elementor-widget elementor-widget-text-editor\" data-id=\"7baeb2d\" data-element_type=\"widget\" data-widget_type=\"text-editor.default\">\n\t\t\t\t<div class=\"elementor-widget-container\">\n\t\t\t\t\t\t\t<p style=\"text-align: justify\">Nessa pesquisa, faz-se uso de processos diversos para a gera\u00e7\u00e3o de imagens de topologias complexas, inicialmente modeladas em ambiente digital em tr\u00eas dimens\u00f5es (3D), num segundo momento, renderizadas para visualiza\u00e7\u00e3o e, posteriormente, apresentadas para a intera\u00e7\u00e3o do p\u00fablico. Pretende-se assim, possibilitar viv\u00eancias transorg\u00e2nicas, atrav\u00e9s da experi\u00eancia com estas imagens, que comp\u00f5em associa\u00e7\u00f5es entre sistemas din\u00e2micos complexos, como de cartografias c\u00edbridas e de comportamentos emergentes.<\/p>\t\t\t\t\t\t<\/div>\n\t\t\t\t<\/div>\n\t\t\t\t<div class=\"elementor-element elementor-element-67f3700 elementor-widget elementor-widget-image\" data-id=\"67f3700\" data-element_type=\"widget\" data-widget_type=\"image.default\">\n\t\t\t\t<div class=\"elementor-widget-container\">\n\t\t\t\t\t\t\t\t\t\t\t\t\t<img loading=\"lazy\" decoding=\"async\" width=\"1024\" height=\"718\" src=\"https:\/\/www.ufsm.br\/app\/uploads\/sites\/814\/2024\/03\/Transhabitat3-1024x718.jpg\" class=\"attachment-large size-large wp-image-1534\" alt=\"\" srcset=\"https:\/\/www.ufsm.br\/app\/uploads\/sites\/814\/2024\/03\/Transhabitat3-1024x718.jpg 1024w, https:\/\/www.ufsm.br\/app\/uploads\/sites\/814\/2024\/03\/Transhabitat3-300x210.jpg 300w, https:\/\/www.ufsm.br\/app\/uploads\/sites\/814\/2024\/03\/Transhabitat3-768x539.jpg 768w, https:\/\/www.ufsm.br\/app\/uploads\/sites\/814\/2024\/03\/Transhabitat3.jpg 1530w\" sizes=\"(max-width: 1024px) 100vw, 1024px\" \/>\t\t\t\t\t\t\t\t\t\t\t\t\t<\/div>\n\t\t\t\t<\/div>\n\t\t\t\t<div class=\"elementor-element elementor-element-6cbc4eb elementor-widget elementor-widget-heading\" data-id=\"6cbc4eb\" data-element_type=\"widget\" data-widget_type=\"heading.default\">\n\t\t\t\t<div class=\"elementor-widget-container\">\n\t\t\t<h6 class=\"elementor-heading-title elementor-size-default\">Registros fotogr\u00e1ficos da intera\u00e7\u00e3o de Tiago Teles e Helo\u00edsa Gravina, e do autor com o grafo topol\u00f3gico de Transhabitat, de Matheus Moreno. Exposi\u00e7\u00e3o Arte.Interatividade.Tecnologia \u2013 LabInter, 2015. Na sala Cl\u00e1udio Carriconde (CAL\/UFSM).<\/h6>\t\t<\/div>\n\t\t\t\t<\/div>\n\t\t\t\t<div class=\"elementor-element elementor-element-f39dfe7 elementor-widget elementor-widget-spacer\" data-id=\"f39dfe7\" data-element_type=\"widget\" data-widget_type=\"spacer.default\">\n\t\t\t\t<div class=\"elementor-widget-container\">\n\t\t\t\t\t<div class=\"elementor-spacer\">\n\t\t\t<div class=\"elementor-spacer-inner\"><\/div>\n\t\t<\/div>\n\t\t\t\t<\/div>\n\t\t\t\t<\/div>\n\t\t\t\t<div class=\"elementor-element elementor-element-425d707 elementor-widget elementor-widget-text-editor\" data-id=\"425d707\" data-element_type=\"widget\" data-widget_type=\"text-editor.default\">\n\t\t\t\t<div class=\"elementor-widget-container\">\n\t\t\t\t\t\t\t<p style=\"text-align: justify\">Nesse <em>Transhabitat<\/em>, ambientes transorg\u00e2nicos possibilitam um habitar interativo, gerando trocas de informa\u00e7\u00f5es em redes, que se constroem e se reformulam a todo o momento. Entende-se que a fus\u00e3o do sujeito com o meio f\u00edsico em um organismo din\u00e2mico, atrav\u00e9s do ciberespa\u00e7o, propicia a composi\u00e7\u00e3o entre corpo e ambientes em um evento que busca uma constru\u00e7\u00e3o flu\u00edda de <em>Transhabitats<\/em>.<\/p>\t\t\t\t\t\t<\/div>\n\t\t\t\t<\/div>\n\t\t\t\t<div class=\"elementor-element elementor-element-2f15fb1 elementor-widget elementor-widget-image\" data-id=\"2f15fb1\" data-element_type=\"widget\" data-widget_type=\"image.default\">\n\t\t\t\t<div class=\"elementor-widget-container\">\n\t\t\t\t\t\t\t\t\t\t\t\t\t<img loading=\"lazy\" decoding=\"async\" width=\"1024\" height=\"287\" src=\"https:\/\/www.ufsm.br\/app\/uploads\/sites\/814\/2024\/03\/Transhabitat4-1024x287.jpg\" class=\"attachment-large size-large wp-image-1535\" alt=\"\" srcset=\"https:\/\/www.ufsm.br\/app\/uploads\/sites\/814\/2024\/03\/Transhabitat4-1024x287.jpg 1024w, https:\/\/www.ufsm.br\/app\/uploads\/sites\/814\/2024\/03\/Transhabitat4-300x84.jpg 300w, https:\/\/www.ufsm.br\/app\/uploads\/sites\/814\/2024\/03\/Transhabitat4-768x215.jpg 768w, https:\/\/www.ufsm.br\/app\/uploads\/sites\/814\/2024\/03\/Transhabitat4-1536x430.jpg 1536w, https:\/\/www.ufsm.br\/app\/uploads\/sites\/814\/2024\/03\/Transhabitat4.jpg 1942w\" sizes=\"(max-width: 1024px) 100vw, 1024px\" \/>\t\t\t\t\t\t\t\t\t\t\t\t\t<\/div>\n\t\t\t\t<\/div>\n\t\t\t\t<div class=\"elementor-element elementor-element-4348a25 elementor-widget elementor-widget-heading\" data-id=\"4348a25\" data-element_type=\"widget\" data-widget_type=\"heading.default\">\n\t\t\t\t<div class=\"elementor-widget-container\">\n\t\t\t<h6 class=\"elementor-heading-title elementor-size-default\">Material gr\u00e1fico de divulga\u00e7\u00e3o da Exposi\u00e7\u00e3o Trashabitat: Topologias Transorg\u00e2nicas em Arte e Tecnologia, realizada na sala Cl\u00e1udio Carriconde (CAL\/UFSM), entre os dias 07 e 17 de junho de 2016.<\/h6>\t\t<\/div>\n\t\t\t\t<\/div>\n\t\t\t\t<div class=\"elementor-element elementor-element-b45a229 elementor-widget elementor-widget-spacer\" data-id=\"b45a229\" data-element_type=\"widget\" data-widget_type=\"spacer.default\">\n\t\t\t\t<div class=\"elementor-widget-container\">\n\t\t\t\t\t<div class=\"elementor-spacer\">\n\t\t\t<div class=\"elementor-spacer-inner\"><\/div>\n\t\t<\/div>\n\t\t\t\t<\/div>\n\t\t\t\t<\/div>\n\t\t\t\t<div class=\"elementor-element elementor-element-69af30c elementor-widget elementor-widget-image\" data-id=\"69af30c\" data-element_type=\"widget\" data-widget_type=\"image.default\">\n\t\t\t\t<div class=\"elementor-widget-container\">\n\t\t\t\t\t\t\t\t\t\t\t\t\t<img loading=\"lazy\" decoding=\"async\" width=\"1024\" height=\"619\" src=\"https:\/\/www.ufsm.br\/app\/uploads\/sites\/814\/2024\/03\/Transhabitat5-1024x619.jpg\" class=\"attachment-large size-large wp-image-1536\" alt=\"\" srcset=\"https:\/\/www.ufsm.br\/app\/uploads\/sites\/814\/2024\/03\/Transhabitat5-1024x619.jpg 1024w, https:\/\/www.ufsm.br\/app\/uploads\/sites\/814\/2024\/03\/Transhabitat5-300x181.jpg 300w, https:\/\/www.ufsm.br\/app\/uploads\/sites\/814\/2024\/03\/Transhabitat5-768x464.jpg 768w, https:\/\/www.ufsm.br\/app\/uploads\/sites\/814\/2024\/03\/Transhabitat5-1536x929.jpg 1536w, https:\/\/www.ufsm.br\/app\/uploads\/sites\/814\/2024\/03\/Transhabitat5.jpg 1806w\" sizes=\"(max-width: 1024px) 100vw, 1024px\" \/>\t\t\t\t\t\t\t\t\t\t\t\t\t<\/div>\n\t\t\t\t<\/div>\n\t\t\t\t<div class=\"elementor-element elementor-element-f2eaf24 elementor-widget elementor-widget-heading\" data-id=\"f2eaf24\" data-element_type=\"widget\" data-widget_type=\"heading.default\">\n\t\t\t\t<div class=\"elementor-widget-container\">\n\t\t\t<h6 class=\"elementor-heading-title elementor-size-default\">Registros fotogr\u00e1ficos diversos das visita\u00e7\u00f5es.<\/h6>\t\t<\/div>\n\t\t\t\t<\/div>\n\t\t\t\t<div class=\"elementor-element elementor-element-20f67fd elementor-widget elementor-widget-spacer\" data-id=\"20f67fd\" data-element_type=\"widget\" data-widget_type=\"spacer.default\">\n\t\t\t\t<div class=\"elementor-widget-container\">\n\t\t\t\t\t<div class=\"elementor-spacer\">\n\t\t\t<div class=\"elementor-spacer-inner\"><\/div>\n\t\t<\/div>\n\t\t\t\t<\/div>\n\t\t\t\t<\/div>\n\t\t\t\t<div class=\"elementor-element elementor-element-0db7b43 elementor-widget elementor-widget-text-editor\" data-id=\"0db7b43\" data-element_type=\"widget\" data-widget_type=\"text-editor.default\">\n\t\t\t\t<div class=\"elementor-widget-container\">\n\t\t\t\t\t\t\t<p style=\"text-align: justify\"><em>Transhabitat <\/em>prop\u00f5e novos meios de habitar e de transformar os h\u00e1bitats com a dissolu\u00e7\u00e3o da oposi\u00e7\u00e3o entre sujeito e ambiente, entre emissor e receptor, quando os indiv\u00edduos habitam entre o virtual e o atual, entre o espacial e o ciberespacial, integram-se as tecnologias, indo al\u00e9m das fronteiras do corpo e do espa\u00e7o f\u00edsico. Entendendo que o habitar na \u00e9poca das redes digitais \u00e9 caracterizado pela perda da defini\u00e7\u00e3o de lugar fixo e tamb\u00e9m pelo desencadeamento de uma transforma\u00e7\u00e3o da rela\u00e7\u00e3o entre o sujeito e espa\u00e7o\/informa\u00e7\u00e3o, marcada pelo surgimento de uma forma simbi\u00f3tica e interativa de habitar.<\/p>\t\t\t\t\t\t<\/div>\n\t\t\t\t<\/div>\n\t\t\t\t<div class=\"elementor-element elementor-element-5e44fb5 elementor-widget elementor-widget-image\" data-id=\"5e44fb5\" data-element_type=\"widget\" data-widget_type=\"image.default\">\n\t\t\t\t<div class=\"elementor-widget-container\">\n\t\t\t\t\t\t\t\t\t\t\t\t\t<img loading=\"lazy\" decoding=\"async\" width=\"1024\" height=\"358\" src=\"https:\/\/www.ufsm.br\/app\/uploads\/sites\/814\/2024\/03\/Transhabitat6-1024x358.jpg\" class=\"attachment-large size-large wp-image-1537\" alt=\"\" srcset=\"https:\/\/www.ufsm.br\/app\/uploads\/sites\/814\/2024\/03\/Transhabitat6-1024x358.jpg 1024w, https:\/\/www.ufsm.br\/app\/uploads\/sites\/814\/2024\/03\/Transhabitat6-300x105.jpg 300w, https:\/\/www.ufsm.br\/app\/uploads\/sites\/814\/2024\/03\/Transhabitat6-768x269.jpg 768w, https:\/\/www.ufsm.br\/app\/uploads\/sites\/814\/2024\/03\/Transhabitat6-1536x538.jpg 1536w, https:\/\/www.ufsm.br\/app\/uploads\/sites\/814\/2024\/03\/Transhabitat6.jpg 1857w\" sizes=\"(max-width: 1024px) 100vw, 1024px\" \/>\t\t\t\t\t\t\t\t\t\t\t\t\t<\/div>\n\t\t\t\t<\/div>\n\t\t\t\t<div class=\"elementor-element elementor-element-a349c54 elementor-widget elementor-widget-heading\" data-id=\"a349c54\" data-element_type=\"widget\" data-widget_type=\"heading.default\">\n\t\t\t\t<div class=\"elementor-widget-container\">\n\t\t\t<h6 class=\"elementor-heading-title elementor-size-default\">Divulga\u00e7\u00e3o online da Exposi\u00e7\u00e3o Trashabitat: Topologias Transorg\u00e2nicas em Arte e Tecnologia, pelo site do PPGArt (CAL\/UFSM) http:\/\/w3.ufsm.br\/ppgart; e do trabalho Transhabitat em RA apresentado na mostra do evento D+ Design Ci\u00eancia e Tecnoologia. Na sala Cl\u00e1udio Carriconde (CAL\/UFSM), divulgado no Site da UFSM. Em julho de 2016 www.ufsm.br\/<\/h6>\t\t<\/div>\n\t\t\t\t<\/div>\n\t\t\t\t<div class=\"elementor-element elementor-element-12767fc elementor-widget elementor-widget-spacer\" data-id=\"12767fc\" data-element_type=\"widget\" data-widget_type=\"spacer.default\">\n\t\t\t\t<div class=\"elementor-widget-container\">\n\t\t\t\t\t<div class=\"elementor-spacer\">\n\t\t\t<div class=\"elementor-spacer-inner\"><\/div>\n\t\t<\/div>\n\t\t\t\t<\/div>\n\t\t\t\t<\/div>\n\t\t\t\t<div class=\"elementor-element elementor-element-58a79dd elementor-widget elementor-widget-text-editor\" data-id=\"58a79dd\" data-element_type=\"widget\" data-widget_type=\"text-editor.default\">\n\t\t\t\t<div class=\"elementor-widget-container\">\n\t\t\t\t\t\t\t<p style=\"text-align: justify\">Portanto, <em>Transhabitat <\/em>se apresenta interconectado na experi\u00eancia de sua pr\u00f3pria imagem, resultante da associa\u00e7\u00e3o de indiv\u00edduo, de m\u00eddias e de meios, que se comunicam e interagem autopoieticamente, justapostos em uma rede de fluxos informacionais. Experiencia-se assim, em imagens ef\u00eameras, que exploram quest\u00f5es de fluidez, ritmo,\u00a0 (des)equil\u00edbrio e (des)organiza\u00e7\u00e3o de padr\u00f5es, rela\u00e7\u00f5es de imers\u00e3o e intera\u00e7\u00e3o.<\/p>\t\t\t\t\t\t<\/div>\n\t\t\t\t<\/div>\n\t\t\t\t\t<\/div>\n\t\t<\/div>\n\t\t\t\t\t<\/div>\n\t\t<\/section>\n\t\t\t\t<\/div>\n\t\t","protected":false},"excerpt":{"rendered":"<p>A pesquisa po\u00e9tica Transhabitat prop\u00f5e outros modos comunicativos de habitar no contexto da Arte e Tecnologia. Com a realiza\u00e7\u00e3o de instala\u00e7\u00f5es interativas, problematiza-se a defini\u00e7\u00e3o de topologia a partir dos conceitos de \u201cc\u00edbrido\u201d, proposto por Peter Anders (1997), e de \u201ctransorg\u00e2nico\u201d, apresentado por Di Felice (2009). Nos ambientes transorg\u00e2nicos constru\u00eddos, as configura\u00e7\u00f5es espaciais se estabelecem [&hellip;]<\/p>\n","protected":false},"author":7654,"featured_media":0,"parent":32,"menu_order":0,"comment_status":"closed","ping_status":"closed","template":"","meta":{"footnotes":""},"categories":[17],"tags":[],"class_list":["post-1523","page","type-page","status-publish","hentry","category-projetos"],"acf":[],"_links":{"self":[{"href":"https:\/\/www.ufsm.br\/laboratorios\/labinter\/wp-json\/wp\/v2\/pages\/1523","targetHints":{"allow":["GET"]}}],"collection":[{"href":"https:\/\/www.ufsm.br\/laboratorios\/labinter\/wp-json\/wp\/v2\/pages"}],"about":[{"href":"https:\/\/www.ufsm.br\/laboratorios\/labinter\/wp-json\/wp\/v2\/types\/page"}],"author":[{"embeddable":true,"href":"https:\/\/www.ufsm.br\/laboratorios\/labinter\/wp-json\/wp\/v2\/users\/7654"}],"replies":[{"embeddable":true,"href":"https:\/\/www.ufsm.br\/laboratorios\/labinter\/wp-json\/wp\/v2\/comments?post=1523"}],"version-history":[{"count":0,"href":"https:\/\/www.ufsm.br\/laboratorios\/labinter\/wp-json\/wp\/v2\/pages\/1523\/revisions"}],"up":[{"embeddable":true,"href":"https:\/\/www.ufsm.br\/laboratorios\/labinter\/wp-json\/wp\/v2\/pages\/32"}],"wp:attachment":[{"href":"https:\/\/www.ufsm.br\/laboratorios\/labinter\/wp-json\/wp\/v2\/media?parent=1523"}],"wp:term":[{"taxonomy":"category","embeddable":true,"href":"https:\/\/www.ufsm.br\/laboratorios\/labinter\/wp-json\/wp\/v2\/categories?post=1523"},{"taxonomy":"post_tag","embeddable":true,"href":"https:\/\/www.ufsm.br\/laboratorios\/labinter\/wp-json\/wp\/v2\/tags?post=1523"}],"curies":[{"name":"wp","href":"https:\/\/api.w.org\/{rel}","templated":true}]}}