{"id":1595,"date":"2025-03-29T23:14:18","date_gmt":"2025-03-30T02:14:18","guid":{"rendered":"https:\/\/www.ufsm.br\/laboratorios\/labinter\/?page_id=1595"},"modified":"2025-03-31T14:29:05","modified_gmt":"2025-03-31T17:29:05","slug":"tramas-kaingang","status":"publish","type":"page","link":"https:\/\/www.ufsm.br\/laboratorios\/labinter\/projetos\/tramas-kaingang","title":{"rendered":"Tramas Kaingang: Uma Po\u00e9tica Cosmot\u00e9cnica"},"content":{"rendered":"\t\t<div data-elementor-type=\"wp-page\" data-elementor-id=\"1595\" class=\"elementor elementor-1595\">\n\t\t\t\t\t\t<section class=\"elementor-section elementor-top-section elementor-element elementor-element-80448d1 elementor-section-boxed elementor-section-height-default elementor-section-height-default\" data-id=\"80448d1\" data-element_type=\"section\">\n\t\t\t\t\t\t<div class=\"elementor-container elementor-column-gap-default\">\n\t\t\t\t\t<div class=\"elementor-column elementor-col-100 elementor-top-column elementor-element elementor-element-b1d0fb2\" data-id=\"b1d0fb2\" data-element_type=\"column\">\n\t\t\t<div class=\"elementor-widget-wrap elementor-element-populated\">\n\t\t\t\t\t\t<div class=\"elementor-element elementor-element-eaca373 elementor-widget elementor-widget-text-editor\" data-id=\"eaca373\" data-element_type=\"widget\" data-widget_type=\"text-editor.default\">\n\t\t\t\t<div class=\"elementor-widget-container\">\n\t\t\t\t\t\t\t<p dir=\"auto\" style=\"text-align: justify\">A presente pesquisa em artes visuais, na linha de arte e tecnologia, investiga as tramas estabelecidas e provocadas a partir das cosmot\u00e9cnica Kaingang, relacionando-as entre conflu\u00eancias tecnologicas, ancestrais e emergentes, por meio da colabora\u00e7\u00e3o em arte. O objetivo principal \u00e9 provocar e refletir sobre essa conflu\u00eancia, integrando-a em uma po\u00e9tica contempor\u00e2nea.\u00a0<\/p><p dir=\"auto\" style=\"text-align: justify\">A cosmotecnologia, ao investigar a interse\u00e7\u00e3o entre cosmologias e tecnologias, destaca a influ\u00eancia m\u00fatua das narrativas culturais no desenvolvimento tecnol\u00f3gico, a pesquisa fundamenta-se portanto nas cosmot\u00e9cnicas do povo Kaingang e se apoia em uma metodologia etnogr\u00e1fica e colaborativa.\u00a0<\/p><p dir=\"auto\" style=\"text-align: justify\">A colabora\u00e7\u00e3o torna-se \u00e9 um aspecto essencial para o desenvolvimento da po\u00e9tica proposta, promovendo di\u00e1logos entre autores, artistas e membros das comunidades envolvidas.<\/p><p dir=\"auto\" style=\"text-align: justify\">Dessa forma, esta pesquisa prop\u00f5e dialogar sobre as conflu\u00eancias entre as cosmot\u00e9cnicas tradicionais da etnia Kaingang e as tecnologias emergentes no contexto da produ\u00e7\u00e3o art\u00edstica contempor\u00e2nea, observando principalmente as rela\u00e7\u00f5es afetivas provocadas nesse meio.<\/p>\t\t\t\t\t\t<\/div>\n\t\t\t\t<\/div>\n\t\t\t\t<div class=\"elementor-element elementor-element-f65a9a3 elementor-widget elementor-widget-spacer\" data-id=\"f65a9a3\" data-element_type=\"widget\" data-widget_type=\"spacer.default\">\n\t\t\t\t<div class=\"elementor-widget-container\">\n\t\t\t\t\t<div class=\"elementor-spacer\">\n\t\t\t<div class=\"elementor-spacer-inner\"><\/div>\n\t\t<\/div>\n\t\t\t\t<\/div>\n\t\t\t\t<\/div>\n\t\t\t\t<section class=\"elementor-section elementor-inner-section elementor-element elementor-element-c98a16f elementor-section-boxed elementor-section-height-default elementor-section-height-default\" data-id=\"c98a16f\" data-element_type=\"section\">\n\t\t\t\t\t\t<div class=\"elementor-container elementor-column-gap-default\">\n\t\t\t\t\t<div class=\"elementor-column elementor-col-50 elementor-inner-column elementor-element elementor-element-a42d98d\" data-id=\"a42d98d\" data-element_type=\"column\">\n\t\t\t<div class=\"elementor-widget-wrap elementor-element-populated\">\n\t\t\t\t\t\t<div class=\"elementor-element elementor-element-72454f8 elementor-widget elementor-widget-image\" data-id=\"72454f8\" data-element_type=\"widget\" data-widget_type=\"image.default\">\n\t\t\t\t<div class=\"elementor-widget-container\">\n\t\t\t\t\t\t\t\t\t\t\t\t\t<img fetchpriority=\"high\" decoding=\"async\" width=\"1024\" height=\"576\" src=\"https:\/\/www.ufsm.br\/app\/uploads\/sites\/814\/2025\/03\/Tramas-Kaingang-01-1024x576.jpg\" class=\"attachment-large size-large wp-image-1597\" alt=\"\" srcset=\"https:\/\/www.ufsm.br\/app\/uploads\/sites\/814\/2025\/03\/Tramas-Kaingang-01-1024x576.jpg 1024w, https:\/\/www.ufsm.br\/app\/uploads\/sites\/814\/2025\/03\/Tramas-Kaingang-01-300x169.jpg 300w, https:\/\/www.ufsm.br\/app\/uploads\/sites\/814\/2025\/03\/Tramas-Kaingang-01-768x432.jpg 768w, https:\/\/www.ufsm.br\/app\/uploads\/sites\/814\/2025\/03\/Tramas-Kaingang-01.jpg 1280w\" sizes=\"(max-width: 1024px) 100vw, 1024px\" \/>\t\t\t\t\t\t\t\t\t\t\t\t\t<\/div>\n\t\t\t\t<\/div>\n\t\t\t\t<div class=\"elementor-element elementor-element-afd0c91 elementor-widget elementor-widget-image\" data-id=\"afd0c91\" data-element_type=\"widget\" data-widget_type=\"image.default\">\n\t\t\t\t<div class=\"elementor-widget-container\">\n\t\t\t\t\t\t\t\t\t\t\t\t\t<img decoding=\"async\" width=\"1024\" height=\"576\" src=\"https:\/\/www.ufsm.br\/app\/uploads\/sites\/814\/2025\/03\/Tramas-Kaingang-02-1024x576.jpg\" class=\"attachment-large size-large wp-image-1598\" alt=\"\" srcset=\"https:\/\/www.ufsm.br\/app\/uploads\/sites\/814\/2025\/03\/Tramas-Kaingang-02-1024x576.jpg 1024w, https:\/\/www.ufsm.br\/app\/uploads\/sites\/814\/2025\/03\/Tramas-Kaingang-02-300x169.jpg 300w, https:\/\/www.ufsm.br\/app\/uploads\/sites\/814\/2025\/03\/Tramas-Kaingang-02-768x432.jpg 768w, https:\/\/www.ufsm.br\/app\/uploads\/sites\/814\/2025\/03\/Tramas-Kaingang-02.jpg 1280w\" sizes=\"(max-width: 1024px) 100vw, 1024px\" \/>\t\t\t\t\t\t\t\t\t\t\t\t\t<\/div>\n\t\t\t\t<\/div>\n\t\t\t\t<div class=\"elementor-element elementor-element-c12ffe7 elementor-widget elementor-widget-image\" data-id=\"c12ffe7\" data-element_type=\"widget\" data-widget_type=\"image.default\">\n\t\t\t\t<div class=\"elementor-widget-container\">\n\t\t\t\t\t\t\t\t\t\t\t\t\t<img decoding=\"async\" width=\"1024\" height=\"576\" src=\"https:\/\/www.ufsm.br\/app\/uploads\/sites\/814\/2025\/03\/Tramas-Kaingang-03-1024x576.jpg\" class=\"attachment-large size-large wp-image-1599\" alt=\"\" srcset=\"https:\/\/www.ufsm.br\/app\/uploads\/sites\/814\/2025\/03\/Tramas-Kaingang-03-1024x576.jpg 1024w, https:\/\/www.ufsm.br\/app\/uploads\/sites\/814\/2025\/03\/Tramas-Kaingang-03-300x169.jpg 300w, https:\/\/www.ufsm.br\/app\/uploads\/sites\/814\/2025\/03\/Tramas-Kaingang-03-768x432.jpg 768w, https:\/\/www.ufsm.br\/app\/uploads\/sites\/814\/2025\/03\/Tramas-Kaingang-03.jpg 1280w\" sizes=\"(max-width: 1024px) 100vw, 1024px\" \/>\t\t\t\t\t\t\t\t\t\t\t\t\t<\/div>\n\t\t\t\t<\/div>\n\t\t\t\t\t<\/div>\n\t\t<\/div>\n\t\t\t\t<div class=\"elementor-column elementor-col-50 elementor-inner-column elementor-element elementor-element-34ca859\" data-id=\"34ca859\" data-element_type=\"column\">\n\t\t\t<div class=\"elementor-widget-wrap elementor-element-populated\">\n\t\t\t\t\t\t<div class=\"elementor-element elementor-element-d4900b5 elementor-widget elementor-widget-image\" data-id=\"d4900b5\" data-element_type=\"widget\" data-widget_type=\"image.default\">\n\t\t\t\t<div class=\"elementor-widget-container\">\n\t\t\t\t\t\t\t\t\t\t\t\t\t<img loading=\"lazy\" decoding=\"async\" width=\"1024\" height=\"576\" src=\"https:\/\/www.ufsm.br\/app\/uploads\/sites\/814\/2025\/03\/Tramas-Kaingang-04-1024x576.jpg\" class=\"attachment-large size-large wp-image-1600\" alt=\"\" srcset=\"https:\/\/www.ufsm.br\/app\/uploads\/sites\/814\/2025\/03\/Tramas-Kaingang-04-1024x576.jpg 1024w, https:\/\/www.ufsm.br\/app\/uploads\/sites\/814\/2025\/03\/Tramas-Kaingang-04-300x169.jpg 300w, https:\/\/www.ufsm.br\/app\/uploads\/sites\/814\/2025\/03\/Tramas-Kaingang-04-768x432.jpg 768w, https:\/\/www.ufsm.br\/app\/uploads\/sites\/814\/2025\/03\/Tramas-Kaingang-04.jpg 1280w\" sizes=\"(max-width: 1024px) 100vw, 1024px\" \/>\t\t\t\t\t\t\t\t\t\t\t\t\t<\/div>\n\t\t\t\t<\/div>\n\t\t\t\t<div class=\"elementor-element elementor-element-f4de2ef elementor-widget elementor-widget-image\" data-id=\"f4de2ef\" data-element_type=\"widget\" data-widget_type=\"image.default\">\n\t\t\t\t<div class=\"elementor-widget-container\">\n\t\t\t\t\t\t\t\t\t\t\t\t\t<img loading=\"lazy\" decoding=\"async\" width=\"1024\" height=\"576\" src=\"https:\/\/www.ufsm.br\/app\/uploads\/sites\/814\/2025\/03\/Tramas-Kaingang-05-1024x576.jpg\" class=\"attachment-large size-large wp-image-1601\" alt=\"\" srcset=\"https:\/\/www.ufsm.br\/app\/uploads\/sites\/814\/2025\/03\/Tramas-Kaingang-05-1024x576.jpg 1024w, https:\/\/www.ufsm.br\/app\/uploads\/sites\/814\/2025\/03\/Tramas-Kaingang-05-300x169.jpg 300w, https:\/\/www.ufsm.br\/app\/uploads\/sites\/814\/2025\/03\/Tramas-Kaingang-05-768x432.jpg 768w, https:\/\/www.ufsm.br\/app\/uploads\/sites\/814\/2025\/03\/Tramas-Kaingang-05.jpg 1280w\" sizes=\"(max-width: 1024px) 100vw, 1024px\" \/>\t\t\t\t\t\t\t\t\t\t\t\t\t<\/div>\n\t\t\t\t<\/div>\n\t\t\t\t<div class=\"elementor-element elementor-element-a062909 elementor-widget elementor-widget-image\" data-id=\"a062909\" data-element_type=\"widget\" data-widget_type=\"image.default\">\n\t\t\t\t<div class=\"elementor-widget-container\">\n\t\t\t\t\t\t\t\t\t\t\t\t\t<img loading=\"lazy\" decoding=\"async\" width=\"1024\" height=\"576\" src=\"https:\/\/www.ufsm.br\/app\/uploads\/sites\/814\/2025\/03\/Tramas-Kaingang-06-1024x576.jpg\" class=\"attachment-large size-large wp-image-1602\" alt=\"\" srcset=\"https:\/\/www.ufsm.br\/app\/uploads\/sites\/814\/2025\/03\/Tramas-Kaingang-06-1024x576.jpg 1024w, https:\/\/www.ufsm.br\/app\/uploads\/sites\/814\/2025\/03\/Tramas-Kaingang-06-300x169.jpg 300w, https:\/\/www.ufsm.br\/app\/uploads\/sites\/814\/2025\/03\/Tramas-Kaingang-06-768x432.jpg 768w, https:\/\/www.ufsm.br\/app\/uploads\/sites\/814\/2025\/03\/Tramas-Kaingang-06.jpg 1280w\" sizes=\"(max-width: 1024px) 100vw, 1024px\" \/>\t\t\t\t\t\t\t\t\t\t\t\t\t<\/div>\n\t\t\t\t<\/div>\n\t\t\t\t\t<\/div>\n\t\t<\/div>\n\t\t\t\t\t<\/div>\n\t\t<\/section>\n\t\t\t\t\t<\/div>\n\t\t<\/div>\n\t\t\t\t\t<\/div>\n\t\t<\/section>\n\t\t\t\t<\/div>\n\t\t","protected":false},"excerpt":{"rendered":"<p>A presente pesquisa em artes visuais, na linha de arte e tecnologia, investiga as tramas estabelecidas e provocadas a partir das cosmot\u00e9cnica Kaingang, relacionando-as entre conflu\u00eancias tecnologicas, ancestrais e emergentes, por meio da colabora\u00e7\u00e3o em arte. O objetivo principal \u00e9 provocar e refletir sobre essa conflu\u00eancia, integrando-a em uma po\u00e9tica contempor\u00e2nea.\u00a0 A cosmotecnologia, ao investigar [&hellip;]<\/p>\n","protected":false},"author":7654,"featured_media":0,"parent":32,"menu_order":0,"comment_status":"closed","ping_status":"closed","template":"","meta":{"footnotes":""},"categories":[17],"tags":[],"class_list":["post-1595","page","type-page","status-publish","hentry","category-projetos"],"acf":[],"_links":{"self":[{"href":"https:\/\/www.ufsm.br\/laboratorios\/labinter\/wp-json\/wp\/v2\/pages\/1595","targetHints":{"allow":["GET"]}}],"collection":[{"href":"https:\/\/www.ufsm.br\/laboratorios\/labinter\/wp-json\/wp\/v2\/pages"}],"about":[{"href":"https:\/\/www.ufsm.br\/laboratorios\/labinter\/wp-json\/wp\/v2\/types\/page"}],"author":[{"embeddable":true,"href":"https:\/\/www.ufsm.br\/laboratorios\/labinter\/wp-json\/wp\/v2\/users\/7654"}],"replies":[{"embeddable":true,"href":"https:\/\/www.ufsm.br\/laboratorios\/labinter\/wp-json\/wp\/v2\/comments?post=1595"}],"version-history":[{"count":0,"href":"https:\/\/www.ufsm.br\/laboratorios\/labinter\/wp-json\/wp\/v2\/pages\/1595\/revisions"}],"up":[{"embeddable":true,"href":"https:\/\/www.ufsm.br\/laboratorios\/labinter\/wp-json\/wp\/v2\/pages\/32"}],"wp:attachment":[{"href":"https:\/\/www.ufsm.br\/laboratorios\/labinter\/wp-json\/wp\/v2\/media?parent=1595"}],"wp:term":[{"taxonomy":"category","embeddable":true,"href":"https:\/\/www.ufsm.br\/laboratorios\/labinter\/wp-json\/wp\/v2\/categories?post=1595"},{"taxonomy":"post_tag","embeddable":true,"href":"https:\/\/www.ufsm.br\/laboratorios\/labinter\/wp-json\/wp\/v2\/tags?post=1595"}],"curies":[{"name":"wp","href":"https:\/\/api.w.org\/{rel}","templated":true}]}}