{"id":1596,"date":"2025-08-04T14:09:27","date_gmt":"2025-08-04T17:09:27","guid":{"rendered":"https:\/\/www.ufsm.br\/laboratorios\/labinter\/?page_id=1596"},"modified":"2026-03-20T10:19:58","modified_gmt":"2026-03-20T13:19:58","slug":"cibermuralismo","status":"publish","type":"page","link":"https:\/\/www.ufsm.br\/laboratorios\/labinter\/projetos\/cibermuralismo","title":{"rendered":"Cibermuralismo"},"content":{"rendered":"\t\t<div data-elementor-type=\"wp-page\" data-elementor-id=\"1596\" class=\"elementor elementor-1596\">\n\t\t\t\t\t\t<section class=\"elementor-section elementor-top-section elementor-element elementor-element-b64d26b elementor-section-boxed elementor-section-height-default elementor-section-height-default\" data-id=\"b64d26b\" data-element_type=\"section\">\n\t\t\t\t\t\t<div class=\"elementor-container elementor-column-gap-default\">\n\t\t\t\t\t<div class=\"elementor-column elementor-col-100 elementor-top-column elementor-element elementor-element-50f69ca\" data-id=\"50f69ca\" data-element_type=\"column\">\n\t\t\t<div class=\"elementor-widget-wrap elementor-element-populated\">\n\t\t\t\t\t\t<div class=\"elementor-element elementor-element-bebbf7c elementor-widget elementor-widget-text-editor\" data-id=\"bebbf7c\" data-element_type=\"widget\" data-widget_type=\"text-editor.default\">\n\t\t\t\t<div class=\"elementor-widget-container\">\n\t\t\t\t\t\t\t<p style=\"text-align: justify\">O presente projeto consiste em investigar os cruzamentos entre o muralismo, realidade virtual e outras tecnologias, elaborando ambientes imersivos atrav\u00e9s de modelagem 3D e imagens 360\u00b0, produ\u00e7\u00f5es audiovisuais tanto em videomapping, quanto audiovisuais para planet\u00e1rios e tamb\u00e9m trabalhos pl\u00e1sticos de pintura mural. Entende-se que o campo da Ci\u00eancia e Tecnologia pode contribuir de maneira significativa para promover processos criativos e inovadores no campo da Arte. Ao longo desse projeto, foram feitas apresenta\u00e7\u00f5es em eventos acad\u00eamicos sobre as produ\u00e7\u00f5es po\u00e9ticas da pesquisa, a qual foi iniciada no segundo semestre de 2022 na disciplina de Arte Digital, antes mesmo do registro do projeto.<\/p><p style=\"text-align: justify\">Resumo &#8220;<a href=\"https:\/\/portal.ufsm.br\/jai\/trabalho\/anais.html\"><strong>Quadra: Uma Investiga\u00e7\u00e3o Acerca da Arte Muralista Aplicada ao Espa\u00e7o Virtual<\/strong><\/a>&#8221; apresentado na 38\u00aa Jornada Acad\u00eamica Integrada (2023).<\/p><p style=\"text-align: justify\">Resumo Expandido &#8220;<strong><a href=\"https:\/\/abciber.org.br\/simposios\/index.php\/abciber\/abciber16\/paper\/view\/2144\">Quadra: Uma Investiga\u00e7\u00e3o Acerca da Arte Muralista Aplicada ao Espa\u00e7o Virtual<\/a><\/strong>&#8221; apresentado no XVI Simp\u00f3sio Nacional da ABCiber (2023).<\/p><p style=\"text-align: justify\">Artigo Completo &#8220;<strong><a href=\"https:\/\/www.even3.com.br\/anais\/33-encontro-nacional-da-anpap-vidas-421945\/838023-cibermuralismo--uma-investigacao-acerca-da-arte-muralista-aplicada-ao-espaco-virtual\/\">Cibermuralismo: Uma Investiga\u00e7\u00e3o Acerca da Arte Muralista Aplicada ao Espa\u00e7o Virtual<\/a><\/strong>&#8221; apresentado no 33\u00ba Encontro Nacional da ANPAP &#8211; Vidas (2024).<\/p><p style=\"text-align: justify\">Resumo &#8220;<strong><a href=\"https:\/\/portal.ufsm.br\/jai\/trabalho\/anais.html\">Cibermuralismo: Antecipando Murais Atrav\u00e9s da Realidade Virtual<\/a><\/strong>&#8221; apresentado na 39\u00aa Jornada Acad\u00eamica Integrada (2024).<\/p><p style=\"text-align: justify\">Resumo &#8220;<strong><a href=\"https:\/\/portal.ufsm.br\/jai\/trabalho\/anais.html\">Ecopo\u00e9tica Ga\u00facha e Imers\u00e3o: do Muralismo ao Videomapping<\/a><\/strong>&#8221; apresentado na 39\u00aa Jornada Acad\u00eamica Integrada (2024).<\/p><p style=\"text-align: justify\">Resumo &#8220;<strong><a href=\"https:\/\/drive.google.com\/file\/d\/1dJ_o5mMeIgyVn1odOaRA9UdTd4NVV5nh\/view\">Re-Naturalize: Ecopo\u00e9tica Ga\u00facha, Muralismo e Audiovisual<\/a><\/strong>&#8221; apresentado no caderno de resumos do 24\u00ba Encontro Internacional de Arte e Tecnologia &#8211; Ecopoiesis (2025).<\/p><p>Resumo &#8220;<strong><a href=\"https:\/\/portal.ufsm.br\/jai\/trabalho\/anais.html\">Pampa em Vertigem: Videomapping e Ecopo\u00e9tica<\/a><\/strong>&#8221; apresentado na 40\u00aa Jornada Acad\u00eamica Integrada (2025).<\/p><p>Resumo &#8220;<a href=\"https:\/\/portal.ufsm.br\/jai\/trabalho\/anais.html\"><strong>Ambientes em Realidade Virtual para Audiovisual Fulldome<\/strong><\/a>&#8221; apresentado na 40\u00aa Jornada Acad\u00eamica Integrada (2025).<\/p><p>Resumo &#8220;<a href=\"https:\/\/portal.ufsm.br\/jai\/trabalho\/anais.html\"><strong>Experi\u00eancia Imersiva e Frui\u00e7\u00e3o Virtual para os Murais da UFSM<\/strong><\/a>&#8221; apresentado na 40\u00aa Jornada Acad\u00eamica Integrada (2025).<\/p><p>Artigo Completo &#8220;<a href=\"https:\/\/drive.google.com\/file\/d\/1Uy3lALqsfzANE0nGHKCuKAm_PTAZyCn3\/view?usp=drive_link\"><strong>Re-Naturalize: Ecopo\u00e9tica Ga\u00facha, Muralismo e Audiovisual<\/strong><\/a>&#8221; apresentado nos Anais de Textos Completos do 24\u00ba Encontro Internacional de Arte e Tecnologia &#8211; Ecopoiesis (2025).<\/p><p style=\"text-align: justify\"><strong>Autores:<\/strong> Douglas Dorneles Medeiros e Everton Rodrigues Santos<\/p>\t\t\t\t\t\t<\/div>\n\t\t\t\t<\/div>\n\t\t\t\t<div class=\"elementor-element elementor-element-8ec16c6 elementor-widget elementor-widget-spacer\" data-id=\"8ec16c6\" data-element_type=\"widget\" data-widget_type=\"spacer.default\">\n\t\t\t\t<div class=\"elementor-widget-container\">\n\t\t\t\t\t<div class=\"elementor-spacer\">\n\t\t\t<div class=\"elementor-spacer-inner\"><\/div>\n\t\t<\/div>\n\t\t\t\t<\/div>\n\t\t\t\t<\/div>\n\t\t\t\t<div class=\"elementor-element elementor-element-a6d582f elementor-widget elementor-widget-heading\" data-id=\"a6d582f\" data-element_type=\"widget\" data-widget_type=\"heading.default\">\n\t\t\t\t<div class=\"elementor-widget-container\">\n\t\t\t<h5 class=\"elementor-heading-title elementor-size-default\">Sal\u00e3o de Murais (2022)<\/h5>\t\t<\/div>\n\t\t\t\t<\/div>\n\t\t\t\t<div class=\"elementor-element elementor-element-e549313 elementor-widget elementor-widget-text-editor\" data-id=\"e549313\" data-element_type=\"widget\" data-widget_type=\"text-editor.default\">\n\t\t\t\t<div class=\"elementor-widget-container\">\n\t\t\t\t\t\t\t<p style=\"text-align: justify\">Registro 360\u00b0 do primeiro experimento com os murais em um ambiente 3D. Utilizado em testes na galeria virtual <strong><a href=\"https:\/\/app.lapentor.com\/sphere\/salao-de-murais\">Lapentor<\/a><\/strong>, onde a frui\u00e7\u00e3o \u00e9 baseada em pontos de interesse.<\/p>\t\t\t\t\t\t<\/div>\n\t\t\t\t<\/div>\n\t\t\t\t<div class=\"elementor-element elementor-element-925ead8 elementor-widget elementor-widget-video\" data-id=\"925ead8\" data-element_type=\"widget\" data-settings=\"{&quot;youtube_url&quot;:&quot;https:\\\/\\\/youtu.be\\\/2csEe9qs_0I&quot;,&quot;video_type&quot;:&quot;youtube&quot;,&quot;controls&quot;:&quot;yes&quot;}\" data-widget_type=\"video.default\">\n\t\t\t\t<div class=\"elementor-widget-container\">\n\t\t\t\t\t<div class=\"elementor-wrapper elementor-open-inline\">\n\t\t\t<div class=\"elementor-video\"><\/div>\t\t<\/div>\n\t\t\t\t<\/div>\n\t\t\t\t<\/div>\n\t\t\t\t<div class=\"elementor-element elementor-element-dfb34d7 elementor-widget elementor-widget-spacer\" data-id=\"dfb34d7\" data-element_type=\"widget\" data-widget_type=\"spacer.default\">\n\t\t\t\t<div class=\"elementor-widget-container\">\n\t\t\t\t\t<div class=\"elementor-spacer\">\n\t\t\t<div class=\"elementor-spacer-inner\"><\/div>\n\t\t<\/div>\n\t\t\t\t<\/div>\n\t\t\t\t<\/div>\n\t\t\t\t<div class=\"elementor-element elementor-element-df95ccf elementor-widget elementor-widget-heading\" data-id=\"df95ccf\" data-element_type=\"widget\" data-widget_type=\"heading.default\">\n\t\t\t\t<div class=\"elementor-widget-container\">\n\t\t\t<h5 class=\"elementor-heading-title elementor-size-default\">Quadra 360\u00b0 (2022)<\/h5>\t\t<\/div>\n\t\t\t\t<\/div>\n\t\t\t\t<div class=\"elementor-element elementor-element-0097aeb elementor-widget elementor-widget-text-editor\" data-id=\"0097aeb\" data-element_type=\"widget\" data-widget_type=\"text-editor.default\">\n\t\t\t\t<div class=\"elementor-widget-container\">\n\t\t\t\t\t\t\t<p style=\"text-align: justify\">Registro 360\u00b0 da primeira vers\u00e3o da Quadra, ambiente fict\u00edcio modelado para ser visto de um ponto fixo.<\/p>\t\t\t\t\t\t<\/div>\n\t\t\t\t<\/div>\n\t\t\t\t<div class=\"elementor-element elementor-element-99995ab elementor-widget elementor-widget-video\" data-id=\"99995ab\" data-element_type=\"widget\" data-settings=\"{&quot;youtube_url&quot;:&quot;https:\\\/\\\/youtu.be\\\/hF7qXrNwSs0&quot;,&quot;video_type&quot;:&quot;youtube&quot;,&quot;controls&quot;:&quot;yes&quot;}\" data-widget_type=\"video.default\">\n\t\t\t\t<div class=\"elementor-widget-container\">\n\t\t\t\t\t<div class=\"elementor-wrapper elementor-open-inline\">\n\t\t\t<div class=\"elementor-video\"><\/div>\t\t<\/div>\n\t\t\t\t<\/div>\n\t\t\t\t<\/div>\n\t\t\t\t<div class=\"elementor-element elementor-element-91bb683 elementor-widget elementor-widget-spacer\" data-id=\"91bb683\" data-element_type=\"widget\" data-widget_type=\"spacer.default\">\n\t\t\t\t<div class=\"elementor-widget-container\">\n\t\t\t\t\t<div class=\"elementor-spacer\">\n\t\t\t<div class=\"elementor-spacer-inner\"><\/div>\n\t\t<\/div>\n\t\t\t\t<\/div>\n\t\t\t\t<\/div>\n\t\t\t\t<div class=\"elementor-element elementor-element-f39ace4 elementor-widget elementor-widget-heading\" data-id=\"f39ace4\" data-element_type=\"widget\" data-widget_type=\"heading.default\">\n\t\t\t\t<div class=\"elementor-widget-container\">\n\t\t\t<h5 class=\"elementor-heading-title elementor-size-default\">Quadra 360\u00b0 - Ciclo de Dia e Noite (2022)<\/h5>\t\t<\/div>\n\t\t\t\t<\/div>\n\t\t\t\t<div class=\"elementor-element elementor-element-7e67abf elementor-widget elementor-widget-text-editor\" data-id=\"7e67abf\" data-element_type=\"widget\" data-widget_type=\"text-editor.default\">\n\t\t\t\t<div class=\"elementor-widget-container\">\n\t\t\t\t\t\t\t<p style=\"text-align: justify\">Experimento de edi\u00e7\u00e3o de v\u00eddeo na primeira vers\u00e3o da Quadra.<\/p>\t\t\t\t\t\t<\/div>\n\t\t\t\t<\/div>\n\t\t\t\t<div class=\"elementor-element elementor-element-112ef87 elementor-widget elementor-widget-video\" data-id=\"112ef87\" data-element_type=\"widget\" data-settings=\"{&quot;youtube_url&quot;:&quot;https:\\\/\\\/youtu.be\\\/NNOtv-XRFvY&quot;,&quot;video_type&quot;:&quot;youtube&quot;,&quot;controls&quot;:&quot;yes&quot;}\" data-widget_type=\"video.default\">\n\t\t\t\t<div class=\"elementor-widget-container\">\n\t\t\t\t\t<div class=\"elementor-wrapper elementor-open-inline\">\n\t\t\t<div class=\"elementor-video\"><\/div>\t\t<\/div>\n\t\t\t\t<\/div>\n\t\t\t\t<\/div>\n\t\t\t\t<div class=\"elementor-element elementor-element-c344574 elementor-widget elementor-widget-spacer\" data-id=\"c344574\" data-element_type=\"widget\" data-widget_type=\"spacer.default\">\n\t\t\t\t<div class=\"elementor-widget-container\">\n\t\t\t\t\t<div class=\"elementor-spacer\">\n\t\t\t<div class=\"elementor-spacer-inner\"><\/div>\n\t\t<\/div>\n\t\t\t\t<\/div>\n\t\t\t\t<\/div>\n\t\t\t\t<div class=\"elementor-element elementor-element-240c5e3 elementor-widget elementor-widget-heading\" data-id=\"240c5e3\" data-element_type=\"widget\" data-widget_type=\"heading.default\">\n\t\t\t\t<div class=\"elementor-widget-container\">\n\t\t\t<h5 class=\"elementor-heading-title elementor-size-default\">Quadra Transit\u00e1vel - Registro 360\u00b0 (2023)<\/h5>\t\t<\/div>\n\t\t\t\t<\/div>\n\t\t\t\t<div class=\"elementor-element elementor-element-9153abf elementor-widget elementor-widget-text-editor\" data-id=\"9153abf\" data-element_type=\"widget\" data-widget_type=\"text-editor.default\">\n\t\t\t\t<div class=\"elementor-widget-container\">\n\t\t\t\t\t\t\t<p style=\"text-align: justify\">Registro 360\u00b0 da Quadra Transit\u00e1vel, pensada para a livre frui\u00e7\u00e3o em \u00f3culos de realidade virtual atrav\u00e9s do <strong><a href=\"https:\/\/www.spatial.io\/s\/Quadra-Transitavel-662930594b99c742ea81bcb6?share=8100706609324525977\">Spatial<\/a><\/strong>.<\/p>\t\t\t\t\t\t<\/div>\n\t\t\t\t<\/div>\n\t\t\t\t<div class=\"elementor-element elementor-element-b21c94f elementor-widget elementor-widget-video\" data-id=\"b21c94f\" data-element_type=\"widget\" data-settings=\"{&quot;youtube_url&quot;:&quot;https:\\\/\\\/youtu.be\\\/m1CbpVsE2Is&quot;,&quot;video_type&quot;:&quot;youtube&quot;,&quot;controls&quot;:&quot;yes&quot;}\" data-widget_type=\"video.default\">\n\t\t\t\t<div class=\"elementor-widget-container\">\n\t\t\t\t\t<div class=\"elementor-wrapper elementor-open-inline\">\n\t\t\t<div class=\"elementor-video\"><\/div>\t\t<\/div>\n\t\t\t\t<\/div>\n\t\t\t\t<\/div>\n\t\t\t\t<div class=\"elementor-element elementor-element-444115a elementor-widget elementor-widget-spacer\" data-id=\"444115a\" data-element_type=\"widget\" data-widget_type=\"spacer.default\">\n\t\t\t\t<div class=\"elementor-widget-container\">\n\t\t\t\t\t<div class=\"elementor-spacer\">\n\t\t\t<div class=\"elementor-spacer-inner\"><\/div>\n\t\t<\/div>\n\t\t\t\t<\/div>\n\t\t\t\t<\/div>\n\t\t\t\t<div class=\"elementor-element elementor-element-3bbb1f1 elementor-widget elementor-widget-heading\" data-id=\"3bbb1f1\" data-element_type=\"widget\" data-widget_type=\"heading.default\">\n\t\t\t\t<div class=\"elementor-widget-container\">\n\t\t\t<h5 class=\"elementor-heading-title elementor-size-default\">Re-Naturalize: EcoPo\u00e9tica Ga\u00facha - Imersiva em 360\u00b0 (2024)<\/h5>\t\t<\/div>\n\t\t\t\t<\/div>\n\t\t\t\t<div class=\"elementor-element elementor-element-7111af0 elementor-widget elementor-widget-text-editor\" data-id=\"7111af0\" data-element_type=\"widget\" data-widget_type=\"text-editor.default\">\n\t\t\t\t<div class=\"elementor-widget-container\">\n\t\t\t\t\t\t\t<p style=\"text-align: justify\">Simula\u00e7\u00e3o em 360\u00b0 do planet\u00e1rio da UFSM, onde \u00e9 apresentado a anima\u00e7\u00e3o para <em>Fulldome,<\/em> feita a partir dos projetos de murais, &#8220;Re-Naturalize: EcoPo\u00e9tica Ga\u00facha&#8221;. Com apoio do programa &#8220;UFSM Solid\u00e1ria e Cidad\u00e3&#8221;, a atividade de extens\u00e3o desenvolvida ap\u00f3s as enchentes de Abril de 2024, teve como objetivo promover uma vis\u00e3o ecol\u00f3gica atrav\u00e9s de um olhar po\u00e9tico que valorizasse a natureza dos ecossistemas regionais. Tamb\u00e9m foram desenvolvidos adesivos e um perfil no <strong><a href=\"https:\/\/www.instagram.com\/renaturalize_ecopoeticagaucha?igsh=MzRlODBiNWFlZA==\">Instagram<\/a> <\/strong>para divulga\u00e7\u00e3o de ONGs de resgate animal.<\/p>\t\t\t\t\t\t<\/div>\n\t\t\t\t<\/div>\n\t\t\t\t<div class=\"elementor-element elementor-element-d97dad5 elementor-widget elementor-widget-video\" data-id=\"d97dad5\" data-element_type=\"widget\" data-settings=\"{&quot;youtube_url&quot;:&quot;https:\\\/\\\/youtu.be\\\/bQ-7sAJuY2I&quot;,&quot;video_type&quot;:&quot;youtube&quot;,&quot;controls&quot;:&quot;yes&quot;}\" data-widget_type=\"video.default\">\n\t\t\t\t<div class=\"elementor-widget-container\">\n\t\t\t\t\t<div class=\"elementor-wrapper elementor-open-inline\">\n\t\t\t<div class=\"elementor-video\"><\/div>\t\t<\/div>\n\t\t\t\t<\/div>\n\t\t\t\t<\/div>\n\t\t\t\t<div class=\"elementor-element elementor-element-2631497 elementor-widget elementor-widget-spacer\" data-id=\"2631497\" data-element_type=\"widget\" data-widget_type=\"spacer.default\">\n\t\t\t\t<div class=\"elementor-widget-container\">\n\t\t\t\t\t<div class=\"elementor-spacer\">\n\t\t\t<div class=\"elementor-spacer-inner\"><\/div>\n\t\t<\/div>\n\t\t\t\t<\/div>\n\t\t\t\t<\/div>\n\t\t\t\t<div class=\"elementor-element elementor-element-16f2d9b elementor-widget elementor-widget-heading\" data-id=\"16f2d9b\" data-element_type=\"widget\" data-widget_type=\"heading.default\">\n\t\t\t\t<div class=\"elementor-widget-container\">\n\t\t\t<h5 class=\"elementor-heading-title elementor-size-default\">Experi\u00eancia Imersiva - Mural Visada (2024)<\/h5>\t\t<\/div>\n\t\t\t\t<\/div>\n\t\t\t\t<div class=\"elementor-element elementor-element-7ab0949 elementor-widget elementor-widget-text-editor\" data-id=\"7ab0949\" data-element_type=\"widget\" data-widget_type=\"text-editor.default\">\n\t\t\t\t<div class=\"elementor-widget-container\">\n\t\t\t\t\t\t\t<p style=\"text-align: justify\">Experi\u00eancia imersiva do mural &#8220;Visada&#8221; (Hall do 9\u00b0 andar da Reitoria-UFSM), feito com diversas imagens 360\u00b0 onde o ponto de observa\u00e7\u00e3o do mural se desloca no espa\u00e7o conforme o v\u00eddeo segue, para uma frui\u00e7\u00e3o virtual em diferentes pontos de vista da obra.<\/p>\t\t\t\t\t\t<\/div>\n\t\t\t\t<\/div>\n\t\t\t\t<div class=\"elementor-element elementor-element-b2bf3dd elementor-widget elementor-widget-video\" data-id=\"b2bf3dd\" data-element_type=\"widget\" data-settings=\"{&quot;youtube_url&quot;:&quot;https:\\\/\\\/youtu.be\\\/-O7nOoDJSi8&quot;,&quot;video_type&quot;:&quot;youtube&quot;,&quot;controls&quot;:&quot;yes&quot;}\" data-widget_type=\"video.default\">\n\t\t\t\t<div class=\"elementor-widget-container\">\n\t\t\t\t\t<div class=\"elementor-wrapper elementor-open-inline\">\n\t\t\t<div class=\"elementor-video\"><\/div>\t\t<\/div>\n\t\t\t\t<\/div>\n\t\t\t\t<\/div>\n\t\t\t\t<div class=\"elementor-element elementor-element-50cbafd elementor-widget elementor-widget-spacer\" data-id=\"50cbafd\" data-element_type=\"widget\" data-widget_type=\"spacer.default\">\n\t\t\t\t<div class=\"elementor-widget-container\">\n\t\t\t\t\t<div class=\"elementor-spacer\">\n\t\t\t<div class=\"elementor-spacer-inner\"><\/div>\n\t\t<\/div>\n\t\t\t\t<\/div>\n\t\t\t\t<\/div>\n\t\t\t\t<div class=\"elementor-element elementor-element-ac4109c elementor-widget elementor-widget-heading\" data-id=\"ac4109c\" data-element_type=\"widget\" data-widget_type=\"heading.default\">\n\t\t\t\t<div class=\"elementor-widget-container\">\n\t\t\t<h5 class=\"elementor-heading-title elementor-size-default\">Pampa em Vertigem (2025)<\/h5>\t\t<\/div>\n\t\t\t\t<\/div>\n\t\t\t\t<div class=\"elementor-element elementor-element-a0b51d2 elementor-widget elementor-widget-text-editor\" data-id=\"a0b51d2\" data-element_type=\"widget\" data-widget_type=\"text-editor.default\">\n\t\t\t\t<div class=\"elementor-widget-container\">\n\t\t\t\t\t\t\t<p style=\"text-align: justify\">A tem\u00e1tica da obra aborda a degrada\u00e7\u00e3o do bioma pampa pela a\u00e7\u00e3o humana, na qual os quero-queros veem o seu territ\u00f3rio perdendo espa\u00e7o para pr\u00e9dios que crescem de forma vertiginosa. H\u00e1 a presen\u00e7a do urubu, animal carniceiro, que muda suas pr\u00e1ticas para sobreviver em novas condi\u00e7\u00f5es. Ao circular pelo entorno de ninhos, \u00e9 repelido pelo quero-quero, numa representa\u00e7\u00e3o art\u00edstica de uma cena corriqueira em locais habitados por ambas as aves. A\u00a0obra utiliza elementos visuais urbanos como pr\u00e9dios que multiplicam-se de forma desordenada e crescem vertiginosamente. O ch\u00e3o de grama verde transforma-se em um cen\u00e1rio verticalizado de concreto e a atmosfera deixa de ser limpa e azul para se tornar alaranjada e densa, formando um panorama insalubre.<\/p>\t\t\t\t\t\t<\/div>\n\t\t\t\t<\/div>\n\t\t\t\t<div class=\"elementor-element elementor-element-a519095 elementor-widget elementor-widget-video\" data-id=\"a519095\" data-element_type=\"widget\" data-settings=\"{&quot;youtube_url&quot;:&quot;https:\\\/\\\/youtu.be\\\/tQtPmJd5rm4?si=k5fUZDjem7KLcUQs&quot;,&quot;video_type&quot;:&quot;youtube&quot;,&quot;controls&quot;:&quot;yes&quot;}\" data-widget_type=\"video.default\">\n\t\t\t\t<div class=\"elementor-widget-container\">\n\t\t\t\t\t<div class=\"elementor-wrapper elementor-open-inline\">\n\t\t\t<div class=\"elementor-video\"><\/div>\t\t<\/div>\n\t\t\t\t<\/div>\n\t\t\t\t<\/div>\n\t\t\t\t\t<\/div>\n\t\t<\/div>\n\t\t\t\t\t<\/div>\n\t\t<\/section>\n\t\t\t\t<\/div>\n\t\t","protected":false},"excerpt":{"rendered":"<p>O presente projeto consiste em investigar os cruzamentos entre o muralismo, realidade virtual e outras tecnologias, elaborando ambientes imersivos atrav\u00e9s de modelagem 3D e imagens 360\u00b0, produ\u00e7\u00f5es audiovisuais tanto em videomapping, quanto audiovisuais para planet\u00e1rios e tamb\u00e9m trabalhos pl\u00e1sticos de pintura mural. Entende-se que o campo da Ci\u00eancia e Tecnologia pode contribuir de maneira significativa [&hellip;]<\/p>\n","protected":false},"author":7654,"featured_media":0,"parent":32,"menu_order":0,"comment_status":"closed","ping_status":"closed","template":"","meta":{"footnotes":""},"categories":[17],"tags":[],"class_list":["post-1596","page","type-page","status-publish","hentry","category-projetos"],"acf":[],"_links":{"self":[{"href":"https:\/\/www.ufsm.br\/laboratorios\/labinter\/wp-json\/wp\/v2\/pages\/1596","targetHints":{"allow":["GET"]}}],"collection":[{"href":"https:\/\/www.ufsm.br\/laboratorios\/labinter\/wp-json\/wp\/v2\/pages"}],"about":[{"href":"https:\/\/www.ufsm.br\/laboratorios\/labinter\/wp-json\/wp\/v2\/types\/page"}],"author":[{"embeddable":true,"href":"https:\/\/www.ufsm.br\/laboratorios\/labinter\/wp-json\/wp\/v2\/users\/7654"}],"replies":[{"embeddable":true,"href":"https:\/\/www.ufsm.br\/laboratorios\/labinter\/wp-json\/wp\/v2\/comments?post=1596"}],"version-history":[{"count":0,"href":"https:\/\/www.ufsm.br\/laboratorios\/labinter\/wp-json\/wp\/v2\/pages\/1596\/revisions"}],"up":[{"embeddable":true,"href":"https:\/\/www.ufsm.br\/laboratorios\/labinter\/wp-json\/wp\/v2\/pages\/32"}],"wp:attachment":[{"href":"https:\/\/www.ufsm.br\/laboratorios\/labinter\/wp-json\/wp\/v2\/media?parent=1596"}],"wp:term":[{"taxonomy":"category","embeddable":true,"href":"https:\/\/www.ufsm.br\/laboratorios\/labinter\/wp-json\/wp\/v2\/categories?post=1596"},{"taxonomy":"post_tag","embeddable":true,"href":"https:\/\/www.ufsm.br\/laboratorios\/labinter\/wp-json\/wp\/v2\/tags?post=1596"}],"curies":[{"name":"wp","href":"https:\/\/api.w.org\/{rel}","templated":true}]}}