{"id":1633,"date":"2025-04-02T12:06:05","date_gmt":"2025-04-02T15:06:05","guid":{"rendered":"https:\/\/www.ufsm.br\/laboratorios\/labinter\/?page_id=1633"},"modified":"2025-08-04T15:28:52","modified_gmt":"2025-08-04T18:28:52","slug":"ecorganicos","status":"publish","type":"page","link":"https:\/\/www.ufsm.br\/laboratorios\/labinter\/projetos\/ecorganicos","title":{"rendered":"Ecorg\u00e2nicos"},"content":{"rendered":"\t\t<div data-elementor-type=\"wp-page\" data-elementor-id=\"1633\" class=\"elementor elementor-1633\">\n\t\t\t\t\t\t<section class=\"elementor-section elementor-top-section elementor-element elementor-element-3ebeb94 elementor-section-boxed elementor-section-height-default elementor-section-height-default\" data-id=\"3ebeb94\" data-element_type=\"section\">\n\t\t\t\t\t\t<div class=\"elementor-container elementor-column-gap-default\">\n\t\t\t\t\t<div class=\"elementor-column elementor-col-100 elementor-top-column elementor-element elementor-element-d01322a\" data-id=\"d01322a\" data-element_type=\"column\">\n\t\t\t<div class=\"elementor-widget-wrap elementor-element-populated\">\n\t\t\t\t\t\t<div class=\"elementor-element elementor-element-f65a7c2 elementor-widget elementor-widget-text-editor\" data-id=\"f65a7c2\" data-element_type=\"widget\" data-widget_type=\"text-editor.default\">\n\t\t\t\t<div class=\"elementor-widget-container\">\n\t\t\t\t\t\t\t<p><span style=\"font-weight: 400\">Ecorg\u00e2nicos \u00e9 uma instala\u00e7\u00e3o interativa que combina a renderiza\u00e7\u00e3o de objetos 3D bioinspirados com um sistema din\u00e2mico de part\u00edculas. A obra coleta e processa dados em tempo real, tanto locais \u2014 como som, imagem e movimento \u2014 quanto remotos, recebidos de algum servidor. Esses dados funcionam como \u201cest\u00edmulos\u201d, influenciando a reatividade da instala\u00e7\u00e3o e gerando movimentos fluidos, varia\u00e7\u00f5es de cor e som \u00fanicas em resposta \u00e0 intera\u00e7\u00e3o do p\u00fablico.<\/span><\/p><p><span style=\"font-weight: 400\">A proposta da instala\u00e7\u00e3o \u00e9 explorar a rela\u00e7\u00e3o entre natureza, tecnologia e o ser humano, criando um ambiente onde cada intera\u00e7\u00e3o transforma a obra de forma org\u00e2nica. Ecorg\u00e2nicos convida os espectadores a se tornarem parte do ecossistema digital, estimulando uma experi\u00eancia sensorial que mescla arte e tecnologia.<\/span><\/p><p>O trabalho foi apresentado remotamente do Acervo Art\u00edstico da UFSM para o evento Hiperorg\u00e2nicos 11: Flutua\u00e7\u00f5es, realizado pelo NANO &#8211; N\u00facleo de Arte e Novos Organismos (EBA-UFRJ), em Novembro de 2024.<\/p>\t\t\t\t\t\t<\/div>\n\t\t\t\t<\/div>\n\t\t\t\t\t<\/div>\n\t\t<\/div>\n\t\t\t\t\t<\/div>\n\t\t<\/section>\n\t\t\t\t<section class=\"elementor-section elementor-top-section elementor-element elementor-element-85fd5b0 elementor-section-boxed elementor-section-height-default elementor-section-height-default\" data-id=\"85fd5b0\" data-element_type=\"section\">\n\t\t\t\t\t\t<div class=\"elementor-container elementor-column-gap-default\">\n\t\t\t\t\t<div class=\"elementor-column elementor-col-33 elementor-top-column elementor-element elementor-element-0cf456e\" data-id=\"0cf456e\" data-element_type=\"column\">\n\t\t\t<div class=\"elementor-widget-wrap elementor-element-populated\">\n\t\t\t\t\t\t<div class=\"elementor-element elementor-element-e706d27 elementor-widget elementor-widget-image\" data-id=\"e706d27\" data-element_type=\"widget\" data-widget_type=\"image.default\">\n\t\t\t\t<div class=\"elementor-widget-container\">\n\t\t\t\t\t\t\t\t\t\t\t\t\t<img fetchpriority=\"high\" decoding=\"async\" width=\"1024\" height=\"576\" src=\"https:\/\/www.ufsm.br\/app\/uploads\/sites\/814\/2025\/04\/Ecorganicos-01-1024x576.jpg\" class=\"attachment-large size-large wp-image-1634\" alt=\"\" srcset=\"https:\/\/www.ufsm.br\/app\/uploads\/sites\/814\/2025\/04\/Ecorganicos-01-1024x576.jpg 1024w, https:\/\/www.ufsm.br\/app\/uploads\/sites\/814\/2025\/04\/Ecorganicos-01-300x169.jpg 300w, https:\/\/www.ufsm.br\/app\/uploads\/sites\/814\/2025\/04\/Ecorganicos-01-768x432.jpg 768w, https:\/\/www.ufsm.br\/app\/uploads\/sites\/814\/2025\/04\/Ecorganicos-01-1536x864.jpg 1536w, https:\/\/www.ufsm.br\/app\/uploads\/sites\/814\/2025\/04\/Ecorganicos-01.jpg 1920w\" sizes=\"(max-width: 1024px) 100vw, 1024px\" \/>\t\t\t\t\t\t\t\t\t\t\t\t\t<\/div>\n\t\t\t\t<\/div>\n\t\t\t\t\t<\/div>\n\t\t<\/div>\n\t\t\t\t<div class=\"elementor-column elementor-col-33 elementor-top-column elementor-element elementor-element-af501e4\" data-id=\"af501e4\" data-element_type=\"column\">\n\t\t\t<div class=\"elementor-widget-wrap elementor-element-populated\">\n\t\t\t\t\t\t<div class=\"elementor-element elementor-element-475bfbc elementor-widget elementor-widget-image\" data-id=\"475bfbc\" data-element_type=\"widget\" data-widget_type=\"image.default\">\n\t\t\t\t<div class=\"elementor-widget-container\">\n\t\t\t\t\t\t\t\t\t\t\t\t\t<img decoding=\"async\" width=\"1024\" height=\"576\" src=\"https:\/\/www.ufsm.br\/app\/uploads\/sites\/814\/2025\/04\/Ecorganicos-02-1024x576.jpg\" class=\"attachment-large size-large wp-image-1635\" alt=\"\" srcset=\"https:\/\/www.ufsm.br\/app\/uploads\/sites\/814\/2025\/04\/Ecorganicos-02-1024x576.jpg 1024w, https:\/\/www.ufsm.br\/app\/uploads\/sites\/814\/2025\/04\/Ecorganicos-02-300x169.jpg 300w, https:\/\/www.ufsm.br\/app\/uploads\/sites\/814\/2025\/04\/Ecorganicos-02-768x432.jpg 768w, https:\/\/www.ufsm.br\/app\/uploads\/sites\/814\/2025\/04\/Ecorganicos-02-1536x864.jpg 1536w, https:\/\/www.ufsm.br\/app\/uploads\/sites\/814\/2025\/04\/Ecorganicos-02.jpg 1920w\" sizes=\"(max-width: 1024px) 100vw, 1024px\" \/>\t\t\t\t\t\t\t\t\t\t\t\t\t<\/div>\n\t\t\t\t<\/div>\n\t\t\t\t\t<\/div>\n\t\t<\/div>\n\t\t\t\t<div class=\"elementor-column elementor-col-33 elementor-top-column elementor-element elementor-element-bc74103\" data-id=\"bc74103\" data-element_type=\"column\">\n\t\t\t<div class=\"elementor-widget-wrap elementor-element-populated\">\n\t\t\t\t\t\t<div class=\"elementor-element elementor-element-1463250 elementor-widget elementor-widget-image\" data-id=\"1463250\" data-element_type=\"widget\" data-widget_type=\"image.default\">\n\t\t\t\t<div class=\"elementor-widget-container\">\n\t\t\t\t\t\t\t\t\t\t\t\t\t<img decoding=\"async\" width=\"1024\" height=\"576\" src=\"https:\/\/www.ufsm.br\/app\/uploads\/sites\/814\/2025\/04\/Ecorganicos-03-1024x576.jpg\" class=\"attachment-large size-large wp-image-1636\" alt=\"\" srcset=\"https:\/\/www.ufsm.br\/app\/uploads\/sites\/814\/2025\/04\/Ecorganicos-03-1024x576.jpg 1024w, https:\/\/www.ufsm.br\/app\/uploads\/sites\/814\/2025\/04\/Ecorganicos-03-300x169.jpg 300w, https:\/\/www.ufsm.br\/app\/uploads\/sites\/814\/2025\/04\/Ecorganicos-03-768x432.jpg 768w, https:\/\/www.ufsm.br\/app\/uploads\/sites\/814\/2025\/04\/Ecorganicos-03-1536x864.jpg 1536w, https:\/\/www.ufsm.br\/app\/uploads\/sites\/814\/2025\/04\/Ecorganicos-03.jpg 1920w\" sizes=\"(max-width: 1024px) 100vw, 1024px\" \/>\t\t\t\t\t\t\t\t\t\t\t\t\t<\/div>\n\t\t\t\t<\/div>\n\t\t\t\t\t<\/div>\n\t\t<\/div>\n\t\t\t\t\t<\/div>\n\t\t<\/section>\n\t\t\t\t<section class=\"elementor-section elementor-top-section elementor-element elementor-element-df08c8d elementor-section-boxed elementor-section-height-default elementor-section-height-default\" data-id=\"df08c8d\" data-element_type=\"section\">\n\t\t\t\t\t\t<div class=\"elementor-container elementor-column-gap-default\">\n\t\t\t\t\t<div class=\"elementor-column elementor-col-100 elementor-top-column elementor-element elementor-element-1ab46fa\" data-id=\"1ab46fa\" data-element_type=\"column\">\n\t\t\t<div class=\"elementor-widget-wrap elementor-element-populated\">\n\t\t\t\t\t\t<div class=\"elementor-element elementor-element-e1e92fc elementor-widget elementor-widget-image\" data-id=\"e1e92fc\" data-element_type=\"widget\" data-widget_type=\"image.default\">\n\t\t\t\t<div class=\"elementor-widget-container\">\n\t\t\t\t\t\t\t\t\t\t\t\t\t<img loading=\"lazy\" decoding=\"async\" width=\"1440\" height=\"618\" src=\"https:\/\/www.ufsm.br\/app\/uploads\/sites\/814\/2025\/04\/Ecorganicos-08.jpg\" class=\"attachment-full size-full wp-image-1641\" alt=\"\" srcset=\"https:\/\/www.ufsm.br\/app\/uploads\/sites\/814\/2025\/04\/Ecorganicos-08.jpg 1440w, https:\/\/www.ufsm.br\/app\/uploads\/sites\/814\/2025\/04\/Ecorganicos-08-300x129.jpg 300w, https:\/\/www.ufsm.br\/app\/uploads\/sites\/814\/2025\/04\/Ecorganicos-08-1024x439.jpg 1024w, https:\/\/www.ufsm.br\/app\/uploads\/sites\/814\/2025\/04\/Ecorganicos-08-768x330.jpg 768w\" sizes=\"(max-width: 1440px) 100vw, 1440px\" \/>\t\t\t\t\t\t\t\t\t\t\t\t\t<\/div>\n\t\t\t\t<\/div>\n\t\t\t\t\t<\/div>\n\t\t<\/div>\n\t\t\t\t\t<\/div>\n\t\t<\/section>\n\t\t\t\t<section class=\"elementor-section elementor-top-section elementor-element elementor-element-8e7f829 elementor-section-boxed elementor-section-height-default elementor-section-height-default\" data-id=\"8e7f829\" data-element_type=\"section\">\n\t\t\t\t\t\t<div class=\"elementor-container elementor-column-gap-default\">\n\t\t\t\t\t<div class=\"elementor-column elementor-col-33 elementor-top-column elementor-element elementor-element-1d86f80\" data-id=\"1d86f80\" data-element_type=\"column\">\n\t\t\t<div class=\"elementor-widget-wrap elementor-element-populated\">\n\t\t\t\t\t\t<div class=\"elementor-element elementor-element-0cb1330 elementor-widget elementor-widget-image\" data-id=\"0cb1330\" data-element_type=\"widget\" data-widget_type=\"image.default\">\n\t\t\t\t<div class=\"elementor-widget-container\">\n\t\t\t\t\t\t\t\t\t\t\t\t\t<img loading=\"lazy\" decoding=\"async\" width=\"819\" height=\"1024\" src=\"https:\/\/www.ufsm.br\/app\/uploads\/sites\/814\/2025\/04\/Ecorganicos-10-819x1024.jpg\" class=\"attachment-large size-large wp-image-1643\" alt=\"\" srcset=\"https:\/\/www.ufsm.br\/app\/uploads\/sites\/814\/2025\/04\/Ecorganicos-10-819x1024.jpg 819w, https:\/\/www.ufsm.br\/app\/uploads\/sites\/814\/2025\/04\/Ecorganicos-10-240x300.jpg 240w, https:\/\/www.ufsm.br\/app\/uploads\/sites\/814\/2025\/04\/Ecorganicos-10-768x960.jpg 768w, https:\/\/www.ufsm.br\/app\/uploads\/sites\/814\/2025\/04\/Ecorganicos-10.jpg 1024w\" sizes=\"(max-width: 819px) 100vw, 819px\" \/>\t\t\t\t\t\t\t\t\t\t\t\t\t<\/div>\n\t\t\t\t<\/div>\n\t\t\t\t\t<\/div>\n\t\t<\/div>\n\t\t\t\t<div class=\"elementor-column elementor-col-33 elementor-top-column elementor-element elementor-element-32a4e29\" data-id=\"32a4e29\" data-element_type=\"column\">\n\t\t\t<div class=\"elementor-widget-wrap elementor-element-populated\">\n\t\t\t\t\t\t<div class=\"elementor-element elementor-element-d273026 elementor-widget elementor-widget-image\" data-id=\"d273026\" data-element_type=\"widget\" data-widget_type=\"image.default\">\n\t\t\t\t<div class=\"elementor-widget-container\">\n\t\t\t\t\t\t\t\t\t\t\t\t\t<img loading=\"lazy\" decoding=\"async\" width=\"819\" height=\"1024\" src=\"https:\/\/www.ufsm.br\/app\/uploads\/sites\/814\/2025\/04\/Ecorganicos-09-819x1024.jpg\" class=\"attachment-large size-large wp-image-1642\" alt=\"\" srcset=\"https:\/\/www.ufsm.br\/app\/uploads\/sites\/814\/2025\/04\/Ecorganicos-09-819x1024.jpg 819w, https:\/\/www.ufsm.br\/app\/uploads\/sites\/814\/2025\/04\/Ecorganicos-09-240x300.jpg 240w, https:\/\/www.ufsm.br\/app\/uploads\/sites\/814\/2025\/04\/Ecorganicos-09-768x960.jpg 768w, https:\/\/www.ufsm.br\/app\/uploads\/sites\/814\/2025\/04\/Ecorganicos-09.jpg 1024w\" sizes=\"(max-width: 819px) 100vw, 819px\" \/>\t\t\t\t\t\t\t\t\t\t\t\t\t<\/div>\n\t\t\t\t<\/div>\n\t\t\t\t\t<\/div>\n\t\t<\/div>\n\t\t\t\t<div class=\"elementor-column elementor-col-33 elementor-top-column elementor-element elementor-element-4ded0dd\" data-id=\"4ded0dd\" data-element_type=\"column\">\n\t\t\t<div class=\"elementor-widget-wrap elementor-element-populated\">\n\t\t\t\t\t\t<div class=\"elementor-element elementor-element-8e0e0ac elementor-widget elementor-widget-image\" data-id=\"8e0e0ac\" data-element_type=\"widget\" data-widget_type=\"image.default\">\n\t\t\t\t<div class=\"elementor-widget-container\">\n\t\t\t\t\t\t\t\t\t\t\t\t\t<img loading=\"lazy\" decoding=\"async\" width=\"819\" height=\"1024\" src=\"https:\/\/www.ufsm.br\/app\/uploads\/sites\/814\/2025\/04\/Ecorganicos-11-819x1024.jpg\" class=\"attachment-large size-large wp-image-1644\" alt=\"\" srcset=\"https:\/\/www.ufsm.br\/app\/uploads\/sites\/814\/2025\/04\/Ecorganicos-11-819x1024.jpg 819w, https:\/\/www.ufsm.br\/app\/uploads\/sites\/814\/2025\/04\/Ecorganicos-11-240x300.jpg 240w, https:\/\/www.ufsm.br\/app\/uploads\/sites\/814\/2025\/04\/Ecorganicos-11-768x960.jpg 768w, https:\/\/www.ufsm.br\/app\/uploads\/sites\/814\/2025\/04\/Ecorganicos-11.jpg 1024w\" sizes=\"(max-width: 819px) 100vw, 819px\" \/>\t\t\t\t\t\t\t\t\t\t\t\t\t<\/div>\n\t\t\t\t<\/div>\n\t\t\t\t\t<\/div>\n\t\t<\/div>\n\t\t\t\t\t<\/div>\n\t\t<\/section>\n\t\t\t\t<section class=\"elementor-section elementor-top-section elementor-element elementor-element-7f017ec elementor-section-boxed elementor-section-height-default elementor-section-height-default\" data-id=\"7f017ec\" data-element_type=\"section\">\n\t\t\t\t\t\t<div class=\"elementor-container elementor-column-gap-default\">\n\t\t\t\t\t<div class=\"elementor-column elementor-col-100 elementor-top-column elementor-element elementor-element-b0d89a3\" data-id=\"b0d89a3\" data-element_type=\"column\">\n\t\t\t<div class=\"elementor-widget-wrap elementor-element-populated\">\n\t\t\t\t\t\t<div class=\"elementor-element elementor-element-433630c elementor-widget elementor-widget-image\" data-id=\"433630c\" data-element_type=\"widget\" data-widget_type=\"image.default\">\n\t\t\t\t<div class=\"elementor-widget-container\">\n\t\t\t\t\t\t\t\t\t\t\t\t\t<img loading=\"lazy\" decoding=\"async\" width=\"1440\" height=\"618\" src=\"https:\/\/www.ufsm.br\/app\/uploads\/sites\/814\/2025\/04\/Ecorganicos-07.jpg\" class=\"attachment-full size-full wp-image-1640\" alt=\"\" srcset=\"https:\/\/www.ufsm.br\/app\/uploads\/sites\/814\/2025\/04\/Ecorganicos-07.jpg 1440w, https:\/\/www.ufsm.br\/app\/uploads\/sites\/814\/2025\/04\/Ecorganicos-07-300x129.jpg 300w, https:\/\/www.ufsm.br\/app\/uploads\/sites\/814\/2025\/04\/Ecorganicos-07-1024x439.jpg 1024w, https:\/\/www.ufsm.br\/app\/uploads\/sites\/814\/2025\/04\/Ecorganicos-07-768x330.jpg 768w\" sizes=\"(max-width: 1440px) 100vw, 1440px\" \/>\t\t\t\t\t\t\t\t\t\t\t\t\t<\/div>\n\t\t\t\t<\/div>\n\t\t\t\t\t<\/div>\n\t\t<\/div>\n\t\t\t\t\t<\/div>\n\t\t<\/section>\n\t\t\t\t<section class=\"elementor-section elementor-top-section elementor-element elementor-element-c342334 elementor-section-boxed elementor-section-height-default elementor-section-height-default\" data-id=\"c342334\" data-element_type=\"section\">\n\t\t\t\t\t\t<div class=\"elementor-container elementor-column-gap-default\">\n\t\t\t\t\t<div class=\"elementor-column elementor-col-33 elementor-top-column elementor-element elementor-element-0b28be4\" data-id=\"0b28be4\" data-element_type=\"column\">\n\t\t\t<div class=\"elementor-widget-wrap elementor-element-populated\">\n\t\t\t\t\t\t<div class=\"elementor-element elementor-element-8677b52 elementor-widget elementor-widget-image\" data-id=\"8677b52\" data-element_type=\"widget\" data-widget_type=\"image.default\">\n\t\t\t\t<div class=\"elementor-widget-container\">\n\t\t\t\t\t\t\t\t\t\t\t\t\t<img loading=\"lazy\" decoding=\"async\" width=\"1024\" height=\"576\" src=\"https:\/\/www.ufsm.br\/app\/uploads\/sites\/814\/2025\/04\/Ecorganicos-04-1024x576.jpg\" class=\"attachment-large size-large wp-image-1637\" alt=\"\" srcset=\"https:\/\/www.ufsm.br\/app\/uploads\/sites\/814\/2025\/04\/Ecorganicos-04-1024x576.jpg 1024w, https:\/\/www.ufsm.br\/app\/uploads\/sites\/814\/2025\/04\/Ecorganicos-04-300x169.jpg 300w, https:\/\/www.ufsm.br\/app\/uploads\/sites\/814\/2025\/04\/Ecorganicos-04-768x432.jpg 768w, https:\/\/www.ufsm.br\/app\/uploads\/sites\/814\/2025\/04\/Ecorganicos-04-1536x864.jpg 1536w, https:\/\/www.ufsm.br\/app\/uploads\/sites\/814\/2025\/04\/Ecorganicos-04.jpg 1920w\" sizes=\"(max-width: 1024px) 100vw, 1024px\" \/>\t\t\t\t\t\t\t\t\t\t\t\t\t<\/div>\n\t\t\t\t<\/div>\n\t\t\t\t\t<\/div>\n\t\t<\/div>\n\t\t\t\t<div class=\"elementor-column elementor-col-33 elementor-top-column elementor-element elementor-element-c18ab81\" data-id=\"c18ab81\" data-element_type=\"column\">\n\t\t\t<div class=\"elementor-widget-wrap elementor-element-populated\">\n\t\t\t\t\t\t<div class=\"elementor-element elementor-element-a011f1f elementor-widget elementor-widget-image\" data-id=\"a011f1f\" data-element_type=\"widget\" data-widget_type=\"image.default\">\n\t\t\t\t<div class=\"elementor-widget-container\">\n\t\t\t\t\t\t\t\t\t\t\t\t\t<img loading=\"lazy\" decoding=\"async\" width=\"1024\" height=\"576\" src=\"https:\/\/www.ufsm.br\/app\/uploads\/sites\/814\/2025\/04\/Ecorganicos-05-1024x576.jpg\" class=\"attachment-large size-large wp-image-1638\" alt=\"\" srcset=\"https:\/\/www.ufsm.br\/app\/uploads\/sites\/814\/2025\/04\/Ecorganicos-05-1024x576.jpg 1024w, https:\/\/www.ufsm.br\/app\/uploads\/sites\/814\/2025\/04\/Ecorganicos-05-300x169.jpg 300w, https:\/\/www.ufsm.br\/app\/uploads\/sites\/814\/2025\/04\/Ecorganicos-05-768x432.jpg 768w, https:\/\/www.ufsm.br\/app\/uploads\/sites\/814\/2025\/04\/Ecorganicos-05-1536x864.jpg 1536w, https:\/\/www.ufsm.br\/app\/uploads\/sites\/814\/2025\/04\/Ecorganicos-05.jpg 1920w\" sizes=\"(max-width: 1024px) 100vw, 1024px\" \/>\t\t\t\t\t\t\t\t\t\t\t\t\t<\/div>\n\t\t\t\t<\/div>\n\t\t\t\t\t<\/div>\n\t\t<\/div>\n\t\t\t\t<div class=\"elementor-column elementor-col-33 elementor-top-column elementor-element elementor-element-5f958f2\" data-id=\"5f958f2\" data-element_type=\"column\">\n\t\t\t<div class=\"elementor-widget-wrap elementor-element-populated\">\n\t\t\t\t\t\t<div class=\"elementor-element elementor-element-83f5052 elementor-widget elementor-widget-image\" data-id=\"83f5052\" data-element_type=\"widget\" data-widget_type=\"image.default\">\n\t\t\t\t<div class=\"elementor-widget-container\">\n\t\t\t\t\t\t\t\t\t\t\t\t\t<img loading=\"lazy\" decoding=\"async\" width=\"1024\" height=\"576\" src=\"https:\/\/www.ufsm.br\/app\/uploads\/sites\/814\/2025\/04\/Ecorganicos-06-1024x576.jpg\" class=\"attachment-large size-large wp-image-1639\" alt=\"\" srcset=\"https:\/\/www.ufsm.br\/app\/uploads\/sites\/814\/2025\/04\/Ecorganicos-06-1024x576.jpg 1024w, https:\/\/www.ufsm.br\/app\/uploads\/sites\/814\/2025\/04\/Ecorganicos-06-300x169.jpg 300w, https:\/\/www.ufsm.br\/app\/uploads\/sites\/814\/2025\/04\/Ecorganicos-06-768x432.jpg 768w, https:\/\/www.ufsm.br\/app\/uploads\/sites\/814\/2025\/04\/Ecorganicos-06-1536x864.jpg 1536w, https:\/\/www.ufsm.br\/app\/uploads\/sites\/814\/2025\/04\/Ecorganicos-06.jpg 1920w\" sizes=\"(max-width: 1024px) 100vw, 1024px\" \/>\t\t\t\t\t\t\t\t\t\t\t\t\t<\/div>\n\t\t\t\t<\/div>\n\t\t\t\t\t<\/div>\n\t\t<\/div>\n\t\t\t\t\t<\/div>\n\t\t<\/section>\n\t\t\t\t<\/div>\n\t\t","protected":false},"excerpt":{"rendered":"<p>Ecorg\u00e2nicos \u00e9 uma instala\u00e7\u00e3o interativa que combina a renderiza\u00e7\u00e3o de objetos 3D bioinspirados com um sistema din\u00e2mico de part\u00edculas. A obra coleta e processa dados em tempo real, tanto locais \u2014 como som, imagem e movimento \u2014 quanto remotos, recebidos de algum servidor. Esses dados funcionam como \u201cest\u00edmulos\u201d, influenciando a reatividade da instala\u00e7\u00e3o e gerando [&hellip;]<\/p>\n","protected":false},"author":7654,"featured_media":0,"parent":32,"menu_order":0,"comment_status":"closed","ping_status":"closed","template":"","meta":{"footnotes":""},"categories":[17],"tags":[],"class_list":["post-1633","page","type-page","status-publish","hentry","category-projetos"],"acf":[],"_links":{"self":[{"href":"https:\/\/www.ufsm.br\/laboratorios\/labinter\/wp-json\/wp\/v2\/pages\/1633","targetHints":{"allow":["GET"]}}],"collection":[{"href":"https:\/\/www.ufsm.br\/laboratorios\/labinter\/wp-json\/wp\/v2\/pages"}],"about":[{"href":"https:\/\/www.ufsm.br\/laboratorios\/labinter\/wp-json\/wp\/v2\/types\/page"}],"author":[{"embeddable":true,"href":"https:\/\/www.ufsm.br\/laboratorios\/labinter\/wp-json\/wp\/v2\/users\/7654"}],"replies":[{"embeddable":true,"href":"https:\/\/www.ufsm.br\/laboratorios\/labinter\/wp-json\/wp\/v2\/comments?post=1633"}],"version-history":[{"count":0,"href":"https:\/\/www.ufsm.br\/laboratorios\/labinter\/wp-json\/wp\/v2\/pages\/1633\/revisions"}],"up":[{"embeddable":true,"href":"https:\/\/www.ufsm.br\/laboratorios\/labinter\/wp-json\/wp\/v2\/pages\/32"}],"wp:attachment":[{"href":"https:\/\/www.ufsm.br\/laboratorios\/labinter\/wp-json\/wp\/v2\/media?parent=1633"}],"wp:term":[{"taxonomy":"category","embeddable":true,"href":"https:\/\/www.ufsm.br\/laboratorios\/labinter\/wp-json\/wp\/v2\/categories?post=1633"},{"taxonomy":"post_tag","embeddable":true,"href":"https:\/\/www.ufsm.br\/laboratorios\/labinter\/wp-json\/wp\/v2\/tags?post=1633"}],"curies":[{"name":"wp","href":"https:\/\/api.w.org\/{rel}","templated":true}]}}