{"id":176,"date":"2020-05-29T09:44:51","date_gmt":"2020-05-29T12:44:51","guid":{"rendered":"https:\/\/www.ufsm.br\/laboratorios\/labinter\/?page_id=176"},"modified":"2024-01-25T11:20:27","modified_gmt":"2024-01-25T14:20:27","slug":"cosmografia","status":"publish","type":"page","link":"https:\/\/www.ufsm.br\/laboratorios\/labinter\/projetos\/cosmografia","title":{"rendered":"Cosmografias"},"content":{"rendered":"\t\t<div data-elementor-type=\"wp-page\" data-elementor-id=\"176\" class=\"elementor elementor-176\">\n\t\t\t\t\t\t<section class=\"elementor-section elementor-top-section elementor-element elementor-element-8ccac5b elementor-section-boxed elementor-section-height-default elementor-section-height-default\" data-id=\"8ccac5b\" data-element_type=\"section\">\n\t\t\t\t\t\t<div class=\"elementor-container elementor-column-gap-default\">\n\t\t\t\t\t<div class=\"elementor-column elementor-col-100 elementor-top-column elementor-element elementor-element-eef7029\" data-id=\"eef7029\" data-element_type=\"column\">\n\t\t\t<div class=\"elementor-widget-wrap elementor-element-populated\">\n\t\t\t\t\t\t<div class=\"elementor-element elementor-element-3c623ab elementor-widget elementor-widget-text-editor\" data-id=\"3c623ab\" data-element_type=\"widget\" data-widget_type=\"text-editor.default\">\n\t\t\t\t<div class=\"elementor-widget-container\">\n\t\t\t\t\t\t\t<p lang=\"pt-BR\" align=\"justify\">\u201c<span style=\"font-family: Times, serif\"><span style=\"font-size: small\"><span style=\"font-family: Calibri, serif\"><span style=\"font-size: medium\">Cosmografias\u201d \u00e9 uma proposta audiovisual imersiva para formato <\/span><\/span><span style=\"font-family: Calibri, serif\"><span style=\"font-size: medium\"><i>fulldome<\/i><\/span><\/span><span style=\"font-family: Calibri, serif\"><span style=\"font-size: medium\">. Prop\u00f5e a constru\u00e7\u00e3o de topologias abertas a partir de grafismos sonoros gerados no cosmos. Ao iniciarmos com imagens de topologias em movimento,\u00a0buscamos ativar certos imagin\u00e1rios que pertencem ao mundo celestial, ligando constela\u00e7\u00f5es a linhas que se intensificam em movimentos caleidosc\u00f3picos. Esta proposta audiovisual imersiva visa explorar possibilidades de produ\u00e7\u00e3o e cria\u00e7\u00e3o para formato\u00a0<\/span><\/span><span style=\"font-family: Calibri, serif\"><span style=\"font-size: medium\"><i>fulldome. <\/i><\/span><\/span><\/span><\/span><\/p><p lang=\"pt-BR\" align=\"justify\"><span style=\"font-family: Times, serif\"><span style=\"font-size: small\"><span style=\"font-family: Calibri, serif\"><span style=\"font-size: medium\">Utilizamos o <\/span><\/span><span style=\"font-family: Calibri, serif\"><span style=\"font-size: medium\"><i>software Adobe After Effects<\/i><\/span><\/span><span style=\"font-family: Calibri, serif\"><span style=\"font-size: medium\"> para constru\u00e7\u00e3o das anima\u00e7\u00f5es. O trabalho foi desenvolvido empregando t\u00e9cnicas de <\/span><\/span><span style=\"font-family: Calibri, serif\"><span style=\"font-size: medium\"><i>motions, glitch art<\/i><\/span><\/span><span style=\"font-family: Calibri, serif\"><span style=\"font-size: medium\"> e efeitos em tr\u00eas dimens\u00f5es com objetivo de uma maior imers\u00e3o audiovisual do espectador no ambiente. <\/span><\/span><\/span><\/span><\/p><p lang=\"pt-BR\" align=\"justify\"><span style=\"font-family: Times, serif\"><span style=\"font-size: small\"><span style=\"font-family: Calibri, serif\"><span style=\"font-size: medium\">Esta proposta foi desenvolvida pelo LabInter como parte do projeto <\/span><\/span><span style=\"font-family: Calibri, serif\"><span style=\"font-size: medium\"><i>Taller Fulldome UVM 2015\/2016 &#8211; Understanding Visual Music<\/i><\/span><\/span><span style=\"font-family: Calibri, serif\"><span style=\"font-size: medium\">, organizado pelo <\/span><\/span><span style=\"color: #222222\"><span style=\"font-family: Calibri, serif\"><span style=\"font-size: medium\"><i>Centro de <\/i><\/span><\/span><\/span><span style=\"color: #222222\"><span style=\"font-family: Calibri, serif\"><span style=\"font-size: medium\">Experimentaci\u00f3n e Investigaci\u00f3n en Artes Electr\u00f3nicas <\/span><\/span><\/span><span style=\"color: #222222\"><span style=\"font-family: Calibri, serif\"><span style=\"font-size: medium\">de la Universidad Nacional de Tres de Febrero<\/span><\/span><\/span><span style=\"color: #222222\"><span style=\"font-family: Calibri, serif\"><span style=\"font-size: medium\"> &#8211;<\/span><\/span><\/span><span style=\"font-family: Calibri, serif\"><span style=\"font-size: medium\"> CEIArtE\/UNTREF e Planeta\u0301rio Galileo Galilei da cidade de Buenos Aires. Participou dos eventos: EFEMERA 2016 \u2013 Santa Maria\/Brasil; <\/span><\/span><span style=\"color: #222222\"><span style=\"font-size: medium\">IMMERSPHERE Festival 2017 &#8211; Bras\u00edlia\/Brasil; e Balance \u2013 Unbalance \u2013 Plymouth\/UK<\/span><\/span><\/span><\/span><\/p><p lang=\"pt-BR\" align=\"justify\"><span style=\"font-family: Times, serif\"><span style=\"font-size: small\"><span style=\"color: #222222\"><span style=\"font-size: medium\">\u00a0<\/span><\/span><\/span><\/span><\/p>\t\t\t\t\t\t<\/div>\n\t\t\t\t<\/div>\n\t\t\t\t<div class=\"elementor-element elementor-element-7b87ea9 elementor-widget elementor-widget-text-editor\" data-id=\"7b87ea9\" data-element_type=\"widget\" data-widget_type=\"text-editor.default\">\n\t\t\t\t<div class=\"elementor-widget-container\">\n\t\t\t\t\t\t\t<p class=\"yiv7300606107MsoNormal\">\u201c<span lang=\"EN-GB\">Cosmografias<\/span>\u201d proposes the construction of open immersive topologies from sonic signals emerging from the cosmos. We start out by elaborating an intrinsically pictorial code with images of topologies in movement and synthesise it with sonic imagery of volume as space, as intensity and as experience. We seek to activate certain imagery that belongs to the celestial world, linking points of light with phantasmal lines to constellate intensities and displacements into a modulation of an affectual space-time.<span class=\"yiv7300606107gmail-Apple-converted-space\">\u00a0<\/span>Our immersive audiovisual propositions look to explore the possibilities of production and creation within the Fulldome format. We compose the works on superposed layers: the foundation layer undoes the form-background relationship with the Fulldome through a celestial field or firmament of infinite spatial depth within and through which the drama of transformation plays out. Immersed in this limitless volume, figures of light interact with each other as variations of colour and intensity to compose rotational movements which generate a moving geometry of processual meshings. We use Adobe AfterEffects software for the composition of the animations. These artistic proposals\/propositions for the Fulldome format were developed by<span class=\"yiv7300606107gmail-Apple-converted-space\">\u00a0<\/span>Interdisciplinary Interactive Laboratory of the Federal University of Santa Maria\/Brazil (LabInter\/UFSM).<\/p><p class=\"yiv7300606107MsoNormal\">Conceptually, \u201c<span lang=\"EN-GB\">Cosmografias<\/span>\u201d (Cosmographies) proposes the construction of open immersive topologies from sonic signals emerging from the cosmos. We start out by elaborating an intrinsically pictorial code with images of topologies in movement and synthesise it with sonic imagery of volume as space, as intensity and as experience. We seek to activate certain imagery that belongs to the celestial world, linking points of light with phantasmal lines to constellate intensities and displacements into a modulation of an affectual space-time.<\/p><p class=\"yiv7300606107MsoNormal\">Aesthetically, our immersive audiovisual propositions look to explore the possibilities of production and creation within the Fulldome format. We compose the works on superposed layers: the foundation layer undoes the form-background relationship with the Fulldome through a celestial field or firmament of infinite spatial depth within and through which the drama of transformation plays out. Immersed in this limitless volume, figures of light interact with each other as variations of colour and intensity to compose rotational movements which generate a moving geometry of processual meshings.<\/p><p class=\"yiv7300606107MsoNormal\">Technically, we use Adobe AfterEffects software for the composition of the animations. AfterEffects allows the development of high-resolution imagery within the software itself by composing animation and compositing with archival images, video footage or digital animation objects. The various works were developed using techniques and practices from classical and digital animation, glitch art and 3-D effect plug-ins with the intent of attaining a more intense immersive environmental effect in the spectator.<\/p><p class=\"yiv7300606107MsoNormal\">These artistic proposals\/propositions for the Fulldome format were developed by LabInter in 2015-16 as part\u00a0of the UVM\u2014Understanding Visual Music Fulldome Workshop sponsored by the CEIArtE\/UNTREF and the Galileo Galilei Planetarium in Buenos Aires coordinated by Prof. Dr. Ricardo Dal Farra.<\/p><div>\u00a0<\/div>\t\t\t\t\t\t<\/div>\n\t\t\t\t<\/div>\n\t\t\t\t<div class=\"elementor-element elementor-element-7b6455c elementor-widget elementor-widget-text-editor\" data-id=\"7b6455c\" data-element_type=\"widget\" data-widget_type=\"text-editor.default\">\n\t\t\t\t<div class=\"elementor-widget-container\">\n\t\t\t\t\t\t\t<h5 align=\"justify\"><a name=\"_GoBack\"><\/a><span lang=\"pt-BR\">Equipe LabInter: Andreia Oliveira, Alexandre Montibeller, Cristiano Figueir\u00f3<\/span><span style=\"color: #222222\"><span lang=\"pt-BR\">, <\/span><\/span><span lang=\"pt-BR\">Evaristo do Nascimento, Fabio de Almeida, Matheus Moreno, Muriel Paraboni<\/span><\/h5>\t\t\t\t\t\t<\/div>\n\t\t\t\t<\/div>\n\t\t\t\t\t<\/div>\n\t\t<\/div>\n\t\t\t\t\t<\/div>\n\t\t<\/section>\n\t\t\t\t<section class=\"elementor-section elementor-top-section elementor-element elementor-element-199f3a2 elementor-section-boxed elementor-section-height-default elementor-section-height-default\" data-id=\"199f3a2\" data-element_type=\"section\">\n\t\t\t\t\t\t<div class=\"elementor-container elementor-column-gap-default\">\n\t\t\t\t\t<div class=\"elementor-column elementor-col-100 elementor-top-column elementor-element elementor-element-8668a89\" data-id=\"8668a89\" data-element_type=\"column\">\n\t\t\t<div class=\"elementor-widget-wrap elementor-element-populated\">\n\t\t\t\t\t\t<div class=\"elementor-element elementor-element-a4f51e7 elementor-widget elementor-widget-video\" data-id=\"a4f51e7\" data-element_type=\"widget\" data-settings=\"{&quot;video_type&quot;:&quot;vimeo&quot;,&quot;start&quot;:&quot;0&quot;}\" data-widget_type=\"video.default\">\n\t\t\t\t<div class=\"elementor-widget-container\">\n\t\t\t\t\t<div class=\"elementor-wrapper elementor-open-inline\">\n\t\t\t<iframe class=\"elementor-video-iframe\" allowfullscreen allow=\"clipboard-write\" title=\"Player de V\u00eddeo vimeo\" src=\"https:\/\/player.vimeo.com\/video\/225106273?color&amp;autopause=0&amp;loop=0&amp;muted=0&amp;title=1&amp;portrait=1&amp;byline=1#t=\"><\/iframe>\t\t<\/div>\n\t\t\t\t<\/div>\n\t\t\t\t<\/div>\n\t\t\t\t\t<\/div>\n\t\t<\/div>\n\t\t\t\t\t<\/div>\n\t\t<\/section>\n\t\t\t\t<\/div>\n\t\t","protected":false},"excerpt":{"rendered":"<p>\u201cCosmografias\u201d \u00e9 uma proposta audiovisual imersiva para formato fulldome. Prop\u00f5e a constru\u00e7\u00e3o de topologias abertas a partir de grafismos sonoros gerados no cosmos. Ao iniciarmos com imagens de topologias em movimento,\u00a0buscamos ativar certos imagin\u00e1rios que pertencem ao mundo celestial, ligando constela\u00e7\u00f5es a linhas que se intensificam em movimentos caleidosc\u00f3picos. Esta proposta audiovisual imersiva visa explorar [&hellip;]<\/p>\n","protected":false},"author":2500,"featured_media":0,"parent":32,"menu_order":0,"comment_status":"closed","ping_status":"closed","template":"","meta":{"footnotes":""},"categories":[17],"tags":[],"class_list":["post-176","page","type-page","status-publish","hentry","category-projetos"],"acf":[],"_links":{"self":[{"href":"https:\/\/www.ufsm.br\/laboratorios\/labinter\/wp-json\/wp\/v2\/pages\/176","targetHints":{"allow":["GET"]}}],"collection":[{"href":"https:\/\/www.ufsm.br\/laboratorios\/labinter\/wp-json\/wp\/v2\/pages"}],"about":[{"href":"https:\/\/www.ufsm.br\/laboratorios\/labinter\/wp-json\/wp\/v2\/types\/page"}],"author":[{"embeddable":true,"href":"https:\/\/www.ufsm.br\/laboratorios\/labinter\/wp-json\/wp\/v2\/users\/2500"}],"replies":[{"embeddable":true,"href":"https:\/\/www.ufsm.br\/laboratorios\/labinter\/wp-json\/wp\/v2\/comments?post=176"}],"version-history":[{"count":0,"href":"https:\/\/www.ufsm.br\/laboratorios\/labinter\/wp-json\/wp\/v2\/pages\/176\/revisions"}],"up":[{"embeddable":true,"href":"https:\/\/www.ufsm.br\/laboratorios\/labinter\/wp-json\/wp\/v2\/pages\/32"}],"wp:attachment":[{"href":"https:\/\/www.ufsm.br\/laboratorios\/labinter\/wp-json\/wp\/v2\/media?parent=176"}],"wp:term":[{"taxonomy":"category","embeddable":true,"href":"https:\/\/www.ufsm.br\/laboratorios\/labinter\/wp-json\/wp\/v2\/categories?post=176"},{"taxonomy":"post_tag","embeddable":true,"href":"https:\/\/www.ufsm.br\/laboratorios\/labinter\/wp-json\/wp\/v2\/tags?post=176"}],"curies":[{"name":"wp","href":"https:\/\/api.w.org\/{rel}","templated":true}]}}