{"id":1777,"date":"2025-11-18T22:41:20","date_gmt":"2025-11-19T01:41:20","guid":{"rendered":"https:\/\/www.ufsm.br\/laboratorios\/labinter\/?page_id=1777"},"modified":"2026-01-21T14:43:49","modified_gmt":"2026-01-21T17:43:49","slug":"entreconversa-2025","status":"publish","type":"page","link":"https:\/\/www.ufsm.br\/laboratorios\/labinter\/entreconversa-2025","title":{"rendered":"Entreconversa 2025"},"content":{"rendered":"\t\t<div data-elementor-type=\"wp-page\" data-elementor-id=\"1777\" class=\"elementor elementor-1777\">\n\t\t\t\t\t\t<section class=\"elementor-section elementor-top-section elementor-element elementor-element-5928b24 elementor-section-boxed elementor-section-height-default elementor-section-height-default\" data-id=\"5928b24\" data-element_type=\"section\">\n\t\t\t\t\t\t<div class=\"elementor-container elementor-column-gap-default\">\n\t\t\t\t\t<div class=\"elementor-column elementor-col-100 elementor-top-column elementor-element elementor-element-592e948\" data-id=\"592e948\" data-element_type=\"column\">\n\t\t\t<div class=\"elementor-widget-wrap elementor-element-populated\">\n\t\t\t\t\t\t<div class=\"elementor-element elementor-element-dfb3df4 elementor-widget elementor-widget-text-editor\" data-id=\"dfb3df4\" data-element_type=\"widget\" data-widget_type=\"text-editor.default\">\n\t\t\t\t<div class=\"elementor-widget-container\">\n\t\t\t\t\t\t\t<div dir=\"ltr\">Entreconversa \u00e9 um cl\u00e1ssico evento do Laborat\u00f3rio Interdisciplinar Interativo da Universidade Federal de Santa Maria (LabInter-UFSM), que tem por fim apresentar e discutir pesquisas contempor\u00e2neas em Arte e Tecnologia.\u00a0<\/div><div dir=\"ltr\">\u00a0<\/div><div dir=\"ltr\">Na edi\u00e7\u00e3o de 2025, o Entreconversa traz os trabalhos dos pesquisadores ingressos e egressos de mestrado e doutorado do Programa de P\u00f3s-Gradua\u00e7\u00e3o em Artes Visuais da UFSM (PPGART) que integram o LabInter, com diversificadas pesquisas que transitam no campo da Arte, Ci\u00eancia e Tecnologia.\u00a0<\/div><div dir=\"ltr\">\u00a0<\/div><div dir=\"ltr\">Programa\u00e7\u00e3o:\u00a0<\/div><div dir=\"ltr\">\u00a0<\/div><div dir=\"ltr\">25 de Novembro, \u00e0s 10h: Arte e Comunidades Mestranda Genec\u00ed Fid\u00e9lis Andr\u00e9 e Dr\u00aa. Kalinka Lorenci Mallmann\u00a0<\/div><div dir=\"ltr\">\u00a0<\/div><div dir=\"ltr\">25 de Novembro, \u00e0s 13h: Arte e Meio Ambiente Doutoranda Fabiane Urquhart Duarte e Doutorando Jean Oliver Linck\u00a0<\/div><div dir=\"ltr\">\u00a0<\/div><div dir=\"ltr\">25 de Novembro, \u00e0s 14h: Arte e Algoritmos Mestranda Ingra Oliveira Ribeiro Schmitt e Doutoranda Thais Oliveira da Rosa\u00a0<\/div><div dir=\"ltr\">\u00a0<\/div><div dir=\"ltr\">25 de Novembro, \u00e0s 15h: Arte e Ambientes H\u00edbridos Doutoranda Camila Vermelho e Dr. Matheus Moreno dos Santos Camargo<br \/><br \/>Quando: 25 de Novembro de 2025.\u00a0<\/div><div dir=\"ltr\">Local: Pr\u00e9dio 40, Sala 1340 A, CAL-UFSM, Camobi.\u00a0<\/div><div dir=\"ltr\">Evento gratuito e com certifica\u00e7\u00e3o. Inscri\u00e7\u00f5es no local.\u00a0<br \/><br \/>Realiza\u00e7\u00e3o: LabInter-UFSM.\u00a0<\/div><div dir=\"ltr\">Apoio: CAL-UFSM, PPGART-UFSM e UFSM.<\/div>\t\t\t\t\t\t<\/div>\n\t\t\t\t<\/div>\n\t\t\t\t\t<\/div>\n\t\t<\/div>\n\t\t\t\t\t<\/div>\n\t\t<\/section>\n\t\t\t\t<section class=\"elementor-section elementor-top-section elementor-element elementor-element-6fde63f elementor-section-boxed elementor-section-height-default elementor-section-height-default\" data-id=\"6fde63f\" data-element_type=\"section\">\n\t\t\t\t\t\t<div class=\"elementor-container elementor-column-gap-default\">\n\t\t\t\t\t<div class=\"elementor-column elementor-col-33 elementor-top-column elementor-element elementor-element-ffdc17c\" data-id=\"ffdc17c\" data-element_type=\"column\">\n\t\t\t<div class=\"elementor-widget-wrap elementor-element-populated\">\n\t\t\t\t\t\t<div class=\"elementor-element elementor-element-7639693 elementor-widget elementor-widget-image\" data-id=\"7639693\" data-element_type=\"widget\" data-widget_type=\"image.default\">\n\t\t\t\t<div class=\"elementor-widget-container\">\n\t\t\t\t\t\t\t\t\t\t\t\t\t<img fetchpriority=\"high\" decoding=\"async\" width=\"724\" height=\"1024\" src=\"https:\/\/www.ufsm.br\/app\/uploads\/sites\/814\/2025\/11\/Entreconversa-01-724x1024.jpg\" class=\"attachment-large size-large wp-image-1774\" alt=\"\" srcset=\"https:\/\/www.ufsm.br\/app\/uploads\/sites\/814\/2025\/11\/Entreconversa-01-724x1024.jpg 724w, https:\/\/www.ufsm.br\/app\/uploads\/sites\/814\/2025\/11\/Entreconversa-01-212x300.jpg 212w, https:\/\/www.ufsm.br\/app\/uploads\/sites\/814\/2025\/11\/Entreconversa-01-768x1086.jpg 768w, https:\/\/www.ufsm.br\/app\/uploads\/sites\/814\/2025\/11\/Entreconversa-01-1086x1536.jpg 1086w, https:\/\/www.ufsm.br\/app\/uploads\/sites\/814\/2025\/11\/Entreconversa-01-1448x2048.jpg 1448w, https:\/\/www.ufsm.br\/app\/uploads\/sites\/814\/2025\/11\/Entreconversa-01.jpg 1587w\" sizes=\"(max-width: 724px) 100vw, 724px\" \/>\t\t\t\t\t\t\t\t\t\t\t\t\t<\/div>\n\t\t\t\t<\/div>\n\t\t\t\t\t<\/div>\n\t\t<\/div>\n\t\t\t\t<div class=\"elementor-column elementor-col-33 elementor-top-column elementor-element elementor-element-5816ba7\" data-id=\"5816ba7\" data-element_type=\"column\">\n\t\t\t<div class=\"elementor-widget-wrap elementor-element-populated\">\n\t\t\t\t\t\t<div class=\"elementor-element elementor-element-f5e3b4b elementor-widget elementor-widget-image\" data-id=\"f5e3b4b\" data-element_type=\"widget\" data-widget_type=\"image.default\">\n\t\t\t\t<div class=\"elementor-widget-container\">\n\t\t\t\t\t\t\t\t\t\t\t\t\t<img decoding=\"async\" width=\"724\" height=\"1024\" src=\"https:\/\/www.ufsm.br\/app\/uploads\/sites\/814\/2025\/11\/Entreconversa-02-724x1024.jpg\" class=\"attachment-large size-large wp-image-1775\" alt=\"\" srcset=\"https:\/\/www.ufsm.br\/app\/uploads\/sites\/814\/2025\/11\/Entreconversa-02-724x1024.jpg 724w, https:\/\/www.ufsm.br\/app\/uploads\/sites\/814\/2025\/11\/Entreconversa-02-212x300.jpg 212w, https:\/\/www.ufsm.br\/app\/uploads\/sites\/814\/2025\/11\/Entreconversa-02-768x1086.jpg 768w, https:\/\/www.ufsm.br\/app\/uploads\/sites\/814\/2025\/11\/Entreconversa-02-1086x1536.jpg 1086w, https:\/\/www.ufsm.br\/app\/uploads\/sites\/814\/2025\/11\/Entreconversa-02-1448x2048.jpg 1448w, https:\/\/www.ufsm.br\/app\/uploads\/sites\/814\/2025\/11\/Entreconversa-02.jpg 1587w\" sizes=\"(max-width: 724px) 100vw, 724px\" \/>\t\t\t\t\t\t\t\t\t\t\t\t\t<\/div>\n\t\t\t\t<\/div>\n\t\t\t\t\t<\/div>\n\t\t<\/div>\n\t\t\t\t<div class=\"elementor-column elementor-col-33 elementor-top-column elementor-element elementor-element-d6d4858\" data-id=\"d6d4858\" data-element_type=\"column\">\n\t\t\t<div class=\"elementor-widget-wrap elementor-element-populated\">\n\t\t\t\t\t\t<div class=\"elementor-element elementor-element-3a94671 elementor-widget elementor-widget-image\" data-id=\"3a94671\" data-element_type=\"widget\" data-widget_type=\"image.default\">\n\t\t\t\t<div class=\"elementor-widget-container\">\n\t\t\t\t\t\t\t\t\t\t\t\t\t<img decoding=\"async\" width=\"724\" height=\"1024\" src=\"https:\/\/www.ufsm.br\/app\/uploads\/sites\/814\/2025\/11\/Entreconversa-03-724x1024.jpg\" class=\"attachment-large size-large wp-image-1776\" alt=\"\" srcset=\"https:\/\/www.ufsm.br\/app\/uploads\/sites\/814\/2025\/11\/Entreconversa-03-724x1024.jpg 724w, https:\/\/www.ufsm.br\/app\/uploads\/sites\/814\/2025\/11\/Entreconversa-03-212x300.jpg 212w, https:\/\/www.ufsm.br\/app\/uploads\/sites\/814\/2025\/11\/Entreconversa-03-768x1086.jpg 768w, https:\/\/www.ufsm.br\/app\/uploads\/sites\/814\/2025\/11\/Entreconversa-03-1086x1536.jpg 1086w, https:\/\/www.ufsm.br\/app\/uploads\/sites\/814\/2025\/11\/Entreconversa-03-1448x2048.jpg 1448w, https:\/\/www.ufsm.br\/app\/uploads\/sites\/814\/2025\/11\/Entreconversa-03.jpg 1587w\" sizes=\"(max-width: 724px) 100vw, 724px\" \/>\t\t\t\t\t\t\t\t\t\t\t\t\t<\/div>\n\t\t\t\t<\/div>\n\t\t\t\t\t<\/div>\n\t\t<\/div>\n\t\t\t\t\t<\/div>\n\t\t<\/section>\n\t\t\t\t<\/div>\n\t\t","protected":false},"excerpt":{"rendered":"<p>Entreconversa \u00e9 um cl\u00e1ssico evento do Laborat\u00f3rio Interdisciplinar Interativo da Universidade Federal de Santa Maria (LabInter-UFSM), que tem por fim apresentar e discutir pesquisas contempor\u00e2neas em Arte e Tecnologia.\u00a0\u00a0Na edi\u00e7\u00e3o de 2025, o Entreconversa traz os trabalhos dos pesquisadores ingressos e egressos de mestrado e doutorado do Programa de P\u00f3s-Gradua\u00e7\u00e3o em Artes Visuais da UFSM [&hellip;]<\/p>\n","protected":false},"author":7654,"featured_media":0,"parent":0,"menu_order":0,"comment_status":"closed","ping_status":"closed","template":"","meta":{"footnotes":""},"categories":[100,106],"tags":[],"class_list":["post-1777","page","type-page","status-publish","hentry","category-eventos","category-palestras"],"acf":[],"_links":{"self":[{"href":"https:\/\/www.ufsm.br\/laboratorios\/labinter\/wp-json\/wp\/v2\/pages\/1777","targetHints":{"allow":["GET"]}}],"collection":[{"href":"https:\/\/www.ufsm.br\/laboratorios\/labinter\/wp-json\/wp\/v2\/pages"}],"about":[{"href":"https:\/\/www.ufsm.br\/laboratorios\/labinter\/wp-json\/wp\/v2\/types\/page"}],"author":[{"embeddable":true,"href":"https:\/\/www.ufsm.br\/laboratorios\/labinter\/wp-json\/wp\/v2\/users\/7654"}],"replies":[{"embeddable":true,"href":"https:\/\/www.ufsm.br\/laboratorios\/labinter\/wp-json\/wp\/v2\/comments?post=1777"}],"version-history":[{"count":0,"href":"https:\/\/www.ufsm.br\/laboratorios\/labinter\/wp-json\/wp\/v2\/pages\/1777\/revisions"}],"wp:attachment":[{"href":"https:\/\/www.ufsm.br\/laboratorios\/labinter\/wp-json\/wp\/v2\/media?parent=1777"}],"wp:term":[{"taxonomy":"category","embeddable":true,"href":"https:\/\/www.ufsm.br\/laboratorios\/labinter\/wp-json\/wp\/v2\/categories?post=1777"},{"taxonomy":"post_tag","embeddable":true,"href":"https:\/\/www.ufsm.br\/laboratorios\/labinter\/wp-json\/wp\/v2\/tags?post=1777"}],"curies":[{"name":"wp","href":"https:\/\/api.w.org\/{rel}","templated":true}]}}