{"id":1786,"date":"2026-01-21T13:48:49","date_gmt":"2026-01-21T16:48:49","guid":{"rendered":"https:\/\/www.ufsm.br\/laboratorios\/labinter\/?page_id=1786"},"modified":"2026-01-28T14:23:24","modified_gmt":"2026-01-28T17:23:24","slug":"livros-e-catalogos","status":"publish","type":"page","link":"https:\/\/www.ufsm.br\/laboratorios\/labinter\/producao-cientifica\/livros-e-catalogos","title":{"rendered":"Livros e Cat\u00e1logos"},"content":{"rendered":"\t\t<div data-elementor-type=\"wp-page\" data-elementor-id=\"1786\" class=\"elementor elementor-1786\">\n\t\t\t\t\t\t<section class=\"elementor-section elementor-top-section elementor-element elementor-element-18a672c elementor-section-boxed elementor-section-height-default elementor-section-height-default\" data-id=\"18a672c\" data-element_type=\"section\">\n\t\t\t\t\t\t<div class=\"elementor-container elementor-column-gap-default\">\n\t\t\t\t\t<div class=\"elementor-column elementor-col-66 elementor-top-column elementor-element elementor-element-037cd46\" data-id=\"037cd46\" data-element_type=\"column\">\n\t\t\t<div class=\"elementor-widget-wrap elementor-element-populated\">\n\t\t\t\t\t\t<div class=\"elementor-element elementor-element-980ad17 elementor-widget elementor-widget-heading\" data-id=\"980ad17\" data-element_type=\"widget\" data-widget_type=\"heading.default\">\n\t\t\t\t<div class=\"elementor-widget-container\">\n\t\t\t<h5 class=\"elementor-heading-title elementor-size-default\"><a href=\"https:\/\/www.ufsm.br\/app\/uploads\/sites\/740\/2025\/07\/Livro-AIR-completo-e-com-ficha.pdf\">AIR \/ Arte e Ambientes Imersivos, Interativos e Inteligentes em Rede (2025)<\/a><\/h5>\t\t<\/div>\n\t\t\t\t<\/div>\n\t\t\t\t<div class=\"elementor-element elementor-element-9dd8013 elementor-widget elementor-widget-text-editor\" data-id=\"9dd8013\" data-element_type=\"widget\" data-widget_type=\"text-editor.default\">\n\t\t\t\t<div class=\"elementor-widget-container\">\n\t\t\t\t\t\t\t<p>Andr\u00e9ia Machado Oliveira<\/p><p>Camila dos Santos<\/p><p>Matheus Moreno dos Santos Camargo<\/p>\t\t\t\t\t\t<\/div>\n\t\t\t\t<\/div>\n\t\t\t\t<div class=\"elementor-element elementor-element-20b0ef6 elementor-widget elementor-widget-text-editor\" data-id=\"20b0ef6\" data-element_type=\"widget\" data-widget_type=\"text-editor.default\">\n\t\t\t\t<div class=\"elementor-widget-container\">\n\t\t\t\t\t\t\t<p>Em comemora\u00e7\u00e3o aos dez anos do Laborat\u00f3rio Interdisciplinar Interativo, que integra o Programa de P\u00f3s-Gradua\u00e7\u00e3o em Artes Visuais da Universidade Federal de Santa Maria (LabInter\/PPGART\/UFSM), reunimos nesta colet\u00e2nea alguns artigos que se voltam a pesquisas te\u00f3ricas e pr\u00e1ticas sobre intera\u00e7\u00e3o e imers\u00e3o na constru\u00e7\u00e3o de ambientes inteligentes em rede. Tais pesquisas s\u00e3o realizadas conjuntamente com discentes de gradua\u00e7\u00e3o e p\u00f3s-gradua\u00e7\u00e3o de diferentes \u00e1reas, tal como com docentes da UFSM e de outras universidades nacionais e internacionais.<\/p>\t\t\t\t\t\t<\/div>\n\t\t\t\t<\/div>\n\t\t\t\t\t<\/div>\n\t\t<\/div>\n\t\t\t\t<div class=\"elementor-column elementor-col-33 elementor-top-column elementor-element elementor-element-71076a1\" data-id=\"71076a1\" data-element_type=\"column\">\n\t\t\t<div class=\"elementor-widget-wrap elementor-element-populated\">\n\t\t\t\t\t\t<div class=\"elementor-element elementor-element-ab1c2b3 elementor-widget elementor-widget-image\" data-id=\"ab1c2b3\" data-element_type=\"widget\" data-widget_type=\"image.default\">\n\t\t\t\t<div class=\"elementor-widget-container\">\n\t\t\t\t\t\t\t\t\t\t\t\t\t\t<a href=\"https:\/\/www.ufsm.br\/app\/uploads\/sites\/740\/2025\/07\/Livro-AIR-completo-e-com-ficha.pdf\">\n\t\t\t\t\t\t\t<img fetchpriority=\"high\" decoding=\"async\" width=\"722\" height=\"1024\" src=\"https:\/\/www.ufsm.br\/app\/uploads\/sites\/814\/2026\/01\/Capa-Livro-AIR-2025-722x1024.jpg\" class=\"attachment-large size-large wp-image-1798\" alt=\"\" srcset=\"https:\/\/www.ufsm.br\/app\/uploads\/sites\/814\/2026\/01\/Capa-Livro-AIR-2025-722x1024.jpg 722w, https:\/\/www.ufsm.br\/app\/uploads\/sites\/814\/2026\/01\/Capa-Livro-AIR-2025-212x300.jpg 212w, https:\/\/www.ufsm.br\/app\/uploads\/sites\/814\/2026\/01\/Capa-Livro-AIR-2025-768x1089.jpg 768w, https:\/\/www.ufsm.br\/app\/uploads\/sites\/814\/2026\/01\/Capa-Livro-AIR-2025.jpg 846w\" sizes=\"(max-width: 722px) 100vw, 722px\" \/>\t\t\t\t\t\t\t\t<\/a>\n\t\t\t\t\t\t\t\t\t\t\t\t\t<\/div>\n\t\t\t\t<\/div>\n\t\t\t\t\t<\/div>\n\t\t<\/div>\n\t\t\t\t\t<\/div>\n\t\t<\/section>\n\t\t\t\t<section class=\"elementor-section elementor-top-section elementor-element elementor-element-4c60e1b elementor-section-boxed elementor-section-height-default elementor-section-height-default\" data-id=\"4c60e1b\" data-element_type=\"section\">\n\t\t\t\t\t\t<div class=\"elementor-container elementor-column-gap-default\">\n\t\t\t\t\t<div class=\"elementor-column elementor-col-66 elementor-top-column elementor-element elementor-element-8037786\" data-id=\"8037786\" data-element_type=\"column\">\n\t\t\t<div class=\"elementor-widget-wrap elementor-element-populated\">\n\t\t\t\t\t\t<div class=\"elementor-element elementor-element-541a25b elementor-widget elementor-widget-heading\" data-id=\"541a25b\" data-element_type=\"widget\" data-widget_type=\"heading.default\">\n\t\t\t\t<div class=\"elementor-widget-container\">\n\t\t\t<h5 class=\"elementor-heading-title elementor-size-default\"><a href=\"https:\/\/www.ufsm.br\/app\/uploads\/sites\/740\/2025\/07\/Livro-ACC-completo-e-com-ficha.pdf\">Arte Colaborativa com Comunidades (2025)<\/a><\/h5>\t\t<\/div>\n\t\t\t\t<\/div>\n\t\t\t\t<div class=\"elementor-element elementor-element-0a77242 elementor-widget elementor-widget-text-editor\" data-id=\"0a77242\" data-element_type=\"widget\" data-widget_type=\"text-editor.default\">\n\t\t\t\t<div class=\"elementor-widget-container\">\n\t\t\t\t\t\t\t<p>Andr\u00e9ia Machado Oliveira<\/p><p>Kalinka Lorenci Mallmann<\/p><p>Jean Oliver Linck<\/p><p>Fabiane Urquhart Duarte<\/p>\t\t\t\t\t\t<\/div>\n\t\t\t\t<\/div>\n\t\t\t\t<div class=\"elementor-element elementor-element-1f7fc8e elementor-widget elementor-widget-text-editor\" data-id=\"1f7fc8e\" data-element_type=\"widget\" data-widget_type=\"text-editor.default\">\n\t\t\t\t<div class=\"elementor-widget-container\">\n\t\t\t\t\t\t\t<p>Em comemora\u00e7\u00e3o aos dez anos do Laborat\u00f3rio Interdisciplinar Interativo, que integra o Programa de P\u00f3s-Gradua\u00e7\u00e3o em Artes Visuais da Universidade Federal de Santa Maria (LabInter\/PPGART\/UFSM), reunidos nesta colet\u00e2nea, est\u00e3o alguns artigos voltados a pesquisas te\u00f3ricas e pr\u00e1ticas sobre Arte Colaborativa, que foram desenvolvidas em diferentes comunidades. Tais pesquisas foram realizadas conjuntamente com discentes da gradua\u00e7\u00e3o e da p\u00f3s-gradua\u00e7\u00e3o, de diferentes \u00e1reas, docentes da UFSM e de outras universidades nacionais e internacionais.<\/p>\t\t\t\t\t\t<\/div>\n\t\t\t\t<\/div>\n\t\t\t\t\t<\/div>\n\t\t<\/div>\n\t\t\t\t<div class=\"elementor-column elementor-col-33 elementor-top-column elementor-element elementor-element-1e3bd3e\" data-id=\"1e3bd3e\" data-element_type=\"column\">\n\t\t\t<div class=\"elementor-widget-wrap elementor-element-populated\">\n\t\t\t\t\t\t<div class=\"elementor-element elementor-element-86ae06f elementor-widget elementor-widget-image\" data-id=\"86ae06f\" data-element_type=\"widget\" data-widget_type=\"image.default\">\n\t\t\t\t<div class=\"elementor-widget-container\">\n\t\t\t\t\t\t\t\t\t\t\t\t\t\t<a href=\"https:\/\/www.ufsm.br\/app\/uploads\/sites\/740\/2025\/07\/Livro-ACC-completo-e-com-ficha.pdf\">\n\t\t\t\t\t\t\t<img decoding=\"async\" width=\"722\" height=\"1024\" src=\"https:\/\/www.ufsm.br\/app\/uploads\/sites\/814\/2026\/01\/Capa-Livro-ACC-2025-722x1024.jpg\" class=\"attachment-large size-large wp-image-1799\" alt=\"\" srcset=\"https:\/\/www.ufsm.br\/app\/uploads\/sites\/814\/2026\/01\/Capa-Livro-ACC-2025-722x1024.jpg 722w, https:\/\/www.ufsm.br\/app\/uploads\/sites\/814\/2026\/01\/Capa-Livro-ACC-2025-212x300.jpg 212w, https:\/\/www.ufsm.br\/app\/uploads\/sites\/814\/2026\/01\/Capa-Livro-ACC-2025-768x1089.jpg 768w, https:\/\/www.ufsm.br\/app\/uploads\/sites\/814\/2026\/01\/Capa-Livro-ACC-2025.jpg 846w\" sizes=\"(max-width: 722px) 100vw, 722px\" \/>\t\t\t\t\t\t\t\t<\/a>\n\t\t\t\t\t\t\t\t\t\t\t\t\t<\/div>\n\t\t\t\t<\/div>\n\t\t\t\t\t<\/div>\n\t\t<\/div>\n\t\t\t\t\t<\/div>\n\t\t<\/section>\n\t\t\t\t<section class=\"elementor-section elementor-top-section elementor-element elementor-element-ac5b3a2 elementor-section-boxed elementor-section-height-default elementor-section-height-default\" data-id=\"ac5b3a2\" data-element_type=\"section\">\n\t\t\t\t\t\t<div class=\"elementor-container elementor-column-gap-default\">\n\t\t\t\t\t<div class=\"elementor-column elementor-col-66 elementor-top-column elementor-element elementor-element-a8b8121\" data-id=\"a8b8121\" data-element_type=\"column\">\n\t\t\t<div class=\"elementor-widget-wrap elementor-element-populated\">\n\t\t\t\t\t\t<div class=\"elementor-element elementor-element-0027540 elementor-widget elementor-widget-heading\" data-id=\"0027540\" data-element_type=\"widget\" data-widget_type=\"heading.default\">\n\t\t\t\t<div class=\"elementor-widget-container\">\n\t\t\t<h5 class=\"elementor-heading-title elementor-size-default\"><a href=\"https:\/\/editoraufsm.com.br\/assuntos\/textos-introdutorios-ufsm\/arte-tecnologia-e-interatividade.html\">Arte, Tecnologia e Interatividade (2024)<\/a><\/h5>\t\t<\/div>\n\t\t\t\t<\/div>\n\t\t\t\t<div class=\"elementor-element elementor-element-5fbdc9e elementor-widget elementor-widget-text-editor\" data-id=\"5fbdc9e\" data-element_type=\"widget\" data-widget_type=\"text-editor.default\">\n\t\t\t\t<div class=\"elementor-widget-container\">\n\t\t\t\t\t\t\t<p>Andr\u00e9ia Machado Oliveira<\/p>\t\t\t\t\t\t<\/div>\n\t\t\t\t<\/div>\n\t\t\t\t<div class=\"elementor-element elementor-element-dbe63b0 elementor-widget elementor-widget-text-editor\" data-id=\"dbe63b0\" data-element_type=\"widget\" data-widget_type=\"text-editor.default\">\n\t\t\t\t<div class=\"elementor-widget-container\">\n\t\t\t\t\t\t\t<p>Este livro traz refer\u00eancias introdut\u00f3rias sobre os processos de interatividade dentro do campo da arte e tecnologia. A professora Andr\u00e9ia Machado Oliveira oferece um panorama das produ\u00e7\u00f5es em arte interativa, apresentando ideias de autores-chave que nos ajudam a refletir sobre quest\u00f5es desse campo do conhecimento e sua import\u00e2ncia no momento atual.<\/p>\t\t\t\t\t\t<\/div>\n\t\t\t\t<\/div>\n\t\t\t\t\t<\/div>\n\t\t<\/div>\n\t\t\t\t<div class=\"elementor-column elementor-col-33 elementor-top-column elementor-element elementor-element-a576e52\" data-id=\"a576e52\" data-element_type=\"column\">\n\t\t\t<div class=\"elementor-widget-wrap elementor-element-populated\">\n\t\t\t\t\t\t<div class=\"elementor-element elementor-element-8825417 elementor-widget elementor-widget-image\" data-id=\"8825417\" data-element_type=\"widget\" data-widget_type=\"image.default\">\n\t\t\t\t<div class=\"elementor-widget-container\">\n\t\t\t\t\t\t\t\t\t\t\t\t\t\t<a href=\"https:\/\/editoraufsm.com.br\/assuntos\/textos-introdutorios-ufsm\/arte-tecnologia-e-interatividade.html\">\n\t\t\t\t\t\t\t<img decoding=\"async\" width=\"722\" height=\"1024\" src=\"https:\/\/www.ufsm.br\/app\/uploads\/sites\/814\/2026\/01\/Capa-Livro-ATI-2024-722x1024.jpg\" class=\"attachment-large size-large wp-image-1801\" alt=\"\" srcset=\"https:\/\/www.ufsm.br\/app\/uploads\/sites\/814\/2026\/01\/Capa-Livro-ATI-2024-722x1024.jpg 722w, https:\/\/www.ufsm.br\/app\/uploads\/sites\/814\/2026\/01\/Capa-Livro-ATI-2024-212x300.jpg 212w, https:\/\/www.ufsm.br\/app\/uploads\/sites\/814\/2026\/01\/Capa-Livro-ATI-2024-768x1089.jpg 768w, https:\/\/www.ufsm.br\/app\/uploads\/sites\/814\/2026\/01\/Capa-Livro-ATI-2024.jpg 846w\" sizes=\"(max-width: 722px) 100vw, 722px\" \/>\t\t\t\t\t\t\t\t<\/a>\n\t\t\t\t\t\t\t\t\t\t\t\t\t<\/div>\n\t\t\t\t<\/div>\n\t\t\t\t\t<\/div>\n\t\t<\/div>\n\t\t\t\t\t<\/div>\n\t\t<\/section>\n\t\t\t\t<section class=\"elementor-section elementor-top-section elementor-element elementor-element-4c8a1bc elementor-section-boxed elementor-section-height-default elementor-section-height-default\" data-id=\"4c8a1bc\" data-element_type=\"section\">\n\t\t\t\t\t\t<div class=\"elementor-container elementor-column-gap-default\">\n\t\t\t\t\t<div class=\"elementor-column elementor-col-66 elementor-top-column elementor-element elementor-element-d02a271\" data-id=\"d02a271\" data-element_type=\"column\">\n\t\t\t<div class=\"elementor-widget-wrap elementor-element-populated\">\n\t\t\t\t\t\t<div class=\"elementor-element elementor-element-ae7f506 elementor-widget elementor-widget-heading\" data-id=\"ae7f506\" data-element_type=\"widget\" data-widget_type=\"heading.default\">\n\t\t\t\t<div class=\"elementor-widget-container\">\n\t\t\t<h5 class=\"elementor-heading-title elementor-size-default\"><a href=\"https:\/\/www.ufsm.br\/app\/uploads\/sites\/740\/2025\/01\/EBOOK-ABCIBER-2024-Editora-PPGART.pdf\">Exposi\u00e7\u00f5es ABCIBER 2023 - Informa\u00e7\u00e3o Tecnodiversidade e Est\u00e9tica: pr\u00e1ticas art\u00edsticas contempor\u00e2neas (2024)<\/a><\/h5>\t\t<\/div>\n\t\t\t\t<\/div>\n\t\t\t\t<div class=\"elementor-element elementor-element-cf21bbe elementor-widget elementor-widget-text-editor\" data-id=\"cf21bbe\" data-element_type=\"widget\" data-widget_type=\"text-editor.default\">\n\t\t\t\t<div class=\"elementor-widget-container\">\n\t\t\t\t\t\t\t<p>Andr\u00e9ia Machado Oliveira<\/p><p>Camila dos Santos<\/p><p>Kalinka Lorenci Mallmann<\/p>\t\t\t\t\t\t<\/div>\n\t\t\t\t<\/div>\n\t\t\t\t<div class=\"elementor-element elementor-element-52404b5 elementor-widget elementor-widget-text-editor\" data-id=\"52404b5\" data-element_type=\"widget\" data-widget_type=\"text-editor.default\">\n\t\t\t\t<div class=\"elementor-widget-container\">\n\t\t\t\t\t\t\t<p>A Universidade Federal de Santa Maria (UFSM) sediou, de 28 de novembro a primeiro de dezembro de 2023, o XVI Simp\u00f3sio Nacional da Associa\u00e7\u00e3o Brasileira de Pesquisadores em Cibercultura \u2013 ABCiber, com o tema Informa\u00e7\u00e3o, Tecnodiversidade e Est\u00e9tica. Al\u00e9m da ampla programa\u00e7\u00e3o com keynote speaker, confer\u00eancias, pain\u00e9is tem\u00e1ticos, mesas coordenadas e lan\u00e7amentos de livros, tamb\u00e9m houve a programa\u00e7\u00e3o art\u00edstica. N\u00e3o somente o campus sede da universidade foi espa\u00e7o para diferentes exposi\u00e7\u00f5es, propostas e exibi\u00e7\u00f5es de arte, mas tamb\u00e9m outros lugares da cidade cora\u00e7\u00e3o do Rio Grande do Sul, como o Museu de Arte de Santa Maria (MASM) e a hist\u00f3rica Vila Belga. Ao todo, foram oito realiza\u00e7\u00f5es, dentre elas exposi\u00e7\u00f5es de arte e tecnologia, exibi\u00e7\u00e3o de audiovisual imersivo para c\u00fapula de planet\u00e1rio, mostra de videomapping, exposi\u00e7\u00e3o-encontro, exposi\u00e7\u00e3o de arte sonora e performances, com obras de artistas do Brasil e de todos os continentes do mundo.<\/p>\t\t\t\t\t\t<\/div>\n\t\t\t\t<\/div>\n\t\t\t\t\t<\/div>\n\t\t<\/div>\n\t\t\t\t<div class=\"elementor-column elementor-col-33 elementor-top-column elementor-element elementor-element-e5324ab\" data-id=\"e5324ab\" data-element_type=\"column\">\n\t\t\t<div class=\"elementor-widget-wrap elementor-element-populated\">\n\t\t\t\t\t\t<div class=\"elementor-element elementor-element-b2bad33 elementor-widget elementor-widget-image\" data-id=\"b2bad33\" data-element_type=\"widget\" data-widget_type=\"image.default\">\n\t\t\t\t<div class=\"elementor-widget-container\">\n\t\t\t\t\t\t\t\t\t\t\t\t\t\t<a href=\"https:\/\/www.ufsm.br\/app\/uploads\/sites\/740\/2025\/01\/EBOOK-ABCIBER-2024-Editora-PPGART.pdf\">\n\t\t\t\t\t\t\t<img loading=\"lazy\" decoding=\"async\" width=\"722\" height=\"1024\" src=\"https:\/\/www.ufsm.br\/app\/uploads\/sites\/814\/2026\/01\/Capa-Catalogo-ABCiber-2023-722x1024.jpg\" class=\"attachment-large size-large wp-image-1803\" alt=\"\" srcset=\"https:\/\/www.ufsm.br\/app\/uploads\/sites\/814\/2026\/01\/Capa-Catalogo-ABCiber-2023-722x1024.jpg 722w, https:\/\/www.ufsm.br\/app\/uploads\/sites\/814\/2026\/01\/Capa-Catalogo-ABCiber-2023-212x300.jpg 212w, https:\/\/www.ufsm.br\/app\/uploads\/sites\/814\/2026\/01\/Capa-Catalogo-ABCiber-2023-768x1089.jpg 768w, https:\/\/www.ufsm.br\/app\/uploads\/sites\/814\/2026\/01\/Capa-Catalogo-ABCiber-2023.jpg 846w\" sizes=\"(max-width: 722px) 100vw, 722px\" \/>\t\t\t\t\t\t\t\t<\/a>\n\t\t\t\t\t\t\t\t\t\t\t\t\t<\/div>\n\t\t\t\t<\/div>\n\t\t\t\t\t<\/div>\n\t\t<\/div>\n\t\t\t\t\t<\/div>\n\t\t<\/section>\n\t\t\t\t<\/div>\n\t\t","protected":false},"excerpt":{"rendered":"<p>AIR \/ Arte e Ambientes Imersivos, Interativos e Inteligentes em Rede (2025) Andr\u00e9ia Machado Oliveira Camila dos Santos Matheus Moreno dos Santos Camargo Em comemora\u00e7\u00e3o aos dez anos do Laborat\u00f3rio Interdisciplinar Interativo, que integra o Programa de P\u00f3s-Gradua\u00e7\u00e3o em Artes Visuais da Universidade Federal de Santa Maria (LabInter\/PPGART\/UFSM), reunimos nesta colet\u00e2nea alguns artigos que se [&hellip;]<\/p>\n","protected":false},"author":7654,"featured_media":0,"parent":33,"menu_order":0,"comment_status":"closed","ping_status":"closed","template":"","meta":{"footnotes":""},"categories":[133],"tags":[],"class_list":["post-1786","page","type-page","status-publish","hentry","category-producao-cientifica"],"acf":[],"_links":{"self":[{"href":"https:\/\/www.ufsm.br\/laboratorios\/labinter\/wp-json\/wp\/v2\/pages\/1786","targetHints":{"allow":["GET"]}}],"collection":[{"href":"https:\/\/www.ufsm.br\/laboratorios\/labinter\/wp-json\/wp\/v2\/pages"}],"about":[{"href":"https:\/\/www.ufsm.br\/laboratorios\/labinter\/wp-json\/wp\/v2\/types\/page"}],"author":[{"embeddable":true,"href":"https:\/\/www.ufsm.br\/laboratorios\/labinter\/wp-json\/wp\/v2\/users\/7654"}],"replies":[{"embeddable":true,"href":"https:\/\/www.ufsm.br\/laboratorios\/labinter\/wp-json\/wp\/v2\/comments?post=1786"}],"version-history":[{"count":0,"href":"https:\/\/www.ufsm.br\/laboratorios\/labinter\/wp-json\/wp\/v2\/pages\/1786\/revisions"}],"up":[{"embeddable":true,"href":"https:\/\/www.ufsm.br\/laboratorios\/labinter\/wp-json\/wp\/v2\/pages\/33"}],"wp:attachment":[{"href":"https:\/\/www.ufsm.br\/laboratorios\/labinter\/wp-json\/wp\/v2\/media?parent=1786"}],"wp:term":[{"taxonomy":"category","embeddable":true,"href":"https:\/\/www.ufsm.br\/laboratorios\/labinter\/wp-json\/wp\/v2\/categories?post=1786"},{"taxonomy":"post_tag","embeddable":true,"href":"https:\/\/www.ufsm.br\/laboratorios\/labinter\/wp-json\/wp\/v2\/tags?post=1786"}],"curies":[{"name":"wp","href":"https:\/\/api.w.org\/{rel}","templated":true}]}}