{"id":1815,"date":"2026-02-03T13:31:59","date_gmt":"2026-02-03T16:31:59","guid":{"rendered":"https:\/\/www.ufsm.br\/laboratorios\/labinter\/?page_id=1815"},"modified":"2026-02-03T18:31:22","modified_gmt":"2026-02-03T21:31:22","slug":"difractus","status":"publish","type":"page","link":"https:\/\/www.ufsm.br\/laboratorios\/labinter\/projetos\/difractus","title":{"rendered":"[di]fractus"},"content":{"rendered":"\t\t<div data-elementor-type=\"wp-page\" data-elementor-id=\"1815\" class=\"elementor elementor-1815\">\n\t\t\t\t\t\t<section class=\"elementor-section elementor-top-section elementor-element elementor-element-050087f elementor-section-boxed elementor-section-height-default elementor-section-height-default\" data-id=\"050087f\" data-element_type=\"section\">\n\t\t\t\t\t\t<div class=\"elementor-container elementor-column-gap-default\">\n\t\t\t\t\t<div class=\"elementor-column elementor-col-100 elementor-top-column elementor-element elementor-element-6260627\" data-id=\"6260627\" data-element_type=\"column\">\n\t\t\t<div class=\"elementor-widget-wrap elementor-element-populated\">\n\t\t\t\t\t\t<div class=\"elementor-element elementor-element-536e3c3 elementor-widget elementor-widget-image\" data-id=\"536e3c3\" data-element_type=\"widget\" data-widget_type=\"image.default\">\n\t\t\t\t<div class=\"elementor-widget-container\">\n\t\t\t\t\t\t\t\t\t\t\t\t\t<img fetchpriority=\"high\" decoding=\"async\" width=\"1000\" height=\"1000\" src=\"https:\/\/www.ufsm.br\/app\/uploads\/sites\/814\/2026\/02\/difractus-01.jpeg\" class=\"attachment-large size-large wp-image-1821\" alt=\"\" srcset=\"https:\/\/www.ufsm.br\/app\/uploads\/sites\/814\/2026\/02\/difractus-01.jpeg 1000w, https:\/\/www.ufsm.br\/app\/uploads\/sites\/814\/2026\/02\/difractus-01-300x300.jpeg 300w, https:\/\/www.ufsm.br\/app\/uploads\/sites\/814\/2026\/02\/difractus-01-150x150.jpeg 150w, https:\/\/www.ufsm.br\/app\/uploads\/sites\/814\/2026\/02\/difractus-01-768x768.jpeg 768w\" sizes=\"(max-width: 1000px) 100vw, 1000px\" \/>\t\t\t\t\t\t\t\t\t\t\t\t\t<\/div>\n\t\t\t\t<\/div>\n\t\t\t\t<div class=\"elementor-element elementor-element-a3c114d elementor-widget elementor-widget-spacer\" data-id=\"a3c114d\" data-element_type=\"widget\" data-widget_type=\"spacer.default\">\n\t\t\t\t<div class=\"elementor-widget-container\">\n\t\t\t\t\t<div class=\"elementor-spacer\">\n\t\t\t<div class=\"elementor-spacer-inner\"><\/div>\n\t\t<\/div>\n\t\t\t\t<\/div>\n\t\t\t\t<\/div>\n\t\t\t\t<div class=\"elementor-element elementor-element-61957a5 elementor-widget elementor-widget-text-editor\" data-id=\"61957a5\" data-element_type=\"widget\" data-widget_type=\"text-editor.default\">\n\t\t\t\t<div class=\"elementor-widget-container\">\n\t\t\t\t\t\t\t<p>O territ\u00f3rio [di]fractus \u00e9 composto por tr\u00eas ambientes em realidade virtual: Antumbra; Penumbra; e Umbra, dispostos de forma a explorar o espa\u00e7o tridimensional digital, a luz, imagens e sons de forma diversa e multifacetada.<\/p>\t\t\t\t\t\t<\/div>\n\t\t\t\t<\/div>\n\t\t\t\t<div class=\"elementor-element elementor-element-7fb8c71 elementor-widget elementor-widget-text-editor\" data-id=\"7fb8c71\" data-element_type=\"widget\" data-widget_type=\"text-editor.default\">\n\t\t\t\t<div class=\"elementor-widget-container\">\n\t\t\t\t\t\t\t<p>A apresenta\u00e7\u00e3o acontecer\u00e1 no dia 1\u00ba de setembro de 2021 \u00e0s 17h e poder\u00e1 ser acessada pelos links:<\/p><p>Twitch: <a href=\"http:\/\/www.twitch.tv\/labinterair\">www.twitch.tv\/labinterair<\/a><\/p><p>Sansar: <a href=\"https:\/\/l.facebook.com\/l.php?u=https%3A%2F%2Fatlas.sansar.com%2Fexperiences%2Finterativarte-3088%2Finterarte&amp;h=AT2T3S0uX96zI5btRC7Lwse7MeAB1NsprRyqN7jhXnPH4fbR1YrYR5Gckcs-YVOG7q0g_0lobFLT3dMx0Ip4bvv63uFpkQp9YrZ3_2UgPyIJZKcCIx9r4IKJlgpn85JBE4s8EF40_Ml8MI3YzM3qESyANmVhbSYY&amp;__tn__=-UK-R&amp;c[0]=AT0jeR7Fb1uo2rtILnt6jO4dwb5d9_II_TXX2Ro_pu-NDlmjC2RjJn9VRlkscjfgnXS7668Ypffe8m1yNP8oA8f16IamuG_9PfjtmuuEm43Y3G82UXbGdm70ajs1wU03oFIboPouZO8-Tw5owEHrX4Gv3zgJkU9OLosOGZDpVAuAIeFo6hu8FPDcEUAkPWA\">https:\/\/atlas.sansar.com\/exp&#8230;\/interativarte-3088\/interarte<\/a><\/p>\t\t\t\t\t\t<\/div>\n\t\t\t\t<\/div>\n\t\t\t\t<div class=\"elementor-element elementor-element-69d7c45 elementor-widget elementor-widget-text-editor\" data-id=\"69d7c45\" data-element_type=\"widget\" data-widget_type=\"text-editor.default\">\n\t\t\t\t<div class=\"elementor-widget-container\">\n\t\t\t\t\t\t\t<p>Propositor: Matheus Moreno<\/p><p>Interlocutoras: Andreia Oliveira, Andrea Capssa e M\u00e1rcia Sousa<\/p><p>Expografia: Matheus Moreno e Leonam Von Borowsky<\/p><p>Colabora\u00e7\u00e3o expogr\u00e1fica: Ingra Schmitt (Ash), Julia Pacheco, Luiza Michelotti, Vanessa Fonseca<\/p><p>Colabora\u00e7\u00e3o art\u00edstica: Fernanda Duarte, Julia Pacheco, Ingra Schmitt (Ash), Leonam Von Borowsky, Luiza Michelotti, Matheus Moreno, Rodrigo Alvarenga de Souza Ourique (Inseut), Vanessa Fonseca<\/p><p>Colabora\u00e7\u00e3o sonora: Ingra Schmitt (Ash) e Rodrigo Alvarenga de Souza Ourique (Inseut)<\/p>\t\t\t\t\t\t<\/div>\n\t\t\t\t<\/div>\n\t\t\t\t<div class=\"elementor-element elementor-element-ba80afa elementor-widget elementor-widget-spacer\" data-id=\"ba80afa\" data-element_type=\"widget\" data-widget_type=\"spacer.default\">\n\t\t\t\t<div class=\"elementor-widget-container\">\n\t\t\t\t\t<div class=\"elementor-spacer\">\n\t\t\t<div class=\"elementor-spacer-inner\"><\/div>\n\t\t<\/div>\n\t\t\t\t<\/div>\n\t\t\t\t<\/div>\n\t\t\t\t<div class=\"elementor-element elementor-element-d5ad3be elementor-widget elementor-widget-image\" data-id=\"d5ad3be\" data-element_type=\"widget\" data-widget_type=\"image.default\">\n\t\t\t\t<div class=\"elementor-widget-container\">\n\t\t\t\t\t\t\t\t\t\t\t\t\t<img decoding=\"async\" width=\"1024\" height=\"512\" src=\"https:\/\/www.ufsm.br\/app\/uploads\/sites\/814\/2026\/02\/difractus-02-1024x512.jpg\" class=\"attachment-large size-large wp-image-1822\" alt=\"\" srcset=\"https:\/\/www.ufsm.br\/app\/uploads\/sites\/814\/2026\/02\/difractus-02-1024x512.jpg 1024w, https:\/\/www.ufsm.br\/app\/uploads\/sites\/814\/2026\/02\/difractus-02-300x150.jpg 300w, https:\/\/www.ufsm.br\/app\/uploads\/sites\/814\/2026\/02\/difractus-02-768x384.jpg 768w, https:\/\/www.ufsm.br\/app\/uploads\/sites\/814\/2026\/02\/difractus-02-1536x768.jpg 1536w, https:\/\/www.ufsm.br\/app\/uploads\/sites\/814\/2026\/02\/difractus-02.jpg 1920w\" sizes=\"(max-width: 1024px) 100vw, 1024px\" \/>\t\t\t\t\t\t\t\t\t\t\t\t\t<\/div>\n\t\t\t\t<\/div>\n\t\t\t\t<div class=\"elementor-element elementor-element-9f59788 elementor-widget elementor-widget-spacer\" data-id=\"9f59788\" data-element_type=\"widget\" data-widget_type=\"spacer.default\">\n\t\t\t\t<div class=\"elementor-widget-container\">\n\t\t\t\t\t<div class=\"elementor-spacer\">\n\t\t\t<div class=\"elementor-spacer-inner\"><\/div>\n\t\t<\/div>\n\t\t\t\t<\/div>\n\t\t\t\t<\/div>\n\t\t\t\t<div class=\"elementor-element elementor-element-9a2976a elementor-widget elementor-widget-image\" data-id=\"9a2976a\" data-element_type=\"widget\" data-widget_type=\"image.default\">\n\t\t\t\t<div class=\"elementor-widget-container\">\n\t\t\t\t\t\t\t\t\t\t\t\t\t<img decoding=\"async\" width=\"1024\" height=\"512\" src=\"https:\/\/www.ufsm.br\/app\/uploads\/sites\/814\/2026\/02\/difractus-03-1024x512.jpg\" class=\"attachment-large size-large wp-image-1823\" alt=\"\" srcset=\"https:\/\/www.ufsm.br\/app\/uploads\/sites\/814\/2026\/02\/difractus-03-1024x512.jpg 1024w, https:\/\/www.ufsm.br\/app\/uploads\/sites\/814\/2026\/02\/difractus-03-300x150.jpg 300w, https:\/\/www.ufsm.br\/app\/uploads\/sites\/814\/2026\/02\/difractus-03-768x384.jpg 768w, https:\/\/www.ufsm.br\/app\/uploads\/sites\/814\/2026\/02\/difractus-03-1536x768.jpg 1536w, https:\/\/www.ufsm.br\/app\/uploads\/sites\/814\/2026\/02\/difractus-03.jpg 2000w\" sizes=\"(max-width: 1024px) 100vw, 1024px\" \/>\t\t\t\t\t\t\t\t\t\t\t\t\t<\/div>\n\t\t\t\t<\/div>\n\t\t\t\t<div class=\"elementor-element elementor-element-54620e7 elementor-widget elementor-widget-spacer\" data-id=\"54620e7\" data-element_type=\"widget\" data-widget_type=\"spacer.default\">\n\t\t\t\t<div class=\"elementor-widget-container\">\n\t\t\t\t\t<div class=\"elementor-spacer\">\n\t\t\t<div class=\"elementor-spacer-inner\"><\/div>\n\t\t<\/div>\n\t\t\t\t<\/div>\n\t\t\t\t<\/div>\n\t\t\t\t<div class=\"elementor-element elementor-element-bc25933 elementor-widget elementor-widget-image\" data-id=\"bc25933\" data-element_type=\"widget\" data-widget_type=\"image.default\">\n\t\t\t\t<div class=\"elementor-widget-container\">\n\t\t\t\t\t\t\t\t\t\t\t\t\t<img loading=\"lazy\" decoding=\"async\" width=\"1024\" height=\"512\" src=\"https:\/\/www.ufsm.br\/app\/uploads\/sites\/814\/2026\/02\/difractus-04-1024x512.jpg\" class=\"attachment-large size-large wp-image-1824\" alt=\"\" srcset=\"https:\/\/www.ufsm.br\/app\/uploads\/sites\/814\/2026\/02\/difractus-04-1024x512.jpg 1024w, https:\/\/www.ufsm.br\/app\/uploads\/sites\/814\/2026\/02\/difractus-04-300x150.jpg 300w, https:\/\/www.ufsm.br\/app\/uploads\/sites\/814\/2026\/02\/difractus-04-768x384.jpg 768w, https:\/\/www.ufsm.br\/app\/uploads\/sites\/814\/2026\/02\/difractus-04-1536x768.jpg 1536w, https:\/\/www.ufsm.br\/app\/uploads\/sites\/814\/2026\/02\/difractus-04.jpg 2000w\" sizes=\"(max-width: 1024px) 100vw, 1024px\" \/>\t\t\t\t\t\t\t\t\t\t\t\t\t<\/div>\n\t\t\t\t<\/div>\n\t\t\t\t\t<\/div>\n\t\t<\/div>\n\t\t\t\t\t<\/div>\n\t\t<\/section>\n\t\t\t\t<\/div>\n\t\t","protected":false},"excerpt":{"rendered":"<p>O territ\u00f3rio [di]fractus \u00e9 composto por tr\u00eas ambientes em realidade virtual: Antumbra; Penumbra; e Umbra, dispostos de forma a explorar o espa\u00e7o tridimensional digital, a luz, imagens e sons de forma diversa e multifacetada. A apresenta\u00e7\u00e3o acontecer\u00e1 no dia 1\u00ba de setembro de 2021 \u00e0s 17h e poder\u00e1 ser acessada pelos links: Twitch: www.twitch.tv\/labinterair Sansar: [&hellip;]<\/p>\n","protected":false},"author":7654,"featured_media":0,"parent":32,"menu_order":0,"comment_status":"closed","ping_status":"closed","template":"","meta":{"footnotes":""},"categories":[17],"tags":[],"class_list":["post-1815","page","type-page","status-publish","hentry","category-projetos"],"acf":[],"_links":{"self":[{"href":"https:\/\/www.ufsm.br\/laboratorios\/labinter\/wp-json\/wp\/v2\/pages\/1815","targetHints":{"allow":["GET"]}}],"collection":[{"href":"https:\/\/www.ufsm.br\/laboratorios\/labinter\/wp-json\/wp\/v2\/pages"}],"about":[{"href":"https:\/\/www.ufsm.br\/laboratorios\/labinter\/wp-json\/wp\/v2\/types\/page"}],"author":[{"embeddable":true,"href":"https:\/\/www.ufsm.br\/laboratorios\/labinter\/wp-json\/wp\/v2\/users\/7654"}],"replies":[{"embeddable":true,"href":"https:\/\/www.ufsm.br\/laboratorios\/labinter\/wp-json\/wp\/v2\/comments?post=1815"}],"version-history":[{"count":0,"href":"https:\/\/www.ufsm.br\/laboratorios\/labinter\/wp-json\/wp\/v2\/pages\/1815\/revisions"}],"up":[{"embeddable":true,"href":"https:\/\/www.ufsm.br\/laboratorios\/labinter\/wp-json\/wp\/v2\/pages\/32"}],"wp:attachment":[{"href":"https:\/\/www.ufsm.br\/laboratorios\/labinter\/wp-json\/wp\/v2\/media?parent=1815"}],"wp:term":[{"taxonomy":"category","embeddable":true,"href":"https:\/\/www.ufsm.br\/laboratorios\/labinter\/wp-json\/wp\/v2\/categories?post=1815"},{"taxonomy":"post_tag","embeddable":true,"href":"https:\/\/www.ufsm.br\/laboratorios\/labinter\/wp-json\/wp\/v2\/tags?post=1815"}],"curies":[{"name":"wp","href":"https:\/\/api.w.org\/{rel}","templated":true}]}}