{"id":2,"date":"2019-05-14T15:59:30","date_gmt":"2019-05-14T18:59:30","guid":{"rendered":"https:\/\/www.ufsm.br\/laboratorios-larp\/?page_id=2"},"modified":"2026-04-15T14:04:37","modified_gmt":"2026-04-15T17:04:37","slug":"pagina-inicial","status":"publish","type":"page","link":"https:\/\/www.ufsm.br\/laboratorios\/labinter\/","title":{"rendered":"P\u00e1gina inicial"},"content":{"rendered":"\t\t<div data-elementor-type=\"wp-post\" data-elementor-id=\"2\" class=\"elementor elementor-2\">\n\t\t\t\t\t\t<section class=\"elementor-section elementor-top-section elementor-element elementor-element-31fda3f1 elementor-section-boxed elementor-section-height-default elementor-section-height-default\" data-id=\"31fda3f1\" data-element_type=\"section\">\n\t\t\t\t\t\t<div class=\"elementor-container elementor-column-gap-default\">\n\t\t\t\t\t<div class=\"elementor-column elementor-col-100 elementor-top-column elementor-element elementor-element-7c1b024\" data-id=\"7c1b024\" data-element_type=\"column\">\n\t\t\t<div class=\"elementor-widget-wrap elementor-element-populated\">\n\t\t\t\t\t\t<div class=\"elementor-element elementor-element-0380a83 elementor-widget elementor-widget-wp-widget-ufsm_slider_widget\" data-id=\"0380a83\" data-element_type=\"widget\" data-widget_type=\"wp-widget-ufsm_slider_widget.default\">\n\t\t\t\t<div class=\"elementor-widget-container\">\n\t\t\t<style>\n.ufsm-slider-progress-bar {\n    position: absolute;\n    left: 0; right: 0; bottom: 0;\n    height: 5px;\n    background: #e6b800; \/* ocre *\/\n    width: 0;\n    transition: none;\n    z-index: 10;\n    border-radius: 0 0 4px 4px;\n    opacity: 0.85;\n}\n.carousel-item {\n    position: relative;\n}\n<\/style>\n<div id='ufsm-slider-1776850970-664625864' class='carousel slide carousel-ufsm' data-bs-ride='carousel' aria-hidden='true' style=\"\">\n    <div class='carousel-inner'>\n                                <div class='carousel-item active' data-bs-interval='7000'>\n                                    <a href='https:\/\/www.ufsm.br\/laboratorios\/labinter' >\n                        <img decoding=\"async\" class='h-100 w-100' style='max-height:444px; object-fit:cover;' alt=\"\" title=\"\" src=\"https:\/\/www.ufsm.br\/app\/uploads\/sites\/814\/2026\/02\/Banner-Inicial-Placeholder.jpg\" >\n                    <\/a>\n                \n                <!-- Barra de progresso (apenas se houver mais de uma imagem) -->\n                                    <div class=\"ufsm-slider-progress-bar\"><\/div>\n                \n                            <\/div>\n                                <div class='carousel-item ' data-bs-interval='7000'>\n                                    <a href='https:\/\/www.ufsm.br\/laboratorios\/labinter\/entreconversa-2025' >\n                        <img decoding=\"async\" class='h-100 w-100' style='max-height:444px; object-fit:cover;' alt=\"\" title=\"\" src=\"https:\/\/www.ufsm.br\/app\/uploads\/sites\/814\/2025\/11\/Banner-Entreconversa-2025.jpg\" >\n                    <\/a>\n                \n                <!-- Barra de progresso (apenas se houver mais de uma imagem) -->\n                                    <div class=\"ufsm-slider-progress-bar\"><\/div>\n                \n                            <\/div>\n                            <ol class='carousel-indicators carousel-indicators-numbers d-none d-md-flex align-self-end m-0'>\n                <li data-bs-target='#ufsm-slider-1776850970-664625864' data-bs-slide-to='0' class='d-flex rounded-circle active'><span class='m-auto fw-bold'>1<\/span><\/li><li data-bs-target='#ufsm-slider-1776850970-664625864' data-bs-slide-to='1' class='d-flex rounded-circle '><span class='m-auto fw-bold'>2<\/span><\/li>            <\/ol>\n            <a class='carousel-control-prev' href='#ufsm-slider-1776850970-664625864' role='button' data-bs-slide='prev'>\n                <span class='carousel-control-prev-icon' aria-hidden='true'><\/span>\n                <span class='visually-hidden'>Anterior<\/span>\n            <\/a>\n            <a class='carousel-control-next' href='#ufsm-slider-1776850970-664625864' role='button' data-bs-slide='next'>\n                <span class='carousel-control-next-icon' aria-hidden='true'><\/span>\n                <span class='visually-hidden'>Pr\u00f3ximo<\/span>\n            <\/a>\n            <\/div>\n<\/div>\n<script>\n(function(){\n    var carousel = document.getElementById('ufsm-slider-1776850970-664625864');\n    if (!carousel) return;\n    var tempo = 7000;\n    var bars = carousel.querySelectorAll('.ufsm-slider-progress-bar');\n    var items = carousel.querySelectorAll('.carousel-item');\n    var intervalId = null;\n\n    \/\/ S\u00f3 ativa barra se houver mais de uma imagem\n    if (bars.length < 1) return;\n\n    function resetBars() {\n        bars.forEach(function(bar){ bar.style.width = '0'; bar.style.transition = 'none'; });\n    }\n    function animateBar(idx) {\n        resetBars();\n        var bar = bars[idx];\n        if (!bar) return;\n        \/\/ For\u00e7a reflow para reiniciar a anima\u00e7\u00e3o\n        void bar.offsetWidth;\n        bar.style.transition = 'width ' + (tempo\/1000) + 's linear';\n        bar.style.width = '100%';\n    }\n    function getActiveIdx() {\n        for (var i=0; i<items.length; i++) {\n            if (items[i].classList.contains('active')) return i;\n        }\n        return 0;\n    }\n    function onSlide() {\n        setTimeout(function(){\n            animateBar(getActiveIdx());\n        }, 50);\n    }\n    \/\/ Bootstrap 5: evento 'slid.bs.carousel'\n    carousel.addEventListener('slid.bs.carousel', onSlide);\n    \/\/ Inicializa na primeira imagem\n    animateBar(getActiveIdx());\n    \/\/ Se o usu\u00e1rio interagir manualmente, reinicia a barra\n    carousel.addEventListener('slide.bs.carousel', function(){ resetBars(); });\n})();\n<\/script>\n<ul class='visually-hidden'>\n    <\/ul>\n\t\t<\/div>\n\t\t\t\t<\/div>\n\t\t\t\t<div class=\"elementor-element elementor-element-05cf649 elementor-widget elementor-widget-spacer\" data-id=\"05cf649\" data-element_type=\"widget\" data-widget_type=\"spacer.default\">\n\t\t\t\t<div class=\"elementor-widget-container\">\n\t\t\t\t\t<div class=\"elementor-spacer\">\n\t\t\t<div class=\"elementor-spacer-inner\"><\/div>\n\t\t<\/div>\n\t\t\t\t<\/div>\n\t\t\t\t<\/div>\n\t\t\t\t<div class=\"elementor-element elementor-element-784e800 elementor-widget elementor-widget-text-editor\" data-id=\"784e800\" data-element_type=\"widget\" data-widget_type=\"text-editor.default\">\n\t\t\t\t<div class=\"elementor-widget-container\">\n\t\t\t\t\t\t\t<p style=\"text-align: justify\"><span style=\"color: #1c1c1c\">O LabInter \u2013 Laborat\u00f3rio Interdisciplinar Interativo \u2013 tem como objetivo o desenvolvimento de pesquisas cient\u00edficas, produ\u00e7\u00f5es art\u00edsticas, cursos e oficinas, interc\u00e2mbio de conhecimentos e propaga\u00e7\u00e3o de metodologias nas \u00e1reas de Arte, Ci\u00eancia e Tecnologia. \u00c9 um espa\u00e7o de pesquisa e cria\u00e7\u00e3o em projetos art\u00edsticos interativos e imersivos, realizados em rede de modo interdisciplinar e colaborativo com institui\u00e7\u00f5es nacionais e internacionais, voltados para a inova\u00e7\u00e3o e desenvolvimento tecnol\u00f3gico.<\/span><\/p>\t\t\t\t\t\t<\/div>\n\t\t\t\t<\/div>\n\t\t\t\t\t<\/div>\n\t\t<\/div>\n\t\t\t\t\t<\/div>\n\t\t<\/section>\n\t\t\t\t<section class=\"elementor-section elementor-top-section elementor-element elementor-element-620e476 elementor-section-boxed elementor-section-height-default elementor-section-height-default\" data-id=\"620e476\" data-element_type=\"section\">\n\t\t\t\t\t\t<div class=\"elementor-container elementor-column-gap-default\">\n\t\t\t\t\t<div class=\"elementor-column elementor-col-25 elementor-top-column elementor-element elementor-element-2f87b61\" data-id=\"2f87b61\" data-element_type=\"column\">\n\t\t\t<div class=\"elementor-widget-wrap elementor-element-populated\">\n\t\t\t\t\t\t<div class=\"elementor-element elementor-element-a0ed04d elementor-widget elementor-widget-image\" data-id=\"a0ed04d\" data-element_type=\"widget\" data-widget_type=\"image.default\">\n\t\t\t\t<div class=\"elementor-widget-container\">\n\t\t\t\t\t\t\t\t\t\t\t\t\t\t<a href=\"https:\/\/www.ufsm.br\/laboratorios\/labinter\/producao-cientifica\">\n\t\t\t\t\t\t\t<img fetchpriority=\"high\" decoding=\"async\" width=\"835\" height=\"489\" src=\"https:\/\/www.ufsm.br\/app\/uploads\/sites\/814\/2026\/02\/Placeholder-Producao-Cientifica.jpeg\" class=\"attachment-large size-large wp-image-1810\" alt=\"\" srcset=\"https:\/\/www.ufsm.br\/app\/uploads\/sites\/814\/2026\/02\/Placeholder-Producao-Cientifica.jpeg 835w, https:\/\/www.ufsm.br\/app\/uploads\/sites\/814\/2026\/02\/Placeholder-Producao-Cientifica-300x176.jpeg 300w, https:\/\/www.ufsm.br\/app\/uploads\/sites\/814\/2026\/02\/Placeholder-Producao-Cientifica-768x450.jpeg 768w\" sizes=\"(max-width: 835px) 100vw, 835px\" \/>\t\t\t\t\t\t\t\t<\/a>\n\t\t\t\t\t\t\t\t\t\t\t\t\t<\/div>\n\t\t\t\t<\/div>\n\t\t\t\t\t<\/div>\n\t\t<\/div>\n\t\t\t\t<div class=\"elementor-column elementor-col-25 elementor-top-column elementor-element elementor-element-986e880\" data-id=\"986e880\" data-element_type=\"column\">\n\t\t\t<div class=\"elementor-widget-wrap elementor-element-populated\">\n\t\t\t\t\t\t<div class=\"elementor-element elementor-element-304cab8 elementor-widget elementor-widget-image\" data-id=\"304cab8\" data-element_type=\"widget\" data-widget_type=\"image.default\">\n\t\t\t\t<div class=\"elementor-widget-container\">\n\t\t\t\t\t\t\t\t\t\t\t\t\t\t<a href=\"https:\/\/www.ufsm.br\/laboratorios\/labinter\/projetos\">\n\t\t\t\t\t\t\t<img decoding=\"async\" width=\"835\" height=\"489\" src=\"https:\/\/www.ufsm.br\/app\/uploads\/sites\/814\/2026\/02\/Placeholder-Projetos.jpg\" class=\"attachment-large size-large wp-image-1811\" alt=\"\" srcset=\"https:\/\/www.ufsm.br\/app\/uploads\/sites\/814\/2026\/02\/Placeholder-Projetos.jpg 835w, https:\/\/www.ufsm.br\/app\/uploads\/sites\/814\/2026\/02\/Placeholder-Projetos-300x176.jpg 300w, https:\/\/www.ufsm.br\/app\/uploads\/sites\/814\/2026\/02\/Placeholder-Projetos-768x450.jpg 768w\" sizes=\"(max-width: 835px) 100vw, 835px\" \/>\t\t\t\t\t\t\t\t<\/a>\n\t\t\t\t\t\t\t\t\t\t\t\t\t<\/div>\n\t\t\t\t<\/div>\n\t\t\t\t\t<\/div>\n\t\t<\/div>\n\t\t\t\t<div class=\"elementor-column elementor-col-25 elementor-top-column elementor-element elementor-element-36ad249\" data-id=\"36ad249\" data-element_type=\"column\">\n\t\t\t<div class=\"elementor-widget-wrap elementor-element-populated\">\n\t\t\t\t\t\t<div class=\"elementor-element elementor-element-2083908 elementor-widget elementor-widget-image\" data-id=\"2083908\" data-element_type=\"widget\" data-widget_type=\"image.default\">\n\t\t\t\t<div class=\"elementor-widget-container\">\n\t\t\t\t\t\t\t\t\t\t\t\t\t\t<a href=\"https:\/\/www.ufsm.br\/laboratorios\/labinter\/eventos-artisticos-e-academicos\">\n\t\t\t\t\t\t\t<img decoding=\"async\" width=\"835\" height=\"489\" src=\"https:\/\/www.ufsm.br\/app\/uploads\/sites\/814\/2026\/02\/Placeholder-Eventos.jpeg\" class=\"attachment-large size-large wp-image-1809\" alt=\"\" srcset=\"https:\/\/www.ufsm.br\/app\/uploads\/sites\/814\/2026\/02\/Placeholder-Eventos.jpeg 835w, https:\/\/www.ufsm.br\/app\/uploads\/sites\/814\/2026\/02\/Placeholder-Eventos-300x176.jpeg 300w, https:\/\/www.ufsm.br\/app\/uploads\/sites\/814\/2026\/02\/Placeholder-Eventos-768x450.jpeg 768w\" sizes=\"(max-width: 835px) 100vw, 835px\" \/>\t\t\t\t\t\t\t\t<\/a>\n\t\t\t\t\t\t\t\t\t\t\t\t\t<\/div>\n\t\t\t\t<\/div>\n\t\t\t\t\t<\/div>\n\t\t<\/div>\n\t\t\t\t<div class=\"elementor-column elementor-col-25 elementor-top-column elementor-element elementor-element-2af4e2d\" data-id=\"2af4e2d\" data-element_type=\"column\">\n\t\t\t<div class=\"elementor-widget-wrap elementor-element-populated\">\n\t\t\t\t\t\t<div class=\"elementor-element elementor-element-ca79b17 elementor-widget elementor-widget-image\" data-id=\"ca79b17\" data-element_type=\"widget\" data-widget_type=\"image.default\">\n\t\t\t\t<div class=\"elementor-widget-container\">\n\t\t\t\t\t\t\t\t\t\t\t\t\t\t<a href=\"https:\/\/www.ufsm.br\/laboratorios\/labinter\/estrutura\">\n\t\t\t\t\t\t\t<img loading=\"lazy\" decoding=\"async\" width=\"835\" height=\"489\" src=\"https:\/\/www.ufsm.br\/app\/uploads\/sites\/814\/2026\/02\/Placeholder-Sobre.jpeg\" class=\"attachment-large size-large wp-image-1813\" alt=\"\" srcset=\"https:\/\/www.ufsm.br\/app\/uploads\/sites\/814\/2026\/02\/Placeholder-Sobre.jpeg 835w, https:\/\/www.ufsm.br\/app\/uploads\/sites\/814\/2026\/02\/Placeholder-Sobre-300x176.jpeg 300w, https:\/\/www.ufsm.br\/app\/uploads\/sites\/814\/2026\/02\/Placeholder-Sobre-768x450.jpeg 768w\" sizes=\"(max-width: 835px) 100vw, 835px\" \/>\t\t\t\t\t\t\t\t<\/a>\n\t\t\t\t\t\t\t\t\t\t\t\t\t<\/div>\n\t\t\t\t<\/div>\n\t\t\t\t\t<\/div>\n\t\t<\/div>\n\t\t\t\t\t<\/div>\n\t\t<\/section>\n\t\t\t\t<section class=\"elementor-section elementor-top-section elementor-element elementor-element-7a8fd9e elementor-section-boxed elementor-section-height-default elementor-section-height-default\" data-id=\"7a8fd9e\" data-element_type=\"section\">\n\t\t\t\t\t\t<div class=\"elementor-container elementor-column-gap-default\">\n\t\t\t\t\t<div class=\"elementor-column elementor-col-100 elementor-top-column elementor-element elementor-element-806ed77\" data-id=\"806ed77\" data-element_type=\"column\">\n\t\t\t<div class=\"elementor-widget-wrap elementor-element-populated\">\n\t\t\t\t\t\t<div class=\"elementor-element elementor-element-81ff140 elementor-widget elementor-widget-spacer\" data-id=\"81ff140\" data-element_type=\"widget\" data-widget_type=\"spacer.default\">\n\t\t\t\t<div class=\"elementor-widget-container\">\n\t\t\t\t\t<div class=\"elementor-spacer\">\n\t\t\t<div class=\"elementor-spacer-inner\"><\/div>\n\t\t<\/div>\n\t\t\t\t<\/div>\n\t\t\t\t<\/div>\n\t\t\t\t<div class=\"elementor-element elementor-element-e2f711d elementor-widget elementor-widget-wp-widget-ufsm_noticias_widget\" data-id=\"e2f711d\" data-element_type=\"widget\" data-widget_type=\"wp-widget-ufsm_noticias_widget.default\">\n\t\t\t\t<div class=\"elementor-widget-container\">\n\t\t\t<h5 class='titulo-conteudos'>Not\u00edcias<\/h5><div class='widget-noticias-inside'>\n                        <div class=\"row\">\n                                    <div class=\"col-12 col-lg-12 pb-4\">\n                                        \n                                        \n                    \n                    <a class=\"noticias-widget-title d-block \"  title=\"ENTRECONVERSAS &#8211; Evento LabInter (PPGART\/UFSM)\" href=\"https:\/\/www.ufsm.br\/cursos\/pos-graduacao\/santa-maria\/ppgart\/2025\/11\/19\/entreconversas-evento-labinter-ppgart-ufsm\">\n                                                ENTRECONVERSAS &#8211; Evento LabInter (PPGART\/UFSM)                    <\/a>\n                    \n                                            <div class=\"noticias-widget-introtext\">\n                            No dia 25 de novembro de 2025, o Laborat\u00f3rio Interdisciplinar Interativo (LabInter), coordenado pela Prof\u00aa Dr\u00aa Andreia Machado Oliveira (PPGART\/UFSM), realizar\u00e1 o evento Entreconversas. Ele tem o intuito de apresentar e discutir, por meio de conversas abertas com pesquisadores da&hellip;                        <\/div>\n                    \n                                        \n                                        \n                                            \n                                                    <div title=\"Publicado em 19\/11\/2025 \" class=\"data-publicacao-widget\">\n                                <i  class=\"far fa-clock\"><\/i>\n                                19\/11\/2025                             <\/div>\n                                                                <\/div>\n                            <\/div>\n                    <div class=\"row\">\n                                    <div class=\"col-12 col-lg-12 pb-4\">\n                                        \n                                        \n                    \n                    <a class=\"noticias-widget-title d-block \"  title=\"Alunos e egressos da P\u00f3s-Gradua\u00e7\u00e3o em Artes Visuais exp\u00f5em trabalhos no evento Entreconversa\" href=\"https:\/\/www.ufsm.br\/2025\/11\/18\/alunos-e-egressos-da-pos-graduacao-em-artes-visuais-expoem-trabalhos-no-evento-entreconversa\">\n                                                Alunos e egressos da P\u00f3s-Gradua\u00e7\u00e3o em Artes Visuais exp\u00f5em trabalhos no evento Entreconversa                    <\/a>\n                    \n                                            <div class=\"noticias-widget-introtext\">\n                            O evento que visa a apresentar e discutir pesquisas contempor\u00e2neas em arte, ci\u00eancia e tecnologia                        <\/div>\n                    \n                                        \n                                        \n                                            \n                                                    <div title=\"Publicado em 18\/11\/2025 \" class=\"data-publicacao-widget\">\n                                <i  class=\"far fa-clock\"><\/i>\n                                18\/11\/2025                             <\/div>\n                                                                <\/div>\n                            <\/div>\n                    <div class=\"row\">\n                                    <div class=\"col-12 col-lg-12 pb-4\">\n                                        \n                                        \n                    \n                    <a class=\"noticias-widget-title d-block \"  title=\"Planet\u00e1rio recebe nesta semana a exibi\u00e7\u00e3o de obras audiovisuais art\u00edsticas imersivas\" href=\"https:\/\/www.ufsm.br\/2025\/06\/24\/planetario-recebe-nesta-semana-a-exibicao-de-obras-audiovisuais-artisticas-imersivas\">\n                                                Planet\u00e1rio recebe nesta semana a exibi\u00e7\u00e3o de obras audiovisuais art\u00edsticas imersivas                    <\/a>\n                    \n                                            <div class=\"noticias-widget-introtext\">\n                            O Semin\u00e1rio e Festival Internacional Fulldome em Rede ocorre de quarta (25) a sexta-feira (27)                        <\/div>\n                    \n                                        \n                                        \n                                            \n                                                    <div title=\"Publicado em 24\/06\/2025 \" class=\"data-publicacao-widget\">\n                                <i  class=\"far fa-clock\"><\/i>\n                                24\/06\/2025                             <\/div>\n                                                                <\/div>\n                            <\/div>\n            <\/div>\n<div class=\"leia-mais p-1\">\n                <a href=\"https:\/\/www.ufsm.br\/laboratorios\/labinter\/busca\/?q=labinter&amp;sites%5B%5D=814&amp;sites%5B%5D=529&amp;sites%5B%5D=1&amp;tags=&amp;orderby=date&amp;order=DESC&amp;perpage=15&amp;area=post&amp;tipo_edital=&amp;licitacao_edital=&amp;concurso_edital_mod=&amp;concurso_edital_cat=&amp;outro_edital=\">\n            LEIA MAIS            <span class=\"icon-box\">\n                <span class=\"bg-ufsm-widget-icon\">\n                    <i class=\"fas fa-chevron-right\" aria-hidden=\"true\"><\/i>\n                <\/span>\n            <\/span>\n        <\/a>\n    <\/div>\n\t\t<\/div>\n\t\t\t\t<\/div>\n\t\t\t\t<div class=\"elementor-element elementor-element-d03f09e elementor-widget elementor-widget-spacer\" data-id=\"d03f09e\" data-element_type=\"widget\" data-widget_type=\"spacer.default\">\n\t\t\t\t<div class=\"elementor-widget-container\">\n\t\t\t\t\t<div class=\"elementor-spacer\">\n\t\t\t<div class=\"elementor-spacer-inner\"><\/div>\n\t\t<\/div>\n\t\t\t\t<\/div>\n\t\t\t\t<\/div>\n\t\t\t\t<div class=\"elementor-element elementor-element-32e1e59 elementor-widget elementor-widget-heading\" data-id=\"32e1e59\" data-element_type=\"widget\" data-widget_type=\"heading.default\">\n\t\t\t\t<div class=\"elementor-widget-container\">\n\t\t\t<h5 class=\"elementor-heading-title elementor-size-default\">Apoio<\/h5>\t\t<\/div>\n\t\t\t\t<\/div>\n\t\t\t\t<div class=\"elementor-element elementor-element-901c3b2 elementor-widget elementor-widget-image\" data-id=\"901c3b2\" data-element_type=\"widget\" data-widget_type=\"image.default\">\n\t\t\t\t<div class=\"elementor-widget-container\">\n\t\t\t\t\t\t\t\t\t\t\t\t\t<img loading=\"lazy\" decoding=\"async\" width=\"1024\" height=\"125\" src=\"https:\/\/www.ufsm.br\/app\/uploads\/sites\/814\/2026\/01\/Apoio-1024x125.jpg\" class=\"attachment-large size-large wp-image-1795\" alt=\"\" srcset=\"https:\/\/www.ufsm.br\/app\/uploads\/sites\/814\/2026\/01\/Apoio-1024x125.jpg 1024w, https:\/\/www.ufsm.br\/app\/uploads\/sites\/814\/2026\/01\/Apoio-300x37.jpg 300w, https:\/\/www.ufsm.br\/app\/uploads\/sites\/814\/2026\/01\/Apoio-768x94.jpg 768w, https:\/\/www.ufsm.br\/app\/uploads\/sites\/814\/2026\/01\/Apoio-1536x187.jpg 1536w, https:\/\/www.ufsm.br\/app\/uploads\/sites\/814\/2026\/01\/Apoio.jpg 1920w\" sizes=\"(max-width: 1024px) 100vw, 1024px\" \/>\t\t\t\t\t\t\t\t\t\t\t\t\t<\/div>\n\t\t\t\t<\/div>\n\t\t\t\t\t<\/div>\n\t\t<\/div>\n\t\t\t\t\t<\/div>\n\t\t<\/section>\n\t\t\t\t<\/div>\n\t\t","protected":false},"excerpt":{"rendered":"<p>O LabInter \u2013 Laborat\u00f3rio Interdisciplinar Interativo \u2013 tem como objetivo o desenvolvimento de pesquisas cient\u00edficas, produ\u00e7\u00f5es art\u00edsticas, cursos e oficinas, interc\u00e2mbio de conhecimentos e propaga\u00e7\u00e3o de metodologias nas \u00e1reas de Arte, Ci\u00eancia e Tecnologia. \u00c9 um espa\u00e7o de pesquisa e cria\u00e7\u00e3o em projetos art\u00edsticos interativos e imersivos, realizados em rede de modo interdisciplinar e colaborativo [&hellip;]<\/p>\n","protected":false},"author":26,"featured_media":1441,"parent":0,"menu_order":0,"comment_status":"closed","ping_status":"closed","template":"","meta":{"footnotes":""},"categories":[101],"tags":[],"class_list":["post-2","page","type-page","status-publish","has-post-thumbnail","hentry","category-informacao"],"acf":[],"_links":{"self":[{"href":"https:\/\/www.ufsm.br\/laboratorios\/labinter\/wp-json\/wp\/v2\/pages\/2","targetHints":{"allow":["GET"]}}],"collection":[{"href":"https:\/\/www.ufsm.br\/laboratorios\/labinter\/wp-json\/wp\/v2\/pages"}],"about":[{"href":"https:\/\/www.ufsm.br\/laboratorios\/labinter\/wp-json\/wp\/v2\/types\/page"}],"author":[{"embeddable":true,"href":"https:\/\/www.ufsm.br\/laboratorios\/labinter\/wp-json\/wp\/v2\/users\/26"}],"replies":[{"embeddable":true,"href":"https:\/\/www.ufsm.br\/laboratorios\/labinter\/wp-json\/wp\/v2\/comments?post=2"}],"version-history":[{"count":0,"href":"https:\/\/www.ufsm.br\/laboratorios\/labinter\/wp-json\/wp\/v2\/pages\/2\/revisions"}],"wp:featuredmedia":[{"embeddable":true,"href":"https:\/\/www.ufsm.br\/laboratorios\/labinter\/wp-json\/wp\/v2\/media\/1441"}],"wp:attachment":[{"href":"https:\/\/www.ufsm.br\/laboratorios\/labinter\/wp-json\/wp\/v2\/media?parent=2"}],"wp:term":[{"taxonomy":"category","embeddable":true,"href":"https:\/\/www.ufsm.br\/laboratorios\/labinter\/wp-json\/wp\/v2\/categories?post=2"},{"taxonomy":"post_tag","embeddable":true,"href":"https:\/\/www.ufsm.br\/laboratorios\/labinter\/wp-json\/wp\/v2\/tags?post=2"}],"curies":[{"name":"wp","href":"https:\/\/api.w.org\/{rel}","templated":true}]}}