{"id":279,"date":"2020-06-21T19:02:18","date_gmt":"2020-06-21T22:02:18","guid":{"rendered":"https:\/\/www.ufsm.br\/laboratorios\/labinter\/?page_id=279"},"modified":"2024-03-21T17:07:22","modified_gmt":"2024-03-21T20:07:22","slug":"artigos-em-periodicos","status":"publish","type":"page","link":"https:\/\/www.ufsm.br\/laboratorios\/labinter\/producao-cientifica\/artigos-em-periodicos","title":{"rendered":"Artigos em Peri\u00f3dicos"},"content":{"rendered":"\t\t<div data-elementor-type=\"wp-page\" data-elementor-id=\"279\" class=\"elementor elementor-279\">\n\t\t\t\t\t\t<section class=\"elementor-section elementor-top-section elementor-element elementor-element-6b3a87c elementor-section-boxed elementor-section-height-default elementor-section-height-default\" data-id=\"6b3a87c\" data-element_type=\"section\">\n\t\t\t\t\t\t<div class=\"elementor-container elementor-column-gap-default\">\n\t\t\t\t\t<div class=\"elementor-column elementor-col-100 elementor-top-column elementor-element elementor-element-7003023\" data-id=\"7003023\" data-element_type=\"column\">\n\t\t\t<div class=\"elementor-widget-wrap elementor-element-populated\">\n\t\t\t\t\t\t<div class=\"elementor-element elementor-element-3b687e4 elementor-widget elementor-widget-text-editor\" data-id=\"3b687e4\" data-element_type=\"widget\" data-widget_type=\"text-editor.default\">\n\t\t\t\t<div class=\"elementor-widget-container\">\n\t\t\t\t\t\t\t<div class=\"layout-cell layout-cell-11\"><div class=\"transform\"><p>ROSA, R. ;\u00a0OLIVEIRA, Andr\u00e9ia Machado\u00a0. <strong>Editorial do Dossi\u00ea Comemorativo -Edi\u00e7\u00e3o n.50: Educomunica\u00e7\u00e3o e interculturalidade nas rela\u00e7\u00f5es Brasil ?Mo\u00e7ambique. ANIMUS (SANTA MARIA. ONLINE), v. 50, p. 1-5, 2024.<\/strong><\/p><p>OLIVEIRA, Andreia Machado. <strong>FUTURE IMAGININGS IN ART AND ARTIFICIAL INTELLIGENCE. Journal Of Aesthetics And Phenomenology<sup><img decoding=\"async\" id=\"20539320_2\" class=\"ajaxJCR jcrTip\" style=\"background: none 0px 0px repeat scroll transparent;border: 0px none;font-size: 11px;margin: 0px;padding: 0px;vertical-align: baseline;text-align: left\" src=\"http:\/\/buscatextual.cnpq.br\/buscatextual\/images\/curriculo\/jcr.gif\" data-issn=\"20539320\" \/><\/sup>, v. 9, p. 209-225, 2023.<\/strong><\/p><p>OLIVEIRA, Andreia Machado. <a href=\"https:\/\/www.scielo.br\/j\/edreal\/a\/3pVvVzRgcHDPjgmYwrSY7Zn\/\"><strong>Pensar as Tecnologias a partir de Gilbert Simondon e Yuk Hui \/ Thinking about Technologies from Gilbert Simondon and Yuk Hui. EDuca\u00e7\u00e3o e Realidade Edi\u00e7\u00e3o eletr\u00f4nica, v. 48, p. 1-21, 2023.<\/strong><\/a><\/p><p>OLIVEIRA, Andreia Machado; SANTOS, C. ; DUARTE, F. ; MALLMANN, K. L. ; CAMARGO, M. M. S. . <a href=\"https:\/\/periodicos.unb.br\/index.php\/revistavis\/article\/view\/48416\"><strong>AIR ? LabInter. REVISTA VIS: REVISTA DO PROGRAMA DE P\u00d3S-GRADUA\u00c7\u00c3O EM ARTE, v. 2, p. 10-30, 2023.<\/strong><\/a><\/p><p>MALLMANN, K. L. ;\u00a0OLIVEIRA, Andreia Machado\u00a0; ANDRE, G. F. . <a href=\"https:\/\/revistas.javeriana.edu.co\/files-articulos\/MAVAE\/18-2(2023)\/6792563011\/index.html\"><strong>Pr\u00e1ticas art\u00edsticas colaborativas para empurrar o c\u00e9u e respirar. Cuadernos De Musica Artes Visuales Y Artes Escenicas<sup><img decoding=\"async\" id=\"22159959_5\" class=\"ajaxJCR jcrTip\" style=\"background: none 0px 0px repeat scroll transparent;border: 0px none;font-size: 11px;margin: 0px;padding: 0px;vertical-align: baseline;text-align: left\" src=\"http:\/\/buscatextual.cnpq.br\/buscatextual\/images\/curriculo\/jcr.gif\" data-issn=\"22159959\" \/><\/sup>, v. 18, p. 190-203, 2023.<\/strong><\/a><\/p><p>MALLMANN, K. L. ;\u00a0OLIVEIRA, Andr\u00e9ia Machado\u00a0. <a href=\"https:\/\/periodicos.ufmg.br\/index.php\/revistapos\/article\/view\/45499\"><strong>&#8216;As Pr\u00e1ticas horizontais e colaborativas com comunidades ind\u00edgenas &#8211; A arte como terreno para efetivar fazeres&#8217;.. REVISTA DO PROGRAMA DE P\u00d3S GRADUA\u00c7\u00c3O EM ARTES DA ESCOLA DE BELAS ARTES DA UFMG, v. 13, p. 75-90, 2023.<\/strong><\/a><\/p><p>OLIVEIRA, Andr\u00e9ia Machado; HILDEBRAND, Hermes Renato . <a href=\"https:\/\/datjournal.anhembi.br\/dat\/article\/download\/771\/564\/2091\"><strong>Objetos art\u00edsticos digitais diante dos processos de media\u00e7\u00e3o e intera\u00e7\u00e3o. DATJOURNAL DESIGN ART AND TECHNOLOGY, v. 8, p. 122-131, 2023.<\/strong><\/a><\/p><p>OLIVEIRA, Andreia Machado; CAMARGO, MATHEUS MORENO DOS SANTOS . <a href=\"https:\/\/www.researchgate.net\/publication\/368561814_AIR_ambientes_imersivos_interativos_e_inteligentes_em_rede\"><strong>AIR: ambientes imersivos, interativos e inteligentes em rede. NOVOS OLHARES, v. 11, p. 205840-205846, 2023.<\/strong><\/a><\/p><p>FREDRICH, V. E. ;\u00a0OLIVEIRA, Andreia Machado\u00a0. <strong>Rela\u00e7\u00f5es entre imagem e corpo na Arte Interativa. OUVIROUVER (ONLINE), v. 18, p. 399-418, 2022.<\/strong><\/p><p>MACHADO OLIVEIRA, ANDREIA. <a href=\"https:\/\/www.tandfonline.com\/doi\/full\/10.1080\/20004214.2022.2107252\"><strong>Intersections between Eija-Liisa Ahtila and Gilbert Simondon: imagistic experience in the associated milieu. Journal Of Aesthetics &amp; Culture<sup><img decoding=\"async\" id=\"20004214_10\" class=\"ajaxJCR jcrTip\" style=\"background: none 0px 0px repeat scroll transparent;border: 0px none;font-size: 11px;margin: 0px;padding: 0px;vertical-align: baseline;text-align: left\" src=\"http:\/\/buscatextual.cnpq.br\/buscatextual\/images\/curriculo\/jcr.gif\" data-issn=\"20004214\" \/><\/sup>, v. 14, p. 1-17, 2022.<\/strong><\/a><\/p><p>OLIVEIRA, Andreia Machado; GONCALVES, E. ; GORCZEVSKI, D. . Editorial &#8211; <a href=\"https:\/\/revistas.ufpel.edu.br\/index.php\/paralelo\/article\/view\/4762\"><strong>ARTES EM CONV\u00cdVIO: OS PROCESSOS E OS SABERES NO CONTEMPOR\u00c2NEO. PARALELO 31, v. 18, p. 1-5, 2022.<\/strong><\/a><\/p><p>OLIVEIRA, Andreia Machado; PALAZUELOS, F. R. ; GUERCHE, T. P. . LABINTER: <a href=\"https:\/\/periodicos.ufpel.edu.br\/index.php\/paralelo\/article\/view\/23773\"><strong>arte e tecnologia em projetos colaborativos. PARALELO 31, p. 350, 2022.<\/strong><\/a><\/p><p>CAMARGO, M. M. S. ;\u00a0OLIVEIRA, Andreia Machado\u00a0.<a href=\"https:\/\/publication.avanca.org\/index.php\/avancacinema\/article\/view\/377\"><strong> EFEMERA Imagem &#8211; Exibi\u00e7\u00e3o AudioVisual FullDome. AVANCA | CINEMA, p. 131-142, 2022.<\/strong><\/a><\/p><p>URQUHART DUARTE, FABIANE ;\u00a0MACHADO OLIVEIRA, ANDREIA\u00a0. <a href=\"https:\/\/publication.avanca.org\/index.php\/avancacinema\/article\/view\/456\"><strong>Po\u00e9tica do Tempo: sobre o desgaste e a apropria\u00e7\u00e3o de materiais fotossens\u00edveis. AVANCA | CINEMA, v. 1, p. 772-776, 2022.<\/strong><\/a><\/p><p>MALLMANN, KALINKA ;\u00a0MACHADO OLIVEIRA, ANDREIA\u00a0; SIRAI SALES, JOCELI . <strong><a href=\"https:\/\/revistas.javeriana.edu.co\/index.php\/cma\/article\/download\/malmann_machado_sirai\/malmann_machado_sirai\/134399\">Arte e tecnodiversidade na ativac-a-o da cultura indi-gena kainga-ng. CUADERNOS DE MUSICA, ARTES VISUALES Y ARTES ESCENICAS<sup><img decoding=\"async\" id=\"22159959_15\" class=\"ajaxJCR jcrTip\" style=\"background: none 0px 0px repeat scroll transparent;border: 0px none;font-size: 11px;margin: 0px;padding: 0px;vertical-align: baseline;text-align: left\" src=\"http:\/\/buscatextual.cnpq.br\/buscatextual\/images\/curriculo\/jcr.gif\" data-issn=\"22159959\" \/><\/sup>, v. 16, p. 174-195, 2021<\/a>.<\/strong><\/p><p>OLIVEIRA, Andreia Machado; CAMARGO, MATHEUS MORENO DOS SANTOS ; ZINDELA, LUYANDA . <a href=\"https:\/\/publication.avanca.org\/index.php\/avancacinema\/article\/view\/188\/365\"><strong>Monumentos Virtuais: projeto audiovisual colaborativo para formato fulldome. AVANCA | CINEMA, v. 2, p. 764-772, 2021.<\/strong><\/a><\/p><p>OLIVEIRA, Andr\u00e9ia Machado; ALMEIDA, B. ; SANTOS, C. ; ALVIM, L. A. T. ; ZINDELA, L. ; CAMARGO, M. M. S. ; SINGH, N. ; SEEDAT, T. . <a href=\"http:\/\/www.periodicos.ufc.br\/vazantes\/article\/view\/60738\"><strong>Monumentos Virtuais e Mem\u00f3ria:. Revista Vazantes, v. 4, p. 93-113, 2020.<\/strong><\/a><\/p><p>OLIVEIRA, ANDREIA. <a href=\"https:\/\/periodicos.unespar.edu.br\/index.php\/sensorium\/article\/view\/3466\"><strong>Arte socialmente engajada e pr\u00e1ticas de colabora\u00e7\u00e3o: a\u00e7\u00f5es movidas pelos afectos. ART&amp;SENSORIUM, v. 7, p. 58-72, 2020.<\/strong><span style=\"color: #000000;font-size: 1rem;font-weight: var( --e-global-typography-text-font-weight )\">\u00a0<\/span><\/a><\/p><div class=\"citado\">OLIVEIRA, Andreia Machado; SZAFIR, M. . <a href=\"http:\/\/periodicos.ufc.br\/vazantes\/issue\/view\/979\"><strong>Artes da proje\u00e7\u00e3o em m\u00faltiplos canais:operacionalidades visuais e sonoras. Revista Vazantes UFC, v. 4, p. 7-12, 2020.<\/strong><span style=\"color: #000000;font-size: 1rem;font-weight: var( --e-global-typography-text-font-weight )\">\u00a0<\/span><\/a><\/div><\/div><\/div><p>OLIVEIRA, Andr\u00e9ia Machado<br \/><a href=\"https:\/\/seer.ufrgs.br\/PortoArte\/article\/view\/93550\"><span style=\"color: black;font-size: 1rem\"><b>Aspectos biol\u00f3gicos e afetivos em arte e tecnologia. PORTO ARTE: Revista de Artes Visuais. , v.24, p.1 &#8211; 15, 2019.<\/b><\/span><\/a><\/p><p>OLIVEIRA, Andr\u00e9ia Machado; FONSECA, D. R.; SANTOS, N. C.; MINUZZI, R. F. B.<br \/><b>Editorial &#8211; Arte e Tecnologia. Contempor\u00e2nea Revista do PPGART\/UFSM. , v.2, p.1 &#8211; 1, 2019.<\/b><\/p><p>OLIVEIRA, Andr\u00e9ia Machado; MALLMANN, K.; PEREIRA, M. E. S.<br \/><a href=\"https:\/\/periodicos.ufmg.br\/index.php\/revistapos\/article\/view\/16119\"><b>PR\u00c1TICA ART\u00cdSTICA EM COMUNIDADE IND\u00cdGENA KAING\u00c1NG &#8211; POR UMA METODOLOGIA COLABORATIVA. P\u00f3s: Revista do Programa de P\u00f3s-gradua\u00e7\u00e3o em Artes da Escola de Belas Artes da UFMG. , v.9, p.129 &#8211; 147, 2019.<\/b><\/a><\/p><p>OLIVEIRA, Andreia Machado<br \/><b>A experi\u00eancia da imagem em instala\u00e7\u00f5es interativas. Contempor\u00e2nea &#8211; Revista do PPGART\/UFSM. , v.1, p.4 &#8211; 10, 2018.<\/b><\/p><p>PALAZUELOS, F. R.; Fonseca, Tania Mara Galli; OLIVEIRA, Andr\u00e9ia Machado<br \/><a href=\"https:\/\/journalonarts.org\/wp-content\/uploads\/2018\/11\/SVACij-Vol5_No1-2018_Rebolledo-et-al_-Intuition-as-a-Method-in-Artistic-Research.pdf\"><span style=\"color: black;font-size: 1rem\"><b>A Philosophical Perspective on Intuition as a Method within Artistic Process. STUDIES IN VISUAL ARTS AND COMMUNICATION. , v.5, p.1 &#8211; 11, 2018.<\/b><\/span><\/a><\/p><p>OLIVEIRA, Andr\u00e9ia Machado; FONSECA, T. M. G.<br \/><a href=\"https:\/\/repositorio.ufc.br\/handle\/riufc\/52139\"><span style=\"color: black;font-size: 1rem\"><b>Corpo, Iman\u00eancia e Arte. vazantes. , v.2, p.29 &#8211; 47, 2018.<\/b><\/span><\/a><\/p><p>MALLMANN, K.; SALES, J. S.; OLIVEIRA, Andr\u00e9ia Machado<br \/><a href=\"https:\/\/www.periodicos.ia.unesp.br\/index.php\/rebento\/article\/view\/279\/200\"><span style=\"color: black;font-size: 1rem\"><b>DNA afetivo kam\u00ea e kanhru \u2014 Concep\u00e7\u00e3o de uma pr\u00e1tica colaborativa em uma comunidade Kaingang. REBENTO: REVISTA DAS ARTES DO ESPET\u00c1CULO. , v.9, p.298 &#8211; 320, 2018.<\/b><\/span><\/a><\/p><p>OLIVEIRA, Andr\u00e9ia Machado; PALAZUELOS, F. R.<br \/><a href=\"https:\/\/seer.ufrgs.br\/InfEducTeoriaPratica\/article\/view\/59085\/49432\"><span style=\"color: black;font-size: 1rem\"><b>Imagem como Objeto Tecno-est\u00e9tico em Arte e Tecnologia. INFORM\u00c1TICA NA EDUCA\u00c7\u00c3O. , v.21, p.31 &#8211; 42, 2018.<\/b><\/span><\/a><\/p><p>COSTA, L. A.; OLIVEIRA, Andr\u00e9ia Machado<br \/><a href=\"https:\/\/seer.ufrgs.br\/index.php\/InfEducTeoriaPratica\/article\/view\/86102\"><span style=\"color: black;font-size: 1rem\"><b>Imagem T\u00e9cnica: Ontologia, Arte e Sociedade. INFORM\u00c1TICA NA EDUCA\u00c7\u00c3O. , v.21, p.10 &#8211; 15, 2018.<\/b><\/span><\/a><\/p><p>OLIVEIRA, Andreia Machado<br \/><a href=\"https:\/\/seer.ufrgs.br\/index.php\/PortoArte\/article\/view\/75516\"><span style=\"color: black;font-size: 1rem\"><b>Informa\u00e7\u00f5es entre Interfaces H\u00edbridas de Imagens T\u00e9cnicas. PORTO ARTE (UFRGS). , v.23, p.07 &#8211; 15, 2018.<\/b><\/span><\/a><\/p><p>OLIVEIRA, Andr\u00e9ia Machado<br \/><a href=\"https:\/\/seer.ufrgs.br\/PortoArte\/article\/view\/80765\"><span style=\"color: black;font-size: 1rem\"><b>Information between hybrid interfaces of technical images. PORTO ARTE (UFRGS). , v.23, p.17 &#8211; 21, 2018.<\/b><\/span><\/a><\/p><p>OLIVEIRA, Andreia Machado<br \/><a href=\"https:\/\/periodicos.ufmg.br\/index.php\/revistapos\/article\/view\/15496\"><span style=\"color: black;font-size: 1rem\"><b>ARTE E COMUNIDADE: PR\u00c1TICAS DE COLABORA\u00c7\u00c3O IMPLICADAS NO COMUM. P\u00f3s: Revista do Programa de P\u00f3s-gradua\u00e7\u00e3o em Artes da Escola de Belas Artes da UFMG. , v.7, p.42 &#8211; 60, 2017.<\/b><\/span><\/a><\/p><p>POHL, I. Z. R.; OLIVEIRA, Andreia Machado<br \/><a href=\"https:\/\/periodicos.ufpel.edu.br\/index.php\/paralelo\/article\/view\/13292\"><span style=\"color: black;font-size: 1rem\"><b>Cartografia como uma experi\u00eancia de em Artes Visuais. PARALELO 31. , v.1, p.28 &#8211; 38, 2017.<\/b><\/span><\/a><\/p><p>FREDRICH, V. E.; CAMARGO, M. M. S.; ALMEIDA, F. G.; OLIVEIRA, Andr\u00e9ia Machado<br \/><span style=\"color: black;font-size: 1rem\"><b>Experi\u00eancias interativas com imagem, som e movimento gestual. EXPRESS\u00c3O (SANTA MARIA). , v.02, p.31 &#8211; 37, 2017.<\/b><\/span><\/p><p>OLIVEIRA, Andr\u00e9ia Machado; PALAZUELOS, F. R.<br \/><a href=\"https:\/\/www.scielo.br\/j\/psoc\/a\/YmDM9fqGT3W3yfQJ4tWC8gP\/?format=pdf&amp;lang=en\"><span style=\"color: black;font-size: 1rem\"><b>INTERACTIVITY BETWEEN BODIES AND MILIEUS WITHIN TECHNO-AESTHETIC ART OBJECTS. PSICOLOGIA &amp; SOCIEDADE (ONLINE). , v.29, p.1 &#8211; 11, 2017.<\/b><\/span><\/a><\/p><p>LEMOS, C. F.; OLIVEIRA, Andreia Machado<br \/><a href=\"https:\/\/periodicos.ufpel.edu.br\/index.php\/paralelo\/article\/view\/13299\"><span style=\"color: black;font-size: 1rem\"><b>Mapeamento, Processo, Conex\u00f5es: a cartogra a como metodologia de pesquisa. PARALELO 31. , v.1, p.40 &#8211; 51, 2017.<\/b><\/span><\/a><\/p><p>PARABONI, M.; OLIVEIRA, Andreia Machado<br \/><a href=\"https:\/\/periodicos.ufpel.edu.br\/index.php\/paralelo\/article\/view\/10599\/6935\"><span style=\"color: black;font-size: 1rem\"><b>A dissolu\u00e7\u00e3o da paisagem: imagem, espa\u00e7o e atmosfera na v\u00eddeo-instala\u00e7\u00e3o. Paralelo 31. , v.1, p.21 &#8211; 33, 2016.<\/b><\/span><\/a><\/p><p>OLIVEIRA, Andr\u00e9ia Machado; Fonseca, Tania Mara Galli<br \/><a href=\"https:\/\/dspace.palermo.edu\/ojs\/index.php\/actas\/article\/view\/2396\/5276\"><span style=\"color: black;font-size: 1rem\"><b>&#8216;Di\u00e1logos sobre Arte e Tecnologia: uma abordagem sobre processos digitais interativos&#8217;. Actas de Dise\u00f1o. , v.20, p.194 &#8211; 200, 2016.<\/b><\/span><\/a><\/p><p>GONCALVES, J.; OLIVEIRA, Andreia Machado<br \/><a href=\"https:\/\/seer.ufrgs.br\/InfEducTeoriaPratica\/article\/viewFile\/62075\/41096\"><span style=\"color: black;font-size: 1rem\"><b>ESTUDO SOBRE PR\u00c1TICAS EM EDUCA\u00c7\u00c3O MUSICAL INTERATIVA (EMI) APLICADA AO ENSINO EM REDE. INFORM\u00c1TICA NA EDUCA\u00c7\u00c3O. , v.19, p.94 &#8211; 108, 2016.<\/b><\/span><\/a><\/p><p>OLIVEIRA, Andreia Machado<span style=\"color: black;font-size: 1rem\"><b><br \/><a href=\"https:\/\/periodicos.ufba.br\/index.php\/metamorfose\/article\/view\/16441\">Interatividade e subjetiva\u00e7\u00e3o nos cruzamentos entre arte e tecnologia. Metamorfose &#8211; Arte, Ci\u00eancia e Tecnologia. , v.1, p.5 &#8211; 24, 2016.<\/a><\/b><\/span><\/p><p>DAMBROS, D. D.; OLIVEIRA, Andreia Machado<br \/><a href=\"http:\/\/educa.fcc.org.br\/scielo.php?pid=S1646-933x2016000100016&amp;script=sci_abstract&amp;tlng=pt\"><span style=\"color: black;font-size: 1rem\"><b>Tecnologias da Informa\u00e7\u00e3o e Comunica\u00e7\u00e3o e Educa\u00e7\u00e3o F\u00edsica: curr\u00edculo, pesquisa e proposta pedag\u00f3gica. Educacao, Formacao &amp; Tecnologias. , v.9, p.16 &#8211; 28, 2016.<\/b><\/span><\/a><\/p><p>PALAZUELOS, F. R.; OLIVEIRA, Andreia Machado<br \/><a href=\"https:\/\/revistas.udesc.br\/index.php\/arteinclusao\/article\/view\/7631\"><span style=\"color: black;font-size: 1rem\"><b>UMA EXPERI\u00caNCIA \u00c9TICO-EST\u00c9TICA NO MOVIMENTO SOCIAL DOS TRABALHADORES RURAIS. REVISTA EDUCA\u00c7\u00c3O, ARTES E INCLUS\u00c3O. , v.12, p.79 &#8211; 96, 2016.<\/b><\/span><\/a><\/p><p>OLIVEIRA, Andr\u00e9ia Machado; KANNAN, H. A. R.; Fonseca, Tania Mara Galli<br \/><a href=\"http:\/\/www.educacaografica.inf.br\/artigos\/a-gravura-como-objeto-tecno-estetico-engraving-as-tecno-aesthetic-object\"><span style=\"color: black;font-size: 1rem\"><b>A GRAVURA COMO OBJETO TECNO-EST\u00c9TICO. Revista Educa\u00e7\u00e3o Gr\u00e1fica. , v.1, p.181 &#8211; 195, 2015.<\/b><\/span><\/a><\/p><p>OLIVEIRA, Andreia Machado<br \/><a href=\"https:\/\/periodicos.ufba.br\/index.php\/mapad2\/article\/download\/13921\/9718\/43706\"><span style=\"color: black;font-size: 1rem\"><b>Corpo, Imagem, Meio: Uma Proposta Colaborativa em Ambiente Imersivo. Revista Eletr\u00f4nica MAPA D2. , v.2, p.62 &#8211; 73, 2015.<\/b><\/span><\/a><\/p><p>SANTOS, N. C.; OLIVEIRA, Andreia Machado<br \/><span style=\"color: black;font-size: 1rem\"><b>Editorial. Contempor\u00e2nea &#8211; Revista do PPGART\/UFSM. , v.1, p.7 &#8211; 7, 2015.<\/b><\/span><\/p><p>GONCALVES, J.; OLIVEIRA, Andreia Machado<br \/><span style=\"color: black;font-size: 1rem\"><b>Educa\u00e7\u00e3o musical interativa: propostas interdisciplinares para as tecnologias educacionais. Revista Digital do LAV. , v.8, p.103 &#8211; 127, 2015.<\/b><\/span><\/p><p>OLIVEIRA, Andr\u00e9ia Machado; PALAZUELOS, F. R.; BOESSIO, L.<br \/><span style=\"color: black;font-size: 1rem\"><b>Locative Art and Interdisciplinary ICT: An experience with public school teachers in Brazil.. The International Journal of New Media, Technology and the Arts. , v.1, p.9 &#8211; 17, 2015.<\/b><\/span><\/p><p>OLIVEIRA, Andr\u00e9ia Machado; PALAZUELOS, F. R.<br \/><a href=\"https:\/\/periodicos.ufrn.br\/artresearchjournal\/article\/view\/7000\"><span style=\"color: black;font-size: 1rem\"><b>O Uso de Dispositivos M\u00f3veis em Document\u00e1rios Participativos nos Assentamentos do Movimento dos Trabalhadores Rurais Sem Terra no Brasil. Art Research Journal. , v.2, p.141 &#8211; 152, 2015.<\/b><\/span><\/a><\/p><p>OLIVEIRA, Andr\u00e9ia Machado<br \/><a href=\"https:\/\/revistas.ufg.br\/VISUAL\/article\/download\/34192\/20845\/171276\"><span style=\"color: black;font-size: 1rem\"><b>Pot\u00eancias de Agir Implicadas na Arte Interativa. Visualidades (UFG). , v.13, p.168 &#8211; 193, 2015.<\/b><\/span><\/a><\/p><p>GUERCHE, T. P.; OLIVEIRA, Andreia Machado<br \/><a href=\"https:\/\/revistas.udesc.br\/index.php\/palindromo\/article\/view\/2175234606112014064\"><span style=\"color: black;font-size: 1rem\"><b>A arte, o urbano e o social: um espa\u00e7o de provoca\u00e7\u00e3o. Pal\u00edndromo (Online). , v.6, p.64 &#8211; 78, 2014.<\/b><\/span><\/a><\/p><p>MOEHLECKE, Vilene; FONSECA, T. M. G.; OLIVEIRA, Andr\u00e9ia Machado<br \/><a href=\"https:\/\/www.redalyc.org\/pdf\/3172\/317228456009.pdf\"><span style=\"color: black;font-size: 1rem\"><b>Corpos que (se) Trabalham: rela\u00e7\u00f5es \u00e9ticas na constru\u00e7\u00e3o de si e do coletivo. Educa\u00e7\u00e3o e Realidade. , v.38, p.855 &#8211; 871, 2013.<\/b><\/span><\/a><\/p><p>NEUSCHARANK, A.; OLIVEIRA, Andr\u00e9ia Machado<br \/><span style=\"color: black;font-size: 1rem\"><b>Entre a dobra e a desdobra: reflex\u00f5es acerca do corpo e seus limiares. Artefactum (Rio de Janeiro). , v.1, p.1 &#8211; 8, 2013.<\/b><\/span><\/p><p>OLIVEIRA, Andr\u00e9ia Machado; Fonseca, Tania Mara Galli<br \/><a href=\"https:\/\/periodicos.ufsm.br\/revislav\/article\/view\/8995\"><span style=\"color: black;font-size: 1rem\"><b>O Reencantamento Da Escola: um Paradigma \u00c9tico-Est\u00e9tico Na Educa\u00e7\u00e3o. Revista Digital do LAV. , v.11, p.204 &#8211; 219, 2013.<\/b><\/span><\/a><\/p><p>OLIVEIRA, Andr\u00e9ia Machado<br \/><a href=\"https:\/\/seer.ufrgs.br\/InfEducTeoriaPratica\/article\/view\/23456\/19319\"><span style=\"color: black;font-size: 1rem\"><b>Corpos Associados: a Arte e o ato de experienciar de acordo com Gilbert Simondon. Inform\u00e1tica na Educa\u00e7\u00e3o (Impresso). , v.15, p.101 &#8211; 114, 2012.<\/b><\/span><\/a><\/p><p>REIS, Susana; Schaf, Frederico; OLIVEIRA, Andr\u00e9ia Machado; GOMES, . F.; SOUZA, . S.<br \/><a href=\"https:\/\/seer.ufrgs.br\/renote\/article\/view\/36130\"><span style=\"color: black;font-size: 1rem\"><b>O jogo I-AI3: um prot\u00f3tipo em desenvolvimento. RENOTE. Revista Novas Tecnologias na Educa\u00e7\u00e3o. , v.10, p.10 &#8211; 15, 2012.<\/b><\/span><\/a><\/p><p>REBOLLEDO, Felix; OLIVEIRA, Andr\u00e9ia Machado<br \/><span style=\"color: black;font-size: 1rem\"><b>One with the Image-World: Remapping the Experiential Milieu of the Viewer. The International Journal of the Image. , v.1, p.1 &#8211; 8, 2012.<\/b><\/span><\/p><p>OLIVEIRA, Andr\u00e9ia Machado; ESCOSSIA, Liliana da<br \/><a href=\"https:\/\/seer.ufrgs.br\/InfEducTeoriaPratica\/article\/view\/31134\"><span style=\"color: black;font-size: 1rem\"><b>Simondon, o meio de um pensamento processual. Inform\u00e1tica na Educa\u00e7\u00e3o (Online). , v.15, p.1 &#8211; 10, 2012.<\/b><\/span><\/a><\/p><p>OLIVEIRA, Andr\u00e9ia Machado<br \/><a href=\"https:\/\/artciencia.com\/article\/view\/12186\"><span style=\"color: black;font-size: 1rem\"><b>A g\u00eanese da obra de arte: opera\u00e7\u00f5es tecno-est\u00e9ticas entre mat\u00e9ria e forma e seus elementos. ARTCIENCIA.COM. , v.14, p.1 &#8211; 12, 2011.<\/b><\/span><\/a><\/p><p>OLIVEIRA, Andr\u00e9ia Machado<br \/><a href=\"https:\/\/www.e-publicacoes.uerj.br\/concinnitas\/article\/view\/15259\"><span style=\"color: black;font-size: 1rem\"><b>Do Ilusionismo \u00e0 Paisagem-Simulacro. Concinnitas (Rio de Janeiro. Impresso). , v.2, p.167 &#8211; 183, 2011.<\/b><\/span><\/a><\/p><p>OLIVEIRA, Andr\u00e9ia Machado; REBOLLEDO, Felix<br \/><a href=\"https:\/\/www.academia.edu\/5069401\/The_Associated_Milieu_A_Machinic_Assemblage_between_Artwork_and_Viewer\"><span style=\"color: black;font-size: 1rem\"><b>The Associative Milieu: A Machinic Assemblage Between Artwork and Viewer. The International Journal of the Arts in Society. , v.5, p.217 &#8211; 224, 2011.<\/b><\/span><\/a><\/p><div>\u00a0<\/div>\t\t\t\t\t\t<\/div>\n\t\t\t\t<\/div>\n\t\t\t\t\t<\/div>\n\t\t<\/div>\n\t\t\t\t\t<\/div>\n\t\t<\/section>\n\t\t\t\t<\/div>\n\t\t","protected":false},"excerpt":{"rendered":"<p>ROSA, R. ;\u00a0OLIVEIRA, Andr\u00e9ia Machado\u00a0. Editorial do Dossi\u00ea Comemorativo -Edi\u00e7\u00e3o n.50: Educomunica\u00e7\u00e3o e interculturalidade nas rela\u00e7\u00f5es Brasil ?Mo\u00e7ambique. ANIMUS (SANTA MARIA. ONLINE), v. 50, p. 1-5, 2024. OLIVEIRA, Andreia Machado. FUTURE IMAGININGS IN ART AND ARTIFICIAL INTELLIGENCE. Journal Of Aesthetics And Phenomenology, v. 9, p. 209-225, 2023. OLIVEIRA, Andreia Machado. Pensar as Tecnologias a partir [&hellip;]<\/p>\n","protected":false},"author":2498,"featured_media":0,"parent":33,"menu_order":0,"comment_status":"closed","ping_status":"closed","template":"","meta":{"footnotes":""},"categories":[133],"tags":[],"class_list":["post-279","page","type-page","status-publish","hentry","category-producao-cientifica"],"acf":[],"_links":{"self":[{"href":"https:\/\/www.ufsm.br\/laboratorios\/labinter\/wp-json\/wp\/v2\/pages\/279","targetHints":{"allow":["GET"]}}],"collection":[{"href":"https:\/\/www.ufsm.br\/laboratorios\/labinter\/wp-json\/wp\/v2\/pages"}],"about":[{"href":"https:\/\/www.ufsm.br\/laboratorios\/labinter\/wp-json\/wp\/v2\/types\/page"}],"author":[{"embeddable":true,"href":"https:\/\/www.ufsm.br\/laboratorios\/labinter\/wp-json\/wp\/v2\/users\/2498"}],"replies":[{"embeddable":true,"href":"https:\/\/www.ufsm.br\/laboratorios\/labinter\/wp-json\/wp\/v2\/comments?post=279"}],"version-history":[{"count":0,"href":"https:\/\/www.ufsm.br\/laboratorios\/labinter\/wp-json\/wp\/v2\/pages\/279\/revisions"}],"up":[{"embeddable":true,"href":"https:\/\/www.ufsm.br\/laboratorios\/labinter\/wp-json\/wp\/v2\/pages\/33"}],"wp:attachment":[{"href":"https:\/\/www.ufsm.br\/laboratorios\/labinter\/wp-json\/wp\/v2\/media?parent=279"}],"wp:term":[{"taxonomy":"category","embeddable":true,"href":"https:\/\/www.ufsm.br\/laboratorios\/labinter\/wp-json\/wp\/v2\/categories?post=279"},{"taxonomy":"post_tag","embeddable":true,"href":"https:\/\/www.ufsm.br\/laboratorios\/labinter\/wp-json\/wp\/v2\/tags?post=279"}],"curies":[{"name":"wp","href":"https:\/\/api.w.org\/{rel}","templated":true}]}}