{"id":282,"date":"2020-06-23T11:16:19","date_gmt":"2020-06-23T14:16:19","guid":{"rendered":"https:\/\/www.ufsm.br\/laboratorios\/labinter\/?page_id=282"},"modified":"2024-01-25T11:09:31","modified_gmt":"2024-01-25T14:09:31","slug":"2017-a-permanencia-do-gesto","status":"publish","type":"page","link":"https:\/\/www.ufsm.br\/laboratorios\/labinter\/projetos\/2017-a-permanencia-do-gesto","title":{"rendered":"A perman\u00eancia do gesto"},"content":{"rendered":"\t\t<div data-elementor-type=\"wp-page\" data-elementor-id=\"282\" class=\"elementor elementor-282\">\n\t\t\t\t\t\t<section class=\"elementor-section elementor-top-section elementor-element elementor-element-a019ab5 elementor-section-boxed elementor-section-height-default elementor-section-height-default\" data-id=\"a019ab5\" data-element_type=\"section\">\n\t\t\t\t\t\t<div class=\"elementor-container elementor-column-gap-default\">\n\t\t\t\t\t<div class=\"elementor-column elementor-col-100 elementor-top-column elementor-element elementor-element-3ee242c\" data-id=\"3ee242c\" data-element_type=\"column\">\n\t\t\t<div class=\"elementor-widget-wrap elementor-element-populated\">\n\t\t\t\t\t\t<div class=\"elementor-element elementor-element-0069f13 elementor-widget elementor-widget-text-editor\" data-id=\"0069f13\" data-element_type=\"widget\" data-widget_type=\"text-editor.default\">\n\t\t\t\t<div class=\"elementor-widget-container\">\n\t\t\t\t\t\t\t<h5 align=\"justify\"><span style=\"color: #222222;font-size: 1rem;text-align: left\"><span lang=\"pt-BR\">LabInter &#8211; Andr\u00e9ia Oliveira, C\u00e1ssio Lemos, Evaristo do Nascimento, Fabio Almeida, Indira Zuhaira, Matheus Moreno, Tideh Azevedo, <\/span><\/span><span lang=\"pt-BR\" style=\"color: black;font-size: 1rem;text-align: left\">Vanessa E. Fredrich<\/span><span style=\"color: #222222;font-size: 1rem;text-align: left\"><span lang=\"pt-BR\">. Andressa Querubini.<br \/><\/span><\/span><span lang=\"pt-BR\">Colabora\u00e7\u00e3o:\u00a0<\/span><span style=\"font-family: 'Arial Narrow', serif;font-size: 16px;color: #000000;background-color: #ffffff\"><span style=\"font-size: small\"><span lang=\"pt-BR\">Juliano Esmanioto Barin, M\u00f4nica Voss.<\/span><\/span><\/span><span style=\"color: #222222;font-size: 1rem;text-align: left\"><span lang=\"pt-BR\"><br \/><\/span><\/span><\/h5>\t\t\t\t\t\t<\/div>\n\t\t\t\t<\/div>\n\t\t\t\t\t<\/div>\n\t\t<\/div>\n\t\t\t\t\t<\/div>\n\t\t<\/section>\n\t\t\t\t<section class=\"elementor-section elementor-top-section elementor-element elementor-element-7d01e48 elementor-section-boxed elementor-section-height-default elementor-section-height-default\" data-id=\"7d01e48\" data-element_type=\"section\">\n\t\t\t\t\t\t<div class=\"elementor-container elementor-column-gap-default\">\n\t\t\t\t\t<div class=\"elementor-column elementor-col-100 elementor-top-column elementor-element elementor-element-666dcc3\" data-id=\"666dcc3\" data-element_type=\"column\">\n\t\t\t<div class=\"elementor-widget-wrap elementor-element-populated\">\n\t\t\t\t\t\t<div class=\"elementor-element elementor-element-0b0b742 elementor-widget elementor-widget-text-editor\" data-id=\"0b0b742\" data-element_type=\"widget\" data-widget_type=\"text-editor.default\">\n\t\t\t\t<div class=\"elementor-widget-container\">\n\t\t\t\t\t\t\t<p align=\"justify\"><span lang=\"pt-BR\"><b>&#8230; a perman\u00eancia do gesto&#8230;<\/b><br><\/span><b><span style=\"color: #222222;font-size: 16px;text-align: left\">Instala\u00e7\u00e3o Interativa &#8211;&nbsp;<\/span><span style=\"color: #222222;font-size: 16px;text-align: left\">2017<\/span><br><\/b><\/p>\n<p style=\"color: #000000;font-size: 16px\" align=\"justify\"><span style=\"text-align: left\">Ao transpor meios distintos (do anal\u00f3gico ao digital), buscamos &#8220;&#8230; a perman\u00eancia do gesto&#8230;&#8221; registrada na tradi\u00e7\u00e3o pict\u00f3rica de modo duradouro e, por outro lado, na produ\u00e7\u00e3o digital contempor\u00e2nea de modo ef\u00eamero. Nesse sentido, pensamos a sustentabilidade do gesto em sua permanecia por determinado tempo, longo ou curto prazo, e as maneiras de seu registro e rastros, suas visibilidades e invisibilidades.<\/span><\/p>\n<p><span style=\"color: black;font-size: 1rem\">Esta proposta decorre dos estudos e experimentos com uma c\u00e2mera termogr\u00e1fica de sensor infravermelho (Flir SC300), um software programado em ambiente Processing e um gerenciador de webcams virtuais resultaram em um espa\u00e7o para intera\u00e7\u00e3o. A c\u00e2mera termogr\u00e1fica possibilita a visualiza\u00e7\u00e3o de elementos invis\u00edveis a olho nu, atrav\u00e9s do registro de zonas de temperatura. Com capta\u00e7\u00e3o da imagem da c\u00e2mera utilizando seu software espec\u00edfico (Flirtools), e com a imagem sendo capturada em tempo real, foi criada uma c\u00e2mera virtual para que o ambiente Procesing1 pudesse receber a imagem para ser processada. Ap\u00f3s captada a imagem, foram aplicados os efeitos est\u00e9ticos de vest\u00edgio, const\u00e2ncia, preserva\u00e7\u00e3o do tempo.<\/span><\/p>\n<p><span lang=\"pt-BR\">Perman\u00eancia do Gesto foi uma experi\u00eancia com performer em instala\u00e7\u00e3o interativa, com o corpo capturado pela imagem de sensor infravermelho, e todo o efeito que o atraso, a m\u00e1scara do Processing faziam na imagem e ao mesmo tempo, modificavam as a\u00e7\u00f5es corporais. V\u00e1rias pessoas experimentaram suas movimenta\u00e7\u00f5es, fazendo poses e os mais diversos movimentos ao brincarem com suas roupas, com os \u00f3culos, com o movimento da cabe\u00e7a. Pessoas saem e entram nesta brincadeira e a imagem dos que j\u00e1 experimentaram a instala\u00e7\u00e3o permanece na tela e interfere ou, apenas permanece na experi\u00eancia de outra pessoa que ocupa o espa\u00e7o da instala\u00e7\u00e3o. O di\u00e1logo entre a imagem, que permaneceu na tela, com a intera\u00e7\u00e3o do p\u00fablico que visitava a exposi\u00e7\u00e3o, e a intera\u00e7\u00e3o das imagens de diversas pessoas resultou em imagens m\u00faltiplas. <\/span><\/p>\t\t\t\t\t\t<\/div>\n\t\t\t\t<\/div>\n\t\t\t\t\t<\/div>\n\t\t<\/div>\n\t\t\t\t\t<\/div>\n\t\t<\/section>\n\t\t\t\t<section class=\"elementor-section elementor-top-section elementor-element elementor-element-984d7fe elementor-section-boxed elementor-section-height-default elementor-section-height-default\" data-id=\"984d7fe\" data-element_type=\"section\">\n\t\t\t\t\t\t<div class=\"elementor-container elementor-column-gap-default\">\n\t\t\t\t\t<div class=\"elementor-column elementor-col-100 elementor-top-column elementor-element elementor-element-86f61e2\" data-id=\"86f61e2\" data-element_type=\"column\">\n\t\t\t<div class=\"elementor-widget-wrap elementor-element-populated\">\n\t\t\t\t\t\t<div class=\"elementor-element elementor-element-91cdaf1 elementor-widget elementor-widget-image\" data-id=\"91cdaf1\" data-element_type=\"widget\" data-widget_type=\"image.default\">\n\t\t\t\t<div class=\"elementor-widget-container\">\n\t\t\t\t\t\t\t\t\t\t\t\t\t<img fetchpriority=\"high\" decoding=\"async\" width=\"768\" height=\"419\" src=\"https:\/\/www.ufsm.br\/app\/uploads\/sites\/814\/2020\/06\/1-1-768x419.jpg\" class=\"attachment-medium_large size-medium_large wp-image-283\" alt=\"\" srcset=\"https:\/\/www.ufsm.br\/app\/uploads\/sites\/814\/2020\/06\/1-1-768x419.jpg 768w, https:\/\/www.ufsm.br\/app\/uploads\/sites\/814\/2020\/06\/1-1-300x163.jpg 300w, https:\/\/www.ufsm.br\/app\/uploads\/sites\/814\/2020\/06\/1-1-1024x558.jpg 1024w, https:\/\/www.ufsm.br\/app\/uploads\/sites\/814\/2020\/06\/1-1.jpg 1378w\" sizes=\"(max-width: 768px) 100vw, 768px\" \/>\t\t\t\t\t\t\t\t\t\t\t\t\t<\/div>\n\t\t\t\t<\/div>\n\t\t\t\t\t<\/div>\n\t\t<\/div>\n\t\t\t\t\t<\/div>\n\t\t<\/section>\n\t\t\t\t<section class=\"elementor-section elementor-top-section elementor-element elementor-element-5c054e2 elementor-section-boxed elementor-section-height-default elementor-section-height-default\" data-id=\"5c054e2\" data-element_type=\"section\">\n\t\t\t\t\t\t<div class=\"elementor-container elementor-column-gap-default\">\n\t\t\t\t\t<div class=\"elementor-column elementor-col-100 elementor-top-column elementor-element elementor-element-95a6d5b\" data-id=\"95a6d5b\" data-element_type=\"column\">\n\t\t\t<div class=\"elementor-widget-wrap elementor-element-populated\">\n\t\t\t\t\t\t<div class=\"elementor-element elementor-element-5e79e72 elementor-widget elementor-widget-image\" data-id=\"5e79e72\" data-element_type=\"widget\" data-widget_type=\"image.default\">\n\t\t\t\t<div class=\"elementor-widget-container\">\n\t\t\t\t\t\t\t\t\t\t\t\t\t<img decoding=\"async\" width=\"768\" height=\"569\" src=\"https:\/\/www.ufsm.br\/app\/uploads\/sites\/814\/2020\/06\/2-768x569.jpg\" class=\"attachment-medium_large size-medium_large wp-image-284\" alt=\"\" srcset=\"https:\/\/www.ufsm.br\/app\/uploads\/sites\/814\/2020\/06\/2-768x569.jpg 768w, https:\/\/www.ufsm.br\/app\/uploads\/sites\/814\/2020\/06\/2-300x222.jpg 300w, https:\/\/www.ufsm.br\/app\/uploads\/sites\/814\/2020\/06\/2-1024x759.jpg 1024w, https:\/\/www.ufsm.br\/app\/uploads\/sites\/814\/2020\/06\/2.jpg 1381w\" sizes=\"(max-width: 768px) 100vw, 768px\" \/>\t\t\t\t\t\t\t\t\t\t\t\t\t<\/div>\n\t\t\t\t<\/div>\n\t\t\t\t\t<\/div>\n\t\t<\/div>\n\t\t\t\t\t<\/div>\n\t\t<\/section>\n\t\t\t\t<\/div>\n\t\t","protected":false},"excerpt":{"rendered":"<p>LabInter &#8211; Andr\u00e9ia Oliveira, C\u00e1ssio Lemos, Evaristo do Nascimento, Fabio Almeida, Indira Zuhaira, Matheus Moreno, Tideh Azevedo, Vanessa E. Fredrich. Andressa Querubini.Colabora\u00e7\u00e3o:\u00a0Juliano Esmanioto Barin, M\u00f4nica Voss. &#8230; a perman\u00eancia do gesto&#8230;Instala\u00e7\u00e3o Interativa &#8211;&nbsp;2017 Ao transpor meios distintos (do anal\u00f3gico ao digital), buscamos &#8220;&#8230; a perman\u00eancia do gesto&#8230;&#8221; registrada na tradi\u00e7\u00e3o pict\u00f3rica de modo duradouro e, [&hellip;]<\/p>\n","protected":false},"author":2500,"featured_media":0,"parent":32,"menu_order":0,"comment_status":"closed","ping_status":"closed","template":"","meta":{"footnotes":""},"categories":[17],"tags":[],"class_list":["post-282","page","type-page","status-publish","hentry","category-projetos"],"acf":[],"_links":{"self":[{"href":"https:\/\/www.ufsm.br\/laboratorios\/labinter\/wp-json\/wp\/v2\/pages\/282","targetHints":{"allow":["GET"]}}],"collection":[{"href":"https:\/\/www.ufsm.br\/laboratorios\/labinter\/wp-json\/wp\/v2\/pages"}],"about":[{"href":"https:\/\/www.ufsm.br\/laboratorios\/labinter\/wp-json\/wp\/v2\/types\/page"}],"author":[{"embeddable":true,"href":"https:\/\/www.ufsm.br\/laboratorios\/labinter\/wp-json\/wp\/v2\/users\/2500"}],"replies":[{"embeddable":true,"href":"https:\/\/www.ufsm.br\/laboratorios\/labinter\/wp-json\/wp\/v2\/comments?post=282"}],"version-history":[{"count":0,"href":"https:\/\/www.ufsm.br\/laboratorios\/labinter\/wp-json\/wp\/v2\/pages\/282\/revisions"}],"up":[{"embeddable":true,"href":"https:\/\/www.ufsm.br\/laboratorios\/labinter\/wp-json\/wp\/v2\/pages\/32"}],"wp:attachment":[{"href":"https:\/\/www.ufsm.br\/laboratorios\/labinter\/wp-json\/wp\/v2\/media?parent=282"}],"wp:term":[{"taxonomy":"category","embeddable":true,"href":"https:\/\/www.ufsm.br\/laboratorios\/labinter\/wp-json\/wp\/v2\/categories?post=282"},{"taxonomy":"post_tag","embeddable":true,"href":"https:\/\/www.ufsm.br\/laboratorios\/labinter\/wp-json\/wp\/v2\/tags?post=282"}],"curies":[{"name":"wp","href":"https:\/\/api.w.org\/{rel}","templated":true}]}}