{"id":287,"date":"2020-06-23T11:24:50","date_gmt":"2020-06-23T14:24:50","guid":{"rendered":"https:\/\/www.ufsm.br\/laboratorios\/labinter\/?page_id=287"},"modified":"2024-01-25T11:17:41","modified_gmt":"2024-01-25T14:17:41","slug":"2014-entremeios","status":"publish","type":"page","link":"https:\/\/www.ufsm.br\/laboratorios\/labinter\/projetos\/2014-entremeios","title":{"rendered":"EntreMeios"},"content":{"rendered":"\t\t<div data-elementor-type=\"wp-page\" data-elementor-id=\"287\" class=\"elementor elementor-287\">\n\t\t\t\t\t\t<section class=\"elementor-section elementor-top-section elementor-element elementor-element-df2d88a elementor-section-boxed elementor-section-height-default elementor-section-height-default\" data-id=\"df2d88a\" data-element_type=\"section\">\n\t\t\t\t\t\t<div class=\"elementor-container elementor-column-gap-default\">\n\t\t\t\t\t<div class=\"elementor-column elementor-col-100 elementor-top-column elementor-element elementor-element-f110372\" data-id=\"f110372\" data-element_type=\"column\">\n\t\t\t<div class=\"elementor-widget-wrap elementor-element-populated\">\n\t\t\t\t\t\t<div class=\"elementor-element elementor-element-0e24a64 elementor-widget elementor-widget-text-editor\" data-id=\"0e24a64\" data-element_type=\"widget\" data-widget_type=\"text-editor.default\">\n\t\t\t\t<div class=\"elementor-widget-container\">\n\t\t\t\t\t\t\t<h5 class=\"western\" style=\"margin-bottom: 0.21cm;line-height: 150%\" align=\"justify\"><span style=\"font-family: Times New Roman, serif\">Andreia Oliveira<\/span><span style=\"font-family: Times New Roman, serif\"><b>, <\/b><\/span><span style=\"font-family: Times New Roman, serif\">Marcos Cichelero<\/span><span style=\"font-family: Times New Roman, serif\"><b>, <\/b><\/span><span style=\"font-family: Times New Roman, serif\">Matheus Camargo<\/span><span style=\"font-family: Times New Roman, serif\"><b>, <\/b><\/span><span style=\"font-family: Times New Roman, serif\">Fabio Gomes<\/span><span style=\"font-family: Times New Roman, serif\"><b>, <\/b><\/span><span style=\"font-family: Times New Roman, serif\">Evaristo Nascimento.<\/span><\/h5><p class=\"western\" lang=\"pt-BR\" style=\"margin-bottom: 0cm;line-height: 100%\" align=\"justify\">\u00a0<\/p>\t\t\t\t\t\t<\/div>\n\t\t\t\t<\/div>\n\t\t\t\t<div class=\"elementor-element elementor-element-140173e elementor-widget elementor-widget-video\" data-id=\"140173e\" data-element_type=\"widget\" data-settings=\"{&quot;video_type&quot;:&quot;vimeo&quot;}\" data-widget_type=\"video.default\">\n\t\t\t\t<div class=\"elementor-widget-container\">\n\t\t\t\t\t<div class=\"elementor-wrapper elementor-open-inline\">\n\t\t\t<iframe class=\"elementor-video-iframe\" allowfullscreen allow=\"clipboard-write\" title=\"Player de V\u00eddeo vimeo\" src=\"https:\/\/player.vimeo.com\/video\/128420085?color&amp;autopause=0&amp;loop=0&amp;muted=0&amp;title=1&amp;portrait=1&amp;byline=1#t=\"><\/iframe>\t\t<\/div>\n\t\t\t\t<\/div>\n\t\t\t\t<\/div>\n\t\t\t\t\t<\/div>\n\t\t<\/div>\n\t\t\t\t\t<\/div>\n\t\t<\/section>\n\t\t\t\t<section class=\"elementor-section elementor-top-section elementor-element elementor-element-0a1439a elementor-section-boxed elementor-section-height-default elementor-section-height-default\" data-id=\"0a1439a\" data-element_type=\"section\">\n\t\t\t\t\t\t<div class=\"elementor-container elementor-column-gap-default\">\n\t\t\t\t\t<div class=\"elementor-column elementor-col-100 elementor-top-column elementor-element elementor-element-32bf33b\" data-id=\"32bf33b\" data-element_type=\"column\">\n\t\t\t<div class=\"elementor-widget-wrap elementor-element-populated\">\n\t\t\t\t\t\t<div class=\"elementor-element elementor-element-f5f9ccc elementor-widget elementor-widget-spacer\" data-id=\"f5f9ccc\" data-element_type=\"widget\" data-widget_type=\"spacer.default\">\n\t\t\t\t<div class=\"elementor-widget-container\">\n\t\t\t\t\t<div class=\"elementor-spacer\">\n\t\t\t<div class=\"elementor-spacer-inner\"><\/div>\n\t\t<\/div>\n\t\t\t\t<\/div>\n\t\t\t\t<\/div>\n\t\t\t\t<div class=\"elementor-element elementor-element-5f6780c elementor-widget elementor-widget-text-editor\" data-id=\"5f6780c\" data-element_type=\"widget\" data-widget_type=\"text-editor.default\">\n\t\t\t\t<div class=\"elementor-widget-container\">\n\t\t\t\t\t\t\t<p lang=\"pt-BR\" style=\"margin-bottom: 0cm;font-size: 16px;color: #000000;line-height: 16px\" align=\"justify\"><b>Instala\u00e7\u00e3o Interativa &#8211;\u00a0<span style=\"color: #000000;font-size: 16px;text-align: left\">2015<\/span><\/b><\/p><p lang=\"pt-BR\"><span style=\"color: #00000a\"><span style=\"font-family: Times, serif\"><span style=\"font-size: small\"><span style=\"font-family: Times New Roman, serif\"><span style=\"font-size: medium\"><br \/>EntreMeios e\u0301 uma vi\u0301deo instalac\u0327a\u0303o interativa, produzida pelo LabInter\/UFSM, que explora o ato de habitar e de se mover entre meios distintos. As imagens construi\u0301das em espacialidades e temporalidades diversas se hibridizam em um mesmo espac\u0327o em tempo real, propiciando interatividade entre a obra e pu\u0301blico.<\/span><\/span><\/span><\/span><\/span><\/p><p lang=\"pt-BR\"><span style=\"color: #00000a\"><span style=\"font-family: Times, serif\"><span style=\"font-size: small\"><span style=\"font-family: Times New Roman, serif\"><span style=\"font-size: medium\">Nesta vi\u0301deo instalac\u0327a\u0303o interativa, coexistem 3 meios geogr\u00e1ficos diferentes sobrepostos em temporalidades distintas: <\/span><\/span><\/span><\/span><\/span><\/p><p lang=\"pt-BR\"><span style=\"color: #00000a\"><span style=\"font-family: Times, serif\"><span style=\"font-size: small\"><span style=\"font-family: Times New Roman, serif\"><span style=\"font-size: medium\">&#8211; Primeira camada: sa\u0303o imagens do meio local de Santa Maria, em um reservato\u0301rio do tempo passado; <\/span><\/span><\/span><\/span><\/span><\/p><p lang=\"pt-BR\"><span style=\"color: #00000a\"><span style=\"font-family: Times, serif\"><span style=\"font-size: small\"><span style=\"font-family: Times New Roman, serif\"><span style=\"font-size: medium\">&#8211; Segunda camada: sa\u0303o imagens do meio local da exposic\u0327a\u0303o em S\u00e3o Paulo, em um tempo presente; <\/span><\/span><\/span><\/span><\/span><\/p><p lang=\"pt-BR\"><span style=\"color: #00000a\"><span style=\"font-family: Times, serif\"><span style=\"font-size: small\"><span style=\"font-family: Times New Roman, serif\"><span style=\"font-size: medium\">&#8211; Terceira camada: sa\u0303o imagens do meio local da instalac\u0327a\u0303o, em espera por atualizac\u0327o\u0303es do pu\u0301blico em um tempo futuro. <\/span><\/span><\/span><\/span><\/span><\/p><p lang=\"pt-BR\"><span style=\"color: #00000a\"><span style=\"font-family: Times, serif\"><span style=\"font-size: small\"><span style=\"font-family: Times New Roman, serif\"><span style=\"font-size: medium\">Nessas relac\u0327o\u0303es entre imagens e meios, entendemos que a imagem e\u0301 a pro\u0301pria experie\u0302ncia, ela se encontra entre o eu e o mundo; ela na\u0303o e\u0301 produzida pelo sujeito, mas sim a imagem o produz, se desenvolve nele. <\/span><\/span><\/span><\/span><\/span><\/p><p lang=\"pt-BR\"><span style=\"color: #00000a\"><span style=\"font-family: Times, serif\"><span style=\"font-size: small\"><span style=\"font-family: Times New Roman, serif\"><span style=\"font-size: medium\">Assim, consideramos que obra, artista, espectador e meio agem por misturas em seu habitat; agem incorporando partes do mundo em uma <\/span><\/span><span style=\"font-family: TimesNewRomanPS, serif\"><span style=\"font-size: medium\"><i>autopoiese<\/i><\/span><\/span><span style=\"font-family: Times New Roman, serif\"><span style=\"font-size: medium\">, em um fazer-se mundo. Contagiamo-nos pelas imagens em fluxo constante, pelos ritmos dos meios, pelas misturas de elementos humanos e na\u0303o humanos. <\/span><\/span><\/span><\/span><\/span><\/p><p lang=\"pt-BR\"><span style=\"color: #00000a\"><span style=\"font-family: Times, serif\"><span style=\"font-size: small\"><span style=\"font-family: Times New Roman, serif\"><span style=\"font-size: medium\">Falamos na produc\u0327a\u0303o de si e do meio a partir das ressona\u0302ncias do vivo e do na\u0303o vivo em processos de incorporac\u0327a\u0303o, onde as composic\u0327o\u0303es dos corpos esta\u0303o em devir. S\u00e3o atos de retirar elementos de seu meio correspondente e leva\u0301-los para outros meios aonde ganham novas significac\u0327o\u0303es nas associac\u0327o\u0303es com outros elementos. <\/span><\/span><\/span><\/span><\/span><\/p><p lang=\"pt-BR\"><span style=\"color: #00000a\"><span style=\"font-family: Times, serif\"><span style=\"font-size: small\"><span style=\"font-family: Times New Roman, serif\"><span style=\"font-size: medium\">Em EntreMeios, o processo de criac\u0327a\u0303o se constro\u0301i no ato de incorporac\u0327o\u0303es hi\u0301bridas entre diferentes corpos e meios. <\/span><\/span><\/span><\/span><\/span><\/p>\t\t\t\t\t\t<\/div>\n\t\t\t\t<\/div>\n\t\t\t\t\t<\/div>\n\t\t<\/div>\n\t\t\t\t\t<\/div>\n\t\t<\/section>\n\t\t\t\t<section class=\"elementor-section elementor-top-section elementor-element elementor-element-e90c1f0 elementor-section-boxed elementor-section-height-default elementor-section-height-default\" data-id=\"e90c1f0\" data-element_type=\"section\">\n\t\t\t\t\t\t<div class=\"elementor-container elementor-column-gap-default\">\n\t\t\t\t\t<div class=\"elementor-column elementor-col-100 elementor-top-column elementor-element elementor-element-1591394\" data-id=\"1591394\" data-element_type=\"column\">\n\t\t\t<div class=\"elementor-widget-wrap elementor-element-populated\">\n\t\t\t\t\t\t<div class=\"elementor-element elementor-element-58b6994 elementor-widget elementor-widget-text-editor\" data-id=\"58b6994\" data-element_type=\"widget\" data-widget_type=\"text-editor.default\">\n\t\t\t\t<div class=\"elementor-widget-container\">\n\t\t\t\t\t\t\t<p class=\"western\" lang=\"pt-BR\" align=\"justify\"><span style=\"font-family: Arial, serif\">Propondo uma<\/span><span style=\"font-family: Arial, serif\"> configura\u00e7\u00e3o espacial sustentada em territ\u00f3rios informacionais, considerando as rela\u00e7\u00f5es emergentes do espa\u00e7o geogr\u00e1fico das cidades, vinculado ao ciberespa\u00e7o, <\/span><span style=\"font-family: Arial, serif\">relacionando meios geogr\u00e1ficos distintos, a partir do registro fotogr\u00e1fico de lugares localizados em Santa Maria e Rio de Janeiro, esses associados em meio digital.<\/span><\/p><p class=\"western\" lang=\"pt-BR\" align=\"justify\"><span style=\"font-family: Arial, serif\">Nessa Instala\u00e7\u00e3o, o corpo do interator funciona como controlador digital para a entrada de sinais infravermelhos que reconhecem o centro de massa, atrav\u00e9s de um sensor Kinect e uma c\u00e2mera. O gerenciamento digital \u00e9 realizado com o programa computacional Processing, que permite que as informa\u00e7\u00f5es enviadas pelos dispositivos sens\u00edveis sejam recebidas, e processadas, realizando respostas e um projetor de v\u00eddeo. A obra n\u00e3o se restringe ao aparato tecnol\u00f3gico. Essa troca em tempo real, pode gerar complexas varia\u00e7\u00f5es de imagens. <\/span><\/p>\t\t\t\t\t\t<\/div>\n\t\t\t\t<\/div>\n\t\t\t\t\t<\/div>\n\t\t<\/div>\n\t\t\t\t\t<\/div>\n\t\t<\/section>\n\t\t\t\t<section class=\"elementor-section elementor-top-section elementor-element elementor-element-b4c40bf elementor-section-boxed elementor-section-height-default elementor-section-height-default\" data-id=\"b4c40bf\" data-element_type=\"section\">\n\t\t\t\t\t\t<div class=\"elementor-container elementor-column-gap-default\">\n\t\t\t\t\t<div class=\"elementor-column elementor-col-100 elementor-top-column elementor-element elementor-element-e4fa821\" data-id=\"e4fa821\" data-element_type=\"column\">\n\t\t\t<div class=\"elementor-widget-wrap elementor-element-populated\">\n\t\t\t\t\t\t<div class=\"elementor-element elementor-element-e7e5ab6 elementor-widget elementor-widget-image\" data-id=\"e7e5ab6\" data-element_type=\"widget\" data-widget_type=\"image.default\">\n\t\t\t\t<div class=\"elementor-widget-container\">\n\t\t\t\t\t\t\t\t\t\t\t\t\t<img fetchpriority=\"high\" decoding=\"async\" width=\"1024\" height=\"334\" src=\"https:\/\/www.ufsm.br\/app\/uploads\/sites\/814\/2020\/06\/eee-1024x334.jpg\" class=\"attachment-large size-large wp-image-366\" alt=\"\" srcset=\"https:\/\/www.ufsm.br\/app\/uploads\/sites\/814\/2020\/06\/eee-1024x334.jpg 1024w, https:\/\/www.ufsm.br\/app\/uploads\/sites\/814\/2020\/06\/eee-300x98.jpg 300w, https:\/\/www.ufsm.br\/app\/uploads\/sites\/814\/2020\/06\/eee-768x251.jpg 768w, https:\/\/www.ufsm.br\/app\/uploads\/sites\/814\/2020\/06\/eee.jpg 1407w\" sizes=\"(max-width: 1024px) 100vw, 1024px\" \/>\t\t\t\t\t\t\t\t\t\t\t\t\t<\/div>\n\t\t\t\t<\/div>\n\t\t\t\t<div class=\"elementor-element elementor-element-f2de5de elementor-widget elementor-widget-text-editor\" data-id=\"f2de5de\" data-element_type=\"widget\" data-widget_type=\"text-editor.default\">\n\t\t\t\t<div class=\"elementor-widget-container\">\n\t\t\t\t\t\t\t<p class=\"western\" lang=\"pt-BR\" style=\"text-align: center\" align=\"center\"><span style=\"font-family: Arial, serif\"><span style=\"font-size: small\">Registros fotogr\u00e1ficos de <\/span><\/span><span style=\"font-family: Arial, serif\"><span style=\"font-size: small\"><i>EntreMeios.<\/i><\/span><\/span><span style=\"font-family: Arial, serif\"><span style=\"font-size: small\"> OpenLab, Hiperorg\u00e2nicos 5\/CAC4. UFRJ e FACTORS no MASM. Fonte: <a href=\"http:\/\/hrenatoh.net\/aircity\/\">Matheus Moreno,<\/a> 2014 e 2015<\/span><\/span><span style=\"font-family: Arial, serif\"><span style=\"font-size: small\">.<\/span><\/span><\/p>\t\t\t\t\t\t<\/div>\n\t\t\t\t<\/div>\n\t\t\t\t\t<\/div>\n\t\t<\/div>\n\t\t\t\t\t<\/div>\n\t\t<\/section>\n\t\t\t\t<section class=\"elementor-section elementor-top-section elementor-element elementor-element-3629d07 elementor-section-boxed elementor-section-height-default elementor-section-height-default\" data-id=\"3629d07\" data-element_type=\"section\">\n\t\t\t\t\t\t<div class=\"elementor-container elementor-column-gap-default\">\n\t\t\t\t\t<div class=\"elementor-column elementor-col-100 elementor-top-column elementor-element elementor-element-97cc84e\" data-id=\"97cc84e\" data-element_type=\"column\">\n\t\t\t<div class=\"elementor-widget-wrap elementor-element-populated\">\n\t\t\t\t\t\t<div class=\"elementor-element elementor-element-35967b2 elementor-widget elementor-widget-text-editor\" data-id=\"35967b2\" data-element_type=\"widget\" data-widget_type=\"text-editor.default\">\n\t\t\t\t<div class=\"elementor-widget-container\">\n\t\t\t\t\t\t\t<p class=\"western\" lang=\"pt-BR\" align=\"justify\"><span style=\"color: #1a1a1a\"><span style=\"font-family: Times New Roman, serif\"><span style=\"font-size: large\">EntreMeios participou do evento internacional CAC4 + Hiperorg\u00e2nicos, onde houve incorpora\u00e7\u00f5es de outras obras presentes no open lab, tanto em n\u00edvel dos dados digitais quanto das intera\u00e7\u00f5es ocorridas em tempo real.<\/span><\/span><\/span><\/p>\n<p class=\"western\" lang=\"pt-BR\" align=\"justify\"><span style=\"color: #000080\"><u><a href=\"http:\/\/cac4.eba.ufrj.br\/\"><span style=\"font-family: Times New Roman, serif\"><span style=\"font-size: large\"><span lang=\"en-US\">http:\/\/cac4.eba.ufrj.br<\/span><\/span><\/span><\/a><\/u><\/span><\/p>\n<p class=\"western\" align=\"justify\">\n<\/p>\t\t\t\t\t\t<\/div>\n\t\t\t\t<\/div>\n\t\t\t\t\t<\/div>\n\t\t<\/div>\n\t\t\t\t\t<\/div>\n\t\t<\/section>\n\t\t\t\t<section class=\"elementor-section elementor-top-section elementor-element elementor-element-41ebc7f6 elementor-section-boxed elementor-section-height-default elementor-section-height-default\" data-id=\"41ebc7f6\" data-element_type=\"section\">\n\t\t\t\t\t\t<div class=\"elementor-container elementor-column-gap-default\">\n\t\t\t\t\t<div class=\"elementor-column elementor-col-33 elementor-top-column elementor-element elementor-element-3964f474\" data-id=\"3964f474\" data-element_type=\"column\">\n\t\t\t<div class=\"elementor-widget-wrap elementor-element-populated\">\n\t\t\t\t\t\t<div class=\"elementor-element elementor-element-6d1f78c elementor-widget elementor-widget-image\" data-id=\"6d1f78c\" data-element_type=\"widget\" data-widget_type=\"image.default\">\n\t\t\t\t<div class=\"elementor-widget-container\">\n\t\t\t\t\t\t\t\t\t\t\t\t\t<img decoding=\"async\" width=\"1024\" height=\"505\" src=\"https:\/\/www.ufsm.br\/app\/uploads\/sites\/814\/2020\/06\/1-1024x505.jpg\" class=\"attachment-large size-large wp-image-367\" alt=\"\" srcset=\"https:\/\/www.ufsm.br\/app\/uploads\/sites\/814\/2020\/06\/1-1024x505.jpg 1024w, https:\/\/www.ufsm.br\/app\/uploads\/sites\/814\/2020\/06\/1-300x148.jpg 300w, https:\/\/www.ufsm.br\/app\/uploads\/sites\/814\/2020\/06\/1-768x379.jpg 768w, https:\/\/www.ufsm.br\/app\/uploads\/sites\/814\/2020\/06\/1-1536x757.jpg 1536w, https:\/\/www.ufsm.br\/app\/uploads\/sites\/814\/2020\/06\/1-5.jpg 1580w\" sizes=\"(max-width: 1024px) 100vw, 1024px\" \/>\t\t\t\t\t\t\t\t\t\t\t\t\t<\/div>\n\t\t\t\t<\/div>\n\t\t\t\t\t<\/div>\n\t\t<\/div>\n\t\t\t\t<div class=\"elementor-column elementor-col-33 elementor-top-column elementor-element elementor-element-2b8e3150\" data-id=\"2b8e3150\" data-element_type=\"column\">\n\t\t\t<div class=\"elementor-widget-wrap elementor-element-populated\">\n\t\t\t\t\t\t<div class=\"elementor-element elementor-element-a79c11e elementor-widget elementor-widget-image\" data-id=\"a79c11e\" data-element_type=\"widget\" data-widget_type=\"image.default\">\n\t\t\t\t<div class=\"elementor-widget-container\">\n\t\t\t\t\t\t\t\t\t\t\t\t\t<img decoding=\"async\" width=\"958\" height=\"779\" src=\"https:\/\/www.ufsm.br\/app\/uploads\/sites\/814\/2020\/06\/2-3.jpg\" class=\"attachment-large size-large wp-image-368\" alt=\"\" srcset=\"https:\/\/www.ufsm.br\/app\/uploads\/sites\/814\/2020\/06\/2-3.jpg 958w, https:\/\/www.ufsm.br\/app\/uploads\/sites\/814\/2020\/06\/2-300x244.jpg 300w, https:\/\/www.ufsm.br\/app\/uploads\/sites\/814\/2020\/06\/2-768x625.jpg 768w\" sizes=\"(max-width: 958px) 100vw, 958px\" \/>\t\t\t\t\t\t\t\t\t\t\t\t\t<\/div>\n\t\t\t\t<\/div>\n\t\t\t\t\t<\/div>\n\t\t<\/div>\n\t\t\t\t<div class=\"elementor-column elementor-col-33 elementor-top-column elementor-element elementor-element-534231d7\" data-id=\"534231d7\" data-element_type=\"column\">\n\t\t\t<div class=\"elementor-widget-wrap elementor-element-populated\">\n\t\t\t\t\t\t<div class=\"elementor-element elementor-element-a816cc0 elementor-widget elementor-widget-image\" data-id=\"a816cc0\" data-element_type=\"widget\" data-widget_type=\"image.default\">\n\t\t\t\t<div class=\"elementor-widget-container\">\n\t\t\t\t\t\t\t\t\t\t\t\t\t<img loading=\"lazy\" decoding=\"async\" width=\"960\" height=\"720\" src=\"https:\/\/www.ufsm.br\/app\/uploads\/sites\/814\/2020\/06\/3-3.jpg\" class=\"attachment-large size-large wp-image-369\" alt=\"\" srcset=\"https:\/\/www.ufsm.br\/app\/uploads\/sites\/814\/2020\/06\/3-3.jpg 960w, https:\/\/www.ufsm.br\/app\/uploads\/sites\/814\/2020\/06\/3-3-300x225.jpg 300w, https:\/\/www.ufsm.br\/app\/uploads\/sites\/814\/2020\/06\/3-3-768x576.jpg 768w\" sizes=\"(max-width: 960px) 100vw, 960px\" \/>\t\t\t\t\t\t\t\t\t\t\t\t\t<\/div>\n\t\t\t\t<\/div>\n\t\t\t\t\t<\/div>\n\t\t<\/div>\n\t\t\t\t\t<\/div>\n\t\t<\/section>\n\t\t\t\t<section class=\"elementor-section elementor-top-section elementor-element elementor-element-667f269 elementor-section-boxed elementor-section-height-default elementor-section-height-default\" data-id=\"667f269\" data-element_type=\"section\">\n\t\t\t\t\t\t<div class=\"elementor-container elementor-column-gap-default\">\n\t\t\t\t\t<div class=\"elementor-column elementor-col-33 elementor-top-column elementor-element elementor-element-569d822\" data-id=\"569d822\" data-element_type=\"column\">\n\t\t\t<div class=\"elementor-widget-wrap elementor-element-populated\">\n\t\t\t\t\t\t<div class=\"elementor-element elementor-element-e41c8da elementor-widget elementor-widget-image\" data-id=\"e41c8da\" data-element_type=\"widget\" data-widget_type=\"image.default\">\n\t\t\t\t<div class=\"elementor-widget-container\">\n\t\t\t\t\t\t\t\t\t\t\t\t\t<img loading=\"lazy\" decoding=\"async\" width=\"960\" height=\"720\" src=\"https:\/\/www.ufsm.br\/app\/uploads\/sites\/814\/2020\/06\/4-1.jpg\" class=\"attachment-large size-large wp-image-370\" alt=\"\" srcset=\"https:\/\/www.ufsm.br\/app\/uploads\/sites\/814\/2020\/06\/4-1.jpg 960w, https:\/\/www.ufsm.br\/app\/uploads\/sites\/814\/2020\/06\/4-1-300x225.jpg 300w, https:\/\/www.ufsm.br\/app\/uploads\/sites\/814\/2020\/06\/4-1-768x576.jpg 768w\" sizes=\"(max-width: 960px) 100vw, 960px\" \/>\t\t\t\t\t\t\t\t\t\t\t\t\t<\/div>\n\t\t\t\t<\/div>\n\t\t\t\t\t<\/div>\n\t\t<\/div>\n\t\t\t\t<div class=\"elementor-column elementor-col-33 elementor-top-column elementor-element elementor-element-33726f0\" data-id=\"33726f0\" data-element_type=\"column\">\n\t\t\t<div class=\"elementor-widget-wrap elementor-element-populated\">\n\t\t\t\t\t\t<div class=\"elementor-element elementor-element-df89481 elementor-widget elementor-widget-image\" data-id=\"df89481\" data-element_type=\"widget\" data-widget_type=\"image.default\">\n\t\t\t\t<div class=\"elementor-widget-container\">\n\t\t\t\t\t\t\t\t\t\t\t\t\t<img loading=\"lazy\" decoding=\"async\" width=\"760\" height=\"613\" src=\"https:\/\/www.ufsm.br\/app\/uploads\/sites\/814\/2020\/06\/5-1.jpg\" class=\"attachment-large size-large wp-image-371\" alt=\"\" srcset=\"https:\/\/www.ufsm.br\/app\/uploads\/sites\/814\/2020\/06\/5-1.jpg 760w, https:\/\/www.ufsm.br\/app\/uploads\/sites\/814\/2020\/06\/5-1-300x242.jpg 300w\" sizes=\"(max-width: 760px) 100vw, 760px\" \/>\t\t\t\t\t\t\t\t\t\t\t\t\t<\/div>\n\t\t\t\t<\/div>\n\t\t\t\t\t<\/div>\n\t\t<\/div>\n\t\t\t\t<div class=\"elementor-column elementor-col-33 elementor-top-column elementor-element elementor-element-50ed887\" data-id=\"50ed887\" data-element_type=\"column\">\n\t\t\t<div class=\"elementor-widget-wrap elementor-element-populated\">\n\t\t\t\t\t\t\t<\/div>\n\t\t<\/div>\n\t\t\t\t\t<\/div>\n\t\t<\/section>\n\t\t\t\t<section class=\"elementor-section elementor-top-section elementor-element elementor-element-3485ba1 elementor-section-boxed elementor-section-height-default elementor-section-height-default\" data-id=\"3485ba1\" data-element_type=\"section\">\n\t\t\t\t\t\t<div class=\"elementor-container elementor-column-gap-default\">\n\t\t\t\t\t<div class=\"elementor-column elementor-col-100 elementor-top-column elementor-element elementor-element-89cb9cf\" data-id=\"89cb9cf\" data-element_type=\"column\">\n\t\t\t<div class=\"elementor-widget-wrap elementor-element-populated\">\n\t\t\t\t\t\t<div class=\"elementor-element elementor-element-44c98bf elementor-widget elementor-widget-text-editor\" data-id=\"44c98bf\" data-element_type=\"widget\" data-widget_type=\"text-editor.default\">\n\t\t\t\t<div class=\"elementor-widget-container\">\n\t\t\t\t\t\t\t<p class=\"western\" lang=\"pt-BR\" align=\"justify\"><span style=\"font-family: Times New Roman, serif\"><span lang=\"en-US\"><b>Flicker images<\/b><\/span><\/span><\/p>\n<p class=\"western\" lang=\"pt-BR\" align=\"justify\"><span style=\"color: #000080\"><u><a href=\"https:\/\/www.flickr.com\/photos\/129970610@N08\/\"><span style=\"color: #000000\"><span style=\"font-family: Times New Roman, serif\"><span lang=\"en-US\">https:\/\/www.flickr.com\/photos\/129970610@N08\/<\/span><\/span><\/span><\/a><\/u><\/span><\/p>\n<p class=\"western\" lang=\"pt-BR\" align=\"justify\"><span style=\"font-family: Times New Roman, serif\"><a href=\"https:\/\/vimeo.com\/128420085\">https:\/\/vimeo.com\/128420085<\/a><\/span><\/p>\t\t\t\t\t\t<\/div>\n\t\t\t\t<\/div>\n\t\t\t\t\t<\/div>\n\t\t<\/div>\n\t\t\t\t\t<\/div>\n\t\t<\/section>\n\t\t\t\t<\/div>\n\t\t","protected":false},"excerpt":{"rendered":"<p>Andreia Oliveira, Marcos Cichelero, Matheus Camargo, Fabio Gomes, Evaristo Nascimento. \u00a0 https:\/\/vimeo.com\/128420085 Instala\u00e7\u00e3o Interativa &#8211;\u00a02015 EntreMeios e\u0301 uma vi\u0301deo instalac\u0327a\u0303o interativa, produzida pelo LabInter\/UFSM, que explora o ato de habitar e de se mover entre meios distintos. As imagens construi\u0301das em espacialidades e temporalidades diversas se hibridizam em um mesmo espac\u0327o em tempo real, propiciando [&hellip;]<\/p>\n","protected":false},"author":2500,"featured_media":0,"parent":32,"menu_order":0,"comment_status":"closed","ping_status":"closed","template":"","meta":{"footnotes":""},"categories":[17],"tags":[],"class_list":["post-287","page","type-page","status-publish","hentry","category-projetos"],"acf":[],"_links":{"self":[{"href":"https:\/\/www.ufsm.br\/laboratorios\/labinter\/wp-json\/wp\/v2\/pages\/287","targetHints":{"allow":["GET"]}}],"collection":[{"href":"https:\/\/www.ufsm.br\/laboratorios\/labinter\/wp-json\/wp\/v2\/pages"}],"about":[{"href":"https:\/\/www.ufsm.br\/laboratorios\/labinter\/wp-json\/wp\/v2\/types\/page"}],"author":[{"embeddable":true,"href":"https:\/\/www.ufsm.br\/laboratorios\/labinter\/wp-json\/wp\/v2\/users\/2500"}],"replies":[{"embeddable":true,"href":"https:\/\/www.ufsm.br\/laboratorios\/labinter\/wp-json\/wp\/v2\/comments?post=287"}],"version-history":[{"count":0,"href":"https:\/\/www.ufsm.br\/laboratorios\/labinter\/wp-json\/wp\/v2\/pages\/287\/revisions"}],"up":[{"embeddable":true,"href":"https:\/\/www.ufsm.br\/laboratorios\/labinter\/wp-json\/wp\/v2\/pages\/32"}],"wp:attachment":[{"href":"https:\/\/www.ufsm.br\/laboratorios\/labinter\/wp-json\/wp\/v2\/media?parent=287"}],"wp:term":[{"taxonomy":"category","embeddable":true,"href":"https:\/\/www.ufsm.br\/laboratorios\/labinter\/wp-json\/wp\/v2\/categories?post=287"},{"taxonomy":"post_tag","embeddable":true,"href":"https:\/\/www.ufsm.br\/laboratorios\/labinter\/wp-json\/wp\/v2\/tags?post=287"}],"curies":[{"name":"wp","href":"https:\/\/api.w.org\/{rel}","templated":true}]}}