{"id":290,"date":"2020-06-23T11:36:57","date_gmt":"2020-06-23T14:36:57","guid":{"rendered":"https:\/\/www.ufsm.br\/laboratorios\/labinter\/?page_id=290"},"modified":"2024-01-25T11:10:16","modified_gmt":"2024-01-25T14:10:16","slug":"dialografias-sonoras","status":"publish","type":"page","link":"https:\/\/www.ufsm.br\/laboratorios\/labinter\/projetos\/dialografias-sonoras","title":{"rendered":"Dialografias sonoras"},"content":{"rendered":"\t\t<div data-elementor-type=\"wp-page\" data-elementor-id=\"290\" class=\"elementor elementor-290\">\n\t\t\t\t\t\t<section class=\"elementor-section elementor-top-section elementor-element elementor-element-fba959b elementor-section-boxed elementor-section-height-default elementor-section-height-default\" data-id=\"fba959b\" data-element_type=\"section\">\n\t\t\t\t\t\t<div class=\"elementor-container elementor-column-gap-default\">\n\t\t\t\t\t<div class=\"elementor-column elementor-col-100 elementor-top-column elementor-element elementor-element-e652141\" data-id=\"e652141\" data-element_type=\"column\">\n\t\t\t<div class=\"elementor-widget-wrap elementor-element-populated\">\n\t\t\t\t\t\t<div class=\"elementor-element elementor-element-80fa073 elementor-widget elementor-widget-text-editor\" data-id=\"80fa073\" data-element_type=\"widget\" data-widget_type=\"text-editor.default\">\n\t\t\t\t<div class=\"elementor-widget-container\">\n\t\t\t\t\t\t\t<h5 align=\"justify\"><span lang=\"pt-BR\">Andreia Oliveira, Alexandre Montibeller, B\u00e1rbara <\/span><span lang=\"pt-BR\">Pereira, Evaristo Nascimento e Cristiano Figueir\u00f3<\/span><\/h5>\t\t\t\t\t\t<\/div>\n\t\t\t\t<\/div>\n\t\t\t\t\t<\/div>\n\t\t<\/div>\n\t\t\t\t\t<\/div>\n\t\t<\/section>\n\t\t\t\t<section class=\"elementor-section elementor-top-section elementor-element elementor-element-fdcde33 elementor-section-boxed elementor-section-height-default elementor-section-height-default\" data-id=\"fdcde33\" data-element_type=\"section\">\n\t\t\t\t\t\t<div class=\"elementor-container elementor-column-gap-default\">\n\t\t\t\t\t<div class=\"elementor-column elementor-col-100 elementor-top-column elementor-element elementor-element-8a970be\" data-id=\"8a970be\" data-element_type=\"column\">\n\t\t\t<div class=\"elementor-widget-wrap elementor-element-populated\">\n\t\t\t\t\t\t<div class=\"elementor-element elementor-element-b871359 elementor-widget elementor-widget-text-editor\" data-id=\"b871359\" data-element_type=\"widget\" data-widget_type=\"text-editor.default\">\n\t\t\t\t<div class=\"elementor-widget-container\">\n\t\t\t\t\t\t\t<p align=\"justify\" style=\"font-size: 16px\"><b><span lang=\"pt-BR\">Instala\u00e7\u00e3o Interativa &#8211;&nbsp;<\/span><span style=\"font-size: 16px;text-align: left\">2015<\/span><\/b><\/p>\n<p align=\"justify\"><a><\/a> <span lang=\"pt-BR\">Dialografias Sonoras \u00e9 uma instala\u00e7\u00e3o interativa que prop\u00f5e di\u00e1logos gr\u00e1fico-sonoros que se estabelecem de modo rand\u00f4mico e ca\u00f3tico, com significados indeterminados. Cada som ativa certas grafias, que ao se comunicarem, formam outras inesperadas. \u00c9 uma instala\u00e7\u00e3o interativa executada com o aux\u00edlio do software Pure Data.<\/span><\/p>\n<p align=\"justify\"><span lang=\"pt-BR\">Esta prop\u00f5e di\u00e1logos sugerem uma &#8220;aus\u00eancia de ordem\u201d. Fazem parte da instala\u00e7\u00e3o fones com microfones, quando o interator utiliza o microfone para gerar sons estes ativam certas grafias, que ao se comunicarem formam outras inesperadas. Buscam-se di\u00e1logos n\u00e3o ditos intencionalmente, o imprevisto, em que os interatores articulam nos microfones dispon\u00edveis, assim, acontece esta livre troca atrav\u00e9s de uma comunica\u00e7\u00e3o despretensiosa do expectador\/interator com o trabalho, gerando uma troca entre humano e o n\u00e3o humano. Foram utilizadas formas puras, como cubos e esferas <\/span><span lang=\"pt-BR\"><i>draw line<\/i><\/span><span lang=\"pt-BR\">, que passaram por altera\u00e7\u00e3o no seu n\u00famero de v\u00e9rtices. Os quais se expandem conforme o som gerado pelos microfones. <\/span><\/p>\n<p align=\"justify\"><span lang=\"pt-BR\">Para desenvolvimento do trabalho foi utilizada a plataforma de programa\u00e7\u00e3o <\/span><span lang=\"pt-BR\"><i>Pure Data<\/i><\/span><span lang=\"pt-BR\"> e troca de dados OSC (<\/span><span lang=\"pt-BR\"><i>Open<\/i><\/span> <span lang=\"pt-BR\"><i>Sound Control<\/i><\/span><span lang=\"pt-BR\">). Este protocolo de comunica\u00e7\u00e3o permite que os sons de computadores e outros dispositivos via internet comuniquem-se em tempo real atrav\u00e9s de uma rede. Compartilhando informa\u00e7\u00f5es diversas, de origem humana e n\u00e3o-humana de modo c\u00edclico, onde som, imagem, dados num\u00e9ricos e interatores se equiparam como atores conectados em trocas simult\u00e2neas entre espa\u00e7o f\u00edsico e digital que se hibridizam.<\/span><\/p>\t\t\t\t\t\t<\/div>\n\t\t\t\t<\/div>\n\t\t\t\t\t<\/div>\n\t\t<\/div>\n\t\t\t\t\t<\/div>\n\t\t<\/section>\n\t\t\t\t<section class=\"elementor-section elementor-top-section elementor-element elementor-element-4f164e20 elementor-section-boxed elementor-section-height-default elementor-section-height-default\" data-id=\"4f164e20\" data-element_type=\"section\">\n\t\t\t\t\t\t<div class=\"elementor-container elementor-column-gap-default\">\n\t\t\t\t\t<div class=\"elementor-column elementor-col-33 elementor-top-column elementor-element elementor-element-3c0743b3\" data-id=\"3c0743b3\" data-element_type=\"column\">\n\t\t\t<div class=\"elementor-widget-wrap elementor-element-populated\">\n\t\t\t\t\t\t<div class=\"elementor-element elementor-element-7627a701 elementor-widget elementor-widget-image\" data-id=\"7627a701\" data-element_type=\"widget\" data-widget_type=\"image.default\">\n\t\t\t\t<div class=\"elementor-widget-container\">\n\t\t\t\t\t\t\t\t\t\t\t\t\t<img fetchpriority=\"high\" decoding=\"async\" width=\"1024\" height=\"765\" src=\"https:\/\/www.ufsm.br\/app\/uploads\/sites\/814\/2020\/06\/5-1024x765.jpg\" class=\"attachment-large size-large wp-image-291\" alt=\"\" srcset=\"https:\/\/www.ufsm.br\/app\/uploads\/sites\/814\/2020\/06\/5-1024x765.jpg 1024w, https:\/\/www.ufsm.br\/app\/uploads\/sites\/814\/2020\/06\/5-300x224.jpg 300w, https:\/\/www.ufsm.br\/app\/uploads\/sites\/814\/2020\/06\/5-768x574.jpg 768w, https:\/\/www.ufsm.br\/app\/uploads\/sites\/814\/2020\/06\/5.jpg 1377w\" sizes=\"(max-width: 1024px) 100vw, 1024px\" \/>\t\t\t\t\t\t\t\t\t\t\t\t\t<\/div>\n\t\t\t\t<\/div>\n\t\t\t\t\t<\/div>\n\t\t<\/div>\n\t\t\t\t<div class=\"elementor-column elementor-col-33 elementor-top-column elementor-element elementor-element-6ae6db1b\" data-id=\"6ae6db1b\" data-element_type=\"column\">\n\t\t\t<div class=\"elementor-widget-wrap elementor-element-populated\">\n\t\t\t\t\t\t<div class=\"elementor-element elementor-element-6ef0d3e1 elementor-widget elementor-widget-image\" data-id=\"6ef0d3e1\" data-element_type=\"widget\" data-widget_type=\"image.default\">\n\t\t\t\t<div class=\"elementor-widget-container\">\n\t\t\t\t\t\t\t\t\t\t\t\t\t<img decoding=\"async\" width=\"1024\" height=\"765\" src=\"https:\/\/www.ufsm.br\/app\/uploads\/sites\/814\/2020\/06\/6-1024x765.jpg\" class=\"attachment-large size-large wp-image-292\" alt=\"\" srcset=\"https:\/\/www.ufsm.br\/app\/uploads\/sites\/814\/2020\/06\/6-1024x765.jpg 1024w, https:\/\/www.ufsm.br\/app\/uploads\/sites\/814\/2020\/06\/6-300x224.jpg 300w, https:\/\/www.ufsm.br\/app\/uploads\/sites\/814\/2020\/06\/6-768x574.jpg 768w, https:\/\/www.ufsm.br\/app\/uploads\/sites\/814\/2020\/06\/6.jpg 1377w\" sizes=\"(max-width: 1024px) 100vw, 1024px\" \/>\t\t\t\t\t\t\t\t\t\t\t\t\t<\/div>\n\t\t\t\t<\/div>\n\t\t\t\t\t<\/div>\n\t\t<\/div>\n\t\t\t\t<div class=\"elementor-column elementor-col-33 elementor-top-column elementor-element elementor-element-5cea2121\" data-id=\"5cea2121\" data-element_type=\"column\">\n\t\t\t<div class=\"elementor-widget-wrap elementor-element-populated\">\n\t\t\t\t\t\t<div class=\"elementor-element elementor-element-7c5abdc2 elementor-widget elementor-widget-image\" data-id=\"7c5abdc2\" data-element_type=\"widget\" data-widget_type=\"image.default\">\n\t\t\t\t<div class=\"elementor-widget-container\">\n\t\t\t\t\t\t\t\t\t\t\t\t\t<img decoding=\"async\" width=\"1024\" height=\"765\" src=\"https:\/\/www.ufsm.br\/app\/uploads\/sites\/814\/2020\/06\/7-1024x765.jpg\" class=\"attachment-large size-large wp-image-293\" alt=\"\" srcset=\"https:\/\/www.ufsm.br\/app\/uploads\/sites\/814\/2020\/06\/7-1024x765.jpg 1024w, https:\/\/www.ufsm.br\/app\/uploads\/sites\/814\/2020\/06\/7-300x224.jpg 300w, https:\/\/www.ufsm.br\/app\/uploads\/sites\/814\/2020\/06\/7-768x574.jpg 768w, https:\/\/www.ufsm.br\/app\/uploads\/sites\/814\/2020\/06\/7.jpg 1377w\" sizes=\"(max-width: 1024px) 100vw, 1024px\" \/>\t\t\t\t\t\t\t\t\t\t\t\t\t<\/div>\n\t\t\t\t<\/div>\n\t\t\t\t\t<\/div>\n\t\t<\/div>\n\t\t\t\t\t<\/div>\n\t\t<\/section>\n\t\t\t\t<section class=\"elementor-section elementor-top-section elementor-element elementor-element-fe33759 elementor-section-boxed elementor-section-height-default elementor-section-height-default\" data-id=\"fe33759\" data-element_type=\"section\">\n\t\t\t\t\t\t<div class=\"elementor-container elementor-column-gap-default\">\n\t\t\t\t\t<div class=\"elementor-column elementor-col-100 elementor-top-column elementor-element elementor-element-d3f0faf\" data-id=\"d3f0faf\" data-element_type=\"column\">\n\t\t\t<div class=\"elementor-widget-wrap elementor-element-populated\">\n\t\t\t\t\t\t<div class=\"elementor-element elementor-element-f6b14bb elementor-widget elementor-widget-text-editor\" data-id=\"f6b14bb\" data-element_type=\"widget\" data-widget_type=\"text-editor.default\">\n\t\t\t\t<div class=\"elementor-widget-container\">\n\t\t\t\t\t\t\t<p style=\"text-align: center\" align=\"justify\"><span lang=\"pt-BR\">DIGFEST 2018 \u2013 Durban University of Technology \u2013 \u00c1frica do Sul<\/span><\/p>\t\t\t\t\t\t<\/div>\n\t\t\t\t<\/div>\n\t\t\t\t\t<\/div>\n\t\t<\/div>\n\t\t\t\t\t<\/div>\n\t\t<\/section>\n\t\t\t\t<section class=\"elementor-section elementor-top-section elementor-element elementor-element-ac13b9d elementor-section-boxed elementor-section-height-default elementor-section-height-default\" data-id=\"ac13b9d\" data-element_type=\"section\">\n\t\t\t\t\t\t<div class=\"elementor-container elementor-column-gap-default\">\n\t\t\t\t\t<div class=\"elementor-column elementor-col-100 elementor-top-column elementor-element elementor-element-c6b585f\" data-id=\"c6b585f\" data-element_type=\"column\">\n\t\t\t<div class=\"elementor-widget-wrap elementor-element-populated\">\n\t\t\t\t\t\t<div class=\"elementor-element elementor-element-e6436e3 elementor-widget elementor-widget-image\" data-id=\"e6436e3\" data-element_type=\"widget\" data-widget_type=\"image.default\">\n\t\t\t\t<div class=\"elementor-widget-container\">\n\t\t\t\t\t\t\t\t\t\t\t\t\t<img loading=\"lazy\" decoding=\"async\" width=\"768\" height=\"249\" src=\"https:\/\/www.ufsm.br\/app\/uploads\/sites\/814\/2020\/06\/8-768x249.jpg\" class=\"attachment-medium_large size-medium_large wp-image-295\" alt=\"\" srcset=\"https:\/\/www.ufsm.br\/app\/uploads\/sites\/814\/2020\/06\/8-768x249.jpg 768w, https:\/\/www.ufsm.br\/app\/uploads\/sites\/814\/2020\/06\/8-300x97.jpg 300w, https:\/\/www.ufsm.br\/app\/uploads\/sites\/814\/2020\/06\/8-1024x332.jpg 1024w, https:\/\/www.ufsm.br\/app\/uploads\/sites\/814\/2020\/06\/8.jpg 1380w\" sizes=\"(max-width: 768px) 100vw, 768px\" \/>\t\t\t\t\t\t\t\t\t\t\t\t\t<\/div>\n\t\t\t\t<\/div>\n\t\t\t\t<div class=\"elementor-element elementor-element-9ea2a7e elementor-widget elementor-widget-image\" data-id=\"9ea2a7e\" data-element_type=\"widget\" data-widget_type=\"image.default\">\n\t\t\t\t<div class=\"elementor-widget-container\">\n\t\t\t\t\t\t\t\t\t\t\t\t\t<img decoding=\"async\" src=\"https:\/\/www.ufsm.br\/app\/uploads\/sites\/814\/elementor\/thumbs\/4-org1gturumllea1xauac5rcmz16lf9ztwipvmas2wo.jpg\" title=\"4\" alt=\"4\" loading=\"lazy\" \/>\t\t\t\t\t\t\t\t\t\t\t\t\t<\/div>\n\t\t\t\t<\/div>\n\t\t\t\t\t<\/div>\n\t\t<\/div>\n\t\t\t\t\t<\/div>\n\t\t<\/section>\n\t\t\t\t<\/div>\n\t\t","protected":false},"excerpt":{"rendered":"<p>Andreia Oliveira, Alexandre Montibeller, B\u00e1rbara Pereira, Evaristo Nascimento e Cristiano Figueir\u00f3 Instala\u00e7\u00e3o Interativa &#8211;&nbsp;2015 Dialografias Sonoras \u00e9 uma instala\u00e7\u00e3o interativa que prop\u00f5e di\u00e1logos gr\u00e1fico-sonoros que se estabelecem de modo rand\u00f4mico e ca\u00f3tico, com significados indeterminados. Cada som ativa certas grafias, que ao se comunicarem, formam outras inesperadas. \u00c9 uma instala\u00e7\u00e3o interativa executada com o aux\u00edlio [&hellip;]<\/p>\n","protected":false},"author":2500,"featured_media":0,"parent":32,"menu_order":0,"comment_status":"closed","ping_status":"closed","template":"","meta":{"footnotes":""},"categories":[17],"tags":[],"class_list":["post-290","page","type-page","status-publish","hentry","category-projetos"],"acf":[],"_links":{"self":[{"href":"https:\/\/www.ufsm.br\/laboratorios\/labinter\/wp-json\/wp\/v2\/pages\/290","targetHints":{"allow":["GET"]}}],"collection":[{"href":"https:\/\/www.ufsm.br\/laboratorios\/labinter\/wp-json\/wp\/v2\/pages"}],"about":[{"href":"https:\/\/www.ufsm.br\/laboratorios\/labinter\/wp-json\/wp\/v2\/types\/page"}],"author":[{"embeddable":true,"href":"https:\/\/www.ufsm.br\/laboratorios\/labinter\/wp-json\/wp\/v2\/users\/2500"}],"replies":[{"embeddable":true,"href":"https:\/\/www.ufsm.br\/laboratorios\/labinter\/wp-json\/wp\/v2\/comments?post=290"}],"version-history":[{"count":0,"href":"https:\/\/www.ufsm.br\/laboratorios\/labinter\/wp-json\/wp\/v2\/pages\/290\/revisions"}],"up":[{"embeddable":true,"href":"https:\/\/www.ufsm.br\/laboratorios\/labinter\/wp-json\/wp\/v2\/pages\/32"}],"wp:attachment":[{"href":"https:\/\/www.ufsm.br\/laboratorios\/labinter\/wp-json\/wp\/v2\/media?parent=290"}],"wp:term":[{"taxonomy":"category","embeddable":true,"href":"https:\/\/www.ufsm.br\/laboratorios\/labinter\/wp-json\/wp\/v2\/categories?post=290"},{"taxonomy":"post_tag","embeddable":true,"href":"https:\/\/www.ufsm.br\/laboratorios\/labinter\/wp-json\/wp\/v2\/tags?post=290"}],"curies":[{"name":"wp","href":"https:\/\/api.w.org\/{rel}","templated":true}]}}