{"id":524,"date":"2020-07-30T14:12:27","date_gmt":"2020-07-30T17:12:27","guid":{"rendered":"https:\/\/www.ufsm.br\/laboratorios\/labinter\/?page_id=524"},"modified":"2024-01-25T12:54:11","modified_gmt":"2024-01-25T15:54:11","slug":"espetaculo-performativo-casa-constituicao","status":"publish","type":"page","link":"https:\/\/www.ufsm.br\/laboratorios\/labinter\/projetos\/zacat-zonas-de-acoes-comunicacionais-em-arte-e-tecnologia\/espetaculo-performativo-casa-constituicao","title":{"rendered":"Espet\u00e1culo Performativo Casa Constitui\u00e7\u00e3o"},"content":{"rendered":"\t\t<div data-elementor-type=\"wp-page\" data-elementor-id=\"524\" class=\"elementor elementor-524\">\n\t\t\t\t\t\t<section class=\"elementor-section elementor-top-section elementor-element elementor-element-a00f02b elementor-section-boxed elementor-section-height-default elementor-section-height-default\" data-id=\"a00f02b\" data-element_type=\"section\">\n\t\t\t\t\t\t<div class=\"elementor-container elementor-column-gap-default\">\n\t\t\t\t\t<div class=\"elementor-column elementor-col-100 elementor-top-column elementor-element elementor-element-1f58d05\" data-id=\"1f58d05\" data-element_type=\"column\">\n\t\t\t<div class=\"elementor-widget-wrap elementor-element-populated\">\n\t\t\t\t\t\t<div class=\"elementor-element elementor-element-412c97f gallery-spacing-custom elementor-widget elementor-widget-image-gallery\" data-id=\"412c97f\" data-element_type=\"widget\" data-widget_type=\"image-gallery.default\">\n\t\t\t\t<div class=\"elementor-widget-container\">\n\t\t\t\t\t<div class=\"elementor-image-gallery\">\n\t\t\t<div id='gallery-1' class='gallery galleryid-524 gallery-columns-3 gallery-size-medium'><figure class='gallery-item'>\n\t\t\t<div class='gallery-icon portrait'>\n\t\t\t\t<a data-elementor-open-lightbox=\"yes\" data-elementor-lightbox-slideshow=\"412c97f\" data-e-action-hash=\"#elementor-action%3Aaction%3Dlightbox%26settings%3DeyJpZCI6NTMxLCJ1cmwiOiJodHRwczpcL1wvd3d3LnVmc20uYnJcL2FwcFwvdXBsb2Fkc1wvc2l0ZXNcLzgxNFwvMjAyMFwvMDdcLzEuLURhcnRhbmhhbi1CYWxkZXotRmlndWVpcmVkby0yMDE5LTEuanBnIiwic2xpZGVzaG93IjoiNDEyYzk3ZiJ9\" href='https:\/\/www.ufsm.br\/app\/uploads\/sites\/814\/2020\/07\/1.-Dartanhan-Baldez-Figueiredo-2019-1.jpg'><img fetchpriority=\"high\" decoding=\"async\" width=\"207\" height=\"300\" src=\"https:\/\/www.ufsm.br\/app\/uploads\/sites\/814\/2020\/07\/1.-Dartanhan-Baldez-Figueiredo-2019-1-207x300.jpg\" class=\"attachment-medium size-medium\" alt=\"\" aria-describedby=\"gallery-1-531\" srcset=\"https:\/\/www.ufsm.br\/app\/uploads\/sites\/814\/2020\/07\/1.-Dartanhan-Baldez-Figueiredo-2019-1-207x300.jpg 207w, https:\/\/www.ufsm.br\/app\/uploads\/sites\/814\/2020\/07\/1.-Dartanhan-Baldez-Figueiredo-2019-1.jpg 661w\" sizes=\"(max-width: 207px) 100vw, 207px\" \/><\/a>\n\t\t\t<\/div>\n\t\t\t\t<figcaption class='wp-caption-text gallery-caption' id='gallery-1-531'>\n\t\t\t\tFotografia: Dartanhan Baldez Figueiredo, 2019\n\t\t\t\t<\/figcaption><\/figure><figure class='gallery-item'>\n\t\t\t<div class='gallery-icon landscape'>\n\t\t\t\t<a data-elementor-open-lightbox=\"yes\" data-elementor-lightbox-slideshow=\"412c97f\" data-e-action-hash=\"#elementor-action%3Aaction%3Dlightbox%26settings%3DeyJpZCI6NTMyLCJ1cmwiOiJodHRwczpcL1wvd3d3LnVmc20uYnJcL2FwcFwvdXBsb2Fkc1wvc2l0ZXNcLzgxNFwvMjAyMFwvMDdcLzIuLURhcnRhbmhhbi1CYWxkZXotRmlndWVpcmVkby0yMDE5LTEuanBnIiwic2xpZGVzaG93IjoiNDEyYzk3ZiJ9\" href='https:\/\/www.ufsm.br\/app\/uploads\/sites\/814\/2020\/07\/2.-Dartanhan-Baldez-Figueiredo-2019-1.jpg'><img decoding=\"async\" width=\"300\" height=\"196\" src=\"https:\/\/www.ufsm.br\/app\/uploads\/sites\/814\/2020\/07\/2.-Dartanhan-Baldez-Figueiredo-2019-1-300x196.jpg\" class=\"attachment-medium size-medium\" alt=\"\" aria-describedby=\"gallery-1-532\" srcset=\"https:\/\/www.ufsm.br\/app\/uploads\/sites\/814\/2020\/07\/2.-Dartanhan-Baldez-Figueiredo-2019-1-300x196.jpg 300w, https:\/\/www.ufsm.br\/app\/uploads\/sites\/814\/2020\/07\/2.-Dartanhan-Baldez-Figueiredo-2019-1-768x502.jpg 768w, https:\/\/www.ufsm.br\/app\/uploads\/sites\/814\/2020\/07\/2.-Dartanhan-Baldez-Figueiredo-2019-1.jpg 960w\" sizes=\"(max-width: 300px) 100vw, 300px\" \/><\/a>\n\t\t\t<\/div>\n\t\t\t\t<figcaption class='wp-caption-text gallery-caption' id='gallery-1-532'>\n\t\t\t\tFotografia: Dartanhan Baldez Figueiredo, 2019\n\t\t\t\t<\/figcaption><\/figure><figure class='gallery-item'>\n\t\t\t<div class='gallery-icon landscape'>\n\t\t\t\t<a data-elementor-open-lightbox=\"yes\" data-elementor-lightbox-slideshow=\"412c97f\" data-e-action-hash=\"#elementor-action%3Aaction%3Dlightbox%26settings%3DeyJpZCI6NTMzLCJ1cmwiOiJodHRwczpcL1wvd3d3LnVmc20uYnJcL2FwcFwvdXBsb2Fkc1wvc2l0ZXNcLzgxNFwvMjAyMFwvMDdcLzMuLURhcnRhbmhhbi1CYWxkZXotRmlndWVpcmVkby0yMDE5LTEuanBnIiwic2xpZGVzaG93IjoiNDEyYzk3ZiJ9\" href='https:\/\/www.ufsm.br\/app\/uploads\/sites\/814\/2020\/07\/3.-Dartanhan-Baldez-Figueiredo-2019-1.jpg'><img decoding=\"async\" width=\"300\" height=\"206\" src=\"https:\/\/www.ufsm.br\/app\/uploads\/sites\/814\/2020\/07\/3.-Dartanhan-Baldez-Figueiredo-2019-1-300x206.jpg\" class=\"attachment-medium size-medium\" alt=\"\" aria-describedby=\"gallery-1-533\" srcset=\"https:\/\/www.ufsm.br\/app\/uploads\/sites\/814\/2020\/07\/3.-Dartanhan-Baldez-Figueiredo-2019-1-300x206.jpg 300w, https:\/\/www.ufsm.br\/app\/uploads\/sites\/814\/2020\/07\/3.-Dartanhan-Baldez-Figueiredo-2019-1-768x528.jpg 768w, https:\/\/www.ufsm.br\/app\/uploads\/sites\/814\/2020\/07\/3.-Dartanhan-Baldez-Figueiredo-2019-1.jpg 960w\" sizes=\"(max-width: 300px) 100vw, 300px\" \/><\/a>\n\t\t\t<\/div>\n\t\t\t\t<figcaption class='wp-caption-text gallery-caption' id='gallery-1-533'>\n\t\t\t\tFotografia: Dartanhan Baldez Figueiredo, 2019\n\t\t\t\t<\/figcaption><\/figure><figure class='gallery-item'>\n\t\t\t<div class='gallery-icon portrait'>\n\t\t\t\t<a data-elementor-open-lightbox=\"yes\" data-elementor-lightbox-slideshow=\"412c97f\" data-e-action-hash=\"#elementor-action%3Aaction%3Dlightbox%26settings%3DeyJpZCI6NTM0LCJ1cmwiOiJodHRwczpcL1wvd3d3LnVmc20uYnJcL2FwcFwvdXBsb2Fkc1wvc2l0ZXNcLzgxNFwvMjAyMFwvMDdcLzQuLURhcnRhbmhhbi1CYWxkZXotRmlndWVpcmVkby0yMDE5LTEuanBnIiwic2xpZGVzaG93IjoiNDEyYzk3ZiJ9\" href='https:\/\/www.ufsm.br\/app\/uploads\/sites\/814\/2020\/07\/4.-Dartanhan-Baldez-Figueiredo-2019-1.jpg'><img loading=\"lazy\" decoding=\"async\" width=\"284\" height=\"300\" src=\"https:\/\/www.ufsm.br\/app\/uploads\/sites\/814\/2020\/07\/4.-Dartanhan-Baldez-Figueiredo-2019-1-284x300.jpg\" class=\"attachment-medium size-medium\" alt=\"\" aria-describedby=\"gallery-1-534\" srcset=\"https:\/\/www.ufsm.br\/app\/uploads\/sites\/814\/2020\/07\/4.-Dartanhan-Baldez-Figueiredo-2019-1-284x300.jpg 284w, https:\/\/www.ufsm.br\/app\/uploads\/sites\/814\/2020\/07\/4.-Dartanhan-Baldez-Figueiredo-2019-1-768x810.jpg 768w, https:\/\/www.ufsm.br\/app\/uploads\/sites\/814\/2020\/07\/4.-Dartanhan-Baldez-Figueiredo-2019-1.jpg 910w\" sizes=\"(max-width: 284px) 100vw, 284px\" \/><\/a>\n\t\t\t<\/div>\n\t\t\t\t<figcaption class='wp-caption-text gallery-caption' id='gallery-1-534'>\n\t\t\t\tFotografia: Dartanhan Baldez Figueiredo, 2019\n\t\t\t\t<\/figcaption><\/figure><figure class='gallery-item'>\n\t\t\t<div class='gallery-icon landscape'>\n\t\t\t\t<a data-elementor-open-lightbox=\"yes\" data-elementor-lightbox-slideshow=\"412c97f\" data-e-action-hash=\"#elementor-action%3Aaction%3Dlightbox%26settings%3DeyJpZCI6NTM1LCJ1cmwiOiJodHRwczpcL1wvd3d3LnVmc20uYnJcL2FwcFwvdXBsb2Fkc1wvc2l0ZXNcLzgxNFwvMjAyMFwvMDdcLzUuLURhcnRhbmhhbi1CYWxkZXotRmlndWVpcmVkby0yMDE5LTEuanBnIiwic2xpZGVzaG93IjoiNDEyYzk3ZiJ9\" href='https:\/\/www.ufsm.br\/app\/uploads\/sites\/814\/2020\/07\/5.-Dartanhan-Baldez-Figueiredo-2019-1.jpg'><img loading=\"lazy\" decoding=\"async\" width=\"300\" height=\"200\" src=\"https:\/\/www.ufsm.br\/app\/uploads\/sites\/814\/2020\/07\/5.-Dartanhan-Baldez-Figueiredo-2019-1-300x200.jpg\" class=\"attachment-medium size-medium\" alt=\"\" aria-describedby=\"gallery-1-535\" srcset=\"https:\/\/www.ufsm.br\/app\/uploads\/sites\/814\/2020\/07\/5.-Dartanhan-Baldez-Figueiredo-2019-1-300x200.jpg 300w, https:\/\/www.ufsm.br\/app\/uploads\/sites\/814\/2020\/07\/5.-Dartanhan-Baldez-Figueiredo-2019-1-768x512.jpg 768w, https:\/\/www.ufsm.br\/app\/uploads\/sites\/814\/2020\/07\/5.-Dartanhan-Baldez-Figueiredo-2019-1-272x182.jpg 272w, https:\/\/www.ufsm.br\/app\/uploads\/sites\/814\/2020\/07\/5.-Dartanhan-Baldez-Figueiredo-2019-1.jpg 960w\" sizes=\"(max-width: 300px) 100vw, 300px\" \/><\/a>\n\t\t\t<\/div>\n\t\t\t\t<figcaption class='wp-caption-text gallery-caption' id='gallery-1-535'>\n\t\t\t\tFotografia: Dartanhan Baldez Figueiredo, 2019\n\t\t\t\t<\/figcaption><\/figure>\n\t\t<\/div>\n\t\t<\/div>\n\t\t\t\t<\/div>\n\t\t\t\t<\/div>\n\t\t\t\t\t<\/div>\n\t\t<\/div>\n\t\t\t\t\t<\/div>\n\t\t<\/section>\n\t\t\t\t<\/div>\n\t\t","protected":false},"excerpt":{"rendered":"<p>Fotografia: Dartanhan Baldez Figueiredo, 2019 Fotografia: Dartanhan Baldez Figueiredo, 2019 Fotografia: Dartanhan Baldez Figueiredo, 2019 Fotografia: Dartanhan Baldez Figueiredo, 2019 Fotografia: Dartanhan Baldez Figueiredo, 2019<\/p>\n","protected":false},"author":2498,"featured_media":0,"parent":246,"menu_order":0,"comment_status":"closed","ping_status":"closed","template":"","meta":{"footnotes":""},"categories":[17,130],"tags":[],"class_list":["post-524","page","type-page","status-publish","hentry","category-projetos","category-zacat"],"acf":[],"_links":{"self":[{"href":"https:\/\/www.ufsm.br\/laboratorios\/labinter\/wp-json\/wp\/v2\/pages\/524","targetHints":{"allow":["GET"]}}],"collection":[{"href":"https:\/\/www.ufsm.br\/laboratorios\/labinter\/wp-json\/wp\/v2\/pages"}],"about":[{"href":"https:\/\/www.ufsm.br\/laboratorios\/labinter\/wp-json\/wp\/v2\/types\/page"}],"author":[{"embeddable":true,"href":"https:\/\/www.ufsm.br\/laboratorios\/labinter\/wp-json\/wp\/v2\/users\/2498"}],"replies":[{"embeddable":true,"href":"https:\/\/www.ufsm.br\/laboratorios\/labinter\/wp-json\/wp\/v2\/comments?post=524"}],"version-history":[{"count":0,"href":"https:\/\/www.ufsm.br\/laboratorios\/labinter\/wp-json\/wp\/v2\/pages\/524\/revisions"}],"up":[{"embeddable":true,"href":"https:\/\/www.ufsm.br\/laboratorios\/labinter\/wp-json\/wp\/v2\/pages\/246"}],"wp:attachment":[{"href":"https:\/\/www.ufsm.br\/laboratorios\/labinter\/wp-json\/wp\/v2\/media?parent=524"}],"wp:term":[{"taxonomy":"category","embeddable":true,"href":"https:\/\/www.ufsm.br\/laboratorios\/labinter\/wp-json\/wp\/v2\/categories?post=524"},{"taxonomy":"post_tag","embeddable":true,"href":"https:\/\/www.ufsm.br\/laboratorios\/labinter\/wp-json\/wp\/v2\/tags?post=524"}],"curies":[{"name":"wp","href":"https:\/\/api.w.org\/{rel}","templated":true}]}}