{"id":55,"date":"2020-03-14T13:58:15","date_gmt":"2020-03-14T16:58:15","guid":{"rendered":"https:\/\/www.ufsm.br\/laboratorios\/labinter\/?page_id=55"},"modified":"2024-02-01T18:31:46","modified_gmt":"2024-02-01T21:31:46","slug":"codata","status":"publish","type":"page","link":"https:\/\/www.ufsm.br\/laboratorios\/labinter\/projetos\/codata","title":{"rendered":"CODATA"},"content":{"rendered":"\t\t<div data-elementor-type=\"wp-page\" data-elementor-id=\"55\" class=\"elementor elementor-55\">\n\t\t\t\t\t\t<section class=\"elementor-section elementor-top-section elementor-element elementor-element-43cdf37 elementor-section-boxed elementor-section-height-default elementor-section-height-default\" data-id=\"43cdf37\" data-element_type=\"section\">\n\t\t\t\t\t\t<div class=\"elementor-container elementor-column-gap-default\">\n\t\t\t\t\t<div class=\"elementor-column elementor-col-100 elementor-top-column elementor-element elementor-element-2b0b6f2\" data-id=\"2b0b6f2\" data-element_type=\"column\">\n\t\t\t<div class=\"elementor-widget-wrap elementor-element-populated\">\n\t\t\t\t\t\t<div class=\"elementor-element elementor-element-5e41a46 elementor-widget elementor-widget-heading\" data-id=\"5e41a46\" data-element_type=\"widget\" data-widget_type=\"heading.default\">\n\t\t\t\t<div class=\"elementor-widget-container\">\n\t\t\t<h2 class=\"elementor-heading-title elementor-size-medium\">CODATA - Comunidades Colaborativas de Dados<\/h2>\t\t<\/div>\n\t\t\t\t<\/div>\n\t\t\t\t\t<\/div>\n\t\t<\/div>\n\t\t\t\t\t<\/div>\n\t\t<\/section>\n\t\t\t\t<section class=\"elementor-section elementor-top-section elementor-element elementor-element-6edc9b8 elementor-section-boxed elementor-section-height-default elementor-section-height-default\" data-id=\"6edc9b8\" data-element_type=\"section\">\n\t\t\t\t\t\t<div class=\"elementor-container elementor-column-gap-default\">\n\t\t\t\t\t<div class=\"elementor-column elementor-col-50 elementor-top-column elementor-element elementor-element-33e0adb\" data-id=\"33e0adb\" data-element_type=\"column\">\n\t\t\t<div class=\"elementor-widget-wrap elementor-element-populated\">\n\t\t\t\t\t\t<div class=\"elementor-element elementor-element-12d5327 elementor-widget elementor-widget-text-editor\" data-id=\"12d5327\" data-element_type=\"widget\" data-widget_type=\"text-editor.default\">\n\t\t\t\t<div class=\"elementor-widget-container\">\n\t\t\t\t\t\t\t<p style=\"text-align: justify\">CODATA \u00e9 um projeto de extens\u00e3o que consiste em propor a\u00e7\u00f5es que envolvam a produ\u00e7\u00e3o de comunidades colaborativas de dados, como: palestras, workshops, laborat\u00f3rios de cria\u00e7\u00e3o, cria\u00e7\u00e3o de sites, trabalhos em comunidades, voltados para a \u00e1rea de Arte e Tecnologia e \u00e1reas afins. Estes workshops e palestras est\u00e3o vinculados \u00e0s a\u00e7\u00f5es propostas pelo LabInter e a disciplina Arte, Tecnologia, Colabora\u00e7\u00e3o da UFSM.\u00a0<\/p><p style=\"text-align: justify\">Inicialmente, no projeto CODATA desenvolveu o aplicativo interativo CODATA (Comunidade Colaborativa de Dados\/Collaborative Data Community) pelo grupo de pesquisa e cria\u00e7\u00e3o em Interatividade, Arte e Tecnologia do CNPq (interArtec\/CNPq). Com tal aplicativo, investigamos um modo criativo e interativo de visualiza\u00e7\u00e3o de dados que propicie a constru\u00e7\u00e3o de comunidade colaborativas de dados, bem como problematizamos como novas abordagens comunicacionais podem alterar din\u00e2micas sociais a partir de micro-pol\u00edticas do cotidiano e suas experi\u00eancias de integra\u00e7\u00e3o.\u00a0<\/p><p style=\"text-align: justify\"><a href=\"https:\/\/www.ufsm.br\/laboratorios\/labinter\/wp-content\/uploads\/sites\/814\/2020\/03\/artigo-CODATA-final.pdf\" target=\"_blank\" rel=\"noopener\">Artigo sobre o CODATA<\/a><\/p>\t\t\t\t\t\t<\/div>\n\t\t\t\t<\/div>\n\t\t\t\t\t<\/div>\n\t\t<\/div>\n\t\t\t\t<div class=\"elementor-column elementor-col-50 elementor-top-column elementor-element elementor-element-a0ff6c9\" data-id=\"a0ff6c9\" data-element_type=\"column\">\n\t\t\t<div class=\"elementor-widget-wrap elementor-element-populated\">\n\t\t\t\t\t\t<div class=\"elementor-element elementor-element-c0e85e7 elementor-widget__width-initial elementor-widget elementor-widget-video\" data-id=\"c0e85e7\" data-element_type=\"widget\" data-settings=\"{&quot;video_type&quot;:&quot;vimeo&quot;}\" data-widget_type=\"video.default\">\n\t\t\t\t<div class=\"elementor-widget-container\">\n\t\t\t\t\t<div class=\"elementor-wrapper elementor-open-inline\">\n\t\t\t<iframe class=\"elementor-video-iframe\" allowfullscreen allow=\"clipboard-write\" title=\"Player de V\u00eddeo vimeo\" src=\"https:\/\/player.vimeo.com\/video\/132153486?color&amp;autopause=0&amp;loop=0&amp;muted=0&amp;title=0&amp;portrait=0&amp;byline=0#t=\"><\/iframe>\t\t<\/div>\n\t\t\t\t<\/div>\n\t\t\t\t<\/div>\n\t\t\t\t\t<\/div>\n\t\t<\/div>\n\t\t\t\t\t<\/div>\n\t\t<\/section>\n\t\t\t\t<section class=\"elementor-section elementor-top-section elementor-element elementor-element-cba0ea3 elementor-section-boxed elementor-section-height-default elementor-section-height-default\" data-id=\"cba0ea3\" data-element_type=\"section\">\n\t\t\t\t\t\t<div class=\"elementor-container elementor-column-gap-default\">\n\t\t\t\t\t\t<\/div>\n\t\t<\/section>\n\t\t\t\t<section class=\"elementor-section elementor-top-section elementor-element elementor-element-32250b8 elementor-section-boxed elementor-section-height-default elementor-section-height-default\" data-id=\"32250b8\" data-element_type=\"section\">\n\t\t\t\t\t\t<div class=\"elementor-container elementor-column-gap-default\">\n\t\t\t\t\t<div class=\"elementor-column elementor-col-100 elementor-top-column elementor-element elementor-element-119a4d3\" data-id=\"119a4d3\" data-element_type=\"column\">\n\t\t\t<div class=\"elementor-widget-wrap elementor-element-populated\">\n\t\t\t\t\t\t<div class=\"elementor-element elementor-element-1c03dc7 elementor-widget elementor-widget-heading\" data-id=\"1c03dc7\" data-element_type=\"widget\" data-widget_type=\"heading.default\">\n\t\t\t\t<div class=\"elementor-widget-container\">\n\t\t\t<h2 class=\"elementor-heading-title elementor-size-medium\">Arte, Tecnologia, Colabora\u00e7\u00e3o.<\/h2>\t\t<\/div>\n\t\t\t\t<\/div>\n\t\t\t\t\t<\/div>\n\t\t<\/div>\n\t\t\t\t\t<\/div>\n\t\t<\/section>\n\t\t\t\t<section class=\"elementor-section elementor-top-section elementor-element elementor-element-4b87971 elementor-section-boxed elementor-section-height-default elementor-section-height-default\" data-id=\"4b87971\" data-element_type=\"section\">\n\t\t\t\t\t\t<div class=\"elementor-container elementor-column-gap-default\">\n\t\t\t\t\t<div class=\"elementor-column elementor-col-100 elementor-top-column elementor-element elementor-element-5cbb0c7\" data-id=\"5cbb0c7\" data-element_type=\"column\">\n\t\t\t<div class=\"elementor-widget-wrap elementor-element-populated\">\n\t\t\t\t\t\t<div class=\"elementor-element elementor-element-497f5ab elementor-widget elementor-widget-text-editor\" data-id=\"497f5ab\" data-element_type=\"widget\" data-widget_type=\"text-editor.default\">\n\t\t\t\t<div class=\"elementor-widget-container\">\n\t\t\t\t\t\t\t<p style=\"text-align: justify\"><span style=\"font-size: 16px\">A disciplina <a href=\"https:\/\/www.ufsm.br\/laboratorios\/labinter\/arte-tecnologia-colaboracao\">ARTE, TECNOLOGIA E COLABORA\u00c7\u00c3O<\/a>, do Curso de Artes Visuais da UFSM, est\u00e1 vinculada ao projeto de extens\u00e3o CODATA. Visa proporcionar ao estudante um panorama da Arte Colaborativa e seus cruzamentos com a arte, ci\u00eancia e tecnologia. Apresentar propostas art\u00edsticas que contemplem a diversidade de investiga\u00e7\u00f5es realizadas em pr\u00e1ticas de colabora\u00e7\u00e3o.\u00a0 Desenvolver po\u00e9ticas em Arte Colaborativa.<\/span><\/p>\t\t\t\t\t\t<\/div>\n\t\t\t\t<\/div>\n\t\t\t\t\t<\/div>\n\t\t<\/div>\n\t\t\t\t\t<\/div>\n\t\t<\/section>\n\t\t\t\t<\/div>\n\t\t","protected":false},"excerpt":{"rendered":"<p>CODATA &#8211; Comunidades Colaborativas de Dados CODATA \u00e9 um projeto de extens\u00e3o que consiste em propor a\u00e7\u00f5es que envolvam a produ\u00e7\u00e3o de comunidades colaborativas de dados, como: palestras, workshops, laborat\u00f3rios de cria\u00e7\u00e3o, cria\u00e7\u00e3o de sites, trabalhos em comunidades, voltados para a \u00e1rea de Arte e Tecnologia e \u00e1reas afins. Estes workshops e palestras est\u00e3o vinculados [&hellip;]<\/p>\n","protected":false},"author":2498,"featured_media":0,"parent":32,"menu_order":0,"comment_status":"closed","ping_status":"closed","template":"","meta":{"footnotes":""},"categories":[17],"tags":[],"class_list":["post-55","page","type-page","status-publish","hentry","category-projetos"],"acf":[],"_links":{"self":[{"href":"https:\/\/www.ufsm.br\/laboratorios\/labinter\/wp-json\/wp\/v2\/pages\/55","targetHints":{"allow":["GET"]}}],"collection":[{"href":"https:\/\/www.ufsm.br\/laboratorios\/labinter\/wp-json\/wp\/v2\/pages"}],"about":[{"href":"https:\/\/www.ufsm.br\/laboratorios\/labinter\/wp-json\/wp\/v2\/types\/page"}],"author":[{"embeddable":true,"href":"https:\/\/www.ufsm.br\/laboratorios\/labinter\/wp-json\/wp\/v2\/users\/2498"}],"replies":[{"embeddable":true,"href":"https:\/\/www.ufsm.br\/laboratorios\/labinter\/wp-json\/wp\/v2\/comments?post=55"}],"version-history":[{"count":0,"href":"https:\/\/www.ufsm.br\/laboratorios\/labinter\/wp-json\/wp\/v2\/pages\/55\/revisions"}],"up":[{"embeddable":true,"href":"https:\/\/www.ufsm.br\/laboratorios\/labinter\/wp-json\/wp\/v2\/pages\/32"}],"wp:attachment":[{"href":"https:\/\/www.ufsm.br\/laboratorios\/labinter\/wp-json\/wp\/v2\/media?parent=55"}],"wp:term":[{"taxonomy":"category","embeddable":true,"href":"https:\/\/www.ufsm.br\/laboratorios\/labinter\/wp-json\/wp\/v2\/categories?post=55"},{"taxonomy":"post_tag","embeddable":true,"href":"https:\/\/www.ufsm.br\/laboratorios\/labinter\/wp-json\/wp\/v2\/tags?post=55"}],"curies":[{"name":"wp","href":"https:\/\/api.w.org\/{rel}","templated":true}]}}