{"id":575,"date":"2020-07-30T16:20:58","date_gmt":"2020-07-30T19:20:58","guid":{"rendered":"https:\/\/www.ufsm.br\/laboratorios\/labinter\/?page_id=575"},"modified":"2024-01-25T12:57:52","modified_gmt":"2024-01-25T15:57:52","slug":"vestido-vestigios-vertigens","status":"publish","type":"page","link":"https:\/\/www.ufsm.br\/laboratorios\/labinter\/projetos\/zacat-zonas-de-acoes-comunicacionais-em-arte-e-tecnologia\/vestido-vestigios-vertigens","title":{"rendered":"Vestido, Vest\u00edgios, Vertigens."},"content":{"rendered":"\t\t<div data-elementor-type=\"wp-page\" data-elementor-id=\"575\" class=\"elementor elementor-575\">\n\t\t\t\t\t\t<section class=\"elementor-section elementor-top-section elementor-element elementor-element-8352290 elementor-section-boxed elementor-section-height-default elementor-section-height-default\" data-id=\"8352290\" data-element_type=\"section\">\n\t\t\t\t\t\t<div class=\"elementor-container elementor-column-gap-default\">\n\t\t\t\t\t<div class=\"elementor-column elementor-col-100 elementor-top-column elementor-element elementor-element-330dadd\" data-id=\"330dadd\" data-element_type=\"column\">\n\t\t\t<div class=\"elementor-widget-wrap elementor-element-populated\">\n\t\t\t\t\t\t<div class=\"elementor-element elementor-element-472debd elementor-widget elementor-widget-heading\" data-id=\"472debd\" data-element_type=\"widget\" data-widget_type=\"heading.default\">\n\t\t\t\t<div class=\"elementor-widget-container\">\n\t\t\t<h2 class=\"elementor-heading-title elementor-size-default\">Exposic\u0327a\u0303o Perceber no Escuro do Presente - Curadoria de Daniel Signor\n<br><\/h2>\t\t<\/div>\n\t\t\t\t<\/div>\n\t\t\t\t<div class=\"elementor-element elementor-element-aacf883 gallery-spacing-custom elementor-widget elementor-widget-image-gallery\" data-id=\"aacf883\" data-element_type=\"widget\" data-widget_type=\"image-gallery.default\">\n\t\t\t\t<div class=\"elementor-widget-container\">\n\t\t\t\t\t<div class=\"elementor-image-gallery\">\n\t\t\t<div id='gallery-1' class='gallery galleryid-575 gallery-columns-4 gallery-size-medium'><figure class='gallery-item'>\n\t\t\t<div class='gallery-icon portrait'>\n\t\t\t\t<a data-elementor-open-lightbox=\"yes\" data-elementor-lightbox-slideshow=\"aacf883\" data-e-action-hash=\"#elementor-action%3Aaction%3Dlightbox%26settings%3DeyJpZCI6NTc5LCJ1cmwiOiJodHRwczpcL1wvd3d3LnVmc20uYnJcL2FwcFwvdXBsb2Fkc1wvc2l0ZXNcLzgxNFwvMjAyMFwvMDdcL0FydGUtZGUtU3RlXHUwMzAxZmFuaS1BZ29zdGluaS0yMDE5LmpwZyIsInNsaWRlc2hvdyI6ImFhY2Y4ODMifQ%3D%3D\" href='https:\/\/www.ufsm.br\/app\/uploads\/sites\/814\/2020\/07\/Arte-de-Ste\u0301fani-Agostini-2019.jpg'><img fetchpriority=\"high\" decoding=\"async\" width=\"212\" height=\"300\" src=\"https:\/\/www.ufsm.br\/app\/uploads\/sites\/814\/2020\/07\/Arte-de-Ste\u0301fani-Agostini-2019-212x300.jpg\" class=\"attachment-medium size-medium\" alt=\"\" aria-describedby=\"gallery-1-579\" srcset=\"https:\/\/www.ufsm.br\/app\/uploads\/sites\/814\/2020\/07\/Arte-de-Ste\u0301fani-Agostini-2019-212x300.jpg 212w, https:\/\/www.ufsm.br\/app\/uploads\/sites\/814\/2020\/07\/Arte-de-Ste\u0301fani-Agostini-2019-723x1024.jpg 723w, https:\/\/www.ufsm.br\/app\/uploads\/sites\/814\/2020\/07\/Arte-de-Ste\u0301fani-Agostini-2019-768x1087.jpg 768w, https:\/\/www.ufsm.br\/app\/uploads\/sites\/814\/2020\/07\/Arte-de-Ste\u0301fani-Agostini-2019.jpg 904w\" sizes=\"(max-width: 212px) 100vw, 212px\" \/><\/a>\n\t\t\t<\/div>\n\t\t\t\t<figcaption class='wp-caption-text gallery-caption' id='gallery-1-579'>\n\t\t\t\tArte de Ste\u0301fani Agostini, 2019\n\t\t\t\t<\/figcaption><\/figure><figure class='gallery-item'>\n\t\t\t<div class='gallery-icon portrait'>\n\t\t\t\t<a data-elementor-open-lightbox=\"yes\" data-elementor-lightbox-slideshow=\"aacf883\" data-e-action-hash=\"#elementor-action%3Aaction%3Dlightbox%26settings%3DeyJpZCI6NTc2LCJ1cmwiOiJodHRwczpcL1wvd3d3LnVmc20uYnJcL2FwcFwvdXBsb2Fkc1wvc2l0ZXNcLzgxNFwvMjAyMFwvMDdcLzEuLURhbmllbC1TaWdub3ItMjAxOS5qcGciLCJzbGlkZXNob3ciOiJhYWNmODgzIn0%3D\" href='https:\/\/www.ufsm.br\/app\/uploads\/sites\/814\/2020\/07\/1.-Daniel-Signor-2019.jpg'><img decoding=\"async\" width=\"186\" height=\"300\" src=\"https:\/\/www.ufsm.br\/app\/uploads\/sites\/814\/2020\/07\/1.-Daniel-Signor-2019-186x300.jpg\" class=\"attachment-medium size-medium\" alt=\"\" aria-describedby=\"gallery-1-576\" srcset=\"https:\/\/www.ufsm.br\/app\/uploads\/sites\/814\/2020\/07\/1.-Daniel-Signor-2019-186x300.jpg 186w, https:\/\/www.ufsm.br\/app\/uploads\/sites\/814\/2020\/07\/1.-Daniel-Signor-2019-634x1024.jpg 634w, https:\/\/www.ufsm.br\/app\/uploads\/sites\/814\/2020\/07\/1.-Daniel-Signor-2019-768x1240.jpg 768w, https:\/\/www.ufsm.br\/app\/uploads\/sites\/814\/2020\/07\/1.-Daniel-Signor-2019.jpg 793w\" sizes=\"(max-width: 186px) 100vw, 186px\" \/><\/a>\n\t\t\t<\/div>\n\t\t\t\t<figcaption class='wp-caption-text gallery-caption' id='gallery-1-576'>\n\t\t\t\tFotografia: Daniel Signor, 2019\n\t\t\t\t<\/figcaption><\/figure><figure class='gallery-item'>\n\t\t\t<div class='gallery-icon portrait'>\n\t\t\t\t<a data-elementor-open-lightbox=\"yes\" data-elementor-lightbox-slideshow=\"aacf883\" data-e-action-hash=\"#elementor-action%3Aaction%3Dlightbox%26settings%3DeyJpZCI6NTc3LCJ1cmwiOiJodHRwczpcL1wvd3d3LnVmc20uYnJcL2FwcFwvdXBsb2Fkc1wvc2l0ZXNcLzgxNFwvMjAyMFwvMDdcLzIuLURhbmllbC1TaWdub3ItMjAxOS5qcGciLCJzbGlkZXNob3ciOiJhYWNmODgzIn0%3D\" href='https:\/\/www.ufsm.br\/app\/uploads\/sites\/814\/2020\/07\/2.-Daniel-Signor-2019.jpg'><img decoding=\"async\" width=\"199\" height=\"300\" src=\"https:\/\/www.ufsm.br\/app\/uploads\/sites\/814\/2020\/07\/2.-Daniel-Signor-2019-199x300.jpg\" class=\"attachment-medium size-medium\" alt=\"\" aria-describedby=\"gallery-1-577\" srcset=\"https:\/\/www.ufsm.br\/app\/uploads\/sites\/814\/2020\/07\/2.-Daniel-Signor-2019-199x300.jpg 199w, https:\/\/www.ufsm.br\/app\/uploads\/sites\/814\/2020\/07\/2.-Daniel-Signor-2019-681x1024.jpg 681w, https:\/\/www.ufsm.br\/app\/uploads\/sites\/814\/2020\/07\/2.-Daniel-Signor-2019-768x1155.jpg 768w, https:\/\/www.ufsm.br\/app\/uploads\/sites\/814\/2020\/07\/2.-Daniel-Signor-2019.jpg 851w\" sizes=\"(max-width: 199px) 100vw, 199px\" \/><\/a>\n\t\t\t<\/div>\n\t\t\t\t<figcaption class='wp-caption-text gallery-caption' id='gallery-1-577'>\n\t\t\t\tFotografia: Daniel Signor, 2019\n\t\t\t\t<\/figcaption><\/figure><figure class='gallery-item'>\n\t\t\t<div class='gallery-icon portrait'>\n\t\t\t\t<a data-elementor-open-lightbox=\"yes\" data-elementor-lightbox-slideshow=\"aacf883\" data-e-action-hash=\"#elementor-action%3Aaction%3Dlightbox%26settings%3DeyJpZCI6NTc4LCJ1cmwiOiJodHRwczpcL1wvd3d3LnVmc20uYnJcL2FwcFwvdXBsb2Fkc1wvc2l0ZXNcLzgxNFwvMjAyMFwvMDdcLzMuLURhbmllbC1TaWdub3ItMjAxOS5qcGciLCJzbGlkZXNob3ciOiJhYWNmODgzIn0%3D\" href='https:\/\/www.ufsm.br\/app\/uploads\/sites\/814\/2020\/07\/3.-Daniel-Signor-2019.jpg'><img loading=\"lazy\" decoding=\"async\" width=\"168\" height=\"300\" src=\"https:\/\/www.ufsm.br\/app\/uploads\/sites\/814\/2020\/07\/3.-Daniel-Signor-2019-168x300.jpg\" class=\"attachment-medium size-medium\" alt=\"\" aria-describedby=\"gallery-1-578\" srcset=\"https:\/\/www.ufsm.br\/app\/uploads\/sites\/814\/2020\/07\/3.-Daniel-Signor-2019-168x300.jpg 168w, https:\/\/www.ufsm.br\/app\/uploads\/sites\/814\/2020\/07\/3.-Daniel-Signor-2019-572x1024.jpg 572w, https:\/\/www.ufsm.br\/app\/uploads\/sites\/814\/2020\/07\/3.-Daniel-Signor-2019.jpg 715w\" sizes=\"(max-width: 168px) 100vw, 168px\" \/><\/a>\n\t\t\t<\/div>\n\t\t\t\t<figcaption class='wp-caption-text gallery-caption' id='gallery-1-578'>\n\t\t\t\tFotografia: Daniel Signor, 2019\n\t\t\t\t<\/figcaption><\/figure>\n\t\t<\/div>\n\t\t<\/div>\n\t\t\t\t<\/div>\n\t\t\t\t<\/div>\n\t\t\t\t<div class=\"elementor-element elementor-element-4f806b8 elementor-widget elementor-widget-spacer\" data-id=\"4f806b8\" data-element_type=\"widget\" data-widget_type=\"spacer.default\">\n\t\t\t\t<div class=\"elementor-widget-container\">\n\t\t\t\t\t<div class=\"elementor-spacer\">\n\t\t\t<div class=\"elementor-spacer-inner\"><\/div>\n\t\t<\/div>\n\t\t\t\t<\/div>\n\t\t\t\t<\/div>\n\t\t\t\t\t<\/div>\n\t\t<\/div>\n\t\t\t\t\t<\/div>\n\t\t<\/section>\n\t\t\t\t<section class=\"elementor-section elementor-top-section elementor-element elementor-element-dae31ef elementor-section-boxed elementor-section-height-default elementor-section-height-default\" data-id=\"dae31ef\" data-element_type=\"section\">\n\t\t\t\t\t\t<div class=\"elementor-container elementor-column-gap-default\">\n\t\t\t\t\t<div class=\"elementor-column elementor-col-100 elementor-top-column elementor-element elementor-element-ba6a65f\" data-id=\"ba6a65f\" data-element_type=\"column\">\n\t\t\t<div class=\"elementor-widget-wrap elementor-element-populated\">\n\t\t\t\t\t\t<div class=\"elementor-element elementor-element-6a38921 elementor-widget elementor-widget-heading\" data-id=\"6a38921\" data-element_type=\"widget\" data-widget_type=\"heading.default\">\n\t\t\t\t<div class=\"elementor-widget-container\">\n\t\t\t<h2 class=\"elementor-heading-title elementor-size-default\">Mostra Anual da Associa\u00e7\u00e3o dos Artistas Pl\u00e1sticos de Santa Maria (AAPSM)\n\n <\/h2>\t\t<\/div>\n\t\t\t\t<\/div>\n\t\t\t\t<div class=\"elementor-element elementor-element-695e197 gallery-spacing-custom elementor-widget elementor-widget-image-gallery\" data-id=\"695e197\" data-element_type=\"widget\" data-widget_type=\"image-gallery.default\">\n\t\t\t\t<div class=\"elementor-widget-container\">\n\t\t\t\t\t<div class=\"elementor-image-gallery\">\n\t\t\t<div id='gallery-2' class='gallery galleryid-575 gallery-columns-3 gallery-size-medium'><figure class='gallery-item'>\n\t\t\t<div class='gallery-icon landscape'>\n\t\t\t\t<a data-elementor-open-lightbox=\"yes\" data-elementor-lightbox-slideshow=\"695e197\" data-e-action-hash=\"#elementor-action%3Aaction%3Dlightbox%26settings%3DeyJpZCI6NTg1LCJ1cmwiOiJodHRwczpcL1wvd3d3LnVmc20uYnJcL2FwcFwvdXBsb2Fkc1wvc2l0ZXNcLzgxNFwvMjAyMFwvMDdcL0FydGUtZGUtU3VzYW5lLUtvY2hoYW5uLTIwMTktMS5qcGciLCJzbGlkZXNob3ciOiI2OTVlMTk3In0%3D\" href='https:\/\/www.ufsm.br\/app\/uploads\/sites\/814\/2020\/07\/Arte-de-Susane-Kochhann-2019-1.jpg'><img loading=\"lazy\" decoding=\"async\" width=\"300\" height=\"212\" src=\"https:\/\/www.ufsm.br\/app\/uploads\/sites\/814\/2020\/07\/Arte-de-Susane-Kochhann-2019-1-300x212.jpg\" class=\"attachment-medium size-medium\" alt=\"\" aria-describedby=\"gallery-2-585\" srcset=\"https:\/\/www.ufsm.br\/app\/uploads\/sites\/814\/2020\/07\/Arte-de-Susane-Kochhann-2019-1-300x212.jpg 300w, https:\/\/www.ufsm.br\/app\/uploads\/sites\/814\/2020\/07\/Arte-de-Susane-Kochhann-2019-1.jpg 720w\" sizes=\"(max-width: 300px) 100vw, 300px\" \/><\/a>\n\t\t\t<\/div>\n\t\t\t\t<figcaption class='wp-caption-text gallery-caption' id='gallery-2-585'>\n\t\t\t\tArte de Susane Kochhann, 2019\n\t\t\t\t<\/figcaption><\/figure><figure class='gallery-item'>\n\t\t\t<div class='gallery-icon landscape'>\n\t\t\t\t<a data-elementor-open-lightbox=\"yes\" data-elementor-lightbox-slideshow=\"695e197\" data-e-action-hash=\"#elementor-action%3Aaction%3Dlightbox%26settings%3DeyJpZCI6NTgxLCJ1cmwiOiJodHRwczpcL1wvd3d3LnVmc20uYnJcL2FwcFwvdXBsb2Fkc1wvc2l0ZXNcLzgxNFwvMjAyMFwvMDdcLzIuLU1pbWEtQXJhdVx1MDMwMWpvLTIwMTkuanBnIiwic2xpZGVzaG93IjoiNjk1ZTE5NyJ9\" href='https:\/\/www.ufsm.br\/app\/uploads\/sites\/814\/2020\/07\/2.-Mima-Arau\u0301jo-2019.jpg'><img loading=\"lazy\" decoding=\"async\" width=\"300\" height=\"226\" src=\"https:\/\/www.ufsm.br\/app\/uploads\/sites\/814\/2020\/07\/2.-Mima-Arau\u0301jo-2019-300x226.jpg\" class=\"attachment-medium size-medium\" alt=\"\" aria-describedby=\"gallery-2-581\" srcset=\"https:\/\/www.ufsm.br\/app\/uploads\/sites\/814\/2020\/07\/2.-Mima-Arau\u0301jo-2019-300x226.jpg 300w, https:\/\/www.ufsm.br\/app\/uploads\/sites\/814\/2020\/07\/2.-Mima-Arau\u0301jo-2019.jpg 714w\" sizes=\"(max-width: 300px) 100vw, 300px\" \/><\/a>\n\t\t\t<\/div>\n\t\t\t\t<figcaption class='wp-caption-text gallery-caption' id='gallery-2-581'>\n\t\t\t\tFotografia: Mima Arau\u0301jo, 2019\n\t\t\t\t<\/figcaption><\/figure><figure class='gallery-item'>\n\t\t\t<div class='gallery-icon portrait'>\n\t\t\t\t<a data-elementor-open-lightbox=\"yes\" data-elementor-lightbox-slideshow=\"695e197\" data-e-action-hash=\"#elementor-action%3Aaction%3Dlightbox%26settings%3DeyJpZCI6NTgwLCJ1cmwiOiJodHRwczpcL1wvd3d3LnVmc20uYnJcL2FwcFwvdXBsb2Fkc1wvc2l0ZXNcLzgxNFwvMjAyMFwvMDdcLzEuLVN1c2FuZS1Lb2NoaGFubi0yMDE5LmpwZyIsInNsaWRlc2hvdyI6IjY5NWUxOTcifQ%3D%3D\" data-elementor-lightbox-title=\"Fotografia: Susane Kochhann, 2019\" href='https:\/\/www.ufsm.br\/app\/uploads\/sites\/814\/2020\/07\/1.-Susane-Kochhann-2019.jpg'><img loading=\"lazy\" decoding=\"async\" width=\"225\" height=\"300\" src=\"https:\/\/www.ufsm.br\/app\/uploads\/sites\/814\/2020\/07\/1.-Susane-Kochhann-2019-225x300.jpg\" class=\"attachment-medium size-medium\" alt=\"\" srcset=\"https:\/\/www.ufsm.br\/app\/uploads\/sites\/814\/2020\/07\/1.-Susane-Kochhann-2019-225x300.jpg 225w, https:\/\/www.ufsm.br\/app\/uploads\/sites\/814\/2020\/07\/1.-Susane-Kochhann-2019.jpg 720w\" sizes=\"(max-width: 225px) 100vw, 225px\" \/><\/a>\n\t\t\t<\/div><\/figure>\n\t\t<\/div>\n\t\t<\/div>\n\t\t\t\t<\/div>\n\t\t\t\t<\/div>\n\t\t\t\t\t<\/div>\n\t\t<\/div>\n\t\t\t\t\t<\/div>\n\t\t<\/section>\n\t\t\t\t<\/div>\n\t\t","protected":false},"excerpt":{"rendered":"<p>Exposic\u0327a\u0303o Perceber no Escuro do Presente &#8211; Curadoria de Daniel Signor Arte de Ste\u0301fani Agostini, 2019 Fotografia: Daniel Signor, 2019 Fotografia: Daniel Signor, 2019 Fotografia: Daniel Signor, 2019 Mostra Anual da Associa\u00e7\u00e3o dos Artistas Pl\u00e1sticos de Santa Maria (AAPSM) Arte de Susane Kochhann, 2019 Fotografia: Mima Arau\u0301jo, 2019<\/p>\n","protected":false},"author":2498,"featured_media":0,"parent":246,"menu_order":0,"comment_status":"closed","ping_status":"closed","template":"","meta":{"footnotes":""},"categories":[17,130],"tags":[],"class_list":["post-575","page","type-page","status-publish","hentry","category-projetos","category-zacat"],"acf":[],"_links":{"self":[{"href":"https:\/\/www.ufsm.br\/laboratorios\/labinter\/wp-json\/wp\/v2\/pages\/575","targetHints":{"allow":["GET"]}}],"collection":[{"href":"https:\/\/www.ufsm.br\/laboratorios\/labinter\/wp-json\/wp\/v2\/pages"}],"about":[{"href":"https:\/\/www.ufsm.br\/laboratorios\/labinter\/wp-json\/wp\/v2\/types\/page"}],"author":[{"embeddable":true,"href":"https:\/\/www.ufsm.br\/laboratorios\/labinter\/wp-json\/wp\/v2\/users\/2498"}],"replies":[{"embeddable":true,"href":"https:\/\/www.ufsm.br\/laboratorios\/labinter\/wp-json\/wp\/v2\/comments?post=575"}],"version-history":[{"count":0,"href":"https:\/\/www.ufsm.br\/laboratorios\/labinter\/wp-json\/wp\/v2\/pages\/575\/revisions"}],"up":[{"embeddable":true,"href":"https:\/\/www.ufsm.br\/laboratorios\/labinter\/wp-json\/wp\/v2\/pages\/246"}],"wp:attachment":[{"href":"https:\/\/www.ufsm.br\/laboratorios\/labinter\/wp-json\/wp\/v2\/media?parent=575"}],"wp:term":[{"taxonomy":"category","embeddable":true,"href":"https:\/\/www.ufsm.br\/laboratorios\/labinter\/wp-json\/wp\/v2\/categories?post=575"},{"taxonomy":"post_tag","embeddable":true,"href":"https:\/\/www.ufsm.br\/laboratorios\/labinter\/wp-json\/wp\/v2\/tags?post=575"}],"curies":[{"name":"wp","href":"https:\/\/api.w.org\/{rel}","templated":true}]}}