{"id":65,"date":"2020-03-14T19:14:49","date_gmt":"2020-03-14T22:14:49","guid":{"rendered":"https:\/\/www.ufsm.br\/laboratorios\/labinter\/?page_id=65"},"modified":"2026-02-03T18:29:26","modified_gmt":"2026-02-03T21:29:26","slug":"conecta","status":"publish","type":"page","link":"https:\/\/www.ufsm.br\/laboratorios\/labinter\/projetos\/conecta","title":{"rendered":"ConeCTA"},"content":{"rendered":"\t\t<div data-elementor-type=\"wp-page\" data-elementor-id=\"65\" class=\"elementor elementor-65\">\n\t\t\t\t\t\t<section class=\"elementor-section elementor-top-section elementor-element elementor-element-fe66bf8 elementor-section-boxed elementor-section-height-default elementor-section-height-default\" data-id=\"fe66bf8\" data-element_type=\"section\">\n\t\t\t\t\t\t<div class=\"elementor-container elementor-column-gap-default\">\n\t\t\t\t\t<div class=\"elementor-column elementor-col-100 elementor-top-column elementor-element elementor-element-a088a21\" data-id=\"a088a21\" data-element_type=\"column\">\n\t\t\t<div class=\"elementor-widget-wrap elementor-element-populated\">\n\t\t\t\t\t\t<div class=\"elementor-element elementor-element-940e8f9 elementor-widget elementor-widget-text-editor\" data-id=\"940e8f9\" data-element_type=\"widget\" data-widget_type=\"text-editor.default\">\n\t\t\t\t<div class=\"elementor-widget-container\">\n\t\t\t\t\t\t\t<p>O\u00a0 projeto de ensino desenvolvido na Universidade Federal de Santa\u00a0Maria,no qual foram realizadas a\u00e7\u00f5es coletivas que propunham aos discentes da escola Escola Estadual de\u00a0Educa\u00e7\u00e3o B\u00e1sica Augusto Ruschi problematizarem seus percursos cotidianos. As narrativas visuais\u00a0produzidas no projeto foram armazenadas numa plataforma virtual denominada ConeCTA, possibilitando\u00a0outros modos de se pensar, visualizar e criar coletivamente nas aulas de Artes Visuais. Neste artigo\u00a0 s\u00e3o\u00a0apresentados os principais pontos de desdobramentos do projeto, a partir de uma metodologia\u00a0cartogr\u00e1fica que se posiciona de maneira aberta \u00e0s experi\u00eancias e nuances oriundos dos processos docentes e discentes.\u00a0\u00a0<\/p>\t\t\t\t\t\t<\/div>\n\t\t\t\t<\/div>\n\t\t\t\t\t<\/div>\n\t\t<\/div>\n\t\t\t\t\t<\/div>\n\t\t<\/section>\n\t\t\t\t<section class=\"elementor-section elementor-top-section elementor-element elementor-element-bac318b elementor-section-boxed elementor-section-height-default elementor-section-height-default\" data-id=\"bac318b\" data-element_type=\"section\">\n\t\t\t\t\t\t<div class=\"elementor-container elementor-column-gap-default\">\n\t\t\t\t\t<div class=\"elementor-column elementor-col-100 elementor-top-column elementor-element elementor-element-fa17a02\" data-id=\"fa17a02\" data-element_type=\"column\">\n\t\t\t<div class=\"elementor-widget-wrap elementor-element-populated\">\n\t\t\t\t\t\t<div class=\"elementor-element elementor-element-b42317e elementor-widget elementor-widget-text-editor\" data-id=\"b42317e\" data-element_type=\"widget\" data-widget_type=\"text-editor.default\">\n\t\t\t\t<div class=\"elementor-widget-container\">\n\t\t\t\t\t\t\t<p style=\"text-align: right\"><a href=\"https:\/\/www.ufsm.br\/laboratorios\/labinter\/wp-content\/uploads\/sites\/814\/2020\/03\/CONECTA-ARTIGO.pdf\"><strong>Leia mais&#8230;<\/strong><\/a><\/p>\t\t\t\t\t\t<\/div>\n\t\t\t\t<\/div>\n\t\t\t\t\t<\/div>\n\t\t<\/div>\n\t\t\t\t\t<\/div>\n\t\t<\/section>\n\t\t\t\t<\/div>\n\t\t","protected":false},"excerpt":{"rendered":"<p>O&nbsp; projeto de ensino desenvolvido na Universidade Federal de Santa&nbsp;Maria,no qual foram realizadas a\u00e7\u00f5es coletivas que propunham aos discentes da escola Escola Estadual de&nbsp;Educa\u00e7\u00e3o B\u00e1sica Augusto Ruschi problematizarem seus percursos cotidianos. As narrativas visuais&nbsp;produzidas no projeto foram armazenadas numa plataforma virtual denominada ConeCTA, possibilitando&nbsp;outros modos de se pensar, visualizar e criar coletivamente nas aulas de [&hellip;]<\/p>\n","protected":false},"author":2498,"featured_media":0,"parent":32,"menu_order":0,"comment_status":"closed","ping_status":"closed","template":"","meta":{"footnotes":""},"categories":[17],"tags":[],"class_list":["post-65","page","type-page","status-publish","hentry","category-projetos"],"acf":[],"_links":{"self":[{"href":"https:\/\/www.ufsm.br\/laboratorios\/labinter\/wp-json\/wp\/v2\/pages\/65","targetHints":{"allow":["GET"]}}],"collection":[{"href":"https:\/\/www.ufsm.br\/laboratorios\/labinter\/wp-json\/wp\/v2\/pages"}],"about":[{"href":"https:\/\/www.ufsm.br\/laboratorios\/labinter\/wp-json\/wp\/v2\/types\/page"}],"author":[{"embeddable":true,"href":"https:\/\/www.ufsm.br\/laboratorios\/labinter\/wp-json\/wp\/v2\/users\/2498"}],"replies":[{"embeddable":true,"href":"https:\/\/www.ufsm.br\/laboratorios\/labinter\/wp-json\/wp\/v2\/comments?post=65"}],"version-history":[{"count":0,"href":"https:\/\/www.ufsm.br\/laboratorios\/labinter\/wp-json\/wp\/v2\/pages\/65\/revisions"}],"up":[{"embeddable":true,"href":"https:\/\/www.ufsm.br\/laboratorios\/labinter\/wp-json\/wp\/v2\/pages\/32"}],"wp:attachment":[{"href":"https:\/\/www.ufsm.br\/laboratorios\/labinter\/wp-json\/wp\/v2\/media?parent=65"}],"wp:term":[{"taxonomy":"category","embeddable":true,"href":"https:\/\/www.ufsm.br\/laboratorios\/labinter\/wp-json\/wp\/v2\/categories?post=65"},{"taxonomy":"post_tag","embeddable":true,"href":"https:\/\/www.ufsm.br\/laboratorios\/labinter\/wp-json\/wp\/v2\/tags?post=65"}],"curies":[{"name":"wp","href":"https:\/\/api.w.org\/{rel}","templated":true}]}}