{"id":881,"date":"2021-06-28T18:04:58","date_gmt":"2021-06-28T21:04:58","guid":{"rendered":"https:\/\/www.ufsm.br\/laboratorios\/labinter\/?page_id=881"},"modified":"2024-01-25T13:03:55","modified_gmt":"2024-01-25T16:03:55","slug":"exposicao-zonas-de-acoes-comunicacionais-em-arte-e-tecnologia-zacat","status":"publish","type":"page","link":"https:\/\/www.ufsm.br\/laboratorios\/labinter\/projetos\/zacat-zonas-de-acoes-comunicacionais-em-arte-e-tecnologia\/exposicao-zonas-de-acoes-comunicacionais-em-arte-e-tecnologia-zacat","title":{"rendered":"Exposi\u00e7\u00e3o Zonas de A\u00e7\u00f5es Comunicacionais em Arte e Tecnologia &#8211; ZACAT"},"content":{"rendered":"\t\t<div data-elementor-type=\"wp-page\" data-elementor-id=\"881\" class=\"elementor elementor-881\">\n\t\t\t\t\t\t<section class=\"elementor-section elementor-top-section elementor-element elementor-element-3e73f4a1 elementor-section-boxed elementor-section-height-default elementor-section-height-default\" data-id=\"3e73f4a1\" data-element_type=\"section\">\n\t\t\t\t\t\t<div class=\"elementor-container elementor-column-gap-default\">\n\t\t\t\t\t<div class=\"elementor-column elementor-col-100 elementor-top-column elementor-element elementor-element-6762d157\" data-id=\"6762d157\" data-element_type=\"column\">\n\t\t\t<div class=\"elementor-widget-wrap elementor-element-populated\">\n\t\t\t\t\t\t<section class=\"elementor-section elementor-inner-section elementor-element elementor-element-c8de33a elementor-section-boxed elementor-section-height-default elementor-section-height-default\" data-id=\"c8de33a\" data-element_type=\"section\">\n\t\t\t\t\t\t<div class=\"elementor-container elementor-column-gap-default\">\n\t\t\t\t\t<div class=\"elementor-column elementor-col-50 elementor-inner-column elementor-element elementor-element-dc2e936\" data-id=\"dc2e936\" data-element_type=\"column\">\n\t\t\t<div class=\"elementor-widget-wrap elementor-element-populated\">\n\t\t\t\t\t\t<div class=\"elementor-element elementor-element-c3ae47c elementor-widget elementor-widget-image\" data-id=\"c3ae47c\" data-element_type=\"widget\" data-widget_type=\"image.default\">\n\t\t\t\t<div class=\"elementor-widget-container\">\n\t\t\t\t\t\t\t\t\t\t\t\t\t\t<a href=\"https:\/\/hubs.mozilla.com\/Thqkx2z\/zonas-de-acoes-comunicacionais-em-arte-e-tecnologia-zacat\">\n\t\t\t\t\t\t\t<img fetchpriority=\"high\" decoding=\"async\" width=\"1024\" height=\"724\" src=\"https:\/\/www.ufsm.br\/app\/uploads\/sites\/814\/2021\/06\/Cartaz-exposicao-ZACAT-1024x724.jpg\" class=\"attachment-large size-large wp-image-882\" alt=\"\" srcset=\"https:\/\/www.ufsm.br\/app\/uploads\/sites\/814\/2021\/06\/Cartaz-exposicao-ZACAT-1024x724.jpg 1024w, https:\/\/www.ufsm.br\/app\/uploads\/sites\/814\/2021\/06\/Cartaz-exposicao-ZACAT-300x212.jpg 300w, https:\/\/www.ufsm.br\/app\/uploads\/sites\/814\/2021\/06\/Cartaz-exposicao-ZACAT-768x543.jpg 768w, https:\/\/www.ufsm.br\/app\/uploads\/sites\/814\/2021\/06\/Cartaz-exposicao-ZACAT-1536x1086.jpg 1536w, https:\/\/www.ufsm.br\/app\/uploads\/sites\/814\/2021\/06\/Cartaz-exposicao-ZACAT.jpg 1920w\" sizes=\"(max-width: 1024px) 100vw, 1024px\" \/>\t\t\t\t\t\t\t\t<\/a>\n\t\t\t\t\t\t\t\t\t\t\t\t\t<\/div>\n\t\t\t\t<\/div>\n\t\t\t\t\t<\/div>\n\t\t<\/div>\n\t\t\t\t<div class=\"elementor-column elementor-col-50 elementor-inner-column elementor-element elementor-element-510e3e8\" data-id=\"510e3e8\" data-element_type=\"column\">\n\t\t\t<div class=\"elementor-widget-wrap elementor-element-populated\">\n\t\t\t\t\t\t<div class=\"elementor-element elementor-element-7a5cddb elementor-widget elementor-widget-video\" data-id=\"7a5cddb\" data-element_type=\"widget\" data-settings=\"{&quot;youtube_url&quot;:&quot;https:\\\/\\\/youtu.be\\\/lFse7RiZOJ0&quot;,&quot;video_type&quot;:&quot;youtube&quot;,&quot;controls&quot;:&quot;yes&quot;}\" data-widget_type=\"video.default\">\n\t\t\t\t<div class=\"elementor-widget-container\">\n\t\t\t\t\t<div class=\"elementor-wrapper elementor-open-inline\">\n\t\t\t<div class=\"elementor-video\"><\/div>\t\t<\/div>\n\t\t\t\t<\/div>\n\t\t\t\t<\/div>\n\t\t\t\t\t<\/div>\n\t\t<\/div>\n\t\t\t\t\t<\/div>\n\t\t<\/section>\n\t\t\t\t<div class=\"elementor-element elementor-element-17a5e50a elementor-widget elementor-widget-text-editor\" data-id=\"17a5e50a\" data-element_type=\"widget\" data-widget_type=\"text-editor.default\">\n\t\t\t\t<div class=\"elementor-widget-container\">\n\t\t\t\t\t\t\t<!-- wp:tadv\/classic-paragraph \/-->\t\t\t\t\t\t<\/div>\n\t\t\t\t<\/div>\n\t\t\t\t\t<\/div>\n\t\t<\/div>\n\t\t\t\t\t<\/div>\n\t\t<\/section>\n\t\t\t\t<section class=\"elementor-section elementor-top-section elementor-element elementor-element-7a29bab elementor-section-boxed elementor-section-height-default elementor-section-height-default\" data-id=\"7a29bab\" data-element_type=\"section\">\n\t\t\t\t\t\t<div class=\"elementor-container elementor-column-gap-default\">\n\t\t\t\t\t<div class=\"elementor-column elementor-col-100 elementor-top-column elementor-element elementor-element-46dae9b\" data-id=\"46dae9b\" data-element_type=\"column\">\n\t\t\t<div class=\"elementor-widget-wrap elementor-element-populated\">\n\t\t\t\t\t\t<div class=\"elementor-element elementor-element-6f31e2a elementor-widget elementor-widget-text-editor\" data-id=\"6f31e2a\" data-element_type=\"widget\" data-widget_type=\"text-editor.default\">\n\t\t\t\t<div class=\"elementor-widget-container\">\n\t\t\t\t\t\t\t<p>Arte do cartaz e captura de tela: Camila Vermelho.\u00a0<\/p>\t\t\t\t\t\t<\/div>\n\t\t\t\t<\/div>\n\t\t\t\t\t<\/div>\n\t\t<\/div>\n\t\t\t\t\t<\/div>\n\t\t<\/section>\n\t\t\t\t<section class=\"elementor-section elementor-top-section elementor-element elementor-element-05c12fa elementor-section-boxed elementor-section-height-default elementor-section-height-default\" data-id=\"05c12fa\" data-element_type=\"section\">\n\t\t\t\t\t\t<div class=\"elementor-container elementor-column-gap-default\">\n\t\t\t\t\t<div class=\"elementor-column elementor-col-100 elementor-top-column elementor-element elementor-element-372b090\" data-id=\"372b090\" data-element_type=\"column\">\n\t\t\t<div class=\"elementor-widget-wrap elementor-element-populated\">\n\t\t\t\t\t\t<div class=\"elementor-element elementor-element-9b4a095 elementor-widget elementor-widget-text-editor\" data-id=\"9b4a095\" data-element_type=\"widget\" data-widget_type=\"text-editor.default\">\n\t\t\t\t<div class=\"elementor-widget-container\">\n\t\t\t\t\t\t\t<p class=\"MsoNormalCxSpFirst\" style=\"margin-bottom: .0001pt;text-align: justify;line-height: 150%\"><span style=\"font-size: 12.0pt;line-height: 150%;font-family: 'Arial','sans-serif';color: black\">Zonas de A\u00e7\u00f5es Comunicacionais em Arte e Tecnologia \u2013 ZACAT \u00e9 uma exposi\u00e7\u00e3o individual que re\u00fane dois anos de trabalho e experimenta\u00e7\u00f5es de Camila Vermelho, mestra pelo Programa de P\u00f3s-Gradua\u00e7\u00e3o em Artes Visuais da Universidade Federal de Santa Maria (PPGART-UFSM), sob orienta\u00e7\u00e3o da Prof\u00aa Dr\u00aa Andreia Machado Oliveira. A expografia \u2013 completamente virtual, via Mozilla Hubs, plataforma online de f\u00e1cil acesso e de c\u00f3digo aberto \u2013 \u00e9 perpassada por po\u00e9ticas sonoras e visuais que fazem tributo \u00e0s pesquisas de arte, tecnologia, comunica\u00e7\u00e3o e ativismo, antes e depois da eclos\u00e3o da pandemia do v\u00edrus SARS-CoV-2.&nbsp;<\/span><\/p><p class=\"MsoNormalCxSpFirst\" style=\"margin-bottom: .0001pt;text-align: justify;line-height: 150%\"><span style=\"font-size: 12.0pt;line-height: 150%;font-family: 'Arial','sans-serif';color: black\"><br><\/span><\/p><p class=\"MsoNormalCxSpFirst\" style=\"margin-bottom: .0001pt;text-align: justify;line-height: 150%\"><span style=\"font-size: 12.0pt;line-height: 150%;font-family: 'Arial','sans-serif';color: black\">As realiza\u00e7\u00f5es presentes na exposi\u00e7\u00e3o foram, num primeiro momento, feitas atrav\u00e9s de estrat\u00e9gias diversificadas e propostas para diferentes interlocutores em variados espa\u00e7os da cidade de Santa Maria no ano de 2019 &#8211; ruas, museus, galerias de arte, universidade, escola, redes sociais, espa\u00e7o de ondas radiof\u00f4nicas. J\u00e1 num segundo momento, em decorr\u00eancia do cen\u00e1rio mundial apresentado a partir de 2020, com a doen\u00e7a do Novo Coronav\u00edrus, a COVID-19, as estrat\u00e9gias art\u00edsticas e comunicacionais passaram por mudan\u00e7as de abordagem, incluindo um novo espa\u00e7o, uma nova zona de tr\u00e2nsito po\u00e9tico: o Clube Naturista Colina do Sol (CNCS), localizado no munic\u00edpio de Taquara, tamb\u00e9m no Rio Grande do Sul. Ou seja, um lugar n\u00e3o urbanizado e de imers\u00e3o com o ambiente silvestre o menos interferido pela a\u00e7\u00e3o humana, potencializador do exerc\u00edcio da escuta e do autoconhecimento. Somado a esses dois lugares, Santa Maria e Colina do Sol, tamb\u00e9m emergiu o meio online, propiciando, na uni\u00e3o de todos esses lugares, um contexto de cria\u00e7\u00e3o que incluiu desde performances, passando por instala\u00e7\u00f5es, experimentos de \u00e1udio, v\u00eddeo e de interatividade presencial ou via redes virtuais.<\/span><\/p><p class=\"MsoNormalCxSpFirst\" style=\"margin-bottom: .0001pt;text-align: justify;line-height: 150%\"><span style=\"font-size: 12.0pt;line-height: 150%;font-family: 'Arial','sans-serif';color: black\"><br><\/span><\/p><p class=\"MsoNormalCxSpFirst\" style=\"margin-bottom: .0001pt;text-align: justify;line-height: 150%\"><span style=\"font-size: 12.0pt;line-height: 150%;font-family: 'Arial','sans-serif';color: black\">Em outras palavras, ZACAT busca dar proje\u00e7\u00e3o po\u00e9tica \u00e0s micropol\u00edticas do cotidiano, com suas pequenas e ef\u00eameras manifesta\u00e7\u00f5es, mem\u00f3rias, afetos, impulsos de vida, instantes de encontros e registros de um tempo.<\/span><\/p>\t\t\t\t\t\t<\/div>\n\t\t\t\t<\/div>\n\t\t\t\t\t<\/div>\n\t\t<\/div>\n\t\t\t\t\t<\/div>\n\t\t<\/section>\n\t\t\t\t<section class=\"elementor-section elementor-top-section elementor-element elementor-element-571d4ce elementor-section-boxed elementor-section-height-default elementor-section-height-default\" data-id=\"571d4ce\" data-element_type=\"section\">\n\t\t\t\t\t\t<div class=\"elementor-container elementor-column-gap-default\">\n\t\t\t\t\t<div class=\"elementor-column elementor-col-100 elementor-top-column elementor-element elementor-element-d776ca4\" data-id=\"d776ca4\" data-element_type=\"column\">\n\t\t\t<div class=\"elementor-widget-wrap elementor-element-populated\">\n\t\t\t\t\t\t<div class=\"elementor-element elementor-element-2854b75 elementor-widget elementor-widget-text-editor\" data-id=\"2854b75\" data-element_type=\"widget\" data-widget_type=\"text-editor.default\">\n\t\t\t\t<div class=\"elementor-widget-container\">\n\t\t\t\t\t\t\t<p class=\"MsoNormalCxSpFirst\" style=\"margin-bottom: .0001pt;text-align: justify;line-height: 150%\"><b>Zonas de A\u00e7\u00f5es Comunicacionais em Arte e Tecnologia \u2013 ZACAT<\/b><\/p>\n<p class=\"MsoNormalCxSpMiddle\" style=\"margin-bottom: .0001pt;text-align: justify;line-height: 150%\"><b>\u00a0<\/b><\/p>\n<p class=\"MsoNormalCxSpMiddle\" style=\"margin-bottom: .0001pt;text-align: justify;line-height: 150%\"><span style=\"font-size: 12.0pt;line-height: 150%;font-family: 'Arial','sans-serif';color: black\">Exposi\u00e7\u00e3o individual de Camila Vermelho.<\/span><\/p>\n<p class=\"MsoNormalCxSpMiddle\" style=\"margin-bottom: .0001pt;text-align: justify;line-height: 150%\"><span style=\"font-size: 12.0pt;line-height: 150%;font-family: 'Arial','sans-serif';color: black\">Curadoria: Daniel Signor.<\/span><\/p>\n<p class=\"MsoNormalCxSpMiddle\" style=\"margin-bottom: .0001pt;text-align: justify;line-height: 150%\"><span style=\"font-size: 12.0pt;line-height: 150%;font-family: 'Arial','sans-serif';color: black\">Expografia e modelagem digital: Camila Vermelho.<\/span><\/p>\n<p class=\"MsoNormalCxSpMiddle\" style=\"margin-bottom: .0001pt;text-align: justify;line-height: 150%\"><span style=\"font-size: 12.0pt;line-height: 150%;font-family: 'Arial','sans-serif';color: black\">Arte de divulga\u00e7\u00e3o e release: Camila Vermelho.<\/span><\/p>\n<p>\u00a0<\/p>\n<p class=\"MsoNormalCxSpMiddle\" style=\"margin-bottom: .0001pt;text-align: justify;line-height: 150%\"><span style=\"font-size: 12.0pt;line-height: 150%;font-family: 'Arial','sans-serif';color: black\">Link de acesso ao Mozilla Hubs:<a href=\"https:\/\/hubs.mozilla.com\/Thqkx2z\/zonas-de-acoes-comunicacionais-em-arte-e-tecnologia-zacat\">\u00a0<\/a><\/span><span style=\"color: #000000;font-size: 16px\"><a href=\"https:\/\/hubs.mozilla.com\/Thqkx2z\/zonas-de-acoes-comunicacionais-em-arte-e-tecnologia-zacat\">https:\/\/hubs.mozilla.com\/Thqkx2z\/zonas-de-acoes-comunicacionais-em-arte-e-tecnologia-zacat<\/a><\/span><\/p>\t\t\t\t\t\t<\/div>\n\t\t\t\t<\/div>\n\t\t\t\t\t<\/div>\n\t\t<\/div>\n\t\t\t\t\t<\/div>\n\t\t<\/section>\n\t\t\t\t<\/div>\n\t\t","protected":false},"excerpt":{"rendered":"<p>https:\/\/youtu.be\/lFse7RiZOJ0 Arte do cartaz e captura de tela: Camila Vermelho.\u00a0 Zonas de A\u00e7\u00f5es Comunicacionais em Arte e Tecnologia \u2013 ZACAT \u00e9 uma exposi\u00e7\u00e3o individual que re\u00fane dois anos de trabalho e experimenta\u00e7\u00f5es de Camila Vermelho, mestra pelo Programa de P\u00f3s-Gradua\u00e7\u00e3o em Artes Visuais da Universidade Federal de Santa Maria (PPGART-UFSM), sob orienta\u00e7\u00e3o da Prof\u00aa Dr\u00aa [&hellip;]<\/p>\n","protected":false},"author":2557,"featured_media":0,"parent":246,"menu_order":0,"comment_status":"closed","ping_status":"closed","template":"","meta":{"footnotes":""},"categories":[17,130],"tags":[],"class_list":["post-881","page","type-page","status-publish","hentry","category-projetos","category-zacat"],"acf":[],"_links":{"self":[{"href":"https:\/\/www.ufsm.br\/laboratorios\/labinter\/wp-json\/wp\/v2\/pages\/881","targetHints":{"allow":["GET"]}}],"collection":[{"href":"https:\/\/www.ufsm.br\/laboratorios\/labinter\/wp-json\/wp\/v2\/pages"}],"about":[{"href":"https:\/\/www.ufsm.br\/laboratorios\/labinter\/wp-json\/wp\/v2\/types\/page"}],"author":[{"embeddable":true,"href":"https:\/\/www.ufsm.br\/laboratorios\/labinter\/wp-json\/wp\/v2\/users\/2557"}],"replies":[{"embeddable":true,"href":"https:\/\/www.ufsm.br\/laboratorios\/labinter\/wp-json\/wp\/v2\/comments?post=881"}],"version-history":[{"count":0,"href":"https:\/\/www.ufsm.br\/laboratorios\/labinter\/wp-json\/wp\/v2\/pages\/881\/revisions"}],"up":[{"embeddable":true,"href":"https:\/\/www.ufsm.br\/laboratorios\/labinter\/wp-json\/wp\/v2\/pages\/246"}],"wp:attachment":[{"href":"https:\/\/www.ufsm.br\/laboratorios\/labinter\/wp-json\/wp\/v2\/media?parent=881"}],"wp:term":[{"taxonomy":"category","embeddable":true,"href":"https:\/\/www.ufsm.br\/laboratorios\/labinter\/wp-json\/wp\/v2\/categories?post=881"},{"taxonomy":"post_tag","embeddable":true,"href":"https:\/\/www.ufsm.br\/laboratorios\/labinter\/wp-json\/wp\/v2\/tags?post=881"}],"curies":[{"name":"wp","href":"https:\/\/api.w.org\/{rel}","templated":true}]}}