{"id":90,"date":"2020-05-04T18:16:01","date_gmt":"2020-05-04T21:16:01","guid":{"rendered":"https:\/\/www.ufsm.br\/laboratorios\/labinter\/?page_id=90"},"modified":"2026-02-03T18:29:59","modified_gmt":"2026-02-03T21:29:59","slug":"colaboracao-como-pratica","status":"publish","type":"page","link":"https:\/\/www.ufsm.br\/laboratorios\/labinter\/projetos\/colaboracao-como-pratica","title":{"rendered":"Colabora\u00e7\u00e3o como pr\u00e1tica"},"content":{"rendered":"\t\t<div data-elementor-type=\"wp-page\" data-elementor-id=\"90\" class=\"elementor elementor-90\">\n\t\t\t\t\t\t<section class=\"elementor-section elementor-top-section elementor-element elementor-element-abd6431 elementor-section-boxed elementor-section-height-default elementor-section-height-default\" data-id=\"abd6431\" data-element_type=\"section\">\n\t\t\t\t\t\t<div class=\"elementor-container elementor-column-gap-default\">\n\t\t\t\t\t<div class=\"elementor-column elementor-col-100 elementor-top-column elementor-element elementor-element-8fe1eff\" data-id=\"8fe1eff\" data-element_type=\"column\">\n\t\t\t<div class=\"elementor-widget-wrap elementor-element-populated\">\n\t\t\t\t\t\t<div class=\"elementor-element elementor-element-1ca3ac7 elementor-widget elementor-widget-text-editor\" data-id=\"1ca3ac7\" data-element_type=\"widget\" data-widget_type=\"text-editor.default\">\n\t\t\t\t<div class=\"elementor-widget-container\">\n\t\t\t\t\t\t\t<h5><span style=\"color: #000000;font-size: 16px\">Autores: Daniel Jaenish Lopes, Pablo Rodrigues Pinheir, Rebeca Sasso Laureano, Rosmarine Jaskulski Capiotti, Ruth Maria Alfaro Bibiano, Yuri Fontenla.<\/span><\/h5>\t\t\t\t\t\t<\/div>\n\t\t\t\t<\/div>\n\t\t\t\t\t<\/div>\n\t\t<\/div>\n\t\t\t\t\t<\/div>\n\t\t<\/section>\n\t\t\t\t<section class=\"elementor-section elementor-top-section elementor-element elementor-element-af325c1 elementor-section-boxed elementor-section-height-default elementor-section-height-default\" data-id=\"af325c1\" data-element_type=\"section\">\n\t\t\t\t\t\t<div class=\"elementor-container elementor-column-gap-default\">\n\t\t\t\t\t<div class=\"elementor-column elementor-col-100 elementor-top-column elementor-element elementor-element-f9b21ca\" data-id=\"f9b21ca\" data-element_type=\"column\">\n\t\t\t<div class=\"elementor-widget-wrap elementor-element-populated\">\n\t\t\t\t\t\t<section class=\"elementor-section elementor-inner-section elementor-element elementor-element-04cc188 elementor-section-boxed elementor-section-height-default elementor-section-height-default\" data-id=\"04cc188\" data-element_type=\"section\">\n\t\t\t\t\t\t<div class=\"elementor-container elementor-column-gap-default\">\n\t\t\t\t\t<div class=\"elementor-column elementor-col-50 elementor-inner-column elementor-element elementor-element-aba75c0\" data-id=\"aba75c0\" data-element_type=\"column\">\n\t\t\t<div class=\"elementor-widget-wrap elementor-element-populated\">\n\t\t\t\t\t\t<div class=\"elementor-element elementor-element-c9b7a65 elementor-widget elementor-widget-text-editor\" data-id=\"c9b7a65\" data-element_type=\"widget\" data-widget_type=\"text-editor.default\">\n\t\t\t\t<div class=\"elementor-widget-container\">\n\t\t\t\t\t\t\t<p style=\"margin: 0cm 0cm 0.0001pt;font-family: Arial;font-size: 11pt;color: #000000;line-height: 22px;text-align: justify;text-indent: 36pt\"><span style=\"font-family: Calibri;font-size: 12pt;line-height: 24px\">Este trabalho \u00e9 o resultado de uma investiga\u00e7\u00e3o realizada no primeiro semestre de 2018, na disciplina de Arte M\u00eddia II do curso de licenciatura em Artes Visuais da Universidade Federal de Santa Maria &#8211; UFSM, onde foi desenvolvida uma pr\u00e1tica colaborativa junto ao grupo de funcion\u00e1rias respons\u00e1veis pela limpeza do pr\u00e9dio do Centro de Artes e Letras &#8211; CAL. Tendo como inten\u00e7\u00e3o propor outros olhares para o ambiente cotidiano e de servi\u00e7o do grupo que trabalham diariamente por este centro\u00a0 de artes, por\u00e9m n\u00e3o participam de suas atividades.\u00a0<\/span><\/p><p style=\"margin: 0cm 0cm 0.0001pt;font-family: Arial;font-size: 11pt;color: #000000;line-height: 22px;text-align: justify;text-indent: 36pt\"><span style=\"font-family: Calibri;font-size: 12pt;color: #000000;text-indent: 35.4pt\">Tendo como foco tra\u00e7ar algumas considera\u00e7\u00f5es acerca de trabalhos de arte de cunho mais processual e colaborativo, onde obra e p\u00fablico s\u00e3o deslocados de suas posturas mais tradicionais, provocando questionamentos no pr\u00f3prio fazer art\u00edstico, nos quais os pap\u00e9is do artista<\/span><span style=\"font-family: Calibri;font-size: 12pt;color: #000000;text-indent: 35.4pt\">\u00a0\u00a0<\/span><span style=\"font-family: Calibri;font-size: 12pt;color: #000000;text-indent: 35.4pt\">se fundem com atravessamentos de diferentes saberes, construindo pontes entre territ\u00f3rios.\u00a0<\/span><\/p><p style=\"margin: 0cm 0cm 0.0001pt;font-family: Arial;font-size: 11pt;color: #000000;line-height: 22px;text-align: justify;text-indent: 36pt\"><span style=\"font-family: Calibri;font-size: 12pt;color: #000000;text-indent: 35.4pt\">Decidimos instigar n\u00e3o somente as respons\u00e1veis da limpeza, mas a n\u00f3s mesmos, como<\/span>\u00a0<span style=\"font-family: Calibri;font-size: 12pt;color: #000000;text-indent: 35.4pt\">outras formas de enxergar o nosso ambiente comum de estudo e trabalho para outras maneiras de ver o nosso pr\u00f3prio espa\u00e7o. Chamando aten\u00e7\u00e3o para outros olhares que possibilitem a troca de afetos e cruzamentos de saberes.\u00a0<\/span><span style=\"font-family: Calibri;font-size: 12pt;color: #000000;text-indent: 36pt\">Por isso a elabora\u00e7\u00e3o de in\u00edcio de nosso trabalho pensamos em construir um mapa cartogr\u00e1fico para ordenar as coisas que ir\u00edamos precisar pensar nossos encontros e esbo\u00e7ar nossas ideias e conceitos.<\/span><\/p>\t\t\t\t\t\t<\/div>\n\t\t\t\t<\/div>\n\t\t\t\t\t<\/div>\n\t\t<\/div>\n\t\t\t\t<div class=\"elementor-column elementor-col-50 elementor-inner-column elementor-element elementor-element-2774ecc\" data-id=\"2774ecc\" data-element_type=\"column\">\n\t\t\t<div class=\"elementor-widget-wrap elementor-element-populated\">\n\t\t\t\t\t\t<div class=\"elementor-element elementor-element-ab3f99f elementor-widget elementor-widget-image\" data-id=\"ab3f99f\" data-element_type=\"widget\" data-widget_type=\"image.default\">\n\t\t\t\t<div class=\"elementor-widget-container\">\n\t\t\t\t\t\t\t\t\t\t\t\t\t<img fetchpriority=\"high\" decoding=\"async\" width=\"357\" height=\"504\" src=\"https:\/\/www.ufsm.br\/app\/uploads\/sites\/814\/2020\/05\/Untitled-e1588628101151.png\" class=\"attachment-large size-large wp-image-91\" alt=\"\" \/>\t\t\t\t\t\t\t\t\t\t\t\t\t<\/div>\n\t\t\t\t<\/div>\n\t\t\t\t\t<\/div>\n\t\t<\/div>\n\t\t\t\t\t<\/div>\n\t\t<\/section>\n\t\t\t\t<div class=\"elementor-element elementor-element-e51daf6 elementor-widget elementor-widget-spacer\" data-id=\"e51daf6\" data-element_type=\"widget\" data-widget_type=\"spacer.default\">\n\t\t\t\t<div class=\"elementor-widget-container\">\n\t\t\t\t\t<div class=\"elementor-spacer\">\n\t\t\t<div class=\"elementor-spacer-inner\"><\/div>\n\t\t<\/div>\n\t\t\t\t<\/div>\n\t\t\t\t<\/div>\n\t\t\t\t\t<\/div>\n\t\t<\/div>\n\t\t\t\t\t<\/div>\n\t\t<\/section>\n\t\t\t\t<section class=\"elementor-section elementor-top-section elementor-element elementor-element-baca288 elementor-section-boxed elementor-section-height-default elementor-section-height-default\" data-id=\"baca288\" data-element_type=\"section\">\n\t\t\t\t\t\t<div class=\"elementor-container elementor-column-gap-default\">\n\t\t\t\t\t<div class=\"elementor-column elementor-col-100 elementor-top-column elementor-element elementor-element-ac83c5e\" data-id=\"ac83c5e\" data-element_type=\"column\">\n\t\t\t<div class=\"elementor-widget-wrap elementor-element-populated\">\n\t\t\t\t\t\t<section class=\"elementor-section elementor-inner-section elementor-element elementor-element-0f65517 elementor-section-boxed elementor-section-height-default elementor-section-height-default\" data-id=\"0f65517\" data-element_type=\"section\">\n\t\t\t\t\t\t<div class=\"elementor-container elementor-column-gap-default\">\n\t\t\t\t\t<div class=\"elementor-column elementor-col-33 elementor-inner-column elementor-element elementor-element-1575b02\" data-id=\"1575b02\" data-element_type=\"column\">\n\t\t\t<div class=\"elementor-widget-wrap elementor-element-populated\">\n\t\t\t\t\t\t<div class=\"elementor-element elementor-element-be9c0af elementor-widget elementor-widget-image\" data-id=\"be9c0af\" data-element_type=\"widget\" data-widget_type=\"image.default\">\n\t\t\t\t<div class=\"elementor-widget-container\">\n\t\t\t\t\t\t\t\t\t\t\t\t\t<img decoding=\"async\" width=\"436\" height=\"464\" src=\"https:\/\/www.ufsm.br\/app\/uploads\/sites\/814\/2020\/05\/lkk.png\" class=\"attachment-large size-large wp-image-94\" alt=\"\" srcset=\"https:\/\/www.ufsm.br\/app\/uploads\/sites\/814\/2020\/05\/lkk.png 436w, https:\/\/www.ufsm.br\/app\/uploads\/sites\/814\/2020\/05\/lkk-282x300.png 282w\" sizes=\"(max-width: 436px) 100vw, 436px\" \/>\t\t\t\t\t\t\t\t\t\t\t\t\t<\/div>\n\t\t\t\t<\/div>\n\t\t\t\t\t<\/div>\n\t\t<\/div>\n\t\t\t\t<div class=\"elementor-column elementor-col-33 elementor-inner-column elementor-element elementor-element-0997b71\" data-id=\"0997b71\" data-element_type=\"column\">\n\t\t\t<div class=\"elementor-widget-wrap elementor-element-populated\">\n\t\t\t\t\t\t<div class=\"elementor-element elementor-element-be605ff elementor-widget elementor-widget-image\" data-id=\"be605ff\" data-element_type=\"widget\" data-widget_type=\"image.default\">\n\t\t\t\t<div class=\"elementor-widget-container\">\n\t\t\t\t\t\t\t\t\t\t\t\t\t<img decoding=\"async\" width=\"438\" height=\"329\" src=\"https:\/\/www.ufsm.br\/app\/uploads\/sites\/814\/2020\/05\/l.png\" class=\"attachment-medium_large size-medium_large wp-image-93\" alt=\"\" srcset=\"https:\/\/www.ufsm.br\/app\/uploads\/sites\/814\/2020\/05\/l.png 438w, https:\/\/www.ufsm.br\/app\/uploads\/sites\/814\/2020\/05\/l-300x225.png 300w\" sizes=\"(max-width: 438px) 100vw, 438px\" \/>\t\t\t\t\t\t\t\t\t\t\t\t\t<\/div>\n\t\t\t\t<\/div>\n\t\t\t\t\t<\/div>\n\t\t<\/div>\n\t\t\t\t<div class=\"elementor-column elementor-col-33 elementor-inner-column elementor-element elementor-element-b9502cb\" data-id=\"b9502cb\" data-element_type=\"column\">\n\t\t\t<div class=\"elementor-widget-wrap elementor-element-populated\">\n\t\t\t\t\t\t<div class=\"elementor-element elementor-element-81c541a elementor-widget elementor-widget-image\" data-id=\"81c541a\" data-element_type=\"widget\" data-widget_type=\"image.default\">\n\t\t\t\t<div class=\"elementor-widget-container\">\n\t\t\t\t\t\t\t\t\t\t\t\t\t<img loading=\"lazy\" decoding=\"async\" width=\"546\" height=\"503\" src=\"https:\/\/www.ufsm.br\/app\/uploads\/sites\/814\/2020\/05\/hnvbcnnnnn.png\" class=\"attachment-large size-large wp-image-95\" alt=\"\" srcset=\"https:\/\/www.ufsm.br\/app\/uploads\/sites\/814\/2020\/05\/hnvbcnnnnn.png 546w, https:\/\/www.ufsm.br\/app\/uploads\/sites\/814\/2020\/05\/hnvbcnnnnn-300x276.png 300w\" sizes=\"(max-width: 546px) 100vw, 546px\" \/>\t\t\t\t\t\t\t\t\t\t\t\t\t<\/div>\n\t\t\t\t<\/div>\n\t\t\t\t\t<\/div>\n\t\t<\/div>\n\t\t\t\t\t<\/div>\n\t\t<\/section>\n\t\t\t\t\t<\/div>\n\t\t<\/div>\n\t\t\t\t\t<\/div>\n\t\t<\/section>\n\t\t\t\t<section class=\"elementor-section elementor-top-section elementor-element elementor-element-b6f4002 elementor-section-boxed elementor-section-height-default elementor-section-height-default\" data-id=\"b6f4002\" data-element_type=\"section\">\n\t\t\t\t\t\t<div class=\"elementor-container elementor-column-gap-default\">\n\t\t\t\t\t<div class=\"elementor-column elementor-col-100 elementor-top-column elementor-element elementor-element-563a64a\" data-id=\"563a64a\" data-element_type=\"column\">\n\t\t\t<div class=\"elementor-widget-wrap elementor-element-populated\">\n\t\t\t\t\t\t<div class=\"elementor-element elementor-element-697303f elementor-widget elementor-widget-spacer\" data-id=\"697303f\" data-element_type=\"widget\" data-widget_type=\"spacer.default\">\n\t\t\t\t<div class=\"elementor-widget-container\">\n\t\t\t\t\t<div class=\"elementor-spacer\">\n\t\t\t<div class=\"elementor-spacer-inner\"><\/div>\n\t\t<\/div>\n\t\t\t\t<\/div>\n\t\t\t\t<\/div>\n\t\t\t\t<div class=\"elementor-element elementor-element-dff576e elementor-widget elementor-widget-text-editor\" data-id=\"dff576e\" data-element_type=\"widget\" data-widget_type=\"text-editor.default\">\n\t\t\t\t<div class=\"elementor-widget-container\">\n\t\t\t\t\t\t\t<p class=\"MsoNormal\" style=\"margin: 0cm 0cm 0.0001pt;font-family: Arial;font-size: 11pt;color: #000000;line-height: 22px;text-align: justify;text-indent: 36pt\"><span style=\"font-family: Calibri;font-size: 12pt;line-height: 24px\">Pensamos como seria nosso primeiro, foi ent\u00e3o introduzida a ideia de fazer um convite e assim pensarmos em uma possibilidade de trabalharmos juntos em uma arte colaborativa, at\u00e9 pelo fato de n\u00e3o sabermos se iriam aceitar nossa proposta. No primeiro encontro colocamos disparadores (palavras chaves) , sobre a mesa com o intuito de provocar nossas convidadas ao entrarem na sala e tomarem um caf\u00e9\/ch\u00e1 conosco.<\/span><\/p><p class=\"MsoNormal\" style=\"margin: 0cm 0cm 0.0001pt;font-family: Arial;font-size: 11pt;color: #000000;line-height: 22px;text-align: justify;text-indent: 35.4pt\"><span style=\"font-family: Calibri;font-size: 12pt;line-height: 24px\">Durante o caf\u00e9 nos foi compartilhados seus interesses, demonstrando uma inclina\u00e7\u00e3o para a costura e a utiliza\u00e7\u00e3o do tecido como suporte. Foi a partir das possibilidades de uso de m\u00e1quinas de costura e outros materiais, bem como o compartilhamento de t\u00e9cnicas que surge a ideia de come\u00e7ar a trabalhar a costura, bordados e pintura em tecido. Neste encontro, elas trouxeram materiais e ideias que tiveram durante a semana, potencializando ent\u00e3o as possibilidades pensadas no encontro anterior. Essas propostas demonstram o envolvimento delas com o n\u00facleo familiar. Tamb\u00e9m a proposta de customiza\u00e7\u00e3o de uma saia jean a partir de m\u00faltiplas t\u00e9cnicas, entre elas bordado e estampas feitas de gravura, associadas a cria\u00e7\u00e3o de\u00a0<i>patchwork<\/i>.<\/span><\/p><p class=\"MsoNormal\" style=\"margin: 0cm 0cm 0.0001pt;font-family: Arial;font-size: 11pt;color: #000000;line-height: 22px;text-align: justify;text-indent: 36pt\"><span style=\"font-family: Calibri;font-size: 12pt;line-height: 24px\"><span style=\"font-family: Calibri;font-size: 12pt;color: #000000;text-align: start;text-indent: 0px;line-height: 18.4px\">Com o passar do tempo, cada encontro foi se tornando mais aconchegante, mais produtivo. As pr\u00e1ticas colaborativas e de grupo j\u00e1 s\u00e3o vistas com mais intensidade e o amadurecimento do conv\u00edvio em grupo pode ser percebido nas falas e coment\u00e1rios, possibilitando um cruzamento de ideias, e encontros com as t\u00e9cnicas propostas.<\/span><\/span><\/p><p class=\"MsoNormal\" style=\"margin: 0cm 0cm 0.0001pt;font-family: Arial;font-size: 11pt;color: #000000;line-height: 22px;text-align: justify;text-indent: 36pt\"><span style=\"font-family: Calibri;font-size: 12pt;text-indent: 36pt\">Quando a primeira volunt\u00e1ria para testes na m\u00e1quina surgiu, as outras duas espectadoras a apoiaram, auxiliaram na trajet\u00f3ria da linha e fizeram elogios quanto ao resultado. Nisto, decidiram todas tentar, dividindo a mesma capa de travesseiro, cada uma costurou um pedacinho.\u00a0<\/span><\/p><p class=\"MsoNormal\" style=\"margin: 0cm 0cm 0.0001pt;font-family: Arial;font-size: 11pt;color: #000000;line-height: 22px;text-align: justify;text-indent: 36pt\"><span style=\"font-family: Calibri;font-size: 12pt;color: #111111;text-align: start;text-indent: 0px;line-height: 18.4px;background-image: initial;background-position: initial;background-size: initial;background-attachment: initial\">Ap\u00f3s nossos momentos de costura, conversa, ch\u00e1s e caf\u00e9s, ocorreu a ideia de confeccionar bolsas e pintura em tecido. Todos do grupo compartilharam o prazer de ver surgir objetos que resultaram de ideias coletivas, trocas de conhecimentos e ajuda m\u00fatua.<\/span><\/p>\t\t\t\t\t\t<\/div>\n\t\t\t\t<\/div>\n\t\t\t\t\t<\/div>\n\t\t<\/div>\n\t\t\t\t\t<\/div>\n\t\t<\/section>\n\t\t\t\t<section class=\"elementor-section elementor-top-section elementor-element elementor-element-1e1d759 elementor-section-boxed elementor-section-height-default elementor-section-height-default\" data-id=\"1e1d759\" data-element_type=\"section\">\n\t\t\t\t\t\t<div class=\"elementor-container elementor-column-gap-default\">\n\t\t\t\t\t\t<\/div>\n\t\t<\/section>\n\t\t\t\t<\/div>\n\t\t","protected":false},"excerpt":{"rendered":"<p>Autores: Daniel Jaenish Lopes, Pablo Rodrigues Pinheir, Rebeca Sasso Laureano, Rosmarine Jaskulski Capiotti, Ruth Maria Alfaro Bibiano, Yuri Fontenla. Este trabalho \u00e9 o resultado de uma investiga\u00e7\u00e3o realizada no primeiro semestre de 2018, na disciplina de Arte M\u00eddia II do curso de licenciatura em Artes Visuais da Universidade Federal de Santa Maria &#8211; UFSM, onde [&hellip;]<\/p>\n","protected":false},"author":2498,"featured_media":0,"parent":32,"menu_order":0,"comment_status":"closed","ping_status":"closed","template":"","meta":{"footnotes":""},"categories":[17],"tags":[],"class_list":["post-90","page","type-page","status-publish","hentry","category-projetos"],"acf":[],"_links":{"self":[{"href":"https:\/\/www.ufsm.br\/laboratorios\/labinter\/wp-json\/wp\/v2\/pages\/90","targetHints":{"allow":["GET"]}}],"collection":[{"href":"https:\/\/www.ufsm.br\/laboratorios\/labinter\/wp-json\/wp\/v2\/pages"}],"about":[{"href":"https:\/\/www.ufsm.br\/laboratorios\/labinter\/wp-json\/wp\/v2\/types\/page"}],"author":[{"embeddable":true,"href":"https:\/\/www.ufsm.br\/laboratorios\/labinter\/wp-json\/wp\/v2\/users\/2498"}],"replies":[{"embeddable":true,"href":"https:\/\/www.ufsm.br\/laboratorios\/labinter\/wp-json\/wp\/v2\/comments?post=90"}],"version-history":[{"count":0,"href":"https:\/\/www.ufsm.br\/laboratorios\/labinter\/wp-json\/wp\/v2\/pages\/90\/revisions"}],"up":[{"embeddable":true,"href":"https:\/\/www.ufsm.br\/laboratorios\/labinter\/wp-json\/wp\/v2\/pages\/32"}],"wp:attachment":[{"href":"https:\/\/www.ufsm.br\/laboratorios\/labinter\/wp-json\/wp\/v2\/media?parent=90"}],"wp:term":[{"taxonomy":"category","embeddable":true,"href":"https:\/\/www.ufsm.br\/laboratorios\/labinter\/wp-json\/wp\/v2\/categories?post=90"},{"taxonomy":"post_tag","embeddable":true,"href":"https:\/\/www.ufsm.br\/laboratorios\/labinter\/wp-json\/wp\/v2\/tags?post=90"}],"curies":[{"name":"wp","href":"https:\/\/api.w.org\/{rel}","templated":true}]}}