{"id":24,"date":"2019-05-14T17:02:52","date_gmt":"2019-05-14T20:02:52","guid":{"rendered":"https:\/\/www.ufsm.br\/template-laboratprio\/?page_id=24"},"modified":"2019-07-18T13:34:54","modified_gmt":"2019-07-18T16:34:54","slug":"infraestrutura","status":"publish","type":"page","link":"https:\/\/www.ufsm.br\/laboratorios\/labiomec\/infraestrutura","title":{"rendered":"Infraestrutura"},"content":{"rendered":"\t\t<div data-elementor-type=\"wp-post\" data-elementor-id=\"24\" class=\"elementor elementor-24\">\n\t\t\t\t\t\t<section class=\"elementor-section elementor-top-section elementor-element elementor-element-f74d933 elementor-section-boxed elementor-section-height-default elementor-section-height-default\" data-id=\"f74d933\" data-element_type=\"section\">\n\t\t\t\t\t\t<div class=\"elementor-container elementor-column-gap-default\">\n\t\t\t\t\t<div class=\"elementor-column elementor-col-100 elementor-top-column elementor-element elementor-element-4b876ba\" data-id=\"4b876ba\" data-element_type=\"column\">\n\t\t\t<div class=\"elementor-widget-wrap elementor-element-populated\">\n\t\t\t\t\t\t<div class=\"elementor-element elementor-element-560951d elementor-widget elementor-widget-text-editor\" data-id=\"560951d\" data-element_type=\"widget\" data-widget_type=\"text-editor.default\">\n\t\t\t\t<div class=\"elementor-widget-container\">\n\t\t\t\t\t\t\t<p style=\"text-align: left;\" align=\"center\"><span style=\"color: #000000;\"><strong><span style=\"font-size: large;\">O<span style=\"color: #000000;\"> Labiomec possui diversos equipamentos para avalia\u00e7\u00e3o biomec\u00e2nica, <\/span><\/span><\/strong><\/span><span style=\"color: #000000;\"><strong><span style=\"font-size: large;\">seja ela antropom\u00e9trica, cinem\u00e1tica, cin\u00e9tica ou eletromiogr\u00e1fica.<\/span><\/strong><\/span><\/p>\t\t\t\t\t\t<\/div>\n\t\t\t\t<\/div>\n\t\t\t\t<div class=\"elementor-element elementor-element-d90b996 elementor-widget elementor-widget-heading\" data-id=\"d90b996\" data-element_type=\"widget\" data-widget_type=\"heading.default\">\n\t\t\t\t<div class=\"elementor-widget-container\">\n\t\t\t<h5 class=\"elementor-heading-title elementor-size-default\">Para avalia\u00e7\u00f5es cinem\u00e1tica o Labiomec possui dois tipos de sistemas:<\/h5>\t\t<\/div>\n\t\t\t\t<\/div>\n\t\t\t\t\t<\/div>\n\t\t<\/div>\n\t\t\t\t\t<\/div>\n\t\t<\/section>\n\t\t\t\t<section class=\"elementor-section elementor-top-section elementor-element elementor-element-14b81b1 elementor-section-boxed elementor-section-height-default elementor-section-height-default\" data-id=\"14b81b1\" data-element_type=\"section\">\n\t\t\t\t\t\t<div class=\"elementor-container elementor-column-gap-default\">\n\t\t\t\t\t<div class=\"elementor-column elementor-col-50 elementor-top-column elementor-element elementor-element-e522e26\" data-id=\"e522e26\" data-element_type=\"column\">\n\t\t\t<div class=\"elementor-widget-wrap elementor-element-populated\">\n\t\t\t\t\t\t<div class=\"elementor-element elementor-element-0260b19 elementor-widget elementor-widget-text-editor\" data-id=\"0260b19\" data-element_type=\"widget\" data-widget_type=\"text-editor.default\">\n\t\t\t\t<div class=\"elementor-widget-container\">\n\t\t\t\t\t\t\t<p><span style=\"color: #000000;\"><span style=\"font-family: Verdana; font-size: large;\"><span style=\"font-size: large;\">\u00a0&#8211; O sistema VICON (modelo 624, Oxford, Reino Unido) com sete c\u00e2meras de v\u00eddeo.<span style=\"color: #000000;\">\u00a0 \u00a0 \u00a0 \u00a0 \u00a0 \u00a0<\/span><\/span><\/span><\/span><\/p><p><img fetchpriority=\"high\" decoding=\"async\" class=\"alignnone wp-image-39 size-medium\" src=\"https:\/\/www.ufsm.br\/laboratorios\/labiomec\/wp-content\/uploads\/sites\/644\/2019\/07\/Sem-t\u00edtulo121-300x180.jpg\" alt=\"\" width=\"300\" height=\"180\" srcset=\"https:\/\/www.ufsm.br\/app\/uploads\/sites\/644\/2019\/07\/Sem-t\u00edtulo121-300x180.jpg 300w, https:\/\/www.ufsm.br\/app\/uploads\/sites\/644\/2019\/07\/Sem-t\u00edtulo121.jpg 301w\" sizes=\"(max-width: 300px) 100vw, 300px\" \/><\/p><p><img decoding=\"async\" class=\"alignnone wp-image-40 size-medium\" src=\"https:\/\/www.ufsm.br\/laboratorios\/labiomec\/wp-content\/uploads\/sites\/644\/2019\/07\/vicon2-300x160.jpg\" alt=\"\" width=\"300\" height=\"160\" srcset=\"https:\/\/www.ufsm.br\/app\/uploads\/sites\/644\/2019\/07\/vicon2-300x160.jpg 300w, https:\/\/www.ufsm.br\/app\/uploads\/sites\/644\/2019\/07\/vicon2.jpg 530w\" sizes=\"(max-width: 300px) 100vw, 300px\" \/><\/p><p><img decoding=\"async\" class=\"alignnone wp-image-41 size-medium\" src=\"https:\/\/www.ufsm.br\/laboratorios\/labiomec\/wp-content\/uploads\/sites\/644\/2019\/07\/vicon1-300x172.jpg\" alt=\"\" width=\"300\" height=\"172\" srcset=\"https:\/\/www.ufsm.br\/app\/uploads\/sites\/644\/2019\/07\/vicon1-300x172.jpg 300w, https:\/\/www.ufsm.br\/app\/uploads\/sites\/644\/2019\/07\/vicon1-768x440.jpg 768w, https:\/\/www.ufsm.br\/app\/uploads\/sites\/644\/2019\/07\/vicon1.jpg 803w\" sizes=\"(max-width: 300px) 100vw, 300px\" \/><\/p>\t\t\t\t\t\t<\/div>\n\t\t\t\t<\/div>\n\t\t\t\t\t<\/div>\n\t\t<\/div>\n\t\t\t\t<div class=\"elementor-column elementor-col-50 elementor-top-column elementor-element elementor-element-7dea07a\" data-id=\"7dea07a\" data-element_type=\"column\">\n\t\t\t<div class=\"elementor-widget-wrap elementor-element-populated\">\n\t\t\t\t\t\t<div class=\"elementor-element elementor-element-1bcea58 elementor-widget elementor-widget-text-editor\" data-id=\"1bcea58\" data-element_type=\"widget\" data-widget_type=\"text-editor.default\">\n\t\t\t\t<div class=\"elementor-widget-container\">\n\t\t\t\t\t\t\t<p><span style=\"font-size: large;\">&#8211; O sistema Peak Motus (Peak Performance Inc, USA) com duas c\u00e2meras de v\u00eddeo.<\/span><\/p><p><img loading=\"lazy\" decoding=\"async\" class=\"alignnone wp-image-42 size-thumbnail\" src=\"https:\/\/www.ufsm.br\/laboratorios\/labiomec\/wp-content\/uploads\/sites\/644\/2019\/07\/camerapeak-120x150.jpg\" alt=\"\" width=\"120\" height=\"150\" \/><\/p><p><img loading=\"lazy\" decoding=\"async\" class=\"alignnone wp-image-43 size-thumbnail\" src=\"https:\/\/www.ufsm.br\/laboratorios\/labiomec\/wp-content\/uploads\/sites\/644\/2019\/07\/Lab9-150x106.jpg\" alt=\"\" width=\"150\" height=\"106\" \/><\/p><p><img loading=\"lazy\" decoding=\"async\" class=\"alignnone size-thumbnail wp-image-44\" src=\"https:\/\/www.ufsm.br\/laboratorios\/labiomec\/wp-content\/uploads\/sites\/644\/2019\/07\/Lab1-150x107.jpg\" alt=\"\" width=\"150\" height=\"107\" \/><\/p>\t\t\t\t\t\t<\/div>\n\t\t\t\t<\/div>\n\t\t\t\t\t<\/div>\n\t\t<\/div>\n\t\t\t\t\t<\/div>\n\t\t<\/section>\n\t\t\t\t<section class=\"elementor-section elementor-top-section elementor-element elementor-element-63f8385 elementor-section-boxed elementor-section-height-default elementor-section-height-default\" data-id=\"63f8385\" data-element_type=\"section\">\n\t\t\t\t\t\t<div class=\"elementor-container elementor-column-gap-default\">\n\t\t\t\t\t<div class=\"elementor-column elementor-col-100 elementor-top-column elementor-element elementor-element-3ba8a2a\" data-id=\"3ba8a2a\" data-element_type=\"column\">\n\t\t\t<div class=\"elementor-widget-wrap elementor-element-populated\">\n\t\t\t\t\t\t<div class=\"elementor-element elementor-element-9089119 elementor-widget elementor-widget-heading\" data-id=\"9089119\" data-element_type=\"widget\" data-widget_type=\"heading.default\">\n\t\t\t\t<div class=\"elementor-widget-container\">\n\t\t\t<h5 class=\"elementor-heading-title elementor-size-default\">Para avalia\u00e7\u00f5es cin\u00e9ticas o Labiomec possui:<\/h5>\t\t<\/div>\n\t\t\t\t<\/div>\n\t\t\t\t<div class=\"elementor-element elementor-element-f30b000 elementor-widget elementor-widget-text-editor\" data-id=\"f30b000\" data-element_type=\"widget\" data-widget_type=\"text-editor.default\">\n\t\t\t\t<div class=\"elementor-widget-container\">\n\t\t\t\t\t\t\t<p>&#8211; Quatro plataformas de for\u00e7a\u00a0AMTI ( Advanced Mechanical Technologu, INc., Watertown, MA, USA) sendo duas do modelo OR6-5 1000 e outras duas OR6-6 2000.<\/p><p><img loading=\"lazy\" decoding=\"async\" class=\"size-thumbnail wp-image-45 alignleft\" src=\"https:\/\/www.ufsm.br\/laboratorios\/labiomec\/wp-content\/uploads\/sites\/644\/2019\/07\/Lab10-150x106.jpg\" alt=\"\" width=\"150\" height=\"106\" \/><\/p><p><img loading=\"lazy\" decoding=\"async\" class=\"wp-image-46 size-medium alignleft\" src=\"https:\/\/www.ufsm.br\/laboratorios\/labiomec\/wp-content\/uploads\/sites\/644\/2019\/07\/Sem-t\u00edtulo666-300x224.jpg\" alt=\"\" width=\"300\" height=\"224\" srcset=\"https:\/\/www.ufsm.br\/app\/uploads\/sites\/644\/2019\/07\/Sem-t\u00edtulo666-300x224.jpg 300w, https:\/\/www.ufsm.br\/app\/uploads\/sites\/644\/2019\/07\/Sem-t\u00edtulo666.jpg 413w\" sizes=\"(max-width: 300px) 100vw, 300px\" \/><\/p>\t\t\t\t\t\t<\/div>\n\t\t\t\t<\/div>\n\t\t\t\t\t<\/div>\n\t\t<\/div>\n\t\t\t\t\t<\/div>\n\t\t<\/section>\n\t\t\t\t<section class=\"elementor-section elementor-top-section elementor-element elementor-element-421e2c2 elementor-section-boxed elementor-section-height-default elementor-section-height-default\" data-id=\"421e2c2\" data-element_type=\"section\">\n\t\t\t\t\t\t<div class=\"elementor-container elementor-column-gap-default\">\n\t\t\t\t\t<div class=\"elementor-column elementor-col-100 elementor-top-column elementor-element elementor-element-752025d\" data-id=\"752025d\" data-element_type=\"column\">\n\t\t\t<div class=\"elementor-widget-wrap elementor-element-populated\">\n\t\t\t\t\t\t<div class=\"elementor-element elementor-element-b8f73f1 elementor-widget elementor-widget-heading\" data-id=\"b8f73f1\" data-element_type=\"widget\" data-widget_type=\"heading.default\">\n\t\t\t\t<div class=\"elementor-widget-container\">\n\t\t\t<h5 class=\"elementor-heading-title elementor-size-default\">Para avalia\u00e7\u00f5es eletromiogr\u00e1ficas o Labiomec possui:<\/h5>\t\t<\/div>\n\t\t\t\t<\/div>\n\t\t\t\t<div class=\"elementor-element elementor-element-e3e3e83 elementor-widget elementor-widget-text-editor\" data-id=\"e3e3e83\" data-element_type=\"widget\" data-widget_type=\"text-editor.default\">\n\t\t\t\t<div class=\"elementor-widget-container\">\n\t\t\t\t\t\t\t<p style=\"text-align: left;\" align=\"center\"><span style=\"color: #000000;\"><span style=\"font-family: Verdana;\">&#8211;\u00a0<\/span><span style=\"font-family: Verdana; font-size: 12pt;\"><span style=\"font-family: Arial;\"><span style=\"font-family: Verdana;\">Um eletromi\u00f3grafo da marca Linx EMG 1000, com 12 canais e frequencia de aquisi\u00e7\u00e3o de at\u00e9 2000 Hz.\u00a0<\/span><\/span><\/span><\/span><span style=\"color: #000000; font-family: Verdana;\">Os aparelhos digitais de alta precis\u00e3o s\u00e3o utilizados para medidas antropom\u00e9tricas.<\/span><\/p><p style=\"text-align: left;\" align=\"center\"><img loading=\"lazy\" decoding=\"async\" class=\"size-thumbnail wp-image-48 alignleft\" src=\"https:\/\/www.ufsm.br\/laboratorios\/labiomec\/wp-content\/uploads\/sites\/644\/2019\/07\/Lab3-150x106.jpg\" alt=\"\" width=\"150\" height=\"106\" \/><\/p><p align=\"center\"><img loading=\"lazy\" decoding=\"async\" class=\"wp-image-49 size-medium alignleft\" src=\"https:\/\/www.ufsm.br\/laboratorios\/labiomec\/wp-content\/uploads\/sites\/644\/2019\/07\/plataformas-300x225.jpg\" alt=\"\" width=\"300\" height=\"225\" srcset=\"https:\/\/www.ufsm.br\/app\/uploads\/sites\/644\/2019\/07\/plataformas-300x225.jpg 300w, https:\/\/www.ufsm.br\/app\/uploads\/sites\/644\/2019\/07\/plataformas-768x576.jpg 768w, https:\/\/www.ufsm.br\/app\/uploads\/sites\/644\/2019\/07\/plataformas-1024x768.jpg 1024w, https:\/\/www.ufsm.br\/app\/uploads\/sites\/644\/2019\/07\/plataformas.jpg 1920w\" sizes=\"(max-width: 300px) 100vw, 300px\" \/><\/p>\t\t\t\t\t\t<\/div>\n\t\t\t\t<\/div>\n\t\t\t\t<div class=\"elementor-element elementor-element-e76e404 elementor-widget elementor-widget-heading\" data-id=\"e76e404\" data-element_type=\"widget\" data-widget_type=\"heading.default\">\n\t\t\t\t<div class=\"elementor-widget-container\">\n\t\t\t<h5 class=\"elementor-heading-title elementor-size-default\">O Labiomec tamb\u00e9m possui:<\/h5>\t\t<\/div>\n\t\t\t\t<\/div>\n\t\t\t\t\t<\/div>\n\t\t<\/div>\n\t\t\t\t\t<\/div>\n\t\t<\/section>\n\t\t\t\t<section class=\"elementor-section elementor-top-section elementor-element elementor-element-ad8141b elementor-section-boxed elementor-section-height-default elementor-section-height-default\" data-id=\"ad8141b\" data-element_type=\"section\">\n\t\t\t\t\t\t<div class=\"elementor-container elementor-column-gap-default\">\n\t\t\t\t\t<div class=\"elementor-column elementor-col-50 elementor-top-column elementor-element elementor-element-b8bc642\" data-id=\"b8bc642\" data-element_type=\"column\">\n\t\t\t<div class=\"elementor-widget-wrap elementor-element-populated\">\n\t\t\t\t\t\t<div class=\"elementor-element elementor-element-942b4be elementor-widget elementor-widget-text-editor\" data-id=\"942b4be\" data-element_type=\"widget\" data-widget_type=\"text-editor.default\">\n\t\t\t\t<div class=\"elementor-widget-container\">\n\t\t\t\t\t\t\t<p><span style=\"color: #000000;\"><span style=\"font-family: Verdana; font-size: large;\"><span style=\"font-family: Arial; font-size: large;\"><span style=\"font-family: Verdana;\">&#8211; Uma prancha de rea\u00e7\u00e3o ao solo, a qual permite determinar a altura do CG.<\/span><\/span><\/span><\/span><\/p><p><img loading=\"lazy\" decoding=\"async\" class=\"wp-image-50 size-medium aligncenter\" src=\"https:\/\/www.ufsm.br\/laboratorios\/labiomec\/wp-content\/uploads\/sites\/644\/2019\/07\/cg-300x224.jpg\" alt=\"\" width=\"300\" height=\"224\" srcset=\"https:\/\/www.ufsm.br\/app\/uploads\/sites\/644\/2019\/07\/cg-300x224.jpg 300w, https:\/\/www.ufsm.br\/app\/uploads\/sites\/644\/2019\/07\/cg.jpg 395w\" sizes=\"(max-width: 300px) 100vw, 300px\" \/><\/p>\t\t\t\t\t\t<\/div>\n\t\t\t\t<\/div>\n\t\t\t\t\t<\/div>\n\t\t<\/div>\n\t\t\t\t<div class=\"elementor-column elementor-col-50 elementor-top-column elementor-element elementor-element-ca983fb\" data-id=\"ca983fb\" data-element_type=\"column\">\n\t\t\t<div class=\"elementor-widget-wrap elementor-element-populated\">\n\t\t\t\t\t\t<div class=\"elementor-element elementor-element-5053f0d elementor-widget elementor-widget-text-editor\" data-id=\"5053f0d\" data-element_type=\"widget\" data-widget_type=\"text-editor.default\">\n\t\t\t\t<div class=\"elementor-widget-container\">\n\t\t\t\t\t\t\t<p><span style=\"font-family: Verdana; font-size: large;\"><span style=\"font-family: Arial; font-size: large;\"><span style=\"font-family: Verdana;\">&#8211; Um ped\u00edgrafo utilizado para realiza\u00e7\u00e3o de impress\u00e3o plantar.<\/span><\/span><\/span><\/p><p><img loading=\"lazy\" decoding=\"async\" class=\"wp-image-51 size-medium alignleft\" src=\"https:\/\/www.ufsm.br\/laboratorios\/labiomec\/wp-content\/uploads\/sites\/644\/2019\/07\/pedigrafo-260x300.jpg\" alt=\"\" width=\"260\" height=\"300\" srcset=\"https:\/\/www.ufsm.br\/app\/uploads\/sites\/644\/2019\/07\/pedigrafo-260x300.jpg 260w, https:\/\/www.ufsm.br\/app\/uploads\/sites\/644\/2019\/07\/pedigrafo.jpg 313w\" sizes=\"(max-width: 260px) 100vw, 260px\" \/><\/p><p>\u00a0<\/p><p>\u00a0<\/p><p>\u00a0<\/p><p>\u00a0<\/p><p>\u00a0<\/p><p>\u00a0<\/p><p>\u00a0<\/p><p>\u00a0<\/p><p><img loading=\"lazy\" decoding=\"async\" class=\"wp-image-52 size-medium aligncenter\" src=\"https:\/\/www.ufsm.br\/laboratorios\/labiomec\/wp-content\/uploads\/sites\/644\/2019\/07\/pedigrafo2-300x88.jpg\" alt=\"\" width=\"300\" height=\"88\" srcset=\"https:\/\/www.ufsm.br\/app\/uploads\/sites\/644\/2019\/07\/pedigrafo2-300x88.jpg 300w, https:\/\/www.ufsm.br\/app\/uploads\/sites\/644\/2019\/07\/pedigrafo2.jpg 753w\" sizes=\"(max-width: 300px) 100vw, 300px\" \/><\/p>\t\t\t\t\t\t<\/div>\n\t\t\t\t<\/div>\n\t\t\t\t\t<\/div>\n\t\t<\/div>\n\t\t\t\t\t<\/div>\n\t\t<\/section>\n\t\t\t\t<\/div>\n\t\t","protected":false},"excerpt":{"rendered":"<p>O Labiomec possui diversos equipamentos para avalia\u00e7\u00e3o biomec\u00e2nica, seja ela antropom\u00e9trica, cinem\u00e1tica, cin\u00e9tica ou eletromiogr\u00e1fica. Para avalia\u00e7\u00f5es cinem\u00e1tica o Labiomec possui dois tipos de sistemas: \u00a0&#8211; O sistema VICON (modelo 624, Oxford, Reino Unido) com sete c\u00e2meras de v\u00eddeo.\u00a0 \u00a0 \u00a0 \u00a0 \u00a0 \u00a0 &#8211; O sistema Peak Motus (Peak Performance Inc, USA) com duas [&hellip;]<\/p>\n","protected":false},"author":124,"featured_media":0,"parent":0,"menu_order":0,"comment_status":"closed","ping_status":"closed","template":"","meta":{"footnotes":""},"categories":[],"tags":[],"class_list":["post-24","page","type-page","status-publish","hentry"],"acf":[],"_links":{"self":[{"href":"https:\/\/www.ufsm.br\/laboratorios\/labiomec\/wp-json\/wp\/v2\/pages\/24","targetHints":{"allow":["GET"]}}],"collection":[{"href":"https:\/\/www.ufsm.br\/laboratorios\/labiomec\/wp-json\/wp\/v2\/pages"}],"about":[{"href":"https:\/\/www.ufsm.br\/laboratorios\/labiomec\/wp-json\/wp\/v2\/types\/page"}],"author":[{"embeddable":true,"href":"https:\/\/www.ufsm.br\/laboratorios\/labiomec\/wp-json\/wp\/v2\/users\/124"}],"replies":[{"embeddable":true,"href":"https:\/\/www.ufsm.br\/laboratorios\/labiomec\/wp-json\/wp\/v2\/comments?post=24"}],"version-history":[{"count":0,"href":"https:\/\/www.ufsm.br\/laboratorios\/labiomec\/wp-json\/wp\/v2\/pages\/24\/revisions"}],"wp:attachment":[{"href":"https:\/\/www.ufsm.br\/laboratorios\/labiomec\/wp-json\/wp\/v2\/media?parent=24"}],"wp:term":[{"taxonomy":"category","embeddable":true,"href":"https:\/\/www.ufsm.br\/laboratorios\/labiomec\/wp-json\/wp\/v2\/categories?post=24"},{"taxonomy":"post_tag","embeddable":true,"href":"https:\/\/www.ufsm.br\/laboratorios\/labiomec\/wp-json\/wp\/v2\/tags?post=24"}],"curies":[{"name":"wp","href":"https:\/\/api.w.org\/{rel}","templated":true}]}}