{"id":53,"date":"2019-07-18T13:46:17","date_gmt":"2019-07-18T16:46:17","guid":{"rendered":"https:\/\/www.ufsm.br\/laboratorios\/labiomec\/?page_id=53"},"modified":"2019-07-18T13:46:19","modified_gmt":"2019-07-18T16:46:19","slug":"disciplina-biomecanica","status":"publish","type":"page","link":"https:\/\/www.ufsm.br\/laboratorios\/labiomec\/disciplina-biomecanica","title":{"rendered":"Disciplina Biomec\u00e2nica"},"content":{"rendered":"\n<table style=\"width: 100%\">\n<tbody>\n<tr>\n<td style=\"width: 1.72414%\" width=\"161\">\n<p>\u00a0<\/p>\n<p>\u00a0<\/p>\n<p>\u00a0<\/p>\n\u00a0<\/td>\n<td style=\"width: 96.8965%\" width=\"875\">\n<p><strong>EDUCA\u00c7\u00c3O F\u00cdSICA &#8211; BACHARELADO<\/strong><\/p>\n<p><strong>DISCIPLINA: BIOMEC\u00c2NICA<\/strong><\/p>\n<p>Professor Carlos Bolli Mota<\/p>\n<strong>\u00a0\u00a0\u00a0 Contato:\u00a0bollimota@gmail.com<\/strong>\n<p>\u00a0<\/p>\n<p><strong>PROGRAMA<\/strong><\/p>\n<p>UNIDADE 1 &#8211; INTRODU\u00c7\u00c3O \u00c0 BIOMEC\u00c2NICA<\/p>\n<p>\u00a0\u00a0\u00a0 1.1 &#8211; Hist\u00f3rico e desenvolvimento da Biomec\u00e2nica.<\/p>\n<p>\u00a0\u00a0\u00a0 1.2 &#8211; \u00c1reas de atua\u00e7\u00e3o da Biomec\u00e2nica.<\/p>\n<p>UNIDADE 2 &#8211; BASES MEC\u00c2NICAS DO MOVIMENTO HUMANO\u00a0<\/p>\n<p>\u00a0\u00a0\u00a0 2.1 &#8211; Conceitos e fundamentos b\u00e1sicos.<\/p>\n<p>\u00a0\u00a0\u00a0 2.2 &#8211; Formas de movimento.<\/p>\n<p>\u00a0\u00a0\u00a0 2.3 &#8211; Equil\u00edbrio est\u00e1tico e din\u00e2mico.<\/p>\n<p>\u00a0\u00a0\u00a0 2.4 &#8211; Alavancas no corpo humano.<\/p>\n<p>\u00a0\u00a0\u00a0 2.5 &#8211; Cinem\u00e1tica aplicada ao movimento humano.<\/p>\n<p>\u00a0\u00a0\u00a0 2.6 &#8211; Cin\u00e9tica aplicada ao movimento humano.<\/p>\n<p>UNIDADE 3 &#8211; PROPRIEDADES F\u00cdSICAS E MEC\u00c2NICAS DO SISTEMA M\u00daSCULO-ESQUEL\u00c9TICO\u00a0<\/p>\n<p>\u00a0\u00a0\u00a0 3.1 &#8211; Propriedades f\u00edsicas e mec\u00e2nicas dos ossos.<\/p>\n<p>\u00a0\u00a0\u00a0 3.2 &#8211; Propriedades f\u00edsicas e mec\u00e2nicas dos m\u00fasculos.<\/p>\n<p>UNIDADE 4 &#8211; A BIOMEC\u00c2NICA COMO FERRAMENTA PARA O ESTUDO DO MOVIMENTO HUMANO\u00a0<\/p>\n<p>\u00a0\u00a0\u00a0 4.1 &#8211; M\u00e9todos de medi\u00e7\u00e3o.<\/p>\n<p>\u00a0\u00a0\u00a0 4.2 &#8211; Determina\u00e7\u00e3o do centro de gravidade do corpo humano.<\/p>\n<p>\u00a0\u00a0\u00a0 4.3 &#8211; Aplica\u00e7\u00f5es: locomo\u00e7\u00e3o, corridas, saltos, etc.<\/p>\n<p><strong>BIBLIOGRAFIA B\u00c1SICA<\/strong><\/p>\n<p>HALL, S. J.\u00a0<strong>Biomec\u00e2nica b\u00e1sica<\/strong>. Rio de Janeiro: Guanabara Koogan, 1993.<\/p>\n<p>HAMILL, J. &amp; KNUDZEN, K.\u00a0<strong>Bases biomec\u00e2nicas do movimento humano.\u00a0<\/strong>S\u00e3o Paulo: Manole, 1999.<\/p>\n<p>HAY, J. G.\u00a0<strong>Biomec\u00e2nica das t\u00e9cnicas desportivas<\/strong>. Rio de janeiro: Interamericana, 1981.<\/p>\n<p>McGINNIS, P. M.\u00a0<strong>Biomec\u00e2nica do esporte e exerc\u00edcio.\u00a0<\/strong>Porto Alegre: Artmed, 2002.<\/p>\n<p><strong>BIBLIOGRAFIA COMPLEMENTAR<\/strong><\/p>\n<p>NIGG, B. M. &amp; HERZOG, W. Biomechanics of the musculo-skeletal system. Chichester: John Wiley &amp; Sons, 1995.<\/p>\n<p>Anais dos Congressos Brasileiros de Biomec\u00e2nica.<\/p>\n<p>Revista Brasileira de Biomec\u00e2nica &#8211; Brazilian Journal of Biomechanics.<\/p>\n<p><a href=\"https:\/\/www.ufsm.br\/laboratorios\/labiomec\/downloads\/\"><strong>Clique aqui para fazer o download do conte\u00fado da disciplina<\/strong><\/a><\/p>\n<p>&#8212;&#8212;&#8212;&#8212;&#8212;&#8212;&#8212;&#8212;&#8212;&#8212;&#8212;&#8212;&#8212;&#8212;&#8212;&#8212;&#8212;&#8212;&#8212;&#8212;&#8212;&#8212;&#8212;&#8212;&#8212;&#8212;&#8212;&#8212;&#8212;&#8212;&#8212;&#8212;&#8212;&#8212;&#8212;&#8212;&#8212;&#8212;&#8212;&#8212;&#8212;&#8211;<\/p>\n<p><strong>\u00a0\u00a0\u00a0 EDUCA\u00c7\u00c3O F\u00cdSICA &#8211;\u00a0<\/strong><strong>LICENCIATURA<\/strong><\/p>\n<p><strong>DISCIPLINA: BASES BIOMEC\u00c2NICAS DO MOVIMENTO HUMANO<\/strong><\/p>\n<p>Professor Carlos Bolli Mota<\/p>\n<strong>\u00a0\u00a0\u00a0 Contato:\u00a0bollimota@gmail.com<\/strong>\n<p><strong>PROGRAMA<\/strong>\u00a0<\/p>\n<p>UNIDADE 1 &#8211; INTRODU\u00c7\u00c3O \u00c0 CINESIOLOGIA E \u00c0 BIOMEC\u00c2NICA\u00a0<\/p>\n<p>\u00a0\u00a0\u00a0 1.1 &#8211; Hist\u00f3rico e desenvolvimento da Biomec\u00e2nica.<\/p>\n<p>\u00a0\u00a0\u00a0 1.2 &#8211; \u00c1reas de atua\u00e7\u00e3o da Biomec\u00e2nica.<\/p>\n<p>UNIDADE 2- BASES MEC\u00c2NICAS DO MOVIMENTO HUMANO\u00a0<\/p>\n<p>\u00a0\u00a0\u00a0 2.1 &#8211; Conceitos e fundamentos b\u00e1sicos.<\/p>\n<p>\u00a0\u00a0\u00a0 2.2 &#8211; Formas de movimento.<\/p>\n<p>\u00a0\u00a0\u00a0 2.3 &#8211; Equil\u00edbrio est\u00e1tico e din\u00e2mico.<\/p>\n<p>\u00a0\u00a0\u00a0 2.4 &#8211; Alavancas no corpo humano.<\/p>\n<p>\u00a0\u00a0\u00a0 2.5 &#8211; Cinem\u00e1tica aplicada ao movimento humano.<\/p>\n<p>\u00a0\u00a0\u00a0 2.6 &#8211; Cin\u00e9tica aplicada ao movimento humano.<\/p>\n<p>UNIDADE 3 &#8211; PROPRIEDADES F\u00cdSICAS E MEC\u00c2NICAS DO SISTEMA M\u00daSCULO-ESQUEL\u00c9TICO\u00a0<\/p>\n<p>\u00a0\u00a0\u00a0 3.1 &#8211; Propriedades f\u00edsicas e mec\u00e2nicas dos ossos.<\/p>\n<p>\u00a0\u00a0\u00a0\u00a03.2 &#8211; Propriedades f\u00edsicas e mec\u00e2nicas dos m\u00fasculos.<\/p>\n<p>UNIDADE 4 &#8211; M\u00c9TODOS DE MEDI\u00c7\u00c3O<\/p>\n<p>\u00a0\u00a0\u00a0 4.1 &#8211; Cinemetria<\/p>\n<p>\u00a0\u00a0\u00a0 4.2 &#8211; Dinamometria<\/p>\n<p>\u00a0\u00a0\u00a0 4.3 &#8211; Eletromiografia<\/p>\n<p><b>BIBLIOGRAFIA B\u00c1SICA<\/b><\/p>\n<p>HALL, S. J.\u00a0<strong>Biomec\u00e2nica b\u00e1sica<\/strong>. Rio de Janeiro: Guanabara Koogan, 1993.<\/p>\n<p>HAMILL, J. &amp; KNUDZEN, K.\u00a0<strong>Bases biomec\u00e2nicas do movimento humano<\/strong>. S\u00e3o Paulo: Manole, 1999.<\/p>\n<p>McGINNIS, P. M.\u00a0<strong>Biomec\u00e2nica do esporte e exerc\u00edcio<\/strong>. Porto Alegre: Artmed, 2002.<\/p>\n<p><b>BIBLIOGRAFIA COMPLEMENTAR<\/b><\/p>\n<p>Anais dos Congressos Brasileiros de Biomec\u00e2nica.<\/p>\n<p>Revista Brasileira de Biomec\u00e2nica &#8211; Brazilian Journal of Biomechanics.<\/p>\n<p><a href=\"https:\/\/www.ufsm.br\/laboratorios\/labiomec\/downloads\/\"><strong>Clique aqui para fazer o download do conte\u00fado da disciplina<\/strong><\/a><\/p>\n<p>\u00a0<\/p>\n<\/td>\n<\/tr>\n<\/tbody>\n<\/table>\n","protected":false},"excerpt":{"rendered":"<p>\u00a0 \u00a0 \u00a0 \u00a0 EDUCA\u00c7\u00c3O F\u00cdSICA &#8211; BACHARELADO DISCIPLINA: BIOMEC\u00c2NICA Professor Carlos Bolli Mota \u00a0\u00a0\u00a0 Contato:\u00a0bollimota@gmail.com \u00a0 PROGRAMA UNIDADE 1 &#8211; INTRODU\u00c7\u00c3O \u00c0 BIOMEC\u00c2NICA \u00a0\u00a0\u00a0 1.1 &#8211; Hist\u00f3rico e desenvolvimento da Biomec\u00e2nica. \u00a0\u00a0\u00a0 1.2 &#8211; \u00c1reas de atua\u00e7\u00e3o da Biomec\u00e2nica. UNIDADE 2 &#8211; BASES MEC\u00c2NICAS DO MOVIMENTO HUMANO\u00a0 \u00a0\u00a0\u00a0 2.1 &#8211; Conceitos e fundamentos b\u00e1sicos. [&hellip;]<\/p>\n","protected":false},"author":115,"featured_media":0,"parent":0,"menu_order":0,"comment_status":"closed","ping_status":"closed","template":"","meta":{"footnotes":""},"categories":[],"tags":[],"class_list":["post-53","page","type-page","status-publish","hentry"],"acf":[],"_links":{"self":[{"href":"https:\/\/www.ufsm.br\/laboratorios\/labiomec\/wp-json\/wp\/v2\/pages\/53","targetHints":{"allow":["GET"]}}],"collection":[{"href":"https:\/\/www.ufsm.br\/laboratorios\/labiomec\/wp-json\/wp\/v2\/pages"}],"about":[{"href":"https:\/\/www.ufsm.br\/laboratorios\/labiomec\/wp-json\/wp\/v2\/types\/page"}],"author":[{"embeddable":true,"href":"https:\/\/www.ufsm.br\/laboratorios\/labiomec\/wp-json\/wp\/v2\/users\/115"}],"replies":[{"embeddable":true,"href":"https:\/\/www.ufsm.br\/laboratorios\/labiomec\/wp-json\/wp\/v2\/comments?post=53"}],"version-history":[{"count":0,"href":"https:\/\/www.ufsm.br\/laboratorios\/labiomec\/wp-json\/wp\/v2\/pages\/53\/revisions"}],"wp:attachment":[{"href":"https:\/\/www.ufsm.br\/laboratorios\/labiomec\/wp-json\/wp\/v2\/media?parent=53"}],"wp:term":[{"taxonomy":"category","embeddable":true,"href":"https:\/\/www.ufsm.br\/laboratorios\/labiomec\/wp-json\/wp\/v2\/categories?post=53"},{"taxonomy":"post_tag","embeddable":true,"href":"https:\/\/www.ufsm.br\/laboratorios\/labiomec\/wp-json\/wp\/v2\/tags?post=53"}],"curies":[{"name":"wp","href":"https:\/\/api.w.org\/{rel}","templated":true}]}}