{"id":54,"date":"2019-07-18T13:45:45","date_gmt":"2019-07-18T16:45:45","guid":{"rendered":"https:\/\/www.ufsm.br\/laboratorios\/labiomec\/?page_id=54"},"modified":"2019-07-18T15:09:38","modified_gmt":"2019-07-18T18:09:38","slug":"downloads","status":"publish","type":"page","link":"https:\/\/www.ufsm.br\/laboratorios\/labiomec\/downloads","title":{"rendered":"Downloads"},"content":{"rendered":"\n<p>Downloads de Conte\u00fados e Exerc\u00edcios da Disciplina Biomec\u00e2nica:<\/p>\n<p style=\"text-align: left\" align=\"center\"><a href=\"https:\/\/www.ufsm.br\/laboratorios\/labiomec\/wp-content\/uploads\/sites\/644\/2019\/07\/historico_da_biomecanica.pdf\">Hist\u00f3rico<\/a><\/p>\n<p style=\"text-align: left\" align=\"center\"><a href=\"https:\/\/www.ufsm.br\/laboratorios\/labiomec\/wp-content\/uploads\/sites\/644\/2019\/07\/trigonometria_-e_-vetores.pdf\">Trigonometria e vetores<\/a><\/p>\n<p style=\"text-align: left\" align=\"center\"><a href=\"https:\/\/www.ufsm.br\/laboratorios\/labiomec\/wp-content\/uploads\/sites\/644\/2019\/07\/tabela_trigonometrica.doc\">Tabela de fun\u00e7\u00f5es trigonom\u00e9tricas<\/a><\/p>\n<p style=\"text-align: left\" align=\"center\"><a href=\"https:\/\/www.ufsm.br\/laboratorios\/labiomec\/wp-content\/uploads\/sites\/644\/2019\/07\/exercicios_trigonometria_vetoresI.doc\">Exerc\u00edcios Trigonometria e vetores I<\/a><\/p>\n<p style=\"text-align: left\" align=\"center\"><a href=\"https:\/\/www.ufsm.br\/laboratorios\/labiomec\/wp-content\/uploads\/sites\/644\/2019\/07\/exercicios_trigonometria_vetoresII.doc\">Exerc\u00edcios Trigonometria e vetores II<\/a><\/p>\n<p style=\"text-align: left\" align=\"center\"><a href=\"https:\/\/www.ufsm.br\/laboratorios\/labiomec\/wp-content\/uploads\/sites\/644\/2019\/07\/conceitos_basicos.pdf\">Conceitos B\u00e1sicos<\/a><\/p>\n<p style=\"text-align: left\" align=\"center\"><a href=\"https:\/\/www.ufsm.br\/laboratorios\/labiomec\/wp-content\/uploads\/sites\/644\/2019\/07\/equilibrio_e_alavancas.pdf\">Equil\u00edbrio e Alavancas<\/a><\/p>\n<p style=\"text-align: left\" align=\"center\"><a href=\"https:\/\/www.ufsm.br\/laboratorios\/labiomec\/wp-content\/uploads\/sites\/644\/2019\/07\/exercicios_forcas_equilibrio.doc\">Exerc\u00edcios For\u00e7a e Equil\u00edbrio<\/a><\/p>\n<p style=\"text-align: left\" align=\"center\"><a href=\"https:\/\/www.ufsm.br\/laboratorios\/labiomec\/wp-content\/uploads\/sites\/644\/2019\/07\/cinematica_linear.pdf\">Cinem\u00e1tica Linear<\/a><\/p>\n<p style=\"text-align: left\" align=\"center\"><a href=\"https:\/\/www.ufsm.br\/laboratorios\/labiomec\/wp-content\/uploads\/sites\/644\/2019\/07\/exercicios_cinematica_linear.doc\">Exerc\u00edcios Cinem\u00e1tica Linear<\/a><\/p>\n<p style=\"text-align: left\" align=\"center\"><a href=\"https:\/\/www.ufsm.br\/laboratorios\/labiomec\/wp-content\/uploads\/sites\/644\/2019\/07\/cinematica_angular.pdf\">Cinem\u00e1tica Angular<\/a><\/p>\n<p style=\"text-align: left\" align=\"center\"><a href=\"https:\/\/www.ufsm.br\/laboratorios\/labiomec\/wp-content\/uploads\/sites\/644\/2019\/07\/exercicios_cinematica1.doc\">Exerc\u00edcios Cinem\u00e1tica 1<\/a><\/p>\n<p style=\"text-align: left\" align=\"center\"><a href=\"https:\/\/www.ufsm.br\/laboratorios\/labiomec\/wp-content\/uploads\/sites\/644\/2019\/07\/exercicios_cinematica2.doc\">Exerc\u00edcios Cinem\u00e1tica 2<\/a><\/p>\n<p style=\"text-align: left\" align=\"center\"><a href=\"https:\/\/www.ufsm.br\/laboratorios\/labiomec\/wp-content\/uploads\/sites\/644\/2019\/07\/cinematica_linear-1.pdf\">Cin\u00e9tica Linear<\/a><\/p>\n<p style=\"text-align: left\" align=\"center\"><a href=\"https:\/\/www.ufsm.br\/laboratorios\/labiomec\/wp-content\/uploads\/sites\/644\/2019\/07\/cinetica_angular.pdf\">Cin\u00e9tica Angular<\/a><\/p>\n<p style=\"text-align: left\" align=\"center\"><a href=\"https:\/\/www.ufsm.br\/laboratorios\/labiomec\/wp-content\/uploads\/sites\/644\/2019\/07\/trabalho_potencia_energia.pdf\">Trabalho, Pot\u00eancia e Energia<\/a><\/p>\n<p style=\"text-align: left\" align=\"center\"><a href=\"https:\/\/www.ufsm.br\/laboratorios\/labiomec\/wp-content\/uploads\/sites\/644\/2019\/07\/ossos.pdf\">Ossos<\/a><\/p>\n<p style=\"text-align: left\" align=\"center\"><a href=\"https:\/\/www.ufsm.br\/laboratorios\/labiomec\/wp-content\/uploads\/sites\/644\/2019\/07\/musculos.pdf\">M\u00fasculos<\/a><\/p>\n<p style=\"text-align: left\" align=\"center\"><a href=\"https:\/\/www.ufsm.br\/laboratorios\/labiomec\/wp-content\/uploads\/sites\/644\/2019\/07\/aula_musculos_gabriel.pdf\">M\u00fasculos\u00a0(II)<\/a><\/p>\n<p style=\"text-align: left\" align=\"center\"><a href=\"https:\/\/www.ufsm.br\/laboratorios\/labiomec\/wp-content\/uploads\/sites\/644\/2019\/07\/metodos_de_medicao_cinemetria.pdf\">M\u00e9todos de Medi\u00e7\u00e3o: Cinemetria<\/a><\/p>\n<p style=\"text-align: left\" align=\"center\"><a href=\"https:\/\/www.ufsm.br\/laboratorios\/labiomec\/wp-content\/uploads\/sites\/644\/2019\/07\/metodos_de_medicao_dinamometria.pdf\">M\u00e9todos de Medi\u00e7\u00e3o: Dinamometria<\/a><\/p>\n<p style=\"text-align: left\" align=\"center\"><u>M\u00e9todos de Medi\u00e7\u00e3o: Antropometria\u00a0e CG<\/u><\/p>\n<p style=\"text-align: left\" align=\"center\"><a href=\"https:\/\/www.ufsm.br\/laboratorios\/labiomec\/wp-content\/uploads\/sites\/644\/2019\/07\/metodos_de_medicao_eletromiografia.pdf\">M\u00e9todos de Medi\u00e7\u00e3o: Eletromiografia<\/a><\/p>\n<p style=\"text-align: left\" align=\"center\"><a href=\"https:\/\/www.ufsm.br\/laboratorios\/labiomec\/wp-content\/uploads\/sites\/644\/2019\/07\/controle_postural.pdf\">Controle Postural<\/a><\/p>\n<p style=\"text-align: left\" align=\"center\"><a href=\"https:\/\/www.ufsm.br\/laboratorios\/labiomec\/wp-content\/uploads\/sites\/644\/2019\/07\/aula_equilibrio_gabriel-2.pdf\">Equil\u00edbrio<\/a><\/p>\n<p style=\"text-align: left\" align=\"center\"><a href=\"https:\/\/www.ufsm.br\/laboratorios\/labiomec\/wp-content\/uploads\/sites\/644\/2019\/07\/bases_mecanicas_fisio.pdf\">Bases Mec\u00e2nicas<\/a> (DCG &#8211; Fisioterapia)<\/p>\n<p style=\"text-align: left\" align=\"center\"><a href=\"https:\/\/www.ufsm.br\/laboratorios\/labiomec\/wp-content\/uploads\/sites\/644\/2019\/07\/ossos_musculos_fisio.pdf\">Ossos e M\u00fasculos<\/a> (DCG &#8211; Fisioterapia)<\/p>\n<p style=\"text-align: left\" align=\"center\"><a href=\"https:\/\/www.ufsm.br\/laboratorios\/labiomec\/wp-content\/uploads\/sites\/644\/2019\/07\/teste_dupla_tarefa.pdf\">Teste Dupla Tarefa<\/a><\/p>\n","protected":false},"excerpt":{"rendered":"<p>Downloads de Conte\u00fados e Exerc\u00edcios da Disciplina Biomec\u00e2nica: Hist\u00f3rico Trigonometria e vetores Tabela de fun\u00e7\u00f5es trigonom\u00e9tricas Exerc\u00edcios Trigonometria e vetores I Exerc\u00edcios Trigonometria e vetores II Conceitos B\u00e1sicos Equil\u00edbrio e Alavancas Exerc\u00edcios For\u00e7a e Equil\u00edbrio Cinem\u00e1tica Linear Exerc\u00edcios Cinem\u00e1tica Linear Cinem\u00e1tica Angular Exerc\u00edcios Cinem\u00e1tica 1 Exerc\u00edcios Cinem\u00e1tica 2 Cin\u00e9tica Linear Cin\u00e9tica Angular Trabalho, Pot\u00eancia e [&hellip;]<\/p>\n","protected":false},"author":115,"featured_media":0,"parent":0,"menu_order":0,"comment_status":"closed","ping_status":"closed","template":"","meta":{"footnotes":""},"categories":[],"tags":[],"class_list":["post-54","page","type-page","status-publish","hentry"],"acf":[],"_links":{"self":[{"href":"https:\/\/www.ufsm.br\/laboratorios\/labiomec\/wp-json\/wp\/v2\/pages\/54","targetHints":{"allow":["GET"]}}],"collection":[{"href":"https:\/\/www.ufsm.br\/laboratorios\/labiomec\/wp-json\/wp\/v2\/pages"}],"about":[{"href":"https:\/\/www.ufsm.br\/laboratorios\/labiomec\/wp-json\/wp\/v2\/types\/page"}],"author":[{"embeddable":true,"href":"https:\/\/www.ufsm.br\/laboratorios\/labiomec\/wp-json\/wp\/v2\/users\/115"}],"replies":[{"embeddable":true,"href":"https:\/\/www.ufsm.br\/laboratorios\/labiomec\/wp-json\/wp\/v2\/comments?post=54"}],"version-history":[{"count":0,"href":"https:\/\/www.ufsm.br\/laboratorios\/labiomec\/wp-json\/wp\/v2\/pages\/54\/revisions"}],"wp:attachment":[{"href":"https:\/\/www.ufsm.br\/laboratorios\/labiomec\/wp-json\/wp\/v2\/media?parent=54"}],"wp:term":[{"taxonomy":"category","embeddable":true,"href":"https:\/\/www.ufsm.br\/laboratorios\/labiomec\/wp-json\/wp\/v2\/categories?post=54"},{"taxonomy":"post_tag","embeddable":true,"href":"https:\/\/www.ufsm.br\/laboratorios\/labiomec\/wp-json\/wp\/v2\/tags?post=54"}],"curies":[{"name":"wp","href":"https:\/\/api.w.org\/{rel}","templated":true}]}}