{"id":87,"date":"2019-07-18T15:24:07","date_gmt":"2019-07-18T18:24:07","guid":{"rendered":"https:\/\/www.ufsm.br\/laboratorios\/labiomec\/?page_id=87"},"modified":"2019-07-18T15:24:11","modified_gmt":"2019-07-18T18:24:11","slug":"links","status":"publish","type":"page","link":"https:\/\/www.ufsm.br\/laboratorios\/labiomec\/links","title":{"rendered":"Links"},"content":{"rendered":"\n<p><u><span style=\"font-family: Verdana\"><a href=\"http:\/\/www.ufsm.br\/geperv\"><span style=\"font-size: large\">GEPERV &#8211; Grupo de Estudo e Pesquisa em Reabilita\u00e7\u00e3o Vestibular &#8211; UFSM<\/span><\/a><\/span><\/u><\/p>\n<p><a href=\"http:\/\/www.biomecanica.cl\/\"><span style=\"font-family: Verdana\"><span style=\"font-size: large\">Biomec\u00e2nica y Salud Laboral<\/span><\/span><\/a><\/p>\n<p><a href=\"http:\/\/www.eefd.ufrj.br\/biomecanica\/home.html\"><span style=\"font-family: Verdana\"><span style=\"font-size: large\">Laborat\u00f3rio de Biomec\u00e2nica da UFRJ<\/span><\/span><\/a><\/p>\n<p><a href=\"http:\/\/ns.rc.unesp.br\/ib\/efisica\/biomecanica\/\"><span style=\"font-family: Verdana\"><span style=\"font-size: large\">Laborat\u00f3rio de Biomec\u00e2nica da UNESP Rio Claro<\/span><\/span><\/a><\/p>\n<p><a href=\"http:\/\/www.unicamp.br\/fef\/Laboratorios\/Lib\/libmain.htm\"><span style=\"font-family: Verdana\"><span style=\"font-size: large\">Laborat\u00f3rio de Instrumenta\u00e7\u00e3o Biomec\u00e2nica da UNICAMP<\/span><\/span><\/a><\/p>\n<p><a href=\"http:\/\/www.ufrgs.br\/lmm\/\"><span style=\"font-family: Verdana\"><span style=\"font-size: large\">Laborat\u00f3rio de Medi\u00e7\u00f5es Mec\u00e2nicas da UFRGS<\/span><\/span><\/a><\/p>\n<p><a href=\"http:\/\/www.ibv.org\/\"><span style=\"font-family: Verdana\"><span style=\"font-size: large\">Instituto de Biomec\u00e2nica em Val\u00eancia<\/span><\/span><\/a><\/p>\n<p><a href=\"http:\/\/www.efdeportes.com\/efd45\/golpeo.htm\"><span style=\"font-family: Verdana\"><span style=\"font-size: large\">Biomec\u00e2nica do Chute no Futebol<\/span><\/span><\/a><\/p>\n<p><a href=\"http:\/\/asb-biomech.org\/\"><span style=\"font-family: Verdana\"><span style=\"font-size: large\">American Society of Biomechanics<\/span><\/span><\/a><\/p>\n<p><a href=\"http:\/\/www.jbiomech.com\/\"><span style=\"font-family: Verdana\"><span style=\"font-size: large\">Journal of Biomechanics<\/span><\/span><\/a><\/p>\n<p><a href=\"http:\/\/www.bml.psy.ruhr-uni-bochum.de\/Demos\/BMLwalker.html\"><span style=\"font-family: Verdana\"><span style=\"font-size: large\">BioMotion Laboratory &#8211; Gait simulation<\/span><\/span><\/a><\/p>\n<p><a href=\"http:\/\/www.simi.com\/\"><span style=\"font-family: Verdana\"><span style=\"font-size: large\">SIMI<\/span><\/span><\/a><\/p>\n<p><a href=\"http:\/\/www.peakperforman.com\/\"><span style=\"font-family: Verdana\"><span style=\"font-size: large\">Peak Performance<\/span><\/span><\/a><\/p>\n<p><a href=\"http:\/\/www.amtiweb.com\/\"><span style=\"font-family: Verdana;font-size: large\">AMTI<\/span><\/a><\/p>\n<p><a href=\"http:\/\/www.uni-essen.de\/~qpd800\/\"><span style=\"font-family: Verdana\"><span style=\"font-size: large\">Biomechanics &#8211; Laboratory &#8211; University of Essen<\/span><\/span><\/a><\/p>\n<p><a href=\"http:\/\/www.biomech.jhu.edu\/\"><span style=\"font-family: Verdana\"><span style=\"font-size: large\">Johns Hopkins Orthopaedic Biomechanics Laboratory<\/span><\/span><\/a><\/p>\n<p><a href=\"http:\/\/www.psu.edu\/dept\/biomechanics\/\"><span style=\"font-family: Verdana\"><span style=\"font-size: large\">Pennsylvania State University Biomechanics<\/span><\/span><\/a><\/p>\n<p><a href=\"http:\/\/www.health.uottawa.ca\/biomech\/lab\/\"><span style=\"font-family: Verdana\"><span style=\"font-size: large\">Biomechanics Lab Home page &#8211; University of Ottawa<\/span><\/span><\/a><\/p>\n<p><a href=\"http:\/\/biomech.ucsd.edu\/\"><span style=\"font-family: Verdana\"><span style=\"font-size: large\">Shadwick Biomechanics Laboratory<\/span><\/span><\/a><\/p>\n<p><a href=\"http:\/\/www.sf.med.va.gov\/cbl\/\"><span style=\"font-family: Verdana\"><span style=\"font-size: large\">Cardiacs Biomechanics Laboratory<\/span><\/span><\/a><\/p>\n<p><a href=\"http:\/\/www.me.vt.edu\/research\/labs\/ibl.html\"><span style=\"font-family: Verdana\"><span style=\"font-size: large\">Impact Laboratory Biomechanics &#8211; Mechanical Engineering<\/span><\/span><\/a><\/p>\n<p><a href=\"http:\/\/www.stanford.edu\/group\/nmbl\/\"><span style=\"font-family: Verdana\"><span style=\"font-size: large\">NeuroMuscular Biomechanics Laboratory<\/span><\/span><\/a><\/p>\n<p><a href=\"http:\/\/biomekanikk.nih.no\/\"><span style=\"font-family: Verdana\"><span style=\"font-size: large\">Biomechanics Laboratory &#8211; Norwegian University for Sport and Physical Education<\/span><\/span><\/a><\/p>\n<p><a href=\"http:\/\/www.indiana.edu\/~sportbm\/laboratory.html\"><span style=\"font-family: Verdana\"><span style=\"font-size: large\">Kinesiology Department &#8211; University of Indiana<\/span><\/span><\/a><\/p>\n<p><a href=\"http:\/\/anbl.cua.edu\/\"><span style=\"font-family: Verdana\"><span style=\"font-size: large\">Neuromuscular Biomechanics Apllieds<\/span><\/span><\/a><\/p>\n<p><a href=\"http:\/\/www.kin.ucalgary.ca\/HPL\/\"><span style=\"font-family: Verdana\"><span style=\"font-size: large\">Human Performance Laboratory &#8211; University of Calgary<\/span><\/span><\/a><\/p>\n<p><a href=\"http:\/\/gait.aidi.udel.edu\/res695\/homepage\/pd_ortho\/gait_lab\/page1.htm\"><span style=\"font-family: Verdana\"><span style=\"font-size: large\">Gait Analysis Laboratory<\/span><\/span><\/a><\/p>\n<p><a href=\"http:\/\/www.crc.ie\/services\/medical\/gait.htm\"><span style=\"font-family: Verdana\"><span style=\"font-size: large\">CRC Gait Laboratory<\/span><\/span><\/a><\/p>\n<p><a href=\"http:\/\/www.bcom.ac.uk\/facilities_and_resourses\/exercise_laboratory.asp\"><span style=\"font-family: Verdana\"><span style=\"font-size: large\">Exercise Laboratory<\/span><\/span><\/a><\/p>\n<p><a href=\"http:\/\/www.ais.org.au\/lsas\/\"><span style=\"font-family: Verdana\"><span style=\"font-size: large\">Australian Institute of Sports<\/span><\/span><\/a><\/p>\n<p><a href=\"http:\/\/curry.edschool.virginia.edu\/sprtmed\/home2.html\"><span style=\"font-family: Verdana\"><span style=\"font-size: large\">UVA Sports Medicine &amp; Athletic Training<\/span><\/span><\/a><\/p>\n<p><a href=\"http:\/\/www.hkin.educ.ubc.ca\/schoolsite\/reslabs\/exrsphysiolab.htm\"><span style=\"font-family: Verdana\"><span style=\"font-size: large\">Exercise Physiology Laboratory &#8211; University of Britshi Columbia<\/span><\/span><\/a><\/p>\n<p><a href=\"http:\/\/www.gssiweb.com\/index.cfm\"><span style=\"font-family: Verdana\"><span style=\"font-size: large\">GATORADE Sports Science Institute<\/span><\/span><\/a><\/p>\n<p><a href=\"http:\/\/www.utexas.edu\/cc\/vislab\/gallery\/\"><span style=\"font-family: Verdana\"><span style=\"font-size: large\">Biomechanics Models of Movement<\/span><\/span><\/a><\/p>\n<p><a href=\"http:\/\/pe.usf.edu\/3D-HumanMovement\/\"><span style=\"font-family: Verdana\"><span style=\"font-size: large\">Human 3D Movement<\/span><\/span><\/a><\/p>\n<p><a href=\"http:\/\/www.terravista.pt\/portosanto\/2641\/biomecanica\/gloss%C3%A1rio.htm\"><span style=\"font-family: Verdana\"><span style=\"font-size: large\">Gloss\u00e1rio de Biomec\u00e2nica<\/span><\/span><\/a><\/p>\n<p><a href=\"http:\/\/www.efdeportes.com\/efd51\/biom.htm\"><span style=\"font-family: Verdana\"><span style=\"font-size: large\">An\u00e1lise Biomec\u00e2nica atrav\u00e9s da observa\u00e7\u00e3o visual<\/span><\/span><\/a><\/p>\n","protected":false},"excerpt":{"rendered":"<p>GEPERV &#8211; Grupo de Estudo e Pesquisa em Reabilita\u00e7\u00e3o Vestibular &#8211; UFSM Biomec\u00e2nica y Salud Laboral Laborat\u00f3rio de Biomec\u00e2nica da UFRJ Laborat\u00f3rio de Biomec\u00e2nica da UNESP Rio Claro Laborat\u00f3rio de Instrumenta\u00e7\u00e3o Biomec\u00e2nica da UNICAMP Laborat\u00f3rio de Medi\u00e7\u00f5es Mec\u00e2nicas da UFRGS Instituto de Biomec\u00e2nica em Val\u00eancia Biomec\u00e2nica do Chute no Futebol American Society of Biomechanics Journal [&hellip;]<\/p>\n","protected":false},"author":115,"featured_media":0,"parent":0,"menu_order":0,"comment_status":"closed","ping_status":"closed","template":"","meta":{"footnotes":""},"categories":[],"tags":[],"class_list":["post-87","page","type-page","status-publish","hentry"],"acf":[],"_links":{"self":[{"href":"https:\/\/www.ufsm.br\/laboratorios\/labiomec\/wp-json\/wp\/v2\/pages\/87","targetHints":{"allow":["GET"]}}],"collection":[{"href":"https:\/\/www.ufsm.br\/laboratorios\/labiomec\/wp-json\/wp\/v2\/pages"}],"about":[{"href":"https:\/\/www.ufsm.br\/laboratorios\/labiomec\/wp-json\/wp\/v2\/types\/page"}],"author":[{"embeddable":true,"href":"https:\/\/www.ufsm.br\/laboratorios\/labiomec\/wp-json\/wp\/v2\/users\/115"}],"replies":[{"embeddable":true,"href":"https:\/\/www.ufsm.br\/laboratorios\/labiomec\/wp-json\/wp\/v2\/comments?post=87"}],"version-history":[{"count":0,"href":"https:\/\/www.ufsm.br\/laboratorios\/labiomec\/wp-json\/wp\/v2\/pages\/87\/revisions"}],"wp:attachment":[{"href":"https:\/\/www.ufsm.br\/laboratorios\/labiomec\/wp-json\/wp\/v2\/media?parent=87"}],"wp:term":[{"taxonomy":"category","embeddable":true,"href":"https:\/\/www.ufsm.br\/laboratorios\/labiomec\/wp-json\/wp\/v2\/categories?post=87"},{"taxonomy":"post_tag","embeddable":true,"href":"https:\/\/www.ufsm.br\/laboratorios\/labiomec\/wp-json\/wp\/v2\/tags?post=87"}],"curies":[{"name":"wp","href":"https:\/\/api.w.org\/{rel}","templated":true}]}}