{"id":146,"date":"2024-02-06T12:34:30","date_gmt":"2024-02-06T15:34:30","guid":{"rendered":"https:\/\/www.ufsm.br\/laboratorios\/labis\/?page_id=146"},"modified":"2024-04-05T11:18:57","modified_gmt":"2024-04-05T14:18:57","slug":"educacao-basica","status":"publish","type":"page","link":"https:\/\/www.ufsm.br\/laboratorios\/labis\/educacao-basica","title":{"rendered":"Educa\u00e7\u00e3o B\u00e1sica"},"content":{"rendered":"\n<p>Este espa\u00e7o tem como finalidade disponibilizar a produ\u00e7\u00e3o cient\u00edfica de materiais educativos de apoio, destinados \u00e0 Educa\u00e7\u00e3o B\u00e1sica &#8211; recursos produzidos pelos integrantes do laborat\u00f3rio, bolsistas do PIBID e\/ou pelos grupos de trabalho vinculados ao LabIS.<\/p>\n<ul>\n<li><strong>[CARTILHA]<\/strong> <a href=\"https:\/\/drive.google.com\/drive\/folders\/17NKS0QrD_OfoNgUOXTCVolWF6h-21LOO?usp=sharing\" target=\"_blank\" rel=\"noopener\">Mundo do Trabalho e Temas Transversais<\/a><\/li>\n<li><strong>[CARTILHA]<\/strong> <a href=\"https:\/\/drive.google.com\/drive\/folders\/1uFuSlEsWt5b19aqu_bU4HdS6m6D4LxMd?usp=sharing\" target=\"_blank\" rel=\"noopener\">O Cora\u00e7\u00e3o do Rio Grande: hist\u00f3ria e geografia de Santa Maria<\/a><\/li>\n<li><strong>[JOGO]<\/strong> <a href=\"https:\/\/drive.google.com\/drive\/folders\/1QrUiFQBKggRK4o88GL-N6w_f4HE1qxCU?usp=sharing\" target=\"_blank\" rel=\"noopener\">Mundo do Trabalho<\/a><\/li>\n<li><strong>[JOGO]<\/strong> <a href=\"https:\/\/drive.google.com\/drive\/folders\/1qGfdDteXPpHMrj3TT0OpAMm0w9TIgg2X?usp=sharing\" target=\"_blank\" rel=\"noopener\">CityGO \u2013 Descubra o patrim\u00f4nio hist\u00f3rico e cultural de sua cidade<\/a><\/li>\n<li><strong>[JOGO]<\/strong> <a href=\"https:\/\/drive.google.com\/drive\/folders\/1HOiH4dvaALHgr6L6GsrKIjbFi1bLy1q1?usp=sharing\" target=\"_blank\" rel=\"noopener\">Ci\u00eancia e Meio Ambiente<\/a><\/li>\n<li><strong>[JOGO]<\/strong> <a href=\"https:\/\/drive.google.com\/drive\/folders\/1KdY1KuF___5nlehnpWqJg5pXsSdVFzQb?usp=sharing\" target=\"_blank\" rel=\"noopener\">Aprendendo sobre o M\u00e9todo Cient\u00edfico<\/a><\/li>\n<li><strong>[JOGO]<\/strong> <a href=\"https:\/\/drive.google.com\/drive\/folders\/1rQJjpxgCjOxqvBSptNlKZOhHk2Anqabf?usp=sharing\" target=\"_blank\" rel=\"noopener\">Tem dado m\u00e9rito<\/a><\/li>\n<li><strong>[JOGO]<\/strong> <a href=\"https:\/\/drive.google.com\/drive\/folders\/1W_HGuKphTU86PUg2nW9tLOkCeq04z1Nz?usp=sharing\">Trabalho e Desigualdades<\/a><\/li>\n<li><strong>[MATERIAL]<\/strong> <a href=\"https:\/\/drive.google.com\/drive\/folders\/1hFbYzWjakx2HSZ3PQpPXLb31kweGcRuD?usp=sharing\" target=\"_blank\" rel=\"noopener\">Direitos das Crian\u00e7as e Adolescentes (Marcador de Livro)<\/a><\/li>\n<li><strong>[OFICINA]<\/strong> <a href=\"https:\/\/drive.google.com\/drive\/folders\/1c9R3iiz6EYwp__V6GOuTsH-2Gp8IH6VH?usp=sharing\" target=\"_blank\" rel=\"noopener\">Ci\u00eancia na Escola<\/a><\/li>\n<li><strong>[OFICINA]<\/strong> <a href=\"https:\/\/drive.google.com\/drive\/folders\/1QWVvcxDW1VFEsttd0DqJMeAqokZiwF9Q?usp=sharing\" target=\"_blank\" rel=\"noopener\">Identidade Social<\/a><\/li>\n<li><strong>[OFICINA]<\/strong> <a href=\"https:\/\/drive.google.com\/drive\/folders\/1FFTwbyVap4d3QpmUc8YMMTBg_AXWBqSw?usp=sharing\" target=\"_blank\" rel=\"noopener\">Pensando um mundo melhor<\/a><\/li>\n<\/ul>\n","protected":false},"excerpt":{"rendered":"<p>Este espa\u00e7o tem como finalidade disponibilizar a produ\u00e7\u00e3o cient\u00edfica de materiais educativos de apoio, destinados \u00e0 Educa\u00e7\u00e3o B\u00e1sica &#8211; recursos produzidos pelos integrantes do laborat\u00f3rio, bolsistas do PIBID e\/ou pelos grupos de trabalho vinculados ao LabIS. [CARTILHA] Mundo do Trabalho e Temas Transversais [CARTILHA] O Cora\u00e7\u00e3o do Rio Grande: hist\u00f3ria e geografia de Santa Maria [&hellip;]<\/p>\n","protected":false},"author":7582,"featured_media":0,"parent":0,"menu_order":0,"comment_status":"closed","ping_status":"closed","template":"","meta":{"footnotes":""},"categories":[],"tags":[],"class_list":["post-146","page","type-page","status-publish","hentry"],"acf":[],"_links":{"self":[{"href":"https:\/\/www.ufsm.br\/laboratorios\/labis\/wp-json\/wp\/v2\/pages\/146","targetHints":{"allow":["GET"]}}],"collection":[{"href":"https:\/\/www.ufsm.br\/laboratorios\/labis\/wp-json\/wp\/v2\/pages"}],"about":[{"href":"https:\/\/www.ufsm.br\/laboratorios\/labis\/wp-json\/wp\/v2\/types\/page"}],"author":[{"embeddable":true,"href":"https:\/\/www.ufsm.br\/laboratorios\/labis\/wp-json\/wp\/v2\/users\/7582"}],"replies":[{"embeddable":true,"href":"https:\/\/www.ufsm.br\/laboratorios\/labis\/wp-json\/wp\/v2\/comments?post=146"}],"version-history":[{"count":0,"href":"https:\/\/www.ufsm.br\/laboratorios\/labis\/wp-json\/wp\/v2\/pages\/146\/revisions"}],"wp:attachment":[{"href":"https:\/\/www.ufsm.br\/laboratorios\/labis\/wp-json\/wp\/v2\/media?parent=146"}],"wp:term":[{"taxonomy":"category","embeddable":true,"href":"https:\/\/www.ufsm.br\/laboratorios\/labis\/wp-json\/wp\/v2\/categories?post=146"},{"taxonomy":"post_tag","embeddable":true,"href":"https:\/\/www.ufsm.br\/laboratorios\/labis\/wp-json\/wp\/v2\/tags?post=146"}],"curies":[{"name":"wp","href":"https:\/\/api.w.org\/{rel}","templated":true}]}}