{"id":26,"date":"2019-05-14T17:03:27","date_gmt":"2019-05-14T20:03:27","guid":{"rendered":"https:\/\/www.ufsm.br\/template-laboratprio\/?page_id=26"},"modified":"2024-03-06T09:54:41","modified_gmt":"2024-03-06T12:54:41","slug":"contato","status":"publish","type":"page","link":"https:\/\/www.ufsm.br\/laboratorios\/labis\/contato","title":{"rendered":"Contato"},"content":{"rendered":"\t\t<div data-elementor-type=\"wp-page\" data-elementor-id=\"26\" class=\"elementor elementor-26\">\n\t\t\t\t\t\t<section class=\"elementor-section elementor-top-section elementor-element elementor-element-7732206e elementor-section-boxed elementor-section-height-default elementor-section-height-default\" data-id=\"7732206e\" data-element_type=\"section\">\n\t\t\t\t\t\t<div class=\"elementor-container elementor-column-gap-default\">\n\t\t\t\t\t<div class=\"elementor-column elementor-col-100 elementor-top-column elementor-element elementor-element-5fe903e6\" data-id=\"5fe903e6\" data-element_type=\"column\">\n\t\t\t<div class=\"elementor-widget-wrap elementor-element-populated\">\n\t\t\t\t\t\t<div class=\"elementor-element elementor-element-14a3e67e elementor-widget elementor-widget-text-editor\" data-id=\"14a3e67e\" data-element_type=\"widget\" data-widget_type=\"text-editor.default\">\n\t\t\t\t<div class=\"elementor-widget-container\">\n\t\t\t\t\t\t\t<!-- wp:tadv\/classic-paragraph -->\n<p><strong>Laborat\u00f3rio de Investiga\u00e7\u00e3o Sociol\u00f3gica &#8211; LabIS<br \/><\/strong>\ud83d\udccd CCSH, Pr\u00e9dio 74A &#8211; Sala 2230<br \/>\u260e\ufe0f\u00a0+55 (55) 3220-8622<br \/>\u2709\ufe0f\u00a0labis@ufsm.br<br \/>\ud83d\udcf1 Redes Sociais:\u00a0 <a href=\"https:\/\/www.instagram.com\/labis.ufsm\/\">@labis.ufsm<\/a><br \/>\ud83d\udcf9 YouTube: <a href=\"https:\/\/www.youtube.com\/@labisufsm\">https:\/\/www.youtube.com\/@labisufsm<\/a><br \/>\ud83d\udcec Contate-nos por <a href=\"https:\/\/docs.google.com\/forms\/d\/e\/1FAIpQLSeYGhx2qEUjbkAojb_OkO5QVQ_nnJGlKOUTlcuZ0dT0ijd7Ig\/viewform?vc=0&amp;c=0&amp;w=1&amp;flr=0\">aqui<\/a><\/p>\n<!-- \/wp:tadv\/classic-paragraph -->\n\n<!-- wp:tadv\/classic-paragraph \/-->\t\t\t\t\t\t<\/div>\n\t\t\t\t<\/div>\n\t\t\t\t\t<\/div>\n\t\t<\/div>\n\t\t\t\t\t<\/div>\n\t\t<\/section>\n\t\t\t\t<section class=\"elementor-section elementor-top-section elementor-element elementor-element-34c9966 elementor-section-boxed elementor-section-height-default elementor-section-height-default\" data-id=\"34c9966\" data-element_type=\"section\">\n\t\t\t\t\t\t<div class=\"elementor-container elementor-column-gap-default\">\n\t\t\t\t\t<div class=\"elementor-column elementor-col-100 elementor-top-column elementor-element elementor-element-f5f4057\" data-id=\"f5f4057\" data-element_type=\"column\">\n\t\t\t<div class=\"elementor-widget-wrap elementor-element-populated\">\n\t\t\t\t\t\t<div class=\"elementor-element elementor-element-e03b160 elementor-widget elementor-widget-google_maps\" data-id=\"e03b160\" data-element_type=\"widget\" data-widget_type=\"google_maps.default\">\n\t\t\t\t<div class=\"elementor-widget-container\">\n\t\t\t\t\t<div class=\"elementor-custom-embed\">\n\t\t\t<iframe loading=\"lazy\"\n\t\t\t\t\tsrc=\"https:\/\/maps.google.com\/maps?q=Laborat%C3%B3rio%20de%20Investiga%C3%A7%C3%A3o%20Sociol%C3%B3gica%20%28LABIS%29%20-%20UFSM&#038;t=m&#038;z=10&#038;output=embed&#038;iwloc=near\"\n\t\t\t\t\ttitle=\"Laborat\u00f3rio de Investiga\u00e7\u00e3o Sociol\u00f3gica (LABIS) - UFSM\"\n\t\t\t\t\taria-label=\"Laborat\u00f3rio de Investiga\u00e7\u00e3o Sociol\u00f3gica (LABIS) - UFSM\"\n\t\t\t><\/iframe>\n\t\t<\/div>\n\t\t\t\t<\/div>\n\t\t\t\t<\/div>\n\t\t\t\t\t<\/div>\n\t\t<\/div>\n\t\t\t\t\t<\/div>\n\t\t<\/section>\n\t\t\t\t<\/div>\n\t\t","protected":false},"excerpt":{"rendered":"<p>Laborat\u00f3rio de Investiga\u00e7\u00e3o Sociol\u00f3gica &#8211; LabIS\ud83d\udccd CCSH, Pr\u00e9dio 74A &#8211; Sala 2230\u260e\ufe0f\u00a0+55 (55) 3220-8622\u2709\ufe0f\u00a0labis@ufsm.br\ud83d\udcf1 Redes Sociais:\u00a0 @labis.ufsm\ud83d\udcf9 YouTube: https:\/\/www.youtube.com\/@labisufsm\ud83d\udcec Contate-nos por aqui<\/p>\n","protected":false},"author":124,"featured_media":0,"parent":0,"menu_order":0,"comment_status":"closed","ping_status":"closed","template":"","meta":{"footnotes":""},"categories":[],"tags":[],"class_list":["post-26","page","type-page","status-publish","hentry"],"acf":[],"_links":{"self":[{"href":"https:\/\/www.ufsm.br\/laboratorios\/labis\/wp-json\/wp\/v2\/pages\/26","targetHints":{"allow":["GET"]}}],"collection":[{"href":"https:\/\/www.ufsm.br\/laboratorios\/labis\/wp-json\/wp\/v2\/pages"}],"about":[{"href":"https:\/\/www.ufsm.br\/laboratorios\/labis\/wp-json\/wp\/v2\/types\/page"}],"author":[{"embeddable":true,"href":"https:\/\/www.ufsm.br\/laboratorios\/labis\/wp-json\/wp\/v2\/users\/124"}],"replies":[{"embeddable":true,"href":"https:\/\/www.ufsm.br\/laboratorios\/labis\/wp-json\/wp\/v2\/comments?post=26"}],"version-history":[{"count":0,"href":"https:\/\/www.ufsm.br\/laboratorios\/labis\/wp-json\/wp\/v2\/pages\/26\/revisions"}],"wp:attachment":[{"href":"https:\/\/www.ufsm.br\/laboratorios\/labis\/wp-json\/wp\/v2\/media?parent=26"}],"wp:term":[{"taxonomy":"category","embeddable":true,"href":"https:\/\/www.ufsm.br\/laboratorios\/labis\/wp-json\/wp\/v2\/categories?post=26"},{"taxonomy":"post_tag","embeddable":true,"href":"https:\/\/www.ufsm.br\/laboratorios\/labis\/wp-json\/wp\/v2\/tags?post=26"}],"curies":[{"name":"wp","href":"https:\/\/api.w.org\/{rel}","templated":true}]}}