{"id":96,"date":"2024-02-05T13:10:51","date_gmt":"2024-02-05T16:10:51","guid":{"rendered":"https:\/\/www.ufsm.br\/laboratorios\/labis\/?page_id=96"},"modified":"2024-03-11T16:10:33","modified_gmt":"2024-03-11T19:10:33","slug":"informacoes-gerais","status":"publish","type":"page","link":"https:\/\/www.ufsm.br\/laboratorios\/labis\/informacoes-gerais","title":{"rendered":"Sobre"},"content":{"rendered":"\n<p>O Laborat\u00f3rio de Investiga\u00e7\u00e3o Sociol\u00f3gica (LabIS), grupo de pesquisa reconhecido pelo <a href=\"http:\/\/dgp.cnpq.br\/dgp\/espelhogrupo\/2632079594105603\" target=\"_blank\" rel=\"noopener\">CNPq<\/a>, afiliado ao Departamento de Ci\u00eancias Sociais do Centro de Ci\u00eancias Sociais e Humanas (CCSH) e ao Programa de P\u00f3s-Gradua\u00e7\u00e3o em Ci\u00eancias Sociais (PPGCS-UFSM). O laborat\u00f3rio agrega pesquisadores dedicados \u00e0 compreens\u00e3o das din\u00e2micas sociais subjacentes aos processos de reprodu\u00e7\u00e3o material e simb\u00f3lica nas sociedades contempor\u00e2neas.<\/p>\n<p>No tocante aos seus objetivos gerais, destaca-se o prop\u00f3sito de fomentar a pesquisa sociol\u00f3gica e incentivar a intera\u00e7\u00e3o cient\u00edfica no campo das ci\u00eancias sociais, visando contribuir para o fortalecimento e expans\u00e3o da sociologia na regi\u00e3o sul do Brasil. No que concerne aos objetivos espec\u00edficos, almeja disseminar o conhecimento cient\u00edfico e busca estabelecer-se como um espa\u00e7o de forma\u00e7\u00e3o te\u00f3rico-pr\u00e1tica para discentes de gradua\u00e7\u00e3o e p\u00f3s-gradua\u00e7\u00e3o em Ci\u00eancias Sociais.\u00a0 Neste sentido, o laborat\u00f3rio possui um programa de forma\u00e7\u00e3o continuada para nossos integrantes, contendo acesso a recursos, atividades e orienta\u00e7\u00f5es que contribuem para o aprimoramento de suas compet\u00eancias e habilidades enquanto pesquisadores.<\/p>\n<p><strong>Eixos e interesses de pesquisa:<\/strong><\/p>\n<ul>\n<li>Estado, Institui\u00e7\u00f5es e Poder;<\/li>\n<li>Identidade, G\u00eanero e Sexualidade;<\/li>\n<li>Sociedade, Desigualdade e Conflito;<\/li>\n<li>Sociologia do Esporte;<\/li>\n<li>Sociologia do Trabalho e Sindicalismo;<\/li>\n<li>Sociologia dos Movimentos Sociais e da A\u00e7\u00e3o Coletiva;<\/li>\n<li>Sociologia Jur\u00eddica e Teoria Cr\u00edtica;<\/li>\n<li>Teoria Social e Metodologia da Pesquisa em Ci\u00eancias Sociais.<\/li>\n<\/ul>\n<p><strong>Extens\u00e3o Universit\u00e1ria:<br \/><\/strong>A extens\u00e3o universit\u00e1ria \u00e9 um dos pilares da Universidade Federal de Santa Maria, juntamente com o ensino e pesquisa. Caracterizada pela intera\u00e7\u00e3o entre institui\u00e7\u00e3o e sociedade, buscando aplicar o conhecimento acad\u00eamico em benef\u00edcio da comunidade em geral, nosso laborat\u00f3rio desenvolve diversas atividades de extens\u00e3o &#8211; incluindo eventos, palestras, cursos e projetos. Ademais, buscamos construir parcerias com institui\u00e7\u00f5es da rede b\u00e1sica de ensino, para realiza\u00e7\u00e3o de atividades que visam o desenvolvimento acad\u00eamico de nossos integrantes e auxiliando na forma\u00e7\u00e3o dos docentes que atuam nas escolas da rede p\u00fablica.<strong><br \/><\/strong><\/p>\n","protected":false},"excerpt":{"rendered":"<p>O Laborat\u00f3rio de Investiga\u00e7\u00e3o Sociol\u00f3gica (LabIS), grupo de pesquisa reconhecido pelo CNPq, afiliado ao Departamento de Ci\u00eancias Sociais do Centro de Ci\u00eancias Sociais e Humanas (CCSH) e ao Programa de P\u00f3s-Gradua\u00e7\u00e3o em Ci\u00eancias Sociais (PPGCS-UFSM). O laborat\u00f3rio agrega pesquisadores dedicados \u00e0 compreens\u00e3o das din\u00e2micas sociais subjacentes aos processos de reprodu\u00e7\u00e3o material e simb\u00f3lica nas sociedades [&hellip;]<\/p>\n","protected":false},"author":7582,"featured_media":0,"parent":0,"menu_order":0,"comment_status":"closed","ping_status":"closed","template":"","meta":{"footnotes":""},"categories":[],"tags":[],"class_list":["post-96","page","type-page","status-publish","hentry"],"acf":[],"_links":{"self":[{"href":"https:\/\/www.ufsm.br\/laboratorios\/labis\/wp-json\/wp\/v2\/pages\/96","targetHints":{"allow":["GET"]}}],"collection":[{"href":"https:\/\/www.ufsm.br\/laboratorios\/labis\/wp-json\/wp\/v2\/pages"}],"about":[{"href":"https:\/\/www.ufsm.br\/laboratorios\/labis\/wp-json\/wp\/v2\/types\/page"}],"author":[{"embeddable":true,"href":"https:\/\/www.ufsm.br\/laboratorios\/labis\/wp-json\/wp\/v2\/users\/7582"}],"replies":[{"embeddable":true,"href":"https:\/\/www.ufsm.br\/laboratorios\/labis\/wp-json\/wp\/v2\/comments?post=96"}],"version-history":[{"count":0,"href":"https:\/\/www.ufsm.br\/laboratorios\/labis\/wp-json\/wp\/v2\/pages\/96\/revisions"}],"wp:attachment":[{"href":"https:\/\/www.ufsm.br\/laboratorios\/labis\/wp-json\/wp\/v2\/media?parent=96"}],"wp:term":[{"taxonomy":"category","embeddable":true,"href":"https:\/\/www.ufsm.br\/laboratorios\/labis\/wp-json\/wp\/v2\/categories?post=96"},{"taxonomy":"post_tag","embeddable":true,"href":"https:\/\/www.ufsm.br\/laboratorios\/labis\/wp-json\/wp\/v2\/tags?post=96"}],"curies":[{"name":"wp","href":"https:\/\/api.w.org\/{rel}","templated":true}]}}