{"id":98,"date":"2024-02-05T13:10:51","date_gmt":"2024-02-05T16:10:51","guid":{"rendered":"https:\/\/www.ufsm.br\/laboratorios\/labis\/?page_id=98"},"modified":"2024-03-07T09:20:40","modified_gmt":"2024-03-07T12:20:40","slug":"pibid","status":"publish","type":"page","link":"https:\/\/www.ufsm.br\/laboratorios\/labis\/pibid","title":{"rendered":"PIBID"},"content":{"rendered":"\n<p>A proposta do <strong>PIBID\/Sociologia<\/strong> pretende articular saberes docentes para o ensino das Ci\u00eancias Sociais &#8211; \u00eanfase em Sociologia, em torno dos temas transversais contempor\u00e2neos, apresentados pela BNCC. Neste sentido, tem como objetivos:<br \/><br \/><strong>1)<\/strong> Forma\u00e7\u00e3o de futuros professores de Ci\u00eancias Sociais com base nas experi\u00eancias concretas de educa\u00e7\u00e3o e ensino nas institui\u00e7\u00f5es escolares, permitindo-lhes, ao longo do curso, articular os saberes do campo te\u00f3rico em conson\u00e2ncia com os c\u00f3digos das pr\u00e1ticas de ensino &#8211; permeados pelos temas contempor\u00e2neos transversais;<br \/><strong>2)<\/strong> Desenvolver metodologias e t\u00e9cnicas de ensino alternativas que beneficiem a forma\u00e7\u00e3o dos licenciados e dos docentes que atuam nas escolas da rede p\u00fablica, a partir de uma perspectiva dial\u00f3gica com outras \u00e1reas de conhecimento no espa\u00e7o escolar;<br \/><strong>3)<\/strong> Contribuir com a forma\u00e7\u00e3o continuada de professores da rede b\u00e1sica de ensino, tendo em vista que os Temas Contempor\u00e2neos Transversais (TCTs) que atravessam as diferentes \u00e1reas de conhecimento, fazem parte da viv\u00eancia e refletem os processos educacionais de alunos, comunidades, fam\u00edlias e educadores;<br \/><strong>4)<\/strong> Formar professores sob o Novo Ensino M\u00e9dio, com maior capacidade de adapta\u00e7\u00e3o e prepara\u00e7\u00e3o para a atua\u00e7\u00e3o neste novo modelo;<br \/><strong>5)<\/strong> Refor\u00e7ar o car\u00e1ter plural, democr\u00e1tico e cient\u00edfico do ensino de Sociologia no Ensino B\u00e1sico, mostrando sua contribui\u00e7\u00e3o para a constru\u00e7\u00e3o de instrumentos que possibilitem a inser\u00e7\u00e3o dos Temas Contempor\u00e2neos Transversais em diversas disciplinas.<br \/><br \/>Confira nosso trabalho no Instagram: <a href=\"https:\/\/www.instagram.com\/foconassociais\/?igsh=MTJyeTFoanY5bjA4\" target=\"_blank\" rel=\"noopener\">@foconassociais<\/a><\/p>\n","protected":false},"excerpt":{"rendered":"<p>A proposta do PIBID\/Sociologia pretende articular saberes docentes para o ensino das Ci\u00eancias Sociais &#8211; \u00eanfase em Sociologia, em torno dos temas transversais contempor\u00e2neos, apresentados pela BNCC. Neste sentido, tem como objetivos: 1) Forma\u00e7\u00e3o de futuros professores de Ci\u00eancias Sociais com base nas experi\u00eancias concretas de educa\u00e7\u00e3o e ensino nas institui\u00e7\u00f5es escolares, permitindo-lhes, ao longo [&hellip;]<\/p>\n","protected":false},"author":7582,"featured_media":0,"parent":0,"menu_order":0,"comment_status":"closed","ping_status":"closed","template":"","meta":{"footnotes":""},"categories":[],"tags":[],"class_list":["post-98","page","type-page","status-publish","hentry"],"acf":[],"_links":{"self":[{"href":"https:\/\/www.ufsm.br\/laboratorios\/labis\/wp-json\/wp\/v2\/pages\/98","targetHints":{"allow":["GET"]}}],"collection":[{"href":"https:\/\/www.ufsm.br\/laboratorios\/labis\/wp-json\/wp\/v2\/pages"}],"about":[{"href":"https:\/\/www.ufsm.br\/laboratorios\/labis\/wp-json\/wp\/v2\/types\/page"}],"author":[{"embeddable":true,"href":"https:\/\/www.ufsm.br\/laboratorios\/labis\/wp-json\/wp\/v2\/users\/7582"}],"replies":[{"embeddable":true,"href":"https:\/\/www.ufsm.br\/laboratorios\/labis\/wp-json\/wp\/v2\/comments?post=98"}],"version-history":[{"count":0,"href":"https:\/\/www.ufsm.br\/laboratorios\/labis\/wp-json\/wp\/v2\/pages\/98\/revisions"}],"wp:attachment":[{"href":"https:\/\/www.ufsm.br\/laboratorios\/labis\/wp-json\/wp\/v2\/media?parent=98"}],"wp:term":[{"taxonomy":"category","embeddable":true,"href":"https:\/\/www.ufsm.br\/laboratorios\/labis\/wp-json\/wp\/v2\/categories?post=98"},{"taxonomy":"post_tag","embeddable":true,"href":"https:\/\/www.ufsm.br\/laboratorios\/labis\/wp-json\/wp\/v2\/tags?post=98"}],"curies":[{"name":"wp","href":"https:\/\/api.w.org\/{rel}","templated":true}]}}