{"id":114,"date":"2023-10-17T20:54:12","date_gmt":"2023-10-17T23:54:12","guid":{"rendered":"https:\/\/www.ufsm.br\/laboratorios\/labler\/?page_id=114"},"modified":"2023-10-18T13:15:26","modified_gmt":"2023-10-18T16:15:26","slug":"dicas-praticas","status":"publish","type":"page","link":"https:\/\/www.ufsm.br\/laboratorios\/labler\/dicas-praticas","title":{"rendered":"Dicas pr\u00e1ticas"},"content":{"rendered":"\t\t<div data-elementor-type=\"wp-page\" data-elementor-id=\"114\" class=\"elementor elementor-114\">\n\t\t\t\t\t\t<section class=\"elementor-section elementor-top-section elementor-element elementor-element-e3c4a7c elementor-section-boxed elementor-section-height-default elementor-section-height-default\" data-id=\"e3c4a7c\" data-element_type=\"section\">\n\t\t\t\t\t\t<div class=\"elementor-container elementor-column-gap-default\">\n\t\t\t\t\t<div class=\"elementor-column elementor-col-100 elementor-top-column elementor-element elementor-element-3a4d3b4\" data-id=\"3a4d3b4\" data-element_type=\"column\">\n\t\t\t<div class=\"elementor-widget-wrap elementor-element-populated\">\n\t\t\t\t\t\t<div class=\"elementor-element elementor-element-4f64c9a elementor-widget elementor-widget-image\" data-id=\"4f64c9a\" data-element_type=\"widget\" data-widget_type=\"image.default\">\n\t\t\t\t<div class=\"elementor-widget-container\">\n\t\t\t\t\t\t\t\t\t\t\t\t\t<img fetchpriority=\"high\" decoding=\"async\" width=\"960\" height=\"240\" src=\"https:\/\/www.ufsm.br\/app\/uploads\/sites\/758\/2023\/10\/cabecalho-labler-informa-1.jpg\" class=\"attachment-large size-large wp-image-115\" alt=\"\" srcset=\"https:\/\/www.ufsm.br\/app\/uploads\/sites\/758\/2023\/10\/cabecalho-labler-informa-1.jpg 960w, https:\/\/www.ufsm.br\/app\/uploads\/sites\/758\/2023\/10\/cabecalho-labler-informa-1-300x75.jpg 300w, https:\/\/www.ufsm.br\/app\/uploads\/sites\/758\/2023\/10\/cabecalho-labler-informa-1-768x192.jpg 768w\" sizes=\"(max-width: 960px) 100vw, 960px\" \/>\t\t\t\t\t\t\t\t\t\t\t\t\t<\/div>\n\t\t\t\t<\/div>\n\t\t\t\t\t<\/div>\n\t\t<\/div>\n\t\t\t\t\t<\/div>\n\t\t<\/section>\n\t\t\t\t<section class=\"elementor-section elementor-top-section elementor-element elementor-element-439c6b5 elementor-section-boxed elementor-section-height-default elementor-section-height-default\" data-id=\"439c6b5\" data-element_type=\"section\">\n\t\t\t\t\t\t<div class=\"elementor-container elementor-column-gap-default\">\n\t\t\t\t\t<div class=\"elementor-column elementor-col-100 elementor-top-column elementor-element elementor-element-f912075\" data-id=\"f912075\" data-element_type=\"column\">\n\t\t\t<div class=\"elementor-widget-wrap elementor-element-populated\">\n\t\t\t\t\t\t<div class=\"elementor-element elementor-element-8338271 elementor-widget elementor-widget-text-editor\" data-id=\"8338271\" data-element_type=\"widget\" data-widget_type=\"text-editor.default\">\n\t\t\t\t<div class=\"elementor-widget-container\">\n\t\t\t\t\t\t\t<p>A s\u00e9rie <b>Dicas Pr\u00e1ticas<\/b>\u00a0\u00e9 um esfor\u00e7o da equipe <b>LinC Shorts<\/b> em parceria com o <b>N\u00facleo de Estudos Sobre Letramentos Acad\u00eamicos (NELA)<\/b> para contribuir com a forma\u00e7\u00e3o da comunidade em alguns letramentos acad\u00eamicos que podem configurar um desafio na rotina acad\u00eamico-cient\u00edfica.<\/p>\t\t\t\t\t\t<\/div>\n\t\t\t\t<\/div>\n\t\t\t\t\t<\/div>\n\t\t<\/div>\n\t\t\t\t\t<\/div>\n\t\t<\/section>\n\t\t\t\t<section class=\"elementor-section elementor-top-section elementor-element elementor-element-e3bfb01 elementor-section-boxed elementor-section-height-default elementor-section-height-default\" data-id=\"e3bfb01\" data-element_type=\"section\">\n\t\t\t\t\t\t<div class=\"elementor-container elementor-column-gap-default\">\n\t\t\t\t\t<header class=\"elementor-column elementor-col-100 elementor-top-column elementor-element elementor-element-00ee898\" data-id=\"00ee898\" data-element_type=\"column\">\n\t\t\t<div class=\"elementor-widget-wrap elementor-element-populated\">\n\t\t\t\t\t\t<div class=\"elementor-element elementor-element-ff87074 elementor-widget elementor-widget-text-editor\" data-id=\"ff87074\" data-element_type=\"widget\" data-widget_type=\"text-editor.default\">\n\t\t\t\t<div class=\"elementor-widget-container\">\n\t\t\t\t\t\t\t<h5>P\u00f4ster acad\u00eamico (banner)<\/h5>\t\t\t\t\t\t<\/div>\n\t\t\t\t<\/div>\n\t\t\t\t<div class=\"elementor-element elementor-element-48670e0 elementor-widget__width-initial elementor-widget elementor-widget-text-editor\" data-id=\"48670e0\" data-element_type=\"widget\" data-widget_type=\"text-editor.default\">\n\t\t\t\t<div class=\"elementor-widget-container\">\n\t\t\t\t\t\t\t<p><a href=\"https:\/\/www.ufsm.br\/app\/uploads\/sites\/758\/2023\/10\/NELA-Dicas-praticas-poster.pdf\">Arquivo PDF<\/a><\/p><p><span style=\"font-size: 8pt\"><b><u>Como citar este material:\u00a0<\/u><\/b><\/span><\/p><p><span style=\"font-size: 8pt\">N\u00daCLEO DE ESTUDOS SOBRE LETRAMENTOS ACAD\u00caMICOS. <b>Dicas pr\u00e1ticas:<\/b> p\u00f4ster acad\u00eamico. 1ed. Santa Maria: LabLeR, 2023.<\/span><\/p>\t\t\t\t\t\t<\/div>\n\t\t\t\t<\/div>\n\t\t\t\t\t<\/div>\n\t\t<\/header>\n\t\t\t\t\t<\/div>\n\t\t<\/section>\n\t\t\t\t<\/div>\n\t\t","protected":false},"excerpt":{"rendered":"<p>A s\u00e9rie Dicas Pr\u00e1ticas\u00a0\u00e9 um esfor\u00e7o da equipe LinC Shorts em parceria com o N\u00facleo de Estudos Sobre Letramentos Acad\u00eamicos (NELA) para contribuir com a forma\u00e7\u00e3o da comunidade em alguns letramentos acad\u00eamicos que podem configurar um desafio na rotina acad\u00eamico-cient\u00edfica. P\u00f4ster acad\u00eamico (banner) Arquivo PDF Como citar este material:\u00a0 N\u00daCLEO DE ESTUDOS SOBRE LETRAMENTOS ACAD\u00caMICOS. [&hellip;]<\/p>\n","protected":false},"author":5019,"featured_media":0,"parent":0,"menu_order":0,"comment_status":"closed","ping_status":"closed","template":"","meta":{"footnotes":""},"categories":[],"tags":[],"class_list":["post-114","page","type-page","status-publish","hentry"],"acf":[],"_links":{"self":[{"href":"https:\/\/www.ufsm.br\/laboratorios\/labler\/wp-json\/wp\/v2\/pages\/114","targetHints":{"allow":["GET"]}}],"collection":[{"href":"https:\/\/www.ufsm.br\/laboratorios\/labler\/wp-json\/wp\/v2\/pages"}],"about":[{"href":"https:\/\/www.ufsm.br\/laboratorios\/labler\/wp-json\/wp\/v2\/types\/page"}],"author":[{"embeddable":true,"href":"https:\/\/www.ufsm.br\/laboratorios\/labler\/wp-json\/wp\/v2\/users\/5019"}],"replies":[{"embeddable":true,"href":"https:\/\/www.ufsm.br\/laboratorios\/labler\/wp-json\/wp\/v2\/comments?post=114"}],"version-history":[{"count":0,"href":"https:\/\/www.ufsm.br\/laboratorios\/labler\/wp-json\/wp\/v2\/pages\/114\/revisions"}],"wp:attachment":[{"href":"https:\/\/www.ufsm.br\/laboratorios\/labler\/wp-json\/wp\/v2\/media?parent=114"}],"wp:term":[{"taxonomy":"category","embeddable":true,"href":"https:\/\/www.ufsm.br\/laboratorios\/labler\/wp-json\/wp\/v2\/categories?post=114"},{"taxonomy":"post_tag","embeddable":true,"href":"https:\/\/www.ufsm.br\/laboratorios\/labler\/wp-json\/wp\/v2\/tags?post=114"}],"curies":[{"name":"wp","href":"https:\/\/api.w.org\/{rel}","templated":true}]}}