{"id":57,"date":"2023-06-06T15:37:02","date_gmt":"2023-06-06T18:37:02","guid":{"rendered":"https:\/\/www.ufsm.br\/laboratorios\/labler\/?page_id=57"},"modified":"2025-09-09T15:06:20","modified_gmt":"2025-09-09T18:06:20","slug":"labler-informa","status":"publish","type":"page","link":"https:\/\/www.ufsm.br\/laboratorios\/labler\/labler-informa","title":{"rendered":"LabLeR (in)forma"},"content":{"rendered":"\t\t<div data-elementor-type=\"wp-page\" data-elementor-id=\"57\" class=\"elementor elementor-57\">\n\t\t\t\t\t\t<section class=\"elementor-section elementor-top-section elementor-element elementor-element-ab7aed3 elementor-section-boxed elementor-section-height-default elementor-section-height-default\" data-id=\"ab7aed3\" data-element_type=\"section\">\n\t\t\t\t\t\t<div class=\"elementor-container elementor-column-gap-default\">\n\t\t\t\t\t<div class=\"elementor-column elementor-col-100 elementor-top-column elementor-element elementor-element-9dc954e\" data-id=\"9dc954e\" data-element_type=\"column\">\n\t\t\t<div class=\"elementor-widget-wrap elementor-element-populated\">\n\t\t\t\t\t\t<div class=\"elementor-element elementor-element-b7733d3 elementor-widget elementor-widget-wp-widget-ufsm_apresentacao_widget\" data-id=\"b7733d3\" data-element_type=\"widget\" data-widget_type=\"wp-widget-ufsm_apresentacao_widget.default\">\n\t\t\t\t<div class=\"elementor-widget-container\">\n\t\t\t<p>\n    O projeto <b>LabLeR (in)forma: a\u00e7\u00f5es de forma\u00e7\u00e3o inicial e continuada  de profissionais de linguagem<\/b> possui sua classifica\u00e7\u00e3o principal como <b>Extens\u00e3o<\/b>,\n    sendo sua dura\u00e7\u00e3o de <b>13\/10\/2023<\/b> at\u00e9 <b>30\/11\/2026<\/b>. Ele est\u00e1 registrado pelo processo de n\u00famero <b>23081.136371\/2023-76<\/b>. \n    Atualmente ele est\u00e1 em <b>em andamento<\/b>.\n<\/p>\n    <p>\n        <b>Palavras-chave:<\/b> forma\u00e7\u00e3o de professores, ensino de linguagens, Labler, inova\u00e7\u00e3o na pesquisa e ensino de linguagens    <\/p>\n<p>\n    <a href=\"https:\/\/portal.ufsm.br\/projetos\/publico\/projetos\/view.html?idProjeto=74383\" target=\"_blank\">\n        <i class=\"fa fa-external-link me-1\" aria-hidden=\"true\"><\/i>\n        Ver mais informa\u00e7\u00f5es no Portal de Projetos\n    <\/a>\n<\/p>\n\t\t<\/div>\n\t\t\t\t<\/div>\n\t\t\t\t\t<\/div>\n\t\t<\/div>\n\t\t\t\t\t<\/div>\n\t\t<\/section>\n\t\t\t\t<section class=\"elementor-section elementor-top-section elementor-element elementor-element-5e0488b elementor-section-boxed elementor-section-height-default elementor-section-height-default\" data-id=\"5e0488b\" data-element_type=\"section\">\n\t\t\t\t\t\t<div class=\"elementor-container elementor-column-gap-default\">\n\t\t\t\t\t<div class=\"elementor-column elementor-col-100 elementor-top-column elementor-element elementor-element-67bc356\" data-id=\"67bc356\" data-element_type=\"column\">\n\t\t\t<div class=\"elementor-widget-wrap elementor-element-populated\">\n\t\t\t\t\t\t<div class=\"elementor-element elementor-element-bd7b0be elementor-widget elementor-widget-heading\" data-id=\"bd7b0be\" data-element_type=\"widget\" data-widget_type=\"heading.default\">\n\t\t\t\t<div class=\"elementor-widget-container\">\n\t\t\t<h4 class=\"elementor-heading-title elementor-size-default\">Resumo da proposta<\/h4>\t\t<\/div>\n\t\t\t\t<\/div>\n\t\t\t\t<div class=\"elementor-element elementor-element-b0b211a elementor-widget elementor-widget-text-editor\" data-id=\"b0b211a\" data-element_type=\"widget\" data-widget_type=\"text-editor.default\">\n\t\t\t\t<div class=\"elementor-widget-container\">\n\t\t\t\t\t\t\t<div class=\"row\">\n<div class=\"span12\"><span id=\"OutFieldTag_qQL262ZFfRGtJ5Sr\" class=\"\" aria-labelledby=\"OutFieldTag_qQL262ZFfRGtJ5Sr_label\">Desde a sua funda\u00e7\u00e3o, o Laborat\u00f3rio de Pesquisa e Ensino de Leitura e Reda\u00e7\u00e3o (LabLeR) tem se proposto a ser um espa\u00e7o de discuss\u00e3o de temas relevantes para a forma\u00e7\u00e3o de profissionais de linguagens, oriundos dos interesses e necessidades desses profissionais em forma\u00e7\u00e3o inicial e continuada. Por meio do projeto LabLeR (in)forma, buscamos qualificar a forma\u00e7\u00e3o inicial e continuada de professores\/pesquisadores de linguagens por meio da oferta de cursos de curta dura\u00e7\u00e3o, oficinas, palestras, como forma de promover a discuss\u00e3o de temas relevantes da \u00e1rea, desenvolver letramentos profissionais, bem como processos e produtos inovadores em pesquisa e ensino de linguagens, conforme demandas observadas nesses contextos.<\/span><\/div>\n<\/div>\n<div class=\"row\">&nbsp;<\/div>\t\t\t\t\t\t<\/div>\n\t\t\t\t<\/div>\n\t\t\t\t\t<\/div>\n\t\t<\/div>\n\t\t\t\t\t<\/div>\n\t\t<\/section>\n\t\t\t\t<section class=\"elementor-section elementor-top-section elementor-element elementor-element-b7b5a90 elementor-section-boxed elementor-section-height-default elementor-section-height-default\" data-id=\"b7b5a90\" data-element_type=\"section\">\n\t\t\t\t\t\t<div class=\"elementor-container elementor-column-gap-default\">\n\t\t\t\t\t<div class=\"elementor-column elementor-col-100 elementor-top-column elementor-element elementor-element-44e72ae\" data-id=\"44e72ae\" data-element_type=\"column\">\n\t\t\t<div class=\"elementor-widget-wrap elementor-element-populated\">\n\t\t\t\t\t\t<div class=\"elementor-element elementor-element-43ee001 elementor-widget elementor-widget-heading\" data-id=\"43ee001\" data-element_type=\"widget\" data-widget_type=\"heading.default\">\n\t\t\t\t<div class=\"elementor-widget-container\">\n\t\t\t<h4 class=\"elementor-heading-title elementor-size-default\">Edi\u00e7\u00f5es<\/h4>\t\t<\/div>\n\t\t\t\t<\/div>\n\t\t\t\t\t<\/div>\n\t\t<\/div>\n\t\t\t\t\t<\/div>\n\t\t<\/section>\n\t\t\t\t<section class=\"elementor-section elementor-top-section elementor-element elementor-element-d3d150f elementor-section-boxed elementor-section-height-default elementor-section-height-default\" data-id=\"d3d150f\" data-element_type=\"section\">\n\t\t\t\t\t\t<div class=\"elementor-container elementor-column-gap-default\">\n\t\t\t\t\t<div class=\"elementor-column elementor-col-25 elementor-top-column elementor-element elementor-element-6aa9232\" data-id=\"6aa9232\" data-element_type=\"column\">\n\t\t\t<div class=\"elementor-widget-wrap elementor-element-populated\">\n\t\t\t\t\t\t<div class=\"elementor-element elementor-element-09cef4e elementor-widget elementor-widget-heading\" data-id=\"09cef4e\" data-element_type=\"widget\" data-widget_type=\"heading.default\">\n\t\t\t\t<div class=\"elementor-widget-container\">\n\t\t\t<h5 class=\"elementor-heading-title elementor-size-default\">#1 (2022)<\/h5>\t\t<\/div>\n\t\t\t\t<\/div>\n\t\t\t\t<div class=\"elementor-element elementor-element-bf2eabb elementor-widget elementor-widget-text-editor\" data-id=\"bf2eabb\" data-element_type=\"widget\" data-widget_type=\"text-editor.default\">\n\t\t\t\t<div class=\"elementor-widget-container\">\n\t\t\t\t\t\t\t<p>Forma\u00e7\u00e3o de professores de ingl\u00eas para comit\u00eas de avalia\u00e7\u00e3o em eventos acad\u00eamicos<\/p>\t\t\t\t\t\t<\/div>\n\t\t\t\t<\/div>\n\t\t\t\t\t<\/div>\n\t\t<\/div>\n\t\t\t\t<div class=\"elementor-column elementor-col-25 elementor-top-column elementor-element elementor-element-7ee5b70\" data-id=\"7ee5b70\" data-element_type=\"column\">\n\t\t\t<div class=\"elementor-widget-wrap elementor-element-populated\">\n\t\t\t\t\t\t<div class=\"elementor-element elementor-element-618178e elementor-widget elementor-widget-heading\" data-id=\"618178e\" data-element_type=\"widget\" data-widget_type=\"heading.default\">\n\t\t\t\t<div class=\"elementor-widget-container\">\n\t\t\t<h5 class=\"elementor-heading-title elementor-size-default\">#2 (2022)<\/h5>\t\t<\/div>\n\t\t\t\t<\/div>\n\t\t\t\t<div class=\"elementor-element elementor-element-66d594f elementor-widget elementor-widget-text-editor\" data-id=\"66d594f\" data-element_type=\"widget\" data-widget_type=\"text-editor.default\">\n\t\t\t\t<div class=\"elementor-widget-container\">\n\t\t\t\t\t\t\t<p><span style=\"color: #000000;font-family: -apple-system, BlinkMacSystemFont, 'Segoe UI', Roboto, Helvetica, Arial, sans-serif;font-size: 14px\">Gamifica\u00e7\u00e3o da aprendizagem com Quizizz<\/span><\/p><p><a href=\"https:\/\/www.instagram.com\/p\/CkbUIUzuJTe\/?next=%2F\" target=\"_blank\" rel=\"noopener\">Link<\/a><\/p>\t\t\t\t\t\t<\/div>\n\t\t\t\t<\/div>\n\t\t\t\t\t<\/div>\n\t\t<\/div>\n\t\t\t\t<div class=\"elementor-column elementor-col-25 elementor-top-column elementor-element elementor-element-d57de6c\" data-id=\"d57de6c\" data-element_type=\"column\">\n\t\t\t<div class=\"elementor-widget-wrap elementor-element-populated\">\n\t\t\t\t\t\t<div class=\"elementor-element elementor-element-72a3b4e elementor-widget elementor-widget-heading\" data-id=\"72a3b4e\" data-element_type=\"widget\" data-widget_type=\"heading.default\">\n\t\t\t\t<div class=\"elementor-widget-container\">\n\t\t\t<h5 class=\"elementor-heading-title elementor-size-default\">#3 (2023)<\/h5>\t\t<\/div>\n\t\t\t\t<\/div>\n\t\t\t\t<div class=\"elementor-element elementor-element-880ff85 elementor-widget elementor-widget-text-editor\" data-id=\"880ff85\" data-element_type=\"widget\" data-widget_type=\"text-editor.default\">\n\t\t\t\t<div class=\"elementor-widget-container\">\n\t\t\t\t\t\t\t<p>No\u00e7\u00f5es essenciais de estat\u00edstica para a pesquisa em lingu\u00edstica aplicada &#8211; M\u00f3dulo 1<\/p><p><a href=\"https:\/\/www.instagram.com\/p\/Cr-xlPeOe1Y\/?next=%2F\" target=\"_blank\" rel=\"noopener\">Link<\/a><\/p>\t\t\t\t\t\t<\/div>\n\t\t\t\t<\/div>\n\t\t\t\t\t<\/div>\n\t\t<\/div>\n\t\t\t\t<div class=\"elementor-column elementor-col-25 elementor-top-column elementor-element elementor-element-9d9b431\" data-id=\"9d9b431\" data-element_type=\"column\">\n\t\t\t<div class=\"elementor-widget-wrap elementor-element-populated\">\n\t\t\t\t\t\t<div class=\"elementor-element elementor-element-24eb58c elementor-widget elementor-widget-heading\" data-id=\"24eb58c\" data-element_type=\"widget\" data-widget_type=\"heading.default\">\n\t\t\t\t<div class=\"elementor-widget-container\">\n\t\t\t<h5 class=\"elementor-heading-title elementor-size-default\">#4 (2023)<\/h5>\t\t<\/div>\n\t\t\t\t<\/div>\n\t\t\t\t<div class=\"elementor-element elementor-element-b898260 elementor-widget elementor-widget-text-editor\" data-id=\"b898260\" data-element_type=\"widget\" data-widget_type=\"text-editor.default\">\n\t\t\t\t<div class=\"elementor-widget-container\">\n\t\t\t\t\t\t\t<p>LinC: discutindo as fun\u00e7\u00f5es e as bases te\u00f3ricas<\/p><p><a href=\"https:\/\/www.instagram.com\/p\/Ctg6DkdOtpt\/?next=%2F\" target=\"_blank\" rel=\"noopener\">Link<\/a><\/p>\t\t\t\t\t\t<\/div>\n\t\t\t\t<\/div>\n\t\t\t\t\t<\/div>\n\t\t<\/div>\n\t\t\t\t\t<\/div>\n\t\t<\/section>\n\t\t\t\t<section class=\"elementor-section elementor-top-section elementor-element elementor-element-f12922e elementor-section-boxed elementor-section-height-default elementor-section-height-default\" data-id=\"f12922e\" data-element_type=\"section\">\n\t\t\t\t\t\t<div class=\"elementor-container elementor-column-gap-default\">\n\t\t\t\t\t<div class=\"elementor-column elementor-col-25 elementor-top-column elementor-element elementor-element-1fc7a7a\" data-id=\"1fc7a7a\" data-element_type=\"column\">\n\t\t\t<div class=\"elementor-widget-wrap elementor-element-populated\">\n\t\t\t\t\t\t<div class=\"elementor-element elementor-element-ba7c6c4 elementor-widget elementor-widget-heading\" data-id=\"ba7c6c4\" data-element_type=\"widget\" data-widget_type=\"heading.default\">\n\t\t\t\t<div class=\"elementor-widget-container\">\n\t\t\t<h5 class=\"elementor-heading-title elementor-size-default\">#5 (2023)<\/h5>\t\t<\/div>\n\t\t\t\t<\/div>\n\t\t\t\t<div class=\"elementor-element elementor-element-afbc641 elementor-widget elementor-widget-text-editor\" data-id=\"afbc641\" data-element_type=\"widget\" data-widget_type=\"text-editor.default\">\n\t\t\t\t<div class=\"elementor-widget-container\">\n\t\t\t\t\t\t\t<p>No\u00e7\u00f5es essenciais de estat\u00edstica para a pesquisa em lingu\u00edstica aplicada &#8211; M\u00f3dulo 2<\/p><p><a href=\"https:\/\/www.instagram.com\/p\/CuZauzGuQ9y\/?next=%2F\" target=\"_blank\" rel=\"noopener\">Link<\/a><\/p>\t\t\t\t\t\t<\/div>\n\t\t\t\t<\/div>\n\t\t\t\t\t<\/div>\n\t\t<\/div>\n\t\t\t\t<div class=\"elementor-column elementor-col-25 elementor-top-column elementor-element elementor-element-0aaf7e3\" data-id=\"0aaf7e3\" data-element_type=\"column\">\n\t\t\t<div class=\"elementor-widget-wrap elementor-element-populated\">\n\t\t\t\t\t\t<div class=\"elementor-element elementor-element-f8a5ceb elementor-widget elementor-widget-heading\" data-id=\"f8a5ceb\" data-element_type=\"widget\" data-widget_type=\"heading.default\">\n\t\t\t\t<div class=\"elementor-widget-container\">\n\t\t\t<h5 class=\"elementor-heading-title elementor-size-default\">#6 (2023)<\/h5>\t\t<\/div>\n\t\t\t\t<\/div>\n\t\t\t\t<div class=\"elementor-element elementor-element-4409a56 elementor-widget elementor-widget-text-editor\" data-id=\"4409a56\" data-element_type=\"widget\" data-widget_type=\"text-editor.default\">\n\t\t\t\t<div class=\"elementor-widget-container\">\n\t\t\t\t\t\t\t<p>Do ensino bil\u00edngue ao ensino transl\u00edngue: v\u00e1rios caminhos e linguagens<\/p><p><a href=\"https:\/\/www.instagram.com\/p\/CvM2szCOkL7\/?next=%2F\" target=\"_blank\" rel=\"noopener\">Link<\/a><\/p>\t\t\t\t\t\t<\/div>\n\t\t\t\t<\/div>\n\t\t\t\t\t<\/div>\n\t\t<\/div>\n\t\t\t\t<div class=\"elementor-column elementor-col-25 elementor-top-column elementor-element elementor-element-481ecfe\" data-id=\"481ecfe\" data-element_type=\"column\">\n\t\t\t<div class=\"elementor-widget-wrap elementor-element-populated\">\n\t\t\t\t\t\t<div class=\"elementor-element elementor-element-734544f elementor-widget elementor-widget-heading\" data-id=\"734544f\" data-element_type=\"widget\" data-widget_type=\"heading.default\">\n\t\t\t\t<div class=\"elementor-widget-container\">\n\t\t\t<h5 class=\"elementor-heading-title elementor-size-default\">#7 (2023)<\/h5>\t\t<\/div>\n\t\t\t\t<\/div>\n\t\t\t\t<div class=\"elementor-element elementor-element-f118c59 elementor-widget elementor-widget-text-editor\" data-id=\"f118c59\" data-element_type=\"widget\" data-widget_type=\"text-editor.default\">\n\t\t\t\t<div class=\"elementor-widget-container\">\n\t\t\t\t\t\t\t<p>Pop science at LabLeR: workshop for Descubra 2023<\/p>\n<p>Material de Divulga\u00e7\u00e3o Cient\u00edfica: <a href=\"https:\/\/www.ufsm.br\/app\/uploads\/sites\/758\/2023\/12\/Tecnologias-desenvolvidas-no-LABLER-Descubra-2023.pdf\" target=\"_blank\" rel=\"noopener\">Tecnologias desenvolvidas no LabLeR<\/a><\/p>\t\t\t\t\t\t<\/div>\n\t\t\t\t<\/div>\n\t\t\t\t\t<\/div>\n\t\t<\/div>\n\t\t\t\t<div class=\"elementor-column elementor-col-25 elementor-top-column elementor-element elementor-element-5fdd7db\" data-id=\"5fdd7db\" data-element_type=\"column\">\n\t\t\t<div class=\"elementor-widget-wrap elementor-element-populated\">\n\t\t\t\t\t\t<div class=\"elementor-element elementor-element-f03ff8b elementor-widget elementor-widget-heading\" data-id=\"f03ff8b\" data-element_type=\"widget\" data-widget_type=\"heading.default\">\n\t\t\t\t<div class=\"elementor-widget-container\">\n\t\t\t<h5 class=\"elementor-heading-title elementor-size-default\">#8 (2023)<\/h5>\t\t<\/div>\n\t\t\t\t<\/div>\n\t\t\t\t<div class=\"elementor-element elementor-element-21f6f51 elementor-widget elementor-widget-text-editor\" data-id=\"21f6f51\" data-element_type=\"widget\" data-widget_type=\"text-editor.default\">\n\t\t\t\t<div class=\"elementor-widget-container\">\n\t\t\t\t\t\t\t<p><span style=\"color: #000000;font-size: 16px\">Forma\u00e7\u00e3o de professores de ingl\u00eas para comit\u00eas de avalia\u00e7\u00e3o em eventos acad\u00eamicos (2\u00aa Edi\u00e7\u00e3o)<\/span><\/p>\t\t\t\t\t\t<\/div>\n\t\t\t\t<\/div>\n\t\t\t\t\t<\/div>\n\t\t<\/div>\n\t\t\t\t\t<\/div>\n\t\t<\/section>\n\t\t\t\t<section class=\"elementor-section elementor-top-section elementor-element elementor-element-a44d87a elementor-section-boxed elementor-section-height-default elementor-section-height-default\" data-id=\"a44d87a\" data-element_type=\"section\">\n\t\t\t\t\t\t<div class=\"elementor-container elementor-column-gap-default\">\n\t\t\t\t\t<div class=\"elementor-column elementor-col-25 elementor-top-column elementor-element elementor-element-d885189\" data-id=\"d885189\" data-element_type=\"column\">\n\t\t\t<div class=\"elementor-widget-wrap elementor-element-populated\">\n\t\t\t\t\t\t<div class=\"elementor-element elementor-element-af37a9a elementor-widget elementor-widget-heading\" data-id=\"af37a9a\" data-element_type=\"widget\" data-widget_type=\"heading.default\">\n\t\t\t\t<div class=\"elementor-widget-container\">\n\t\t\t<h5 class=\"elementor-heading-title elementor-size-default\">2025<\/h5>\t\t<\/div>\n\t\t\t\t<\/div>\n\t\t\t\t<div class=\"elementor-element elementor-element-09ab60f elementor-widget elementor-widget-text-editor\" data-id=\"09ab60f\" data-element_type=\"widget\" data-widget_type=\"text-editor.default\">\n\t\t\t\t<div class=\"elementor-widget-container\">\n\t\t\t\t\t\t\t<p>Forma\u00e7\u00e3o de professores de ingl\u00eas para comit\u00eas de avalia\u00e7\u00e3o em eventos acad\u00eamicos (3\u00aa Edi\u00e7\u00e3o)<\/p>\t\t\t\t\t\t<\/div>\n\t\t\t\t<\/div>\n\t\t\t\t\t<\/div>\n\t\t<\/div>\n\t\t\t\t<div class=\"elementor-column elementor-col-25 elementor-top-column elementor-element elementor-element-4eb5ee2\" data-id=\"4eb5ee2\" data-element_type=\"column\">\n\t\t\t<div class=\"elementor-widget-wrap elementor-element-populated\">\n\t\t\t\t\t\t<div class=\"elementor-element elementor-element-a4b21e2 elementor-widget elementor-widget-heading\" data-id=\"a4b21e2\" data-element_type=\"widget\" data-widget_type=\"heading.default\">\n\t\t\t\t<div class=\"elementor-widget-container\">\n\t\t\t<h5 class=\"elementor-heading-title elementor-size-default\">#9 (2025)<\/h5>\t\t<\/div>\n\t\t\t\t<\/div>\n\t\t\t\t<div class=\"elementor-element elementor-element-45810f5 elementor-widget elementor-widget-text-editor\" data-id=\"45810f5\" data-element_type=\"widget\" data-widget_type=\"text-editor.default\">\n\t\t\t\t<div class=\"elementor-widget-container\">\n\t\t\t\t\t\t\t<p>Proposta de gerenciamento descentralizado das a\u00e7\u00f5es de forma\u00e7\u00e3o no LinC<\/p><p><a style=\"font-size: 1rem\" href=\"https:\/\/www.instagram.com\/p\/DJ93NedJb1d\/?next=%2F&amp;img_index=1\" target=\"_blank\" rel=\"noopener\">Link<\/a><\/p>\t\t\t\t\t\t<\/div>\n\t\t\t\t<\/div>\n\t\t\t\t\t<\/div>\n\t\t<\/div>\n\t\t\t\t<div class=\"elementor-column elementor-col-25 elementor-top-column elementor-element elementor-element-c8e8c03\" data-id=\"c8e8c03\" data-element_type=\"column\">\n\t\t\t<div class=\"elementor-widget-wrap elementor-element-populated\">\n\t\t\t\t\t\t<div class=\"elementor-element elementor-element-6dcc17f elementor-widget elementor-widget-heading\" data-id=\"6dcc17f\" data-element_type=\"widget\" data-widget_type=\"heading.default\">\n\t\t\t\t<div class=\"elementor-widget-container\">\n\t\t\t<h5 class=\"elementor-heading-title elementor-size-default\">#10 (2025)<\/h5>\t\t<\/div>\n\t\t\t\t<\/div>\n\t\t\t\t<div class=\"elementor-element elementor-element-3492732 elementor-widget elementor-widget-text-editor\" data-id=\"3492732\" data-element_type=\"widget\" data-widget_type=\"text-editor.default\">\n\t\t\t\t<div class=\"elementor-widget-container\">\n\t\t\t\t\t\t\t<p>A viv\u00eancia em laborat\u00f3rio como uma dimens\u00e3o fundamental na forma\u00e7\u00e3o de profissionais de Letras<\/p><p><a href=\"https:\/\/www.instagram.com\/p\/DNYUJb7U5Dn\/?next=%2F\" target=\"_blank\" rel=\"noopener\">Link<\/a><\/p>\t\t\t\t\t\t<\/div>\n\t\t\t\t<\/div>\n\t\t\t\t\t<\/div>\n\t\t<\/div>\n\t\t\t\t<div class=\"elementor-column elementor-col-25 elementor-top-column elementor-element elementor-element-b2e7b46\" data-id=\"b2e7b46\" data-element_type=\"column\">\n\t\t\t<div class=\"elementor-widget-wrap elementor-element-populated\">\n\t\t\t\t\t\t<div class=\"elementor-element elementor-element-6840463 elementor-widget elementor-widget-heading\" data-id=\"6840463\" data-element_type=\"widget\" data-widget_type=\"heading.default\">\n\t\t\t\t<div class=\"elementor-widget-container\">\n\t\t\t<h5 class=\"elementor-heading-title elementor-size-default\">#11 (2025)<\/h5>\t\t<\/div>\n\t\t\t\t<\/div>\n\t\t\t\t<div class=\"elementor-element elementor-element-1ef7a18 elementor-widget elementor-widget-text-editor\" data-id=\"1ef7a18\" data-element_type=\"widget\" data-widget_type=\"text-editor.default\">\n\t\t\t\t<div class=\"elementor-widget-container\">\n\t\t\t\t\t\t\t<p>Forma\u00e7\u00e3o de professores de ingl\u00eas para comit\u00eas de avalia\u00e7\u00e3o em eventos acad\u00eamicos (4\u00aa Edi\u00e7\u00e3o)<\/p>\t\t\t\t\t\t<\/div>\n\t\t\t\t<\/div>\n\t\t\t\t\t<\/div>\n\t\t<\/div>\n\t\t\t\t\t<\/div>\n\t\t<\/section>\n\t\t\t\t<\/div>\n\t\t","protected":false},"excerpt":{"rendered":"<p>Resumo da proposta Desde a sua funda\u00e7\u00e3o, o Laborat\u00f3rio de Pesquisa e Ensino de Leitura e Reda\u00e7\u00e3o (LabLeR) tem se proposto a ser um espa\u00e7o de discuss\u00e3o de temas relevantes para a forma\u00e7\u00e3o de profissionais de linguagens, oriundos dos interesses e necessidades desses profissionais em forma\u00e7\u00e3o inicial e continuada. Por meio do projeto LabLeR (in)forma, [&hellip;]<\/p>\n","protected":false},"author":5019,"featured_media":0,"parent":0,"menu_order":0,"comment_status":"closed","ping_status":"closed","template":"","meta":{"footnotes":""},"categories":[],"tags":[],"class_list":["post-57","page","type-page","status-publish","hentry"],"acf":[],"_links":{"self":[{"href":"https:\/\/www.ufsm.br\/laboratorios\/labler\/wp-json\/wp\/v2\/pages\/57","targetHints":{"allow":["GET"]}}],"collection":[{"href":"https:\/\/www.ufsm.br\/laboratorios\/labler\/wp-json\/wp\/v2\/pages"}],"about":[{"href":"https:\/\/www.ufsm.br\/laboratorios\/labler\/wp-json\/wp\/v2\/types\/page"}],"author":[{"embeddable":true,"href":"https:\/\/www.ufsm.br\/laboratorios\/labler\/wp-json\/wp\/v2\/users\/5019"}],"replies":[{"embeddable":true,"href":"https:\/\/www.ufsm.br\/laboratorios\/labler\/wp-json\/wp\/v2\/comments?post=57"}],"version-history":[{"count":0,"href":"https:\/\/www.ufsm.br\/laboratorios\/labler\/wp-json\/wp\/v2\/pages\/57\/revisions"}],"wp:attachment":[{"href":"https:\/\/www.ufsm.br\/laboratorios\/labler\/wp-json\/wp\/v2\/media?parent=57"}],"wp:term":[{"taxonomy":"category","embeddable":true,"href":"https:\/\/www.ufsm.br\/laboratorios\/labler\/wp-json\/wp\/v2\/categories?post=57"},{"taxonomy":"post_tag","embeddable":true,"href":"https:\/\/www.ufsm.br\/laboratorios\/labler\/wp-json\/wp\/v2\/tags?post=57"}],"curies":[{"name":"wp","href":"https:\/\/api.w.org\/{rel}","templated":true}]}}