{"id":58,"date":"2023-06-06T15:37:02","date_gmt":"2023-06-06T18:37:02","guid":{"rendered":"https:\/\/www.ufsm.br\/laboratorios\/labler\/?page_id=58"},"modified":"2025-12-26T18:54:00","modified_gmt":"2025-12-26T21:54:00","slug":"symposium-of-academic-exchange","status":"publish","type":"page","link":"https:\/\/www.ufsm.br\/laboratorios\/labler\/symposium-of-academic-exchange","title":{"rendered":"Symposium of Academic Exchange"},"content":{"rendered":"\t\t<div data-elementor-type=\"wp-page\" data-elementor-id=\"58\" class=\"elementor elementor-58\">\n\t\t\t\t\t\t<section class=\"elementor-section elementor-top-section elementor-element elementor-element-34fab04 elementor-section-boxed elementor-section-height-default elementor-section-height-default\" data-id=\"34fab04\" data-element_type=\"section\">\n\t\t\t\t\t\t<div class=\"elementor-container elementor-column-gap-default\">\n\t\t\t\t\t<div class=\"elementor-column elementor-col-100 elementor-top-column elementor-element elementor-element-70df3f0\" data-id=\"70df3f0\" data-element_type=\"column\">\n\t\t\t<div class=\"elementor-widget-wrap elementor-element-populated\">\n\t\t\t\t\t\t<div class=\"elementor-element elementor-element-eecadc6 elementor-widget elementor-widget-wp-widget-ufsm_slider_widget\" data-id=\"eecadc6\" data-element_type=\"widget\" data-widget_type=\"wp-widget-ufsm_slider_widget.default\">\n\t\t\t\t<div class=\"elementor-widget-container\">\n\t\t\t<style>\n.ufsm-slider-progress-bar {\n    position: absolute;\n    left: 0; right: 0; bottom: 0;\n    height: 5px;\n    background: #e6b800; \/* ocre *\/\n    width: 0;\n    transition: none;\n    z-index: 10;\n    border-radius: 0 0 4px 4px;\n    opacity: 0.85;\n}\n.carousel-item {\n    position: relative;\n}\n<\/style>\n<div id='ufsm-slider-1775441603-1775005314' class='carousel slide carousel-ufsm' data-bs-ride='carousel' aria-hidden='true' style=\"\">\n    <div class='carousel-inner'>\n                                <div class='carousel-item active' data-bs-interval='7000'>\n                                    <img decoding=\"async\" class='h-100 w-100' style='max-height:400px; object-fit:cover;' alt=\"\" title=\"\" src=\"https:\/\/www.ufsm.br\/app\/uploads\/sites\/758\/2025\/08\/banner-SAE-evento-JAi-3.jpg\" >\n                \n                <!-- Barra de progresso (apenas se houver mais de uma imagem) -->\n                                    <div class=\"ufsm-slider-progress-bar\"><\/div>\n                \n                            <\/div>\n                                <div class='carousel-item ' data-bs-interval='7000'>\n                                    <img decoding=\"async\" class='h-100 w-100' style='max-height:400px; object-fit:cover;' alt=\"\" title=\"\" src=\"https:\/\/www.ufsm.br\/app\/uploads\/sites\/758\/2025\/08\/banner-SAE-evento-JAi-2.jpg\" >\n                \n                <!-- Barra de progresso (apenas se houver mais de uma imagem) -->\n                                    <div class=\"ufsm-slider-progress-bar\"><\/div>\n                \n                            <\/div>\n                            <ol class='carousel-indicators carousel-indicators-numbers d-none d-md-flex align-self-end m-0'>\n                <li data-bs-target='#ufsm-slider-1775441603-1775005314' data-bs-slide-to='0' class='d-flex rounded-circle active'><span class='m-auto fw-bold'>1<\/span><\/li><li data-bs-target='#ufsm-slider-1775441603-1775005314' data-bs-slide-to='1' class='d-flex rounded-circle '><span class='m-auto fw-bold'>2<\/span><\/li>            <\/ol>\n            <a class='carousel-control-prev' href='#ufsm-slider-1775441603-1775005314' role='button' data-bs-slide='prev'>\n                <span class='carousel-control-prev-icon' aria-hidden='true'><\/span>\n                <span class='visually-hidden'>Anterior<\/span>\n            <\/a>\n            <a class='carousel-control-next' href='#ufsm-slider-1775441603-1775005314' role='button' data-bs-slide='next'>\n                <span class='carousel-control-next-icon' aria-hidden='true'><\/span>\n                <span class='visually-hidden'>Pr\u00f3ximo<\/span>\n            <\/a>\n            <\/div>\n<\/div>\n<script>\n(function(){\n    var carousel = document.getElementById('ufsm-slider-1775441603-1775005314');\n    if (!carousel) return;\n    var tempo = 7000;\n    var bars = carousel.querySelectorAll('.ufsm-slider-progress-bar');\n    var items = carousel.querySelectorAll('.carousel-item');\n    var intervalId = null;\n\n    \/\/ S\u00f3 ativa barra se houver mais de uma imagem\n    if (bars.length < 1) return;\n\n    function resetBars() {\n        bars.forEach(function(bar){ bar.style.width = '0'; bar.style.transition = 'none'; });\n    }\n    function animateBar(idx) {\n        resetBars();\n        var bar = bars[idx];\n        if (!bar) return;\n        \/\/ For\u00e7a reflow para reiniciar a anima\u00e7\u00e3o\n        void bar.offsetWidth;\n        bar.style.transition = 'width ' + (tempo\/1000) + 's linear';\n        bar.style.width = '100%';\n    }\n    function getActiveIdx() {\n        for (var i=0; i<items.length; i++) {\n            if (items[i].classList.contains('active')) return i;\n        }\n        return 0;\n    }\n    function onSlide() {\n        setTimeout(function(){\n            animateBar(getActiveIdx());\n        }, 50);\n    }\n    \/\/ Bootstrap 5: evento 'slid.bs.carousel'\n    carousel.addEventListener('slid.bs.carousel', onSlide);\n    \/\/ Inicializa na primeira imagem\n    animateBar(getActiveIdx());\n    \/\/ Se o usu\u00e1rio interagir manualmente, reinicia a barra\n    carousel.addEventListener('slide.bs.carousel', function(){ resetBars(); });\n})();\n<\/script>\n<ul class='visually-hidden'>\n    <\/ul>\n\t\t<\/div>\n\t\t\t\t<\/div>\n\t\t\t\t\t<\/div>\n\t\t<\/div>\n\t\t\t\t\t<\/div>\n\t\t<\/section>\n\t\t\t\t<section class=\"elementor-section elementor-top-section elementor-element elementor-element-ca5e138 elementor-section-boxed elementor-section-height-default elementor-section-height-default\" data-id=\"ca5e138\" data-element_type=\"section\">\n\t\t\t\t\t\t<div class=\"elementor-container elementor-column-gap-default\">\n\t\t\t\t\t<div class=\"elementor-column elementor-col-100 elementor-top-column elementor-element elementor-element-4729134\" data-id=\"4729134\" data-element_type=\"column\">\n\t\t\t<div class=\"elementor-widget-wrap elementor-element-populated\">\n\t\t\t\t\t\t<div class=\"elementor-element elementor-element-4098291 elementor-widget elementor-widget-heading\" data-id=\"4098291\" data-element_type=\"widget\" data-widget_type=\"heading.default\">\n\t\t\t\t<div class=\"elementor-widget-container\">\n\t\t\t<h1 class=\"elementor-heading-title elementor-size-default\">Sobre o SAE<\/h1>\t\t<\/div>\n\t\t\t\t<\/div>\n\t\t\t\t\t<\/div>\n\t\t<\/div>\n\t\t\t\t\t<\/div>\n\t\t<\/section>\n\t\t\t\t<section class=\"elementor-section elementor-top-section elementor-element elementor-element-f9026ab elementor-section-boxed elementor-section-height-default elementor-section-height-default\" data-id=\"f9026ab\" data-element_type=\"section\">\n\t\t\t\t\t\t<div class=\"elementor-container elementor-column-gap-default\">\n\t\t\t\t\t<div class=\"elementor-column elementor-col-100 elementor-top-column elementor-element elementor-element-d0d0dcb\" data-id=\"d0d0dcb\" data-element_type=\"column\">\n\t\t\t<div class=\"elementor-widget-wrap elementor-element-populated\">\n\t\t\t\t\t\t<div class=\"elementor-element elementor-element-e2e91b1 elementor-widget elementor-widget-text-editor\" data-id=\"e2e91b1\" data-element_type=\"widget\" data-widget_type=\"text-editor.default\">\n\t\t\t\t<div class=\"elementor-widget-container\">\n\t\t\t\t\t\t\t<p>O <b><i>Symposium of Academic Exchange (SAE)<\/i><\/b> \u00e9 uma atividade em apoio \u00e0 Internacionaliza\u00e7\u00e3o, Desafio 1 do Plano de Desenvolvimento Institucional 2016-2026 da UFSM. O SAE desafia os participantes a apresentarem suas pesquisas em l\u00edngua inglesa (como l\u00edngua adicional) , em at\u00e9 cinco minutos, de forma envolvente, para que seja compreendida por um p\u00fablico acad\u00eamico multidisciplinar (n\u00e3o-especialista). Inspirado na competi\u00e7\u00e3o internacional <i>Three Minute Thesis (3MT)<\/i>, o evento tem por objetivos <b>1)<\/b> impulsionar os letramentos acad\u00eamicos em l\u00edngua inglesa, mais especificamente as habilidades de escrita de abstracts e de comunica\u00e7\u00e3o oral em eventos; e <b>2)<\/b> estimular a capacidade dos jovens cientistas em\u00a0n\u00edvel de gradua\u00e7\u00e3o e de p\u00f3s-gradua\u00e7\u00e3o em apresentar sua pesquisa para p\u00fablicos multidisciplinares, evidenciando os potenciais impactos para a comunidade. A partir de sua terceira edi\u00e7\u00e3o (2023), o SAE inclui um o objetivo <b>3)<\/b> via <b><i>SAE High School<\/i><\/b>, estimular estudantes de n\u00edvel m\u00e9dio a compartilharem experi\u00eancias de aplica\u00e7\u00e3o pr\u00e1tica de conceitos aprendidos na escola.<\/p><p>O SAE \u00e9 realizado com o apoio institucional da Secret\u00e1ria de Apoio Internacional (SAI), da Pr\u00f3-reitoria de P\u00f3s-gradua\u00e7\u00e3o e Pesquisa (PRPGP) e do Programa de P\u00f3s-Gradua\u00e7\u00e3o em Letras (PPGL)<\/p><p>\u00a0<\/p><p><b>Comiss\u00e3o Organizadora Permanente:<\/b><\/p><p>Profa. Dra. Ros\u00e9li Gon\u00e7alves do Nascimento &#8211; Presidente<\/p><p><span style=\"color: #000000;font-size: 1rem;font-weight: var( --e-global-typography-text-font-weight );text-align: var(--bs-body-text-align)\">Gabriel Salinet Rodrigues<\/span><\/p><p>Juliana Michelon Ribeiro<\/p><p>Patricia Streppel Hartemink<\/p>\t\t\t\t\t\t<\/div>\n\t\t\t\t<\/div>\n\t\t\t\t\t<\/div>\n\t\t<\/div>\n\t\t\t\t\t<\/div>\n\t\t<\/section>\n\t\t\t\t<section class=\"elementor-section elementor-top-section elementor-element elementor-element-90f703b elementor-section-boxed elementor-section-height-default elementor-section-height-default\" data-id=\"90f703b\" data-element_type=\"section\">\n\t\t\t\t\t\t<div class=\"elementor-container elementor-column-gap-default\">\n\t\t\t\t\t<div class=\"elementor-column elementor-col-100 elementor-top-column elementor-element elementor-element-6c70fca\" data-id=\"6c70fca\" data-element_type=\"column\">\n\t\t\t<div class=\"elementor-widget-wrap elementor-element-populated\">\n\t\t\t\t\t\t<div class=\"elementor-element elementor-element-1c4a92e elementor-widget elementor-widget-heading\" data-id=\"1c4a92e\" data-element_type=\"widget\" data-widget_type=\"heading.default\">\n\t\t\t\t<div class=\"elementor-widget-container\">\n\t\t\t<h5 class=\"elementor-heading-title elementor-size-default\">I SAE (2019)<\/h5>\t\t<\/div>\n\t\t\t\t<\/div>\n\t\t\t\t<div class=\"elementor-element elementor-element-72f1552 elementor-widget elementor-widget-text-editor\" data-id=\"72f1552\" data-element_type=\"widget\" data-widget_type=\"text-editor.default\">\n\t\t\t\t<div class=\"elementor-widget-container\">\n\t\t\t\t\t\t\t<p>Realizado pela equipe de ingl\u00eas do ent\u00e3o N\u00facleo de L\u00ednguas do Programa Idiomas sem Fronteiras na UFSM<\/p>\n<p><a href=\"https:\/\/www.ufsm.br\/orgaos-de-apoio\/sai\/2019\/10\/10\/i-symposium-of-academic-exchange\" target=\"_blank\" rel=\"noopener\">SAE 2019<\/a><\/p>\t\t\t\t\t\t<\/div>\n\t\t\t\t<\/div>\n\t\t\t\t\t<\/div>\n\t\t<\/div>\n\t\t\t\t\t<\/div>\n\t\t<\/section>\n\t\t\t\t<section class=\"elementor-section elementor-top-section elementor-element elementor-element-077c7c4 elementor-section-boxed elementor-section-height-default elementor-section-height-default\" data-id=\"077c7c4\" data-element_type=\"section\">\n\t\t\t\t\t\t<div class=\"elementor-container elementor-column-gap-default\">\n\t\t\t\t\t<div class=\"elementor-column elementor-col-100 elementor-top-column elementor-element elementor-element-097d2f1\" data-id=\"097d2f1\" data-element_type=\"column\">\n\t\t\t<div class=\"elementor-widget-wrap elementor-element-populated\">\n\t\t\t\t\t\t<div class=\"elementor-element elementor-element-c6d917b elementor-widget elementor-widget-heading\" data-id=\"c6d917b\" data-element_type=\"widget\" data-widget_type=\"heading.default\">\n\t\t\t\t<div class=\"elementor-widget-container\">\n\t\t\t<h5 class=\"elementor-heading-title elementor-size-default\">II SAE (2022)<\/h5>\t\t<\/div>\n\t\t\t\t<\/div>\n\t\t\t\t<div class=\"elementor-element elementor-element-cf4074b elementor-widget elementor-widget-text-editor\" data-id=\"cf4074b\" data-element_type=\"widget\" data-widget_type=\"text-editor.default\">\n\t\t\t\t<div class=\"elementor-widget-container\">\n\t\t\t\t\t\t\t<p>Evento articulado pelo\u00a0<a style=\"font-size: 1rem;font-weight: var( --e-global-typography-text-font-weight );text-align: var(--bs-body-text-align)\" href=\"https:\/\/www.ufsm.br\/orgaos-de-apoio\/sai\/eventos\/io-simposio-academico-internacional\" target=\"_blank\" rel=\"noopener\">Simp\u00f3sio de Interc\u00e2mbio Acad\u00eamico<\/a>\u00a0(SIA)<\/p><p>Documentos do II SAE:\u00a0<a style=\"font-size: 1rem;font-weight: var( --e-global-typography-text-font-weight );text-align: var(--bs-body-text-align)\" href=\"https:\/\/www.ufsm.br\/unidades-universitarias\/cal\/editais\/001-2022-10\" target=\"_blank\" rel=\"noopener\">Link<\/a><\/p><p><b><i>Proceedings of the II SAE<\/i><\/b>:\u00a0<a style=\"font-size: 1rem;font-weight: var( --e-global-typography-text-font-weight );text-align: var(--bs-body-text-align)\" href=\"https:\/\/www.ufsm.br\/app\/uploads\/sites\/758\/2023\/11\/II-SAE-Proceedings-final.pdf\" target=\"_blank\" rel=\"noopener\">Link<\/a><\/p>\t\t\t\t\t\t<\/div>\n\t\t\t\t<\/div>\n\t\t\t\t\t<\/div>\n\t\t<\/div>\n\t\t\t\t\t<\/div>\n\t\t<\/section>\n\t\t\t\t<section class=\"elementor-section elementor-top-section elementor-element elementor-element-6b6b896 elementor-section-boxed elementor-section-height-default elementor-section-height-default\" data-id=\"6b6b896\" data-element_type=\"section\">\n\t\t\t\t\t\t<div class=\"elementor-container elementor-column-gap-default\">\n\t\t\t\t\t<div class=\"elementor-column elementor-col-100 elementor-top-column elementor-element elementor-element-7528204\" data-id=\"7528204\" data-element_type=\"column\">\n\t\t\t<div class=\"elementor-widget-wrap elementor-element-populated\">\n\t\t\t\t\t\t<div class=\"elementor-element elementor-element-c1190be elementor-widget elementor-widget-heading\" data-id=\"c1190be\" data-element_type=\"widget\" data-widget_type=\"heading.default\">\n\t\t\t\t<div class=\"elementor-widget-container\">\n\t\t\t<h5 class=\"elementor-heading-title elementor-size-default\">III SAE (2023)<\/h5>\t\t<\/div>\n\t\t\t\t<\/div>\n\t\t\t\t<div class=\"elementor-element elementor-element-482abed elementor-widget elementor-widget-text-editor\" data-id=\"482abed\" data-element_type=\"widget\" data-widget_type=\"text-editor.default\">\n\t\t\t\t<div class=\"elementor-widget-container\">\n\t\t\t\t\t\t\t<p>Evento articulado pelo\u00a0<a style=\"font-size: 1rem;font-weight: var( --e-global-typography-text-font-weight );text-align: var(--bs-body-text-align)\" href=\"https:\/\/www.ufsm.br\/orgaos-de-apoio\/sai\/eventos\/iio-simposio-de-intercambio-academico\" target=\"_blank\" rel=\"noopener\">SIA 2023<\/a><\/p><p>Documentos do III SAE:\u00a0<a style=\"font-size: 1rem;font-weight: var( --e-global-typography-text-font-weight );text-align: var(--bs-body-text-align)\" href=\"https:\/\/www.ufsm.br\/unidades-universitarias\/cal\/editais\/001-2023-35\" target=\"_blank\" rel=\"noopener\">Link<\/a><\/p><p>Proceedings of the III SAE: <a href=\"https:\/\/www.ufsm.br\/app\/uploads\/sites\/758\/2024\/12\/Proceedings-III-SAE.pdf\"><b>Link<\/b><\/a><\/p>\t\t\t\t\t\t<\/div>\n\t\t\t\t<\/div>\n\t\t\t\t\t<\/div>\n\t\t<\/div>\n\t\t\t\t\t<\/div>\n\t\t<\/section>\n\t\t\t\t<section class=\"elementor-section elementor-top-section elementor-element elementor-element-f060182 elementor-section-boxed elementor-section-height-default elementor-section-height-default\" data-id=\"f060182\" data-element_type=\"section\">\n\t\t\t\t\t\t<div class=\"elementor-container elementor-column-gap-default\">\n\t\t\t\t\t<div class=\"elementor-column elementor-col-100 elementor-top-column elementor-element elementor-element-6e2aa5c\" data-id=\"6e2aa5c\" data-element_type=\"column\">\n\t\t\t<div class=\"elementor-widget-wrap elementor-element-populated\">\n\t\t\t\t\t\t<div class=\"elementor-element elementor-element-ee52b0e elementor-widget elementor-widget-heading\" data-id=\"ee52b0e\" data-element_type=\"widget\" data-widget_type=\"heading.default\">\n\t\t\t\t<div class=\"elementor-widget-container\">\n\t\t\t<h5 class=\"elementor-heading-title elementor-size-default\">IV SAE (2024)<\/h5>\t\t<\/div>\n\t\t\t\t<\/div>\n\t\t\t\t<div class=\"elementor-element elementor-element-148f032 elementor-widget elementor-widget-text-editor\" data-id=\"148f032\" data-element_type=\"widget\" data-widget_type=\"text-editor.default\">\n\t\t\t\t<div class=\"elementor-widget-container\">\n\t\t\t\t\t\t\t<p>Evento articulado pelo\u00a0SIA 2024<\/p><p>Edital do IV SAE:<b>\u00a0<\/b><a style=\"font-weight: var( --e-global-typography-text-font-weight );text-align: var(--bs-body-text-align)\" href=\"https:\/\/www.ufsm.br\/laboratorios\/labler\/editais\/008-2024\" target=\"_blank\" rel=\"noopener\">Link<\/a><\/p><p>Proceedings of the IV SAE: <a href=\"https:\/\/www.ufsm.br\/app\/uploads\/sites\/758\/2024\/12\/Proceedings-IV-SAE.pdf\"><b>Link<\/b><\/a><\/p>\t\t\t\t\t\t<\/div>\n\t\t\t\t<\/div>\n\t\t\t\t\t<\/div>\n\t\t<\/div>\n\t\t\t\t\t<\/div>\n\t\t<\/section>\n\t\t\t\t<section class=\"elementor-section elementor-top-section elementor-element elementor-element-2bd298f elementor-section-boxed elementor-section-height-default elementor-section-height-default\" data-id=\"2bd298f\" data-element_type=\"section\">\n\t\t\t\t\t\t<div class=\"elementor-container elementor-column-gap-default\">\n\t\t\t\t\t<div class=\"elementor-column elementor-col-100 elementor-top-column elementor-element elementor-element-fc4bb19\" data-id=\"fc4bb19\" data-element_type=\"column\">\n\t\t\t<div class=\"elementor-widget-wrap elementor-element-populated\">\n\t\t\t\t\t\t<div class=\"elementor-element elementor-element-5df8280 elementor-widget elementor-widget-heading\" data-id=\"5df8280\" data-element_type=\"widget\" data-widget_type=\"heading.default\">\n\t\t\t\t<div class=\"elementor-widget-container\">\n\t\t\t<h5 class=\"elementor-heading-title elementor-size-default\">V SAE (2025)<\/h5>\t\t<\/div>\n\t\t\t\t<\/div>\n\t\t\t\t<div class=\"elementor-element elementor-element-1da58d9 elementor-widget elementor-widget-text-editor\" data-id=\"1da58d9\" data-element_type=\"widget\" data-widget_type=\"text-editor.default\">\n\t\t\t\t<div class=\"elementor-widget-container\">\n\t\t\t\t\t\t\t<p>Evento Articulado pelo SIA 2025, como parte do <a href=\"https:\/\/www.ufsm.br\/pro-reitorias\/prpgp\/jai\/intersummit\">Internationalization Research Summit (InteRSummit)<\/a><\/p>\n<p>1st Newsletter: <a href=\"https:\/\/www.ufsm.br\/app\/uploads\/sites\/758\/2025\/08\/1st-Newsletter-SIA-2025.docx.pdf\" target=\"_blank\" rel=\"noopener\"><b>Link<\/b><\/a><\/p>\n<p>2nd Newsletter:&nbsp;<a style=\"font-size: 1rem\" href=\"https:\/\/www.ufsm.br\/app\/uploads\/sites\/758\/2025\/09\/2nd-Newsletter-SIA-2025-English.docx-1.pdf\" target=\"_blank\" rel=\"noopener\"><b>Link<\/b><\/a><\/p>\n<p>Edital do V SAE:&nbsp;<a style=\"font-size: 1rem\" href=\"https:\/\/www.ufsm.br\/laboratorios\/labler\/editais\/007-2025\" target=\"_blank\" rel=\"noopener\"><b>Link<\/b><\/a><\/p>\n<p>Proceedings of the V SAE:&nbsp;<a href=\"https:\/\/www.ufsm.br\/app\/uploads\/sites\/758\/2025\/12\/Proceedings-V-SAE_final.pdf\" target=\"_blank\"><b>Link<\/b><\/a><\/p>\t\t\t\t\t\t<\/div>\n\t\t\t\t<\/div>\n\t\t\t\t\t<\/div>\n\t\t<\/div>\n\t\t\t\t\t<\/div>\n\t\t<\/section>\n\t\t\t\t<\/div>\n\t\t","protected":false},"excerpt":{"rendered":"<p>Sobre o SAE O Symposium of Academic Exchange (SAE) \u00e9 uma atividade em apoio \u00e0 Internacionaliza\u00e7\u00e3o, Desafio 1 do Plano de Desenvolvimento Institucional 2016-2026 da UFSM. O SAE desafia os participantes a apresentarem suas pesquisas em l\u00edngua inglesa (como l\u00edngua adicional) , em at\u00e9 cinco minutos, de forma envolvente, para que seja compreendida por um [&hellip;]<\/p>\n","protected":false},"author":5019,"featured_media":0,"parent":0,"menu_order":0,"comment_status":"closed","ping_status":"closed","template":"","meta":{"footnotes":""},"categories":[],"tags":[],"class_list":["post-58","page","type-page","status-publish","hentry"],"acf":[],"_links":{"self":[{"href":"https:\/\/www.ufsm.br\/laboratorios\/labler\/wp-json\/wp\/v2\/pages\/58","targetHints":{"allow":["GET"]}}],"collection":[{"href":"https:\/\/www.ufsm.br\/laboratorios\/labler\/wp-json\/wp\/v2\/pages"}],"about":[{"href":"https:\/\/www.ufsm.br\/laboratorios\/labler\/wp-json\/wp\/v2\/types\/page"}],"author":[{"embeddable":true,"href":"https:\/\/www.ufsm.br\/laboratorios\/labler\/wp-json\/wp\/v2\/users\/5019"}],"replies":[{"embeddable":true,"href":"https:\/\/www.ufsm.br\/laboratorios\/labler\/wp-json\/wp\/v2\/comments?post=58"}],"version-history":[{"count":0,"href":"https:\/\/www.ufsm.br\/laboratorios\/labler\/wp-json\/wp\/v2\/pages\/58\/revisions"}],"wp:attachment":[{"href":"https:\/\/www.ufsm.br\/laboratorios\/labler\/wp-json\/wp\/v2\/media?parent=58"}],"wp:term":[{"taxonomy":"category","embeddable":true,"href":"https:\/\/www.ufsm.br\/laboratorios\/labler\/wp-json\/wp\/v2\/categories?post=58"},{"taxonomy":"post_tag","embeddable":true,"href":"https:\/\/www.ufsm.br\/laboratorios\/labler\/wp-json\/wp\/v2\/tags?post=58"}],"curies":[{"name":"wp","href":"https:\/\/api.w.org\/{rel}","templated":true}]}}