{"id":121,"date":"2019-09-27T11:03:29","date_gmt":"2019-09-27T14:03:29","guid":{"rendered":"https:\/\/www.ufsm.br\/laboratorios\/lablin\/?page_id=121"},"modified":"2022-10-10T14:49:02","modified_gmt":"2022-10-10T17:49:02","slug":"agendamentos","status":"publish","type":"page","link":"https:\/\/www.ufsm.br\/laboratorios\/lablin\/agendamentos","title":{"rendered":"Agendamentos"},"content":{"rendered":"\n<p><span style=\"color: #000000\"><strong><span style=\"text-align: left;text-transform: none;text-indent: 0px;letter-spacing: normal;font-family: Georgia,'Times New Roman','Bitstream Charter',Times,serif;font-size: 16px;font-style: normal;font-variant: normal;text-decoration: none;cursor: text;float: none;background-color: transparent\">\u00c9 poss\u00edvel consultar os agendamentos de salas do Laborat\u00f3rio de L\u00ednguas pela tabela abaixo(atualiza\u00e7\u00f5es feitas semanalmente)<\/span><span style=\"text-align: left;text-transform: none;text-indent: 0px;letter-spacing: normal;font-family: Georgia,'Times New Roman','Bitstream Charter',Times,serif;font-size: 16px;font-style: normal;font-variant: normal;text-decoration: none;cursor: text;float: none;background-color: transparent\">.<\/span><\/strong><\/span><\/p>\n<table class=\"aligncenter\" style=\"height: 246px;width: 99.9994%;border-collapse: collapse;border-color: #000000\" border=\"1\">\n<tbody>\n<tr style=\"height: 25px\">\n<td style=\"width: 16.6667%;height: 25px\">Hor\u00e1rio \/ Dia<\/td>\n<td style=\"width: 16.6667%;height: 25px\">Segunda<\/td>\n<td style=\"width: 16.6667%;height: 25px\">Ter\u00e7a<\/td>\n<td style=\"width: 16.6667%;height: 25px\">Quarta<\/td>\n<td style=\"width: 16.6667%;height: 25px\">Quinta\u00a0<\/td>\n<td style=\"width: 16.6667%;height: 25px\">Sexta<\/td>\n<\/tr>\n<tr style=\"height: 23px\">\n<td style=\"width: 16.6667%;height: 23px\">8:30-10:30<\/td>\n<td style=\"width: 16.6667%;height: 23px\"><span style=\"background-color: #008000\">\u00a0 \u00a0 \u00a0 \u00a0 \u00a0 \u00a0 \u00a0 \u00a0 \u00a0 \u00a0 \u00a0 \u00a0 \u00a0 \u00a0 \u00a0 \u00a0 \u00a0 \u00a0 \u00a0 \u00a0<\/span><\/td>\n<td style=\"width: 16.6667%;height: 23px\"><span style=\"background-color: #008000\">\u00a0 \u00a0 \u00a0 \u00a0 \u00a0 \u00a0 \u00a0 \u00a0 \u00a0 \u00a0 \u00a0 \u00a0 \u00a0 \u00a0 \u00a0 \u00a0 \u00a0 \u00a0 \u00a0 <\/span>\u00a0<\/td>\n<td style=\"width: 16.6667%;height: 23px\"><span style=\"background-color: #008000\">\u00a0 \u00a0 \u00a0 \u00a0 \u00a0 \u00a0 \u00a0 \u00a0 \u00a0 \u00a0 \u00a0 \u00a0 \u00a0 \u00a0 \u00a0 \u00a0 \u00a0 \u00a0 \u00a0 \u00a0<\/span><\/td>\n<td style=\"width: 16.6667%;height: 23px\"><span style=\"background-color: #008000\">\u00a0 \u00a0 \u00a0 \u00a0 \u00a0 \u00a0 \u00a0 \u00a0 \u00a0 \u00a0 \u00a0 \u00a0 \u00a0 \u00a0 \u00a0 \u00a0 \u00a0 \u00a0 \u00a0 \u00a0<\/span><\/td>\n<td style=\"width: 16.6667%;height: 23px\"><span style=\"background-color: #008000\">\u00a0 \u00a0 \u00a0 \u00a0 \u00a0 \u00a0 \u00a0 \u00a0 \u00a0 \u00a0 \u00a0 \u00a0 \u00a0 \u00a0 \u00a0 \u00a0 \u00a0 \u00a0 \u00a0 \u00a0<\/span><\/td>\n<\/tr>\n<tr style=\"height: 23px\">\n<td style=\"width: 16.6667%;height: 23px\">10:30-12:00<\/td>\n<td style=\"width: 16.6667%;height: 23px\"><span style=\"background-color: #008000\">\u00a0 \u00a0 \u00a0 \u00a0 \u00a0 \u00a0 \u00a0 \u00a0 \u00a0 \u00a0 \u00a0 \u00a0 \u00a0 \u00a0 \u00a0 \u00a0 \u00a0 \u00a0 \u00a0 <\/span>\u00a0<\/td>\n<td style=\"width: 16.6667%;height: 23px\"><span style=\"background-color: #008000\">\u00a0 \u00a0 \u00a0 \u00a0 \u00a0 \u00a0 \u00a0 \u00a0 \u00a0 \u00a0 \u00a0 \u00a0 \u00a0 \u00a0 \u00a0 \u00a0 \u00a0 \u00a0 \u00a0 \u00a0<\/span><\/td>\n<td style=\"width: 16.6667%;height: 23px\"><span style=\"background-color: #008000\">\u00a0 \u00a0 \u00a0 \u00a0 \u00a0 \u00a0 \u00a0 \u00a0 \u00a0 \u00a0 \u00a0 \u00a0 \u00a0 \u00a0 \u00a0 \u00a0 \u00a0 \u00a0 \u00a0 \u00a0<\/span><\/td>\n<td style=\"width: 16.6667%;height: 23px\"><span style=\"background-color: #008000\">\u00a0 \u00a0 \u00a0 \u00a0 \u00a0 \u00a0 \u00a0 \u00a0 \u00a0 \u00a0 \u00a0 \u00a0 \u00a0 \u00a0 \u00a0 \u00a0 \u00a0 \u00a0 \u00a0 \u00a0<\/span><\/td>\n<td style=\"width: 16.6667%;height: 23px\"><span style=\"background-color: #008000\">\u00a0 \u00a0 \u00a0 \u00a0 \u00a0 \u00a0 \u00a0 \u00a0 \u00a0 \u00a0 \u00a0 \u00a0 \u00a0 \u00a0 \u00a0 \u00a0 \u00a0 \u00a0 \u00a0 \u00a0<\/span><\/td>\n<\/tr>\n<tr style=\"height: 23px\">\n<td style=\"width: 16.6667%;height: 23px\">Almo\u00e7o<\/td>\n<td style=\"width: 16.6667%;height: 23px\">\u00a0<\/td>\n<td style=\"width: 16.6667%;height: 23px\">\u00a0<\/td>\n<td style=\"width: 16.6667%;height: 23px\">\u00a0<\/td>\n<td style=\"width: 16.6667%;height: 23px\">\u00a0<\/td>\n<td style=\"width: 16.6667%;height: 23px\">\u00a0<\/td>\n<\/tr>\n<tr style=\"height: 10px\">\n<td style=\"width: 16.6667%;height: 10px\">13:30-15:00<\/td>\n<td style=\"width: 16.6667%;height: 10px\"><span style=\"background-color: #008000\">\u00a0 \u00a0 \u00a0 \u00a0 \u00a0 \u00a0 \u00a0 \u00a0 \u00a0 \u00a0 \u00a0 \u00a0 \u00a0 \u00a0 \u00a0 \u00a0 \u00a0 \u00a0 \u00a0 <\/span>\u00a0<\/td>\n<td style=\"width: 16.6667%;height: 10px\"><span style=\"background-color: #008000\">\u00a0 \u00a0 \u00a0 \u00a0 \u00a0 \u00a0 \u00a0 \u00a0 \u00a0 \u00a0 \u00a0 \u00a0 \u00a0 \u00a0 \u00a0 \u00a0 \u00a0 \u00a0 \u00a0 \u00a0<\/span><\/td>\n<td style=\"width: 16.6667%;height: 10px\"><span style=\"background-color: #008000\">\u00a0 \u00a0 \u00a0 \u00a0 \u00a0 \u00a0 \u00a0 \u00a0 \u00a0 \u00a0 \u00a0 \u00a0 \u00a0 \u00a0 \u00a0 \u00a0 \u00a0 \u00a0 \u00a0 \u00a0<\/span><\/td>\n<td style=\"width: 16.6667%;height: 10px\"><span style=\"background-color: #008000\">\u00a0 \u00a0 \u00a0 \u00a0 \u00a0 \u00a0 \u00a0 \u00a0 \u00a0 \u00a0 \u00a0 \u00a0 \u00a0 \u00a0 \u00a0 \u00a0 \u00a0 \u00a0 \u00a0 \u00a0<\/span><\/td>\n<td style=\"width: 16.6667%;height: 10px\"><span style=\"background-color: #008000\">\u00a0 \u00a0 \u00a0 \u00a0 \u00a0 \u00a0 \u00a0 \u00a0 \u00a0 \u00a0 \u00a0 \u00a0 \u00a0 \u00a0 \u00a0 \u00a0 \u00a0 \u00a0 \u00a0 \u00a0<\/span><\/td>\n<\/tr>\n<tr style=\"height: 21px\">\n<td style=\"width: 16.6667%;height: 21px\">15:00 &#8211; 17:00<\/td>\n<td style=\"width: 16.6667%;height: 21px\"><span style=\"background-color: #008000\">\u00a0 \u00a0 \u00a0 \u00a0 \u00a0 \u00a0 \u00a0 \u00a0 \u00a0 \u00a0 \u00a0 \u00a0 \u00a0 \u00a0 \u00a0 \u00a0 \u00a0 \u00a0 \u00a0 <\/span>\u00a0<\/td>\n<td style=\"width: 16.6667%;height: 21px\"><span style=\"background-color: #008000\">\u00a0 \u00a0 \u00a0 \u00a0 \u00a0 \u00a0 \u00a0 \u00a0 \u00a0 \u00a0 \u00a0 \u00a0 \u00a0 \u00a0 \u00a0 \u00a0 \u00a0 \u00a0 \u00a0 \u00a0<\/span><\/td>\n<td style=\"width: 16.6667%;height: 21px\"><span style=\"background-color: #008000\">\u00a0 \u00a0 \u00a0 \u00a0 \u00a0 \u00a0 \u00a0 \u00a0 \u00a0 \u00a0 \u00a0 \u00a0 \u00a0 \u00a0 \u00a0 \u00a0 \u00a0 \u00a0 \u00a0 \u00a0<\/span><\/td>\n<td style=\"width: 16.6667%;height: 21px\"><span style=\"background-color: #008000\">\u00a0 \u00a0 \u00a0 \u00a0 \u00a0 \u00a0 \u00a0 \u00a0 \u00a0 \u00a0 \u00a0 \u00a0 \u00a0 \u00a0 \u00a0 \u00a0 \u00a0 \u00a0 \u00a0 \u00a0<\/span><\/td>\n<td style=\"width: 16.6667%;height: 21px\"><span style=\"background-color: #008000\">\u00a0 \u00a0 \u00a0 \u00a0 \u00a0 \u00a0 \u00a0 \u00a0 \u00a0 \u00a0 \u00a0 \u00a0 \u00a0 \u00a0 \u00a0 \u00a0 \u00a0 \u00a0 \u00a0 \u00a0<\/span><\/td>\n<\/tr>\n<\/tbody>\n<\/table>\n<p><span style=\"color: #339966;font-size: revert\">*Em verde hor\u00e1rios livres<\/span><\/p>\n<p><span style=\"color: #ff0000\">**Vermelho hor\u00e1rios ocupados<\/span><\/p>\n<p><b>Solicite o hor\u00e1rio que deseja fazer uso do Laborat\u00f3rio de L\u00ednguas\u00a0atrav\u00e9s deste <\/b><a style=\"font-weight: bold\" href=\"https:\/\/forms.gle\/CtSgcEBZe1YpG9mg9\">forms<\/a><b>.<\/b><\/p>\n","protected":false},"excerpt":{"rendered":"<p>\u00c9 poss\u00edvel consultar os agendamentos de salas do Laborat\u00f3rio de L\u00ednguas pela tabela abaixo(atualiza\u00e7\u00f5es feitas semanalmente). Hor\u00e1rio \/ Dia Segunda Ter\u00e7a Quarta Quinta\u00a0 Sexta 8:30-10:30 \u00a0 \u00a0 \u00a0 \u00a0 \u00a0 \u00a0 \u00a0 \u00a0 \u00a0 \u00a0 \u00a0 \u00a0 \u00a0 \u00a0 \u00a0 \u00a0 \u00a0 \u00a0 \u00a0 \u00a0 \u00a0 \u00a0 \u00a0 \u00a0 \u00a0 \u00a0 \u00a0 \u00a0 \u00a0 \u00a0 [&hellip;]<\/p>\n","protected":false},"author":1359,"featured_media":0,"parent":0,"menu_order":0,"comment_status":"closed","ping_status":"closed","template":"","meta":{"footnotes":""},"categories":[],"tags":[],"class_list":["post-121","page","type-page","status-publish","hentry"],"acf":[],"_links":{"self":[{"href":"https:\/\/www.ufsm.br\/laboratorios\/lablin\/wp-json\/wp\/v2\/pages\/121","targetHints":{"allow":["GET"]}}],"collection":[{"href":"https:\/\/www.ufsm.br\/laboratorios\/lablin\/wp-json\/wp\/v2\/pages"}],"about":[{"href":"https:\/\/www.ufsm.br\/laboratorios\/lablin\/wp-json\/wp\/v2\/types\/page"}],"author":[{"embeddable":true,"href":"https:\/\/www.ufsm.br\/laboratorios\/lablin\/wp-json\/wp\/v2\/users\/1359"}],"replies":[{"embeddable":true,"href":"https:\/\/www.ufsm.br\/laboratorios\/lablin\/wp-json\/wp\/v2\/comments?post=121"}],"version-history":[{"count":0,"href":"https:\/\/www.ufsm.br\/laboratorios\/lablin\/wp-json\/wp\/v2\/pages\/121\/revisions"}],"wp:attachment":[{"href":"https:\/\/www.ufsm.br\/laboratorios\/lablin\/wp-json\/wp\/v2\/media?parent=121"}],"wp:term":[{"taxonomy":"category","embeddable":true,"href":"https:\/\/www.ufsm.br\/laboratorios\/lablin\/wp-json\/wp\/v2\/categories?post=121"},{"taxonomy":"post_tag","embeddable":true,"href":"https:\/\/www.ufsm.br\/laboratorios\/lablin\/wp-json\/wp\/v2\/tags?post=121"}],"curies":[{"name":"wp","href":"https:\/\/api.w.org\/{rel}","templated":true}]}}