{"id":23,"date":"2019-05-14T17:02:03","date_gmt":"2019-05-14T20:02:03","guid":{"rendered":"https:\/\/www.ufsm.br\/template-laboratprio\/?page_id=23"},"modified":"2023-04-12T14:58:08","modified_gmt":"2023-04-12T17:58:08","slug":"equipe","status":"publish","type":"page","link":"https:\/\/www.ufsm.br\/laboratorios\/lablin\/equipe","title":{"rendered":"Equipe"},"content":{"rendered":"\n<p>&nbsp;<\/p>\n<p><strong>Coordena\u00e7\u00e3o Pedag\u00f3gica e Administrativa&nbsp;<\/strong><\/p>\n\n\n\n<h4>Prof. Dra. Susana Cristina dos Reis\u00a0<\/h4>\n<p>Coordenadora do Projeto LabEOn e professora adjunto do Curso de Letras da UFSM. Possui gradua\u00e7\u00e3o em Letras \u2013 Habilita\u00e7\u00e3o em L\u00edngua Inglesa pela Universidade Federal de Santa Maria (2001), mestrado em Lingu\u00edstica Aplicada pela Universidade Estadual de Campinas (2004) e Doutorado em Letras pela Unversidade Federal de Santa Maria. Foi bolsista no Programa de Est\u00e1gio de Doutorado no Exterior, na Iowa State University. Tem experi\u00eancia na \u00e1rea de Letras, com \u00eanfase em Ingl\u00eas, atuando principalmente nos seguintes temas: ensino de l\u00ednguas mediado por computador, ensino a dist\u00e2ncia, ensino de leitura em lingua inglesa, educa\u00e7\u00e3o a dist\u00e2ncia. Tem desenvolvido pesquisas sobre games online,letramento digital, forma\u00e7\u00e3o (continuada) de professores para o contexto digital, Elabora\u00e7\u00e3o de material did\u00e1tico digital e EAD.<br \/><a href=\"http:\/\/buscatextual.cnpq.br\/buscatextual\/visualizacv.do?id=K4708267A7\">Acesso ao curr\u00edculo Lattes.<\/a><\/p>\n<h3 class=\"entry-title\">Bolsistas Administrativos\u00a0 e Colaboradores do Lablin\u00a0<\/h3>\n<h3>\u00a0<\/h3>\n<h3><strong>Bolsistas 2023<\/strong>:<\/h3>\n<p>\u00a0<\/p>\n<p>\u00a0<\/p>\n<h3><strong>Bolsistas 2022<\/strong> :<\/h3>\n<p><strong>Renan Vinicius Nikodem Bick<\/strong><\/p>\n<p>Bolsista do Laborat\u00f3rio de L\u00ednguas (LabLin) , graduando em Sistemas de Informa\u00e7\u00e3o. Possui exp\u00eariencia com desenvolvimento web, linguagens de alto nivel e desenvolvimento de jogos. Atua nas salas do LabLin com os agendamentos, manuten\u00e7\u00f5es e desenvolvimento.<\/p>\n<p><a href=\"http:\/\/lattes.cnpq.br\/1700536329342601\">Acesso ao curr\u00edculo Lattes.<\/a><\/p>\n<p><strong>Quelvin Siqueira Gazen<\/strong><\/p>\n<p>Bolsista administrativo Lablin\/LabEOn;<\/p>\n<p>Graduando em Letras &#8211; Ingl\u00eas;<\/p>\n<p><a href=\"http:\/\/lattes.cnpq.br\/5626188326138878\">Acesso ao curr\u00edculo Lattes.<\/a><\/p>\n<p>\u00a0<\/p>\n<p>\u00a0<\/p>\n<p>\u00a0<\/p>\n","protected":false},"excerpt":{"rendered":"<p>&nbsp; Coordena\u00e7\u00e3o Pedag\u00f3gica e Administrativa&nbsp; Prof. Dra. Susana Cristina dos Reis\u00a0 Coordenadora do Projeto LabEOn e professora adjunto do Curso de Letras da UFSM. Possui gradua\u00e7\u00e3o em Letras \u2013 Habilita\u00e7\u00e3o em L\u00edngua Inglesa pela Universidade Federal de Santa Maria (2001), mestrado em Lingu\u00edstica Aplicada pela Universidade Estadual de Campinas (2004) e Doutorado em Letras pela [&hellip;]<\/p>\n","protected":false},"author":124,"featured_media":0,"parent":0,"menu_order":0,"comment_status":"closed","ping_status":"closed","template":"","meta":{"footnotes":""},"categories":[],"tags":[],"class_list":["post-23","page","type-page","status-publish","hentry"],"acf":[],"_links":{"self":[{"href":"https:\/\/www.ufsm.br\/laboratorios\/lablin\/wp-json\/wp\/v2\/pages\/23","targetHints":{"allow":["GET"]}}],"collection":[{"href":"https:\/\/www.ufsm.br\/laboratorios\/lablin\/wp-json\/wp\/v2\/pages"}],"about":[{"href":"https:\/\/www.ufsm.br\/laboratorios\/lablin\/wp-json\/wp\/v2\/types\/page"}],"author":[{"embeddable":true,"href":"https:\/\/www.ufsm.br\/laboratorios\/lablin\/wp-json\/wp\/v2\/users\/124"}],"replies":[{"embeddable":true,"href":"https:\/\/www.ufsm.br\/laboratorios\/lablin\/wp-json\/wp\/v2\/comments?post=23"}],"version-history":[{"count":0,"href":"https:\/\/www.ufsm.br\/laboratorios\/lablin\/wp-json\/wp\/v2\/pages\/23\/revisions"}],"wp:attachment":[{"href":"https:\/\/www.ufsm.br\/laboratorios\/lablin\/wp-json\/wp\/v2\/media?parent=23"}],"wp:term":[{"taxonomy":"category","embeddable":true,"href":"https:\/\/www.ufsm.br\/laboratorios\/lablin\/wp-json\/wp\/v2\/categories?post=23"},{"taxonomy":"post_tag","embeddable":true,"href":"https:\/\/www.ufsm.br\/laboratorios\/lablin\/wp-json\/wp\/v2\/tags?post=23"}],"curies":[{"name":"wp","href":"https:\/\/api.w.org\/{rel}","templated":true}]}}