{"id":24,"date":"2019-05-14T17:02:52","date_gmt":"2019-05-14T20:02:52","guid":{"rendered":"https:\/\/www.ufsm.br\/template-laboratprio\/?page_id=24"},"modified":"2022-10-20T09:52:59","modified_gmt":"2022-10-20T12:52:59","slug":"infraestrutura","status":"publish","type":"page","link":"https:\/\/www.ufsm.br\/laboratorios\/lablin\/infraestrutura","title":{"rendered":"Infraestrutura"},"content":{"rendered":"\n<p><span style=\"font-weight: 400\">O LabLin foi reinaugurado em 1\u00ba de Abril de 2015. A partir da sua nova organiza\u00e7\u00e3o, a qual foi planejada e executada sob a coordena\u00e7\u00e3o da Professora Susana C. dos Reis, o laborat\u00f3rio visa ofertar um espa\u00e7o did\u00e1tico que promova pr\u00e1ticas colaborativas de ensino e aprendizagem.<\/span><\/p>\n<p>Atualmente o LabLin conta com:<\/p>\n<p class=\"fontplugin_fontid_1409_SEGOEUIL\"><strong>Laborat\u00f3rio (3311):<\/strong><\/p>\n<div id=\"texto\">\n<p>\u2013 17 computadores;<\/p>\n<p>\u2013 um projetor;<\/p>\n<p>\u2013 uma lousa de vidro para escrita com pincel anat\u00f4mico;<\/p>\n<p>\u2013 um ar condicionado (split);<\/p>\n<p>\u2013 21 cadeiras;<\/p>\n<p>\u2013 um equipamento de \u00e1udio externo;<\/p>\n<\/div>\n<p class=\"fontplugin_fontid_1409_SEGOEUIL\"><strong>Miniaudit\u00f3rio (3310):<\/strong><\/p>\n<div id=\"texto\">\n<p>\u2013 um projetor;<\/p>\n<p>\u2013 um televisor 55\u2033;<\/p>\n<p>\u2013 1 aparelho de DVD;<\/p>\n<p>\u2013 uma lousa de vidro para escrita;<\/p>\n<p>\u2013 dois arm\u00e1rios<\/p>\n<p>\u2013 um ar condicionado (split);<\/p>\n<p>\u00a0<\/p>\n<\/div>\n<p>\u00a0<\/p>\n\n\n\n<figure class=\"wp-block-gallery has-nested-images columns-default is-cropped wp-block-gallery-1 is-layout-flex wp-block-gallery-is-layout-flex\">\n<figure class=\"wp-block-image\"><img fetchpriority=\"high\" decoding=\"async\" width=\"700\" height=\"400\" data-id=\"44\" src=\"https:\/\/www.ufsm.br\/laboratorios\/lablin\/wp-content\/uploads\/sites\/645\/2019\/07\/DSC_0024-700x400.jpg\" alt=\"\" class=\"wp-image-44\" srcset=\"https:\/\/www.ufsm.br\/app\/uploads\/sites\/645\/2019\/07\/DSC_0024-700x400.jpg 700w, https:\/\/www.ufsm.br\/app\/uploads\/sites\/645\/2019\/07\/DSC_0024-700x400-300x171.jpg 300w\" sizes=\"(max-width: 700px) 100vw, 700px\" \/><\/figure>\n\n\n\n<figure class=\"wp-block-image\"><img decoding=\"async\" width=\"700\" height=\"400\" data-id=\"45\" src=\"https:\/\/www.ufsm.br\/laboratorios\/lablin\/wp-content\/uploads\/sites\/645\/2019\/07\/DSC_0020-700x400.jpg\" alt=\"\" class=\"wp-image-45\" srcset=\"https:\/\/www.ufsm.br\/app\/uploads\/sites\/645\/2019\/07\/DSC_0020-700x400.jpg 700w, https:\/\/www.ufsm.br\/app\/uploads\/sites\/645\/2019\/07\/DSC_0020-700x400-300x171.jpg 300w\" sizes=\"(max-width: 700px) 100vw, 700px\" \/><\/figure>\n\n\n\n<figure class=\"wp-block-image\"><img decoding=\"async\" data-id=\"46\" src=\"https:\/\/www.ufsm.br\/laboratorios\/lablin\/wp-content\/uploads\/sites\/645\/2019\/07\/DSC_0018-700x400.jpg\" alt=\"\" class=\"wp-image-46\" \/><\/figure>\n<\/figure>\n","protected":false},"excerpt":{"rendered":"<p>O LabLin foi reinaugurado em 1\u00ba de Abril de 2015. A partir da sua nova organiza\u00e7\u00e3o, a qual foi planejada e executada sob a coordena\u00e7\u00e3o da Professora Susana C. dos Reis, o laborat\u00f3rio visa ofertar um espa\u00e7o did\u00e1tico que promova pr\u00e1ticas colaborativas de ensino e aprendizagem. Atualmente o LabLin conta com: Laborat\u00f3rio (3311): \u2013 17 [&hellip;]<\/p>\n","protected":false},"author":124,"featured_media":0,"parent":0,"menu_order":0,"comment_status":"closed","ping_status":"closed","template":"","meta":{"footnotes":""},"categories":[],"tags":[],"class_list":["post-24","page","type-page","status-publish","hentry"],"acf":[],"_links":{"self":[{"href":"https:\/\/www.ufsm.br\/laboratorios\/lablin\/wp-json\/wp\/v2\/pages\/24","targetHints":{"allow":["GET"]}}],"collection":[{"href":"https:\/\/www.ufsm.br\/laboratorios\/lablin\/wp-json\/wp\/v2\/pages"}],"about":[{"href":"https:\/\/www.ufsm.br\/laboratorios\/lablin\/wp-json\/wp\/v2\/types\/page"}],"author":[{"embeddable":true,"href":"https:\/\/www.ufsm.br\/laboratorios\/lablin\/wp-json\/wp\/v2\/users\/124"}],"replies":[{"embeddable":true,"href":"https:\/\/www.ufsm.br\/laboratorios\/lablin\/wp-json\/wp\/v2\/comments?post=24"}],"version-history":[{"count":0,"href":"https:\/\/www.ufsm.br\/laboratorios\/lablin\/wp-json\/wp\/v2\/pages\/24\/revisions"}],"wp:attachment":[{"href":"https:\/\/www.ufsm.br\/laboratorios\/lablin\/wp-json\/wp\/v2\/media?parent=24"}],"wp:term":[{"taxonomy":"category","embeddable":true,"href":"https:\/\/www.ufsm.br\/laboratorios\/lablin\/wp-json\/wp\/v2\/categories?post=24"},{"taxonomy":"post_tag","embeddable":true,"href":"https:\/\/www.ufsm.br\/laboratorios\/lablin\/wp-json\/wp\/v2\/tags?post=24"}],"curies":[{"name":"wp","href":"https:\/\/api.w.org\/{rel}","templated":true}]}}