{"id":32,"date":"2019-05-24T15:38:39","date_gmt":"2019-05-24T18:38:39","guid":{"rendered":"https:\/\/www.ufsm.br\/template-laboratprio\/?page_id=32"},"modified":"2020-01-29T16:57:38","modified_gmt":"2020-01-29T19:57:38","slug":"projetos","status":"publish","type":"page","link":"https:\/\/www.ufsm.br\/laboratorios\/labport\/projetos","title":{"rendered":"Projetos"},"content":{"rendered":"\n\n\n<p><a href=\"https:\/\/portal.ufsm.br\/projetos\/publico\/projetos\/view.html?idProjeto=55170\">LABPORT &#8211; Laborat\u00f3rio de L\u00edngua Portuguesa &#8211; FASE II<\/a><\/p>\n<p><a href=\"https:\/\/portal.ufsm.br\/projetos\/publico\/projetos\/view.html?idProjeto=60424\">Leitura e escrita em l\u00edngua portuguesa na perspectiva sist\u00eamico-funcional &#8211; Fase 2<\/a><\/p>\n<p><a href=\"https:\/\/portal.ufsm.br\/projetos\/publico\/projetos\/view.html?idProjeto=61109\">M\u00eddia, pol\u00edtica e gram\u00e1tica sist\u00eamico-funcional &#8211; Fase II<\/a><\/p>\n<p><a href=\"https:\/\/portal.ufsm.br\/projetos\/publico\/projetos\/view.html?idProjeto=55173\">N\u00facleo de Estudos em L\u00edngua Portuguesa (NELP) &#8211; Fase II<\/a><\/p>\n<p><strong>Extens\u00e3o<\/strong><\/p>\n<p><a href=\"https:\/\/portal.ufsm.br\/projetos\/publico\/projetos\/view.html?idProjeto=49460\">Ateli\u00ea de Textos: pr\u00e1ticas orientadoras para produ\u00e7\u00e3o e avalia\u00e7\u00e3o de textos na perspectiva sist\u00eamico-funcional<\/a><\/p>\n\n\n","protected":false},"excerpt":{"rendered":"<p>LABPORT &#8211; Laborat\u00f3rio de L\u00edngua Portuguesa &#8211; FASE II Leitura e escrita em l\u00edngua portuguesa na perspectiva sist\u00eamico-funcional &#8211; Fase 2 M\u00eddia, pol\u00edtica e gram\u00e1tica sist\u00eamico-funcional &#8211; Fase II N\u00facleo de Estudos em L\u00edngua Portuguesa (NELP) &#8211; Fase II Extens\u00e3o Ateli\u00ea de Textos: pr\u00e1ticas orientadoras para produ\u00e7\u00e3o e avalia\u00e7\u00e3o de textos na perspectiva sist\u00eamico-funcional<\/p>\n","protected":false},"author":25,"featured_media":0,"parent":0,"menu_order":0,"comment_status":"closed","ping_status":"closed","template":"","meta":{"footnotes":""},"categories":[],"tags":[],"class_list":["post-32","page","type-page","status-publish","hentry"],"acf":[],"_links":{"self":[{"href":"https:\/\/www.ufsm.br\/laboratorios\/labport\/wp-json\/wp\/v2\/pages\/32","targetHints":{"allow":["GET"]}}],"collection":[{"href":"https:\/\/www.ufsm.br\/laboratorios\/labport\/wp-json\/wp\/v2\/pages"}],"about":[{"href":"https:\/\/www.ufsm.br\/laboratorios\/labport\/wp-json\/wp\/v2\/types\/page"}],"author":[{"embeddable":true,"href":"https:\/\/www.ufsm.br\/laboratorios\/labport\/wp-json\/wp\/v2\/users\/25"}],"replies":[{"embeddable":true,"href":"https:\/\/www.ufsm.br\/laboratorios\/labport\/wp-json\/wp\/v2\/comments?post=32"}],"version-history":[{"count":0,"href":"https:\/\/www.ufsm.br\/laboratorios\/labport\/wp-json\/wp\/v2\/pages\/32\/revisions"}],"wp:attachment":[{"href":"https:\/\/www.ufsm.br\/laboratorios\/labport\/wp-json\/wp\/v2\/media?parent=32"}],"wp:term":[{"taxonomy":"category","embeddable":true,"href":"https:\/\/www.ufsm.br\/laboratorios\/labport\/wp-json\/wp\/v2\/categories?post=32"},{"taxonomy":"post_tag","embeddable":true,"href":"https:\/\/www.ufsm.br\/laboratorios\/labport\/wp-json\/wp\/v2\/tags?post=32"}],"curies":[{"name":"wp","href":"https:\/\/api.w.org\/{rel}","templated":true}]}}