{"id":40,"date":"2019-07-30T09:26:02","date_gmt":"2019-07-30T12:26:02","guid":{"rendered":"https:\/\/www.ufsm.br\/laboratorios\/labsere\/?page_id=40"},"modified":"2021-07-08T15:48:02","modified_gmt":"2021-07-08T18:48:02","slug":"ensino","status":"publish","type":"page","link":"https:\/\/www.ufsm.br\/laboratorios\/labsere\/ensino","title":{"rendered":"Ensino"},"content":{"rendered":"\n<h4>\u00a0<\/h4>\n<h4>\u00a0<\/h4>\n<h4><span style=\"color: #333399\">No ensino, o LABSERE \u00e9 respons\u00e1vel pelo desenvolvimento de conte\u00fado cient\u00edfico e t\u00e9cnico nas \u00e1reas de Sensoriamento Remoto, Geoprocessamento e Computa\u00e7\u00e3o Aplicada para o curso de Gradua\u00e7\u00e3o em Engenharia Florestal e P\u00f3s-Gradua\u00e7\u00e3o em Engenharia Florestal.\u00a0<\/span><br \/><span style=\"color: #333399\">\u00a0<\/span><\/h4>\n<table style=\"height: 185px;width: 100%;border-collapse: collapse;border-style: hidden\">\n<tbody>\n<tr style=\"height: 10px\">\n<td style=\"width: 12.2212%;height: 10px;border-style: hidden\">\n<h3><span style=\"color: #000000;background-color: #ffffff\"><strong>N\u00edvel<\/strong><\/span><\/h3>\n<\/td>\n<td style=\"width: 24.8189%;height: 10px;border-style: hidden\">\n<h3><span style=\"color: #000000;background-color: #ffffff\"><strong>Curso\/Programa<\/strong><\/span><\/h3>\n<\/td>\n<td style=\"width: 62.9598%;height: 10px;border-style: hidden\">\n<h3><span style=\"color: #000000;background-color: #ffffff\"><strong>Disciplinas<\/strong><\/span><\/h3>\n<\/td>\n<\/tr>\n<tr style=\"height: 23px\">\n<td style=\"width: 12.2212%;height: 23px;border-style: hidden\">\n<h5><strong>Gradua\u00e7\u00e3o<\/strong><\/h5>\n<\/td>\n<td style=\"width: 24.8189%;height: 23px;border-style: hidden\">\n<h5><strong>Engenharia Florestal<\/strong><\/h5>\n<\/td>\n<td style=\"width: 62.9598%;height: 23px;border-style: hidden\">\n<h5><a href=\"https:\/\/www.ufsm.br\/ementario\/disciplinas\/egr1052\">EGR 1052 Sensoriamento Remoto<\/a><\/h5>\n<\/td>\n<\/tr>\n<tr style=\"height: 23px\">\n<td style=\"width: 12.2212%;height: 23px;border-style: hidden\">\n<h5><strong>\u00a0<\/strong><\/h5>\n<\/td>\n<td style=\"width: 24.8189%;height: 23px;border-style: hidden\">\n<h5><strong>\u00a0<\/strong><\/h5>\n<\/td>\n<td style=\"width: 62.9598%;height: 23px;border-style: hidden\">\n<h5><a href=\"https:\/\/www.ufsm.br\/ementario\/disciplinas\/egr1036\">EGR 1036 Computa\u00e7\u00e3o Aplicada \u00e0 Engenharia Florestal<\/a><\/h5>\n<\/td>\n<\/tr>\n<tr style=\"height: 23px\">\n<td style=\"width: 12.2212%;height: 23px;border-style: hidden\">\u00a0<\/td>\n<td style=\"width: 24.8189%;height: 23px;border-style: hidden\">\u00a0<\/td>\n<td style=\"width: 62.9598%;height: 23px;border-style: hidden\">\u00a0<\/td>\n<\/tr>\n<tr style=\"height: 23px\">\n<td style=\"width: 12.2212%;height: 23px;border-style: hidden\">\n<h5><strong>P\u00f3s-Gradua\u00e7\u00e3o<\/strong><\/h5>\n<\/td>\n<td style=\"width: 24.8189%;height: 23px;border-style: hidden\">\n<h5><strong>Engenharia Florestal<\/strong><\/h5>\n<\/td>\n<td style=\"width: 62.9598%;height: 23px;border-style: hidden\">\n<h5><a href=\"https:\/\/www.ufsm.br\/ementario\/disciplinas\/egr907\">EGR 907 Sensoriamento Remoto aplicado \u00e0 Engenharia Florestal &#8220;A&#8221;<\/a><\/h5>\n<\/td>\n<\/tr>\n<tr style=\"height: 37px\">\n<td style=\"width: 12.2212%;height: 37px;border-style: hidden\">\u00a0<\/td>\n<td style=\"width: 24.8189%;height: 37px;border-style: hidden\">\u00a0<\/td>\n<td style=\"width: 62.9598%;height: 37px;border-style: hidden\">\n<h5><a href=\"https:\/\/www.ufsm.br\/ementario\/disciplinas\/egr906\">EGR 906 Geoprocessamento aplicado \u00e0 Engenharia Florestal &#8220;A&#8221;<\/a><\/h5>\n<\/td>\n<\/tr>\n<tr style=\"height: 23px\">\n<td style=\"width: 12.2212%;height: 23px\">\u00a0<\/td>\n<td style=\"width: 24.8189%;height: 23px\">\u00a0<\/td>\n<td style=\"width: 62.9598%;height: 23px\">\u00a0<\/td>\n<\/tr>\n<\/tbody>\n<\/table>\n<p>\u00a0<\/p>\n<p>\u00a0<\/p>\n","protected":false},"excerpt":{"rendered":"<p>\u00a0 \u00a0 No ensino, o LABSERE \u00e9 respons\u00e1vel pelo desenvolvimento de conte\u00fado cient\u00edfico e t\u00e9cnico nas \u00e1reas de Sensoriamento Remoto, Geoprocessamento e Computa\u00e7\u00e3o Aplicada para o curso de Gradua\u00e7\u00e3o em Engenharia Florestal e P\u00f3s-Gradua\u00e7\u00e3o em Engenharia Florestal.\u00a0\u00a0 N\u00edvel Curso\/Programa Disciplinas Gradua\u00e7\u00e3o Engenharia Florestal EGR 1052 Sensoriamento Remoto \u00a0 \u00a0 EGR 1036 Computa\u00e7\u00e3o Aplicada \u00e0 Engenharia [&hellip;]<\/p>\n","protected":false},"author":115,"featured_media":0,"parent":0,"menu_order":0,"comment_status":"closed","ping_status":"closed","template":"","meta":{"footnotes":""},"categories":[],"tags":[],"class_list":["post-40","page","type-page","status-publish","hentry"],"acf":[],"_links":{"self":[{"href":"https:\/\/www.ufsm.br\/laboratorios\/labsere\/wp-json\/wp\/v2\/pages\/40","targetHints":{"allow":["GET"]}}],"collection":[{"href":"https:\/\/www.ufsm.br\/laboratorios\/labsere\/wp-json\/wp\/v2\/pages"}],"about":[{"href":"https:\/\/www.ufsm.br\/laboratorios\/labsere\/wp-json\/wp\/v2\/types\/page"}],"author":[{"embeddable":true,"href":"https:\/\/www.ufsm.br\/laboratorios\/labsere\/wp-json\/wp\/v2\/users\/115"}],"replies":[{"embeddable":true,"href":"https:\/\/www.ufsm.br\/laboratorios\/labsere\/wp-json\/wp\/v2\/comments?post=40"}],"version-history":[{"count":0,"href":"https:\/\/www.ufsm.br\/laboratorios\/labsere\/wp-json\/wp\/v2\/pages\/40\/revisions"}],"wp:attachment":[{"href":"https:\/\/www.ufsm.br\/laboratorios\/labsere\/wp-json\/wp\/v2\/media?parent=40"}],"wp:term":[{"taxonomy":"category","embeddable":true,"href":"https:\/\/www.ufsm.br\/laboratorios\/labsere\/wp-json\/wp\/v2\/categories?post=40"},{"taxonomy":"post_tag","embeddable":true,"href":"https:\/\/www.ufsm.br\/laboratorios\/labsere\/wp-json\/wp\/v2\/tags?post=40"}],"curies":[{"name":"wp","href":"https:\/\/api.w.org\/{rel}","templated":true}]}}