{"id":2,"date":"2019-05-14T15:59:30","date_gmt":"2019-05-14T18:59:30","guid":{"rendered":"https:\/\/www.ufsm.br\/laboratorios-larp\/?page_id=2"},"modified":"2026-04-06T10:42:55","modified_gmt":"2026-04-06T13:42:55","slug":"pagina-inicial","status":"publish","type":"page","link":"https:\/\/www.ufsm.br\/laboratorios\/labsolo\/","title":{"rendered":"P\u00e1gina inicial"},"content":{"rendered":"\t\t<div data-elementor-type=\"wp-post\" data-elementor-id=\"2\" class=\"elementor elementor-2\">\n\t\t\t\t\t\t<section class=\"elementor-section elementor-top-section elementor-element elementor-element-6e6b627 elementor-section-boxed elementor-section-height-default elementor-section-height-default\" data-id=\"6e6b627\" data-element_type=\"section\">\n\t\t\t\t\t\t<div class=\"elementor-container elementor-column-gap-default\">\n\t\t\t\t\t<div class=\"elementor-column elementor-col-100 elementor-top-column elementor-element elementor-element-e6a3f8d\" data-id=\"e6a3f8d\" data-element_type=\"column\">\n\t\t\t<div class=\"elementor-widget-wrap elementor-element-populated\">\n\t\t\t\t\t\t<div class=\"elementor-element elementor-element-e48e5ed elementor-widget elementor-widget-wp-widget-ufsm_noticias_widget\" data-id=\"e48e5ed\" data-element_type=\"widget\" data-widget_type=\"wp-widget-ufsm_noticias_widget.default\">\n\t\t\t\t<div class=\"elementor-widget-container\">\n\t\t\t<div id='ufsm-carousel-1776398099-824012643' class='carousel slide carousel-ufsm' data-bs-ride='carousel' aria-hidden='true'>\n    <div class='carousel-inner'>\n                    \n\n            <div class='carousel-item active' data-bs-interval='4000'>\n                                    <!-- Slider Image -->\n                    <img class='w-100'  style='max-height:250px; object-fit:cover;' alt=\"\" srcset=\"https:\/\/www.ufsm.br\/app\/uploads\/sites\/768\/2020\/07\/20200709_110039-1-300x79.jpg 300w, https:\/\/www.ufsm.br\/app\/uploads\/sites\/768\/2020\/07\/20200709_110039-1-1024x270.jpg 1024w, https:\/\/www.ufsm.br\/app\/uploads\/sites\/768\/2020\/07\/20200709_110039-1-768x202.jpg 768w, https:\/\/www.ufsm.br\/app\/uploads\/sites\/768\/2020\/07\/20200709_110039-1-1536x405.jpg 1536w, https:\/\/www.ufsm.br\/app\/uploads\/sites\/768\/2020\/07\/20200709_110039-1.jpg 1920w\">\n                \n                \n                                                            <\/div>\n                    \n\n            <div class='carousel-item ' data-bs-interval='4000'>\n                                    <!-- Slider Image -->\n                    <img class='w-100'  style='max-height:250px; object-fit:cover;' alt=\"\" srcset=\"https:\/\/www.ufsm.br\/app\/uploads\/sites\/768\/2020\/07\/20200715_103825-300x142.jpg 300w, https:\/\/www.ufsm.br\/app\/uploads\/sites\/768\/2020\/07\/20200715_103825-1024x485.jpg 1024w, https:\/\/www.ufsm.br\/app\/uploads\/sites\/768\/2020\/07\/20200715_103825-768x364.jpg 768w, https:\/\/www.ufsm.br\/app\/uploads\/sites\/768\/2020\/07\/20200715_103825-1536x728.jpg 1536w, https:\/\/www.ufsm.br\/app\/uploads\/sites\/768\/2020\/07\/20200715_103825.jpg 1920w\">\n                \n                \n                                                            <\/div>\n                    \n\n            <div class='carousel-item ' data-bs-interval='4000'>\n                                    <!-- Slider Image -->\n                    <img class='w-100'  style='max-height:250px; object-fit:cover;' alt=\"\" srcset=\"https:\/\/www.ufsm.br\/app\/uploads\/sites\/768\/2019\/05\/20200709_101154-300x155.jpg 300w, https:\/\/www.ufsm.br\/app\/uploads\/sites\/768\/2019\/05\/20200709_101154-1024x527.jpg 1024w, https:\/\/www.ufsm.br\/app\/uploads\/sites\/768\/2019\/05\/20200709_101154-768x396.jpg 768w, https:\/\/www.ufsm.br\/app\/uploads\/sites\/768\/2019\/05\/20200709_101154-1536x791.jpg 1536w, https:\/\/www.ufsm.br\/app\/uploads\/sites\/768\/2019\/05\/20200709_101154.jpg 1920w\">\n                \n                \n                                                            <\/div>\n                    \n\n            <div class='carousel-item ' data-bs-interval='4000'>\n                                    <!-- Slider Image -->\n                    <img class='w-100'  style='max-height:250px; object-fit:cover;' alt=\"\" srcset=\"https:\/\/www.ufsm.br\/app\/uploads\/sites\/768\/2020\/07\/Soja-reage-ao-plantio-nos-EUA-e-recua-na-CBOT-300x100.jpg 300w, https:\/\/www.ufsm.br\/app\/uploads\/sites\/768\/2020\/07\/Soja-reage-ao-plantio-nos-EUA-e-recua-na-CBOT-1024x342.jpg 1024w, https:\/\/www.ufsm.br\/app\/uploads\/sites\/768\/2020\/07\/Soja-reage-ao-plantio-nos-EUA-e-recua-na-CBOT-768x257.jpg 768w, https:\/\/www.ufsm.br\/app\/uploads\/sites\/768\/2020\/07\/Soja-reage-ao-plantio-nos-EUA-e-recua-na-CBOT.jpg 1280w\">\n                \n                \n                                                            <\/div>\n                    \n\n            <div class='carousel-item ' data-bs-interval='4000'>\n                                    <!-- Slider Image -->\n                    <img class='w-100'  style='max-height:250px; object-fit:cover;' alt=\"\" srcset=\"https:\/\/www.ufsm.br\/app\/uploads\/sites\/768\/2020\/02\/image-300x79.jpg 300w, https:\/\/www.ufsm.br\/app\/uploads\/sites\/768\/2020\/02\/image-1024x270.jpg 1024w, https:\/\/www.ufsm.br\/app\/uploads\/sites\/768\/2020\/02\/image-768x202.jpg 768w, https:\/\/www.ufsm.br\/app\/uploads\/sites\/768\/2020\/02\/image-1536x405.jpg 1536w, https:\/\/www.ufsm.br\/app\/uploads\/sites\/768\/2020\/02\/image.jpg 1625w\">\n                \n                \n                                                            <\/div>\n                    <!-- Exibi Indicadores -->\n                    <ol class='carousel-indicators carousel-indicators-numbers d-none d-md-flex align-self-end m-0'>\n                <li data-bs-target='#ufsm-carousel-1776398099-824012643' data-bs-slide-to='0' class='d-flex rounded-circle active'><span class='m-auto fw-bold'>1<\/span><\/li><li data-bs-target='#ufsm-carousel-1776398099-824012643' data-bs-slide-to='1' class='d-flex rounded-circle '><span class='m-auto fw-bold'>2<\/span><\/li><li data-bs-target='#ufsm-carousel-1776398099-824012643' data-bs-slide-to='2' class='d-flex rounded-circle '><span class='m-auto fw-bold'>3<\/span><\/li><li data-bs-target='#ufsm-carousel-1776398099-824012643' data-bs-slide-to='3' class='d-flex rounded-circle '><span class='m-auto fw-bold'>4<\/span><\/li><li data-bs-target='#ufsm-carousel-1776398099-824012643' data-bs-slide-to='4' class='d-flex rounded-circle '><span class='m-auto fw-bold'>5<\/span><\/li>            <\/ol>\n            <a class='carousel-control-prev' href='#ufsm-carousel-1776398099-824012643' role='button' data-bs-slide='prev'>\n                <span class='carousel-control-prev-icon' aria-hidden='true'><\/span>\n                <span class='visually-hidden'>Previous<\/span>\n            <\/a>\n            <a class='carousel-control-next' href='#ufsm-carousel-1776398099-824012643' role='button' data-bs-slide='next'>\n                <span class='carousel-control-next-icon' aria-hidden='true'><\/span>\n                <span class='visually-hidden'>Next<\/span>\n            <\/a>\n            <\/div>\n<\/div>\n<!-- Acessibilidade, apenas leitor de tela -->\n<ul class='visually-hidden'>\n    <li><a href='https:\/\/www.ufsm.br\/laboratorios\/labsolo\/2020\/07\/09\/banner-2'>Banner 2<\/a><\/li><li><a href='https:\/\/www.ufsm.br\/laboratorios\/labsolo\/2020\/07\/09\/banner1'>Banner1<\/a><\/li><li><a href='https:\/\/www.ufsm.br\/laboratorios\/labsolo\/2020\/02\/09\/banner4'>Banner4<\/a><\/li><li><a href='https:\/\/www.ufsm.br\/laboratorios\/labsolo\/2020\/01\/09\/banner3'>Banner3<\/a><\/li><li><a href='https:\/\/www.ufsm.br\/laboratorios\/labsolo\/2020\/01\/09\/banner5'>Banner5<\/a><\/li><\/ul>\n\t\t<\/div>\n\t\t\t\t<\/div>\n\t\t\t\t\t<\/div>\n\t\t<\/div>\n\t\t\t\t\t<\/div>\n\t\t<\/section>\n\t\t\t\t<section class=\"elementor-section elementor-top-section elementor-element elementor-element-31fda3f1 elementor-section-boxed elementor-section-height-default elementor-section-height-default\" data-id=\"31fda3f1\" data-element_type=\"section\">\n\t\t\t\t\t\t<div class=\"elementor-container elementor-column-gap-default\">\n\t\t\t\t\t<div class=\"elementor-column elementor-col-100 elementor-top-column elementor-element elementor-element-7c1b024\" data-id=\"7c1b024\" data-element_type=\"column\">\n\t\t\t<div class=\"elementor-widget-wrap elementor-element-populated\">\n\t\t\t\t\t\t<div class=\"elementor-element elementor-element-8d9b83a elementor-widget elementor-widget-heading\" data-id=\"8d9b83a\" data-element_type=\"widget\" data-widget_type=\"heading.default\">\n\t\t\t\t<div class=\"elementor-widget-container\">\n\t\t\t<h5 class=\"elementor-heading-title elementor-size-default\">Apresenta\u00e7\u00e3o<\/h5>\t\t<\/div>\n\t\t\t\t<\/div>\n\t\t\t\t<div class=\"elementor-element elementor-element-c8da605 elementor-widget elementor-widget-text-editor\" data-id=\"c8da605\" data-element_type=\"widget\" data-widget_type=\"text-editor.default\">\n\t\t\t\t<div class=\"elementor-widget-container\">\n\t\t\t\t\t\t\t<p>\u00a0O <strong>Laborat\u00f3rio de An\u00e1lise de Solos<\/strong>\u00a0(LAS) foi criado em 1963, quando existia o Instituto de Solos e Culturas da UFSM, a partir do qual foi criado o atual Departamento de Solos. Em 1967, com a cria\u00e7\u00e3o da Rede Oficial de Laborat\u00f3rios de An\u00e1lise de Solos do RS (ROLAS), as metodologias para as an\u00e1lises foram aperfei\u00e7oadas e padronizadas, com isso passou a garantir maior qualidade e confiabilidade nos resultados, tornando a an\u00e1lise de solo um instrumento muito importante \u00e0 tomada de decis\u00e3o do agricultor sobre o investimento em calc\u00e1rio e fertilizantes \u00e0s culturas.<\/p>\t\t\t\t\t\t<\/div>\n\t\t\t\t<\/div>\n\t\t\t\t\t<\/div>\n\t\t<\/div>\n\t\t\t\t\t<\/div>\n\t\t<\/section>\n\t\t\t\t<section class=\"elementor-section elementor-top-section elementor-element elementor-element-7416eee elementor-section-boxed elementor-section-height-default elementor-section-height-default\" data-id=\"7416eee\" data-element_type=\"section\">\n\t\t\t\t\t\t<div class=\"elementor-container elementor-column-gap-default\">\n\t\t\t\t\t<div class=\"elementor-column elementor-col-100 elementor-top-column elementor-element elementor-element-fff47c8\" data-id=\"fff47c8\" data-element_type=\"column\">\n\t\t\t<div class=\"elementor-widget-wrap elementor-element-populated\">\n\t\t\t\t\t\t<div class=\"elementor-element elementor-element-203a095 elementor-widget elementor-widget-wp-widget-ufsm_utilidades\" data-id=\"203a095\" data-element_type=\"widget\" data-widget_type=\"wp-widget-ufsm_utilidades.default\">\n\t\t\t\t<div class=\"elementor-widget-container\">\n\t\t\t\t\t<h5 class=\"card-title titulo-conteudos\">Utilidades<\/h5>\n\t\t\t\t\n\t\t<div class=\"row d-flex justify-content-around\">\n\t\t\t\t\t\t\t<div class=\"col-12 col-sm-6 col-md-2 mt-4 text-center\">\n\t\t\t\t\t\t\t\t\t\t\t<a href=\"https:\/\/www.ufsm.br\/laboratorios\/labsolo\/equipe\" class=\"item-utilidades d-block\">\n\t\t\t\t\t\t\t\t\t\t<i class=\"fa fa-group animation-pulse\" aria-hidden=\"true\"><\/i><b>Equipe<\/b><\/a>\n\t\t\t\t<\/div>\n\t\t\t\t\t\t\t<div class=\"col-12 col-sm-6 col-md-2 mt-4 text-center\">\n\t\t\t\t\t\t\t\t\t\t\t<a href=\"https:\/\/www.ufsm.br\/laboratorios\/labsolo\/servicos\" class=\"item-utilidades d-block\">\n\t\t\t\t\t\t\t\t\t\t<i class=\"ufsm ufsm-servicos-cpd animation-pulse\" aria-hidden=\"true\"><\/i><b>Servi\u00e7os<\/b><\/a>\n\t\t\t\t<\/div>\n\t\t\t\t\t<\/div>\n\t\t\t\t<\/div>\n\t\t\t\t<\/div>\n\t\t\t\t\t<\/div>\n\t\t<\/div>\n\t\t\t\t\t<\/div>\n\t\t<\/section>\n\t\t\t\t<section class=\"elementor-section elementor-top-section elementor-element elementor-element-8b36cae elementor-section-boxed elementor-section-height-default elementor-section-height-default\" data-id=\"8b36cae\" data-element_type=\"section\">\n\t\t\t\t\t\t<div class=\"elementor-container elementor-column-gap-default\">\n\t\t\t\t\t<div class=\"elementor-column elementor-col-100 elementor-top-column elementor-element elementor-element-aee0abf\" data-id=\"aee0abf\" data-element_type=\"column\">\n\t\t\t<div class=\"elementor-widget-wrap\">\n\t\t\t\t\t\t\t<\/div>\n\t\t<\/div>\n\t\t\t\t\t<\/div>\n\t\t<\/section>\n\t\t\t\t<section class=\"elementor-section elementor-top-section elementor-element elementor-element-8a82ce2 elementor-section-boxed elementor-section-height-default elementor-section-height-default\" data-id=\"8a82ce2\" data-element_type=\"section\">\n\t\t\t\t\t\t<div class=\"elementor-container elementor-column-gap-default\">\n\t\t\t\t\t<div class=\"elementor-column elementor-col-100 elementor-top-column elementor-element elementor-element-adb5d59\" data-id=\"adb5d59\" data-element_type=\"column\">\n\t\t\t<div class=\"elementor-widget-wrap elementor-element-populated\">\n\t\t\t\t\t\t<div class=\"elementor-element elementor-element-d0fefde elementor-widget elementor-widget-wp-widget-ufsm_noticias_widget\" data-id=\"d0fefde\" data-element_type=\"widget\" data-widget_type=\"wp-widget-ufsm_noticias_widget.default\">\n\t\t\t\t<div class=\"elementor-widget-container\">\n\t\t\t<h5 class='titulo-conteudos'>Not\u00edcias<\/h5><div class='widget-noticias-inside'>\n                        <div class=\"row\">\n                                    <div class=\"col-12 col-lg-12 pb-4\">\n                                        \n                                        \n                    \n                    <a class=\"noticias-widget-title d-block \"  title=\"NRS-SBCS lan\u00e7a publica\u00e7\u00e3o sobre aduba\u00e7\u00e3o e calagem em frut\u00edferas\" href=\"https:\/\/www.ufsm.br\/laboratorios\/labsolo\/2020\/07\/17\/nrs-sbcs-lanca-publicacao-sobre-adubacao-e-calagem-em-frutiferas\">\n                                                NRS-SBCS lan\u00e7a publica\u00e7\u00e3o sobre aduba\u00e7\u00e3o e calagem em frut\u00edferas                    <\/a>\n                    \n                                            <div class=\"noticias-widget-introtext\">\n                            O N\u00facleo Regional Sul da Sociedade Brasileira de Ci\u00eancia do Solo (NRS-SBCS) acaba de lan\u00e7ar o livro \u201cAtualiza\u00e7\u00e3o sobre Calagem e Aduba\u00e7\u00e3o em Frut\u00edferas\u201d. A publica\u00e7\u00e3o vem para suprir uma demanda t\u00e9cnica existente h\u00e1 bastante tempo na \u00e1rea, a necessidade&hellip;                        <\/div>\n                    \n                                        \n                                        \n                                        <\/div>\n                            <\/div>\n                    <div class=\"row\">\n                                    <div class=\"col-12 col-lg-12 pb-4\">\n                                        \n                                        \n                    \n                    <a class=\"noticias-widget-title d-block \"  title=\"Atendimento\" href=\"https:\/\/www.ufsm.br\/laboratorios\/labsolo\/2014\/08\/05\/atendimento\">\n                                                Atendimento                    <\/a>\n                    \n                                            <div class=\"noticias-widget-introtext\">\n                            Prezados Clientes! Visando melhorar o atendimento aos nossos clientes, adotamos em nosso sistema de gerenciamento de an\u00e1lise, o LAUDO DIGITAL, com assinatura digital, no qual o usu\u00e1rio do Banco (para aqueles que tem a finalidade de financiamento) ir\u00e1 acessar uma&hellip;                        <\/div>\n                    \n                                        \n                                        \n                                        <\/div>\n                            <\/div>\n            <\/div>\n\t\t<\/div>\n\t\t\t\t<\/div>\n\t\t\t\t\t<\/div>\n\t\t<\/div>\n\t\t\t\t\t<\/div>\n\t\t<\/section>\n\t\t\t\t<section class=\"elementor-section elementor-top-section elementor-element elementor-element-92c878e elementor-section-boxed elementor-section-height-default elementor-section-height-default\" data-id=\"92c878e\" data-element_type=\"section\">\n\t\t\t\t\t\t<div class=\"elementor-container elementor-column-gap-default\">\n\t\t\t\t\t<div class=\"elementor-column elementor-col-100 elementor-top-column elementor-element elementor-element-f5b52d3\" data-id=\"f5b52d3\" data-element_type=\"column\">\n\t\t\t<div class=\"elementor-widget-wrap elementor-element-populated\">\n\t\t\t\t\t\t<div class=\"elementor-element elementor-element-03395ac elementor-position-top elementor-widget elementor-widget-image-box\" data-id=\"03395ac\" data-element_type=\"widget\" data-widget_type=\"image-box.default\">\n\t\t\t\t<div class=\"elementor-widget-container\">\n\t\t\t<div class=\"elementor-image-box-wrapper\"><figure class=\"elementor-image-box-img\"><img fetchpriority=\"high\" decoding=\"async\" width=\"210\" height=\"294\" src=\"https:\/\/www.ufsm.br\/app\/uploads\/sites\/768\/2020\/07\/Sem_t\u00edtulo-removebg-preview.png\" class=\"attachment-full size-full wp-image-94\" alt=\"\" \/><\/figure><\/div>\t\t<\/div>\n\t\t\t\t<\/div>\n\t\t\t\t\t<\/div>\n\t\t<\/div>\n\t\t\t\t\t<\/div>\n\t\t<\/section>\n\t\t\t\t<\/div>\n\t\t","protected":false},"excerpt":{"rendered":"<p>Apresenta\u00e7\u00e3o \u00a0O Laborat\u00f3rio de An\u00e1lise de Solos\u00a0(LAS) foi criado em 1963, quando existia o Instituto de Solos e Culturas da UFSM, a partir do qual foi criado o atual Departamento de Solos. Em 1967, com a cria\u00e7\u00e3o da Rede Oficial de Laborat\u00f3rios de An\u00e1lise de Solos do RS (ROLAS), as metodologias para as an\u00e1lises foram [&hellip;]<\/p>\n","protected":false},"author":26,"featured_media":0,"parent":0,"menu_order":0,"comment_status":"closed","ping_status":"open","template":"","meta":{"footnotes":""},"categories":[],"tags":[],"class_list":["post-2","page","type-page","status-publish","hentry"],"acf":[],"_links":{"self":[{"href":"https:\/\/www.ufsm.br\/laboratorios\/labsolo\/wp-json\/wp\/v2\/pages\/2","targetHints":{"allow":["GET"]}}],"collection":[{"href":"https:\/\/www.ufsm.br\/laboratorios\/labsolo\/wp-json\/wp\/v2\/pages"}],"about":[{"href":"https:\/\/www.ufsm.br\/laboratorios\/labsolo\/wp-json\/wp\/v2\/types\/page"}],"author":[{"embeddable":true,"href":"https:\/\/www.ufsm.br\/laboratorios\/labsolo\/wp-json\/wp\/v2\/users\/26"}],"replies":[{"embeddable":true,"href":"https:\/\/www.ufsm.br\/laboratorios\/labsolo\/wp-json\/wp\/v2\/comments?post=2"}],"version-history":[{"count":0,"href":"https:\/\/www.ufsm.br\/laboratorios\/labsolo\/wp-json\/wp\/v2\/pages\/2\/revisions"}],"wp:attachment":[{"href":"https:\/\/www.ufsm.br\/laboratorios\/labsolo\/wp-json\/wp\/v2\/media?parent=2"}],"wp:term":[{"taxonomy":"category","embeddable":true,"href":"https:\/\/www.ufsm.br\/laboratorios\/labsolo\/wp-json\/wp\/v2\/categories?post=2"},{"taxonomy":"post_tag","embeddable":true,"href":"https:\/\/www.ufsm.br\/laboratorios\/labsolo\/wp-json\/wp\/v2\/tags?post=2"}],"curies":[{"name":"wp","href":"https:\/\/api.w.org\/{rel}","templated":true}]}}