{"id":22,"date":"2019-05-14T17:01:42","date_gmt":"2019-05-14T20:01:42","guid":{"rendered":"https:\/\/www.ufsm.br\/template-laboratprio\/?page_id=22"},"modified":"2020-07-10T08:19:15","modified_gmt":"2020-07-10T11:19:15","slug":"informacoes-gerais","status":"publish","type":"page","link":"https:\/\/www.ufsm.br\/laboratorios\/labsolo\/informacoes-gerais","title":{"rendered":"Sobre"},"content":{"rendered":"\n<p>O\u00a0<strong>Laborat\u00f3rio de An\u00e1lise de Solos<\/strong>\u00a0(LAS) foi criado em 1963, quando existia o Instituto de Solos e Culturas da UFSM, a partir do qual foi criado o atual Departamento de Solos. Em 1967, com a cria\u00e7\u00e3o da Rede Oficial de Laborat\u00f3rios de An\u00e1lise de Solos do RS (ROLAS), as metodologias para as an\u00e1lises foram aperfei\u00e7oadas e padronizadas, com isso passou a garantir maior qualidade e confiabilidade nos resultados, tornando a an\u00e1lise de solo um instrumento muito importante \u00e0 tomada de decis\u00e3o do agricultor sobre o investimento em calc\u00e1rio e fertilizantes \u00e0s culturas.<\/p>\n<p>\u00a0 \u00a0 O LAS foi se modernizando e melhorando cada vez mais seus servi\u00e7os, \u00e0 medida que aumentava a demanda por an\u00e1lise de solos. O ano de 2005 representa um marco, pois um novo pr\u00e9dio foi constru\u00eddo, especialmente para o laborat\u00f3rio e novos investimentos foram feitos na aquisi\u00e7\u00e3o de equipamentos, os quais continuam sendo atualizados. O LAS tem como metas manter a qualidade, que \u00e9 atestada pela manuten\u00e7\u00e3o do selo de qualidade da ROLAS, atender da melhor maneira poss\u00edvel os agricultores e manter uma funcionalidade que permita disponibilizar os resultados no menor tempo poss\u00edvel.<\/p>\n<p>\u00a0 \u00a0 Os resultados de an\u00e1lise do solo, interpretados com base nas tabelas do Manual de Calagem e Aduba\u00e7\u00e3o para os Estados do RS e SC, publicado pela Comiss\u00e3o de Qu\u00edmica e Fertilidade do Solo (CQFS-RS\/SC, 2016), permitem que t\u00e9cnicos e agricultores possam definir criteriosamente as melhores estrat\u00e9gias para o uso mais eficiente do calc\u00e1rio e dos fertilizantes, contribuindo para a maior rentabilidade.<\/p>\n","protected":false},"excerpt":{"rendered":"<p>O\u00a0Laborat\u00f3rio de An\u00e1lise de Solos\u00a0(LAS) foi criado em 1963, quando existia o Instituto de Solos e Culturas da UFSM, a partir do qual foi criado o atual Departamento de Solos. Em 1967, com a cria\u00e7\u00e3o da Rede Oficial de Laborat\u00f3rios de An\u00e1lise de Solos do RS (ROLAS), as metodologias para as an\u00e1lises foram aperfei\u00e7oadas e [&hellip;]<\/p>\n","protected":false},"author":117,"featured_media":0,"parent":0,"menu_order":0,"comment_status":"closed","ping_status":"closed","template":"","meta":{"footnotes":""},"categories":[],"tags":[],"class_list":["post-22","page","type-page","status-publish","hentry"],"acf":[],"_links":{"self":[{"href":"https:\/\/www.ufsm.br\/laboratorios\/labsolo\/wp-json\/wp\/v2\/pages\/22","targetHints":{"allow":["GET"]}}],"collection":[{"href":"https:\/\/www.ufsm.br\/laboratorios\/labsolo\/wp-json\/wp\/v2\/pages"}],"about":[{"href":"https:\/\/www.ufsm.br\/laboratorios\/labsolo\/wp-json\/wp\/v2\/types\/page"}],"author":[{"embeddable":true,"href":"https:\/\/www.ufsm.br\/laboratorios\/labsolo\/wp-json\/wp\/v2\/users\/117"}],"replies":[{"embeddable":true,"href":"https:\/\/www.ufsm.br\/laboratorios\/labsolo\/wp-json\/wp\/v2\/comments?post=22"}],"version-history":[{"count":0,"href":"https:\/\/www.ufsm.br\/laboratorios\/labsolo\/wp-json\/wp\/v2\/pages\/22\/revisions"}],"wp:attachment":[{"href":"https:\/\/www.ufsm.br\/laboratorios\/labsolo\/wp-json\/wp\/v2\/media?parent=22"}],"wp:term":[{"taxonomy":"category","embeddable":true,"href":"https:\/\/www.ufsm.br\/laboratorios\/labsolo\/wp-json\/wp\/v2\/categories?post=22"},{"taxonomy":"post_tag","embeddable":true,"href":"https:\/\/www.ufsm.br\/laboratorios\/labsolo\/wp-json\/wp\/v2\/tags?post=22"}],"curies":[{"name":"wp","href":"https:\/\/api.w.org\/{rel}","templated":true}]}}