{"id":23,"date":"2019-05-14T17:02:03","date_gmt":"2019-05-14T20:02:03","guid":{"rendered":"https:\/\/www.ufsm.br\/template-laboratprio\/?page_id=23"},"modified":"2019-10-17T11:15:28","modified_gmt":"2019-10-17T14:15:28","slug":"equipe","status":"publish","type":"page","link":"https:\/\/www.ufsm.br\/laboratorios\/labsolo\/equipe","title":{"rendered":"Equipe"},"content":{"rendered":"\n<p>N\u00f3s contamos com uma equipe de profissionais qualificados, composta por dois professores Doutores em Ci\u00eancia do Solo, um supervisor com Mestrado em Ci\u00eancia do Solo, funcion\u00e1rios da UFSM, al\u00e9m de t\u00e9cnicos de laborat\u00f3rio e estagi\u00e1rios.<\/p>\n<p>\u00a0<\/p>\n\n\n\n<div class=\"wp-block-image\"><figure class=\"aligncenter\"><img fetchpriority=\"high\" decoding=\"async\" width=\"1024\" height=\"263\" src=\"https:\/\/www.ufsm.br\/laboratorios\/labsolo\/wp-content\/uploads\/sites\/768\/2019\/10\/1170x300-crop-90-images_slider_equipe_3a-1024x263.jpg\" alt=\"\" class=\"wp-image-39\" srcset=\"https:\/\/www.ufsm.br\/app\/uploads\/sites\/768\/2019\/10\/1170x300-crop-90-images_slider_equipe_3a-1024x263.jpg 1024w, https:\/\/www.ufsm.br\/app\/uploads\/sites\/768\/2019\/10\/1170x300-crop-90-images_slider_equipe_3a-300x77.jpg 300w, https:\/\/www.ufsm.br\/app\/uploads\/sites\/768\/2019\/10\/1170x300-crop-90-images_slider_equipe_3a-768x197.jpg 768w, https:\/\/www.ufsm.br\/app\/uploads\/sites\/768\/2019\/10\/1170x300-crop-90-images_slider_equipe_3a.jpg 1170w\" sizes=\"(max-width: 1024px) 100vw, 1024px\" \/><\/figure><\/div>\n\n\n\n<div class=\"wp-block-image\"><figure class=\"aligncenter\"><img decoding=\"async\" width=\"1024\" height=\"576\" src=\"https:\/\/www.ufsm.br\/laboratorios\/labsolo\/wp-content\/uploads\/sites\/768\/2019\/10\/foto-turma-1024x576.jpg\" alt=\"\" class=\"wp-image-38\" srcset=\"https:\/\/www.ufsm.br\/app\/uploads\/sites\/768\/2019\/10\/foto-turma-1024x576.jpg 1024w, https:\/\/www.ufsm.br\/app\/uploads\/sites\/768\/2019\/10\/foto-turma-300x169.jpg 300w, https:\/\/www.ufsm.br\/app\/uploads\/sites\/768\/2019\/10\/foto-turma-768x432.jpg 768w, https:\/\/www.ufsm.br\/app\/uploads\/sites\/768\/2019\/10\/foto-turma.jpg 1280w\" sizes=\"(max-width: 1024px) 100vw, 1024px\" \/><\/figure><\/div>\n","protected":false},"excerpt":{"rendered":"<p>N\u00f3s contamos com uma equipe de profissionais qualificados, composta por dois professores Doutores em Ci\u00eancia do Solo, um supervisor com Mestrado em Ci\u00eancia do Solo, funcion\u00e1rios da UFSM, al\u00e9m de t\u00e9cnicos de laborat\u00f3rio e estagi\u00e1rios. \u00a0<\/p>\n","protected":false},"author":124,"featured_media":0,"parent":0,"menu_order":0,"comment_status":"closed","ping_status":"closed","template":"","meta":{"footnotes":""},"categories":[],"tags":[],"class_list":["post-23","page","type-page","status-publish","hentry"],"acf":[],"_links":{"self":[{"href":"https:\/\/www.ufsm.br\/laboratorios\/labsolo\/wp-json\/wp\/v2\/pages\/23","targetHints":{"allow":["GET"]}}],"collection":[{"href":"https:\/\/www.ufsm.br\/laboratorios\/labsolo\/wp-json\/wp\/v2\/pages"}],"about":[{"href":"https:\/\/www.ufsm.br\/laboratorios\/labsolo\/wp-json\/wp\/v2\/types\/page"}],"author":[{"embeddable":true,"href":"https:\/\/www.ufsm.br\/laboratorios\/labsolo\/wp-json\/wp\/v2\/users\/124"}],"replies":[{"embeddable":true,"href":"https:\/\/www.ufsm.br\/laboratorios\/labsolo\/wp-json\/wp\/v2\/comments?post=23"}],"version-history":[{"count":0,"href":"https:\/\/www.ufsm.br\/laboratorios\/labsolo\/wp-json\/wp\/v2\/pages\/23\/revisions"}],"wp:attachment":[{"href":"https:\/\/www.ufsm.br\/laboratorios\/labsolo\/wp-json\/wp\/v2\/media?parent=23"}],"wp:term":[{"taxonomy":"category","embeddable":true,"href":"https:\/\/www.ufsm.br\/laboratorios\/labsolo\/wp-json\/wp\/v2\/categories?post=23"},{"taxonomy":"post_tag","embeddable":true,"href":"https:\/\/www.ufsm.br\/laboratorios\/labsolo\/wp-json\/wp\/v2\/tags?post=23"}],"curies":[{"name":"wp","href":"https:\/\/api.w.org\/{rel}","templated":true}]}}