{"id":41,"date":"2019-10-17T11:17:00","date_gmt":"2019-10-17T14:17:00","guid":{"rendered":"https:\/\/www.ufsm.br\/laboratorios\/labsolo\/?page_id=41"},"modified":"2023-07-24T15:22:13","modified_gmt":"2023-07-24T18:22:13","slug":"procedimento-de-preparo-e-envio-das-amostras","status":"publish","type":"page","link":"https:\/\/www.ufsm.br\/laboratorios\/labsolo\/procedimento-de-preparo-e-envio-das-amostras","title":{"rendered":"Procedimento de preparo e envio das amostras"},"content":{"rendered":"\n<p><strong>1. Separar a lavoura em \u00e1reas homog\u00eaneas: Cada amostra de solo deve representar uma \u00e1rea com caracter\u00edsticas semelhantes, considerando-se:<\/strong><\/p>\n<p>a) Tipo de solo: solos diferentes devem ser amostrados separadamente. Eles podem ser diferenciados pela cor, teor de argila, profundidade do perfil, topografia do terreno e vegeta\u00e7\u00e3o existente;<\/p>\n<p>b) Hist\u00f3rico de utiliza\u00e7\u00e3o da lavoura: \u00c1reas com aduba\u00e7\u00e3o e calagem diferentes ou rota\u00e7\u00e3o de culturas diferentes devem ser amostradas separadamente;<\/p>\n<p>c) Tamanho da \u00e1rea amostrada: cada amostra de solo n\u00e3o deve representar \u00e1reas maiores que 20 hectares, pois em \u00e1reas maiores a representatividade da amostra fica comprometida.<\/p>\n<p><strong>2. Profundidade de coleta das amostras:<\/strong><\/p>\n<p>An\u00e1lise Qu\u00edmica:<br \/>\u00a0 a) De 0 a 20 cm para cultivo convencional, arroz irrigado, hortali\u00e7as, frut\u00edferas e ess\u00eancias florestais;<br \/>\u00a0 b) De 0 a 10 cm para plantio direto, campo nativo e melhoramento de campo nativo.<br \/><br \/>An\u00e1lise F\u00edsica:<br \/>\u00a0 \u00a0a) De 0 a 40 cm.<\/p>\n<p><strong>3. Procedimento de coleta de solo:<\/strong><\/p>\n<p>a) Em cada \u00e1rea homog\u00eanea, coletar v\u00e1rias sub-amostras (em torno de 15) de diversos locais, retirando em cada local uma pequena coluna de solo desde a superf\u00edcie do solo at\u00e9 a profundidade desejada;<\/p>\n<p>b) colocar as sub-amostras em um balde, misturar, destorro\u00e1-las, eliminando pedras, restos de plantas e ra\u00edzes;<\/p>\n<p>c) Secar \u00e0 sombra;<\/p>\n<p>d) Transferir para uma embalagem limpa (preferencialmente saco pl\u00e1stico) em torno de 400 gramas de solo para ser enviada ao laborat\u00f3rio. Nesta embalagem deve constar o nome do produtor, CPF, localidade, Munic\u00edpio, telefone para contato, an\u00e1lise b\u00e1sica ou completa, \u00e1rea amostrada, nome da gleba, profundidade de coleta e sistema de cultivo. O arquivo para completar as informa\u00e7\u00f5es supracitadas est\u00e1 dispon\u00edvel na aba &#8220;Documentos&#8221;.<\/p>\n","protected":false},"excerpt":{"rendered":"<p>1. Separar a lavoura em \u00e1reas homog\u00eaneas: Cada amostra de solo deve representar uma \u00e1rea com caracter\u00edsticas semelhantes, considerando-se: a) Tipo de solo: solos diferentes devem ser amostrados separadamente. Eles podem ser diferenciados pela cor, teor de argila, profundidade do perfil, topografia do terreno e vegeta\u00e7\u00e3o existente; b) Hist\u00f3rico de utiliza\u00e7\u00e3o da lavoura: \u00c1reas com [&hellip;]<\/p>\n","protected":false},"author":117,"featured_media":0,"parent":0,"menu_order":0,"comment_status":"closed","ping_status":"closed","template":"","meta":{"footnotes":""},"categories":[],"tags":[],"class_list":["post-41","page","type-page","status-publish","hentry"],"acf":[],"_links":{"self":[{"href":"https:\/\/www.ufsm.br\/laboratorios\/labsolo\/wp-json\/wp\/v2\/pages\/41","targetHints":{"allow":["GET"]}}],"collection":[{"href":"https:\/\/www.ufsm.br\/laboratorios\/labsolo\/wp-json\/wp\/v2\/pages"}],"about":[{"href":"https:\/\/www.ufsm.br\/laboratorios\/labsolo\/wp-json\/wp\/v2\/types\/page"}],"author":[{"embeddable":true,"href":"https:\/\/www.ufsm.br\/laboratorios\/labsolo\/wp-json\/wp\/v2\/users\/117"}],"replies":[{"embeddable":true,"href":"https:\/\/www.ufsm.br\/laboratorios\/labsolo\/wp-json\/wp\/v2\/comments?post=41"}],"version-history":[{"count":0,"href":"https:\/\/www.ufsm.br\/laboratorios\/labsolo\/wp-json\/wp\/v2\/pages\/41\/revisions"}],"wp:attachment":[{"href":"https:\/\/www.ufsm.br\/laboratorios\/labsolo\/wp-json\/wp\/v2\/media?parent=41"}],"wp:term":[{"taxonomy":"category","embeddable":true,"href":"https:\/\/www.ufsm.br\/laboratorios\/labsolo\/wp-json\/wp\/v2\/categories?post=41"},{"taxonomy":"post_tag","embeddable":true,"href":"https:\/\/www.ufsm.br\/laboratorios\/labsolo\/wp-json\/wp\/v2\/tags?post=41"}],"curies":[{"name":"wp","href":"https:\/\/api.w.org\/{rel}","templated":true}]}}