{"id":32,"date":"2019-05-24T15:38:39","date_gmt":"2019-05-24T18:38:39","guid":{"rendered":"https:\/\/www.ufsm.br\/template-laboratprio\/?page_id=32"},"modified":"2023-09-18T16:22:26","modified_gmt":"2023-09-18T19:22:26","slug":"projetos","status":"publish","type":"page","link":"https:\/\/www.ufsm.br\/laboratorios\/labtmc\/projetos","title":{"rendered":"Projetos"},"content":{"rendered":"\n<div class=\"layout-cell layout-cell-3 text-align-right\"><strong>2023- Atual<\/strong><\/div>\n<div>MAGNETISMO E EFEITO MAGNETOCAL\u00d3RICO EM SISTEMAS FRUSTRADOS DE BAIXA DIMENSIONALIDADE<\/div>\n<div>Situa\u00e7\u00e3o: Em andamento; Natureza: Pesquisa.\u00a0<br class=\"clear\" \/>Coordenador: Mateus Schmidt<\/div>\n<div>\u00a0<\/div>\n<div>\n<div class=\"layout-cell layout-cell-9\">\n<div><b>2020 &#8211; Atual<\/b><\/div>\n<div>\n<div class=\"layout-cell layout-cell-9\">\n<div class=\"layout-cell-pad-5\">\n<div>\n<div class=\"layout-cell layout-cell-9\">\n<div class=\"layout-cell-pad-5\">COMPETI\u00c7\u00c3O ENTRE CDW E SUPERCONDUTIVIDADE EM SUPERCONDUTORES N\u00c3O CONVENCIONAIS<\/div>\n<div>\n<div class=\"row\">\n<div class=\"span12\">Situa\u00e7\u00e3o: Em andamento; Natureza: Pesquisa.<\/div>\n<div>Coordenador: Eleonir J. Calegari<\/div>\n<div>\u00a0<\/div>\n<\/div>\n<div>\n<div class=\"layout-cell layout-cell-3 text-align-right\">\n<div class=\"layout-cell-pad-5 text-align-right\"><b>2020 &#8211; Atual <\/b><\/div>\n<div class=\"layout-cell-pad-5 text-align-right\">FLUTUA\u00c7\u00d5ES QU\u00c2NTICAS E FRUSTRA\u00c7\u00c3O EM SISTEMAS DE SPINS INTERAGENTES<\/div>\n<\/div>\n<div class=\"layout-cell layout-cell-9\">\n<div>Situa\u00e7\u00e3o: Em andamento; Natureza: Pesquisa.\u00a0<br class=\"clear\" \/>Coordenador: Mateus Schmidt<\/div>\n<\/div>\n<\/div>\n<div class=\"row\">\u00a0<\/div>\n<\/div>\n<\/div>\n<\/div>\n<\/div>\n<\/div>\n<\/div>\n<\/div>\n<\/div>\n<div>\u00a0<\/div>\n","protected":false},"excerpt":{"rendered":"<p>2023- Atual MAGNETISMO E EFEITO MAGNETOCAL\u00d3RICO EM SISTEMAS FRUSTRADOS DE BAIXA DIMENSIONALIDADE Situa\u00e7\u00e3o: Em andamento; Natureza: Pesquisa.\u00a0Coordenador: Mateus Schmidt \u00a0 2020 &#8211; Atual COMPETI\u00c7\u00c3O ENTRE CDW E SUPERCONDUTIVIDADE EM SUPERCONDUTORES N\u00c3O CONVENCIONAIS Situa\u00e7\u00e3o: Em andamento; Natureza: Pesquisa. Coordenador: Eleonir J. Calegari \u00a0 2020 &#8211; Atual FLUTUA\u00c7\u00d5ES QU\u00c2NTICAS E FRUSTRA\u00c7\u00c3O EM SISTEMAS DE SPINS INTERAGENTES Situa\u00e7\u00e3o: [&hellip;]<\/p>\n","protected":false},"author":25,"featured_media":0,"parent":0,"menu_order":0,"comment_status":"closed","ping_status":"closed","template":"","meta":{"footnotes":""},"categories":[],"tags":[],"class_list":["post-32","page","type-page","status-publish","hentry"],"acf":[],"_links":{"self":[{"href":"https:\/\/www.ufsm.br\/laboratorios\/labtmc\/wp-json\/wp\/v2\/pages\/32","targetHints":{"allow":["GET"]}}],"collection":[{"href":"https:\/\/www.ufsm.br\/laboratorios\/labtmc\/wp-json\/wp\/v2\/pages"}],"about":[{"href":"https:\/\/www.ufsm.br\/laboratorios\/labtmc\/wp-json\/wp\/v2\/types\/page"}],"author":[{"embeddable":true,"href":"https:\/\/www.ufsm.br\/laboratorios\/labtmc\/wp-json\/wp\/v2\/users\/25"}],"replies":[{"embeddable":true,"href":"https:\/\/www.ufsm.br\/laboratorios\/labtmc\/wp-json\/wp\/v2\/comments?post=32"}],"version-history":[{"count":0,"href":"https:\/\/www.ufsm.br\/laboratorios\/labtmc\/wp-json\/wp\/v2\/pages\/32\/revisions"}],"wp:attachment":[{"href":"https:\/\/www.ufsm.br\/laboratorios\/labtmc\/wp-json\/wp\/v2\/media?parent=32"}],"wp:term":[{"taxonomy":"category","embeddable":true,"href":"https:\/\/www.ufsm.br\/laboratorios\/labtmc\/wp-json\/wp\/v2\/categories?post=32"},{"taxonomy":"post_tag","embeddable":true,"href":"https:\/\/www.ufsm.br\/laboratorios\/labtmc\/wp-json\/wp\/v2\/tags?post=32"}],"curies":[{"name":"wp","href":"https:\/\/api.w.org\/{rel}","templated":true}]}}