{"id":39,"date":"2019-08-06T11:18:03","date_gmt":"2019-08-06T14:18:03","guid":{"rendered":"https:\/\/www.ufsm.br\/laboratorios\/lac\/?page_id=39"},"modified":"2019-08-06T11:25:19","modified_gmt":"2019-08-06T14:25:19","slug":"informacoes-gerais","status":"publish","type":"page","link":"https:\/\/www.ufsm.br\/laboratorios\/lac\/informacoes-gerais","title":{"rendered":"Sobre"},"content":{"rendered":"\n<p>O LAC constitui-se de um servi\u00e7o de apoio ao diagn\u00f3stico, cuja finalidade \u00e9 realizar an\u00e1lises de flu\u00eddos biol\u00f3gicos de pacientes ambulatoriais, do pronto socorro ou das unidades de interna\u00e7\u00e3o do HUSM, para auxiliar no diagn\u00f3stico m\u00e9dico e no acompanhamento da evolu\u00e7\u00e3o cl\u00ednica dos mesmos, bem como contribuir com a comunidade universit\u00e1ria para a realiza\u00e7\u00e3o de pesquisas cient\u00edficas e possibilitar est\u00e1gios para discentes do curso de Farm\u00e1cia.<\/p>\n<p>O LAC est\u00e1 vinculado hierarquicamente a Dire\u00e7\u00e3o Cl\u00ednica do HUSM. Possue uma chefia imediata e um quadro funcional composto por 62 funcion\u00e1rios p\u00fablicos federais t\u00e9cnico-administrativos, al\u00e9m de funcion\u00e1rios terceirizados e bolsistas. As categorias funcionais s\u00e3o farmac\u00eautico-bioqu\u00edmico, t\u00e9cnico de laborat\u00f3rio, laboratorista, auxiliar de laborat\u00f3rio e assistente administrativo.<\/p>\n<p>Localiza-se no andar t\u00e9rreo do HUSM, ocupando uma \u00e1rea de aproximadamente, 446 m2. As atividades s\u00e3o exercidas nos diferentes setores: Coleta, Hematologia, Bioqu\u00edmica, Urin\u00e1lise, Microbiologia, Micologia, Parasitologia, Imunologia, Biologia Molecular e Lavagem e esteriliza\u00e7\u00e3o os quais contam com as mais modernas tecnologias dispon\u00edveis para a realiza\u00e7\u00e3o das an\u00e1lises.<\/p>\n<p>O LAC atende cerca de 400 pacientes\/dia, provenientes das diversas \u00e1reas cl\u00ednicas do HUSM. Al\u00e9m destes, presta servi\u00e7os para a regi\u00e3o do estado onde est\u00e1 inserido como membro da sub-rede de laborat\u00f3rios p\u00fablicos para monitoramento laboratorial da infec\u00e7\u00e3o pelo HIV, realizando a quantifica\u00e7\u00e3o de \u00e1cido-nucleico \u2013 carga viral do HIV e contagem de linf\u00f3citos T CD4+CD8+. O n\u00famero m\u00e9dio de exames\/m\u00eas \u00e9 de 59.000, atingindo um total de aproximadamente 700.000 exames em 2010.<\/p>\n<p>Participa de Programas de Controle de Qualidade Externos:<br>&#8211; Programa Nacional de Controle de Qualidade \u2013 PNCQ (Sociedade Brasileira de An\u00e1lises Cl\u00ednicas &#8211; SBAC)<br>&#8211; Programa Nacional de Monitoramento Laboratorial da Infec\u00e7\u00e3o pelo HIV \u2013 CD4+\/CD8+ e carga viral \u2013 sub-programa de avalia\u00e7\u00e3o externa da qualidade &#8211; AEQ<br>&#8211; Rede de monitoramento e controle de resist\u00eancia microbiana em servi\u00e7os de sa\u00fade \u2013 REDE RM \u2013 vinculado \u00e0 ANVISA.<\/p>\n","protected":false},"excerpt":{"rendered":"<p>O LAC constitui-se de um servi\u00e7o de apoio ao diagn\u00f3stico, cuja finalidade \u00e9 realizar an\u00e1lises de flu\u00eddos biol\u00f3gicos de pacientes ambulatoriais, do pronto socorro ou das unidades de interna\u00e7\u00e3o do HUSM, para auxiliar no diagn\u00f3stico m\u00e9dico e no acompanhamento da evolu\u00e7\u00e3o cl\u00ednica dos mesmos, bem como contribuir com a comunidade universit\u00e1ria para a realiza\u00e7\u00e3o de [&hellip;]<\/p>\n","protected":false},"author":115,"featured_media":0,"parent":0,"menu_order":0,"comment_status":"closed","ping_status":"closed","template":"","meta":{"footnotes":""},"categories":[],"tags":[],"class_list":["post-39","page","type-page","status-publish","hentry"],"acf":[],"_links":{"self":[{"href":"https:\/\/www.ufsm.br\/laboratorios\/lac\/wp-json\/wp\/v2\/pages\/39","targetHints":{"allow":["GET"]}}],"collection":[{"href":"https:\/\/www.ufsm.br\/laboratorios\/lac\/wp-json\/wp\/v2\/pages"}],"about":[{"href":"https:\/\/www.ufsm.br\/laboratorios\/lac\/wp-json\/wp\/v2\/types\/page"}],"author":[{"embeddable":true,"href":"https:\/\/www.ufsm.br\/laboratorios\/lac\/wp-json\/wp\/v2\/users\/115"}],"replies":[{"embeddable":true,"href":"https:\/\/www.ufsm.br\/laboratorios\/lac\/wp-json\/wp\/v2\/comments?post=39"}],"version-history":[{"count":0,"href":"https:\/\/www.ufsm.br\/laboratorios\/lac\/wp-json\/wp\/v2\/pages\/39\/revisions"}],"wp:attachment":[{"href":"https:\/\/www.ufsm.br\/laboratorios\/lac\/wp-json\/wp\/v2\/media?parent=39"}],"wp:term":[{"taxonomy":"category","embeddable":true,"href":"https:\/\/www.ufsm.br\/laboratorios\/lac\/wp-json\/wp\/v2\/categories?post=39"},{"taxonomy":"post_tag","embeddable":true,"href":"https:\/\/www.ufsm.br\/laboratorios\/lac\/wp-json\/wp\/v2\/tags?post=39"}],"curies":[{"name":"wp","href":"https:\/\/api.w.org\/{rel}","templated":true}]}}