{"id":45,"date":"2019-08-06T11:30:09","date_gmt":"2019-08-06T14:30:09","guid":{"rendered":"https:\/\/www.ufsm.br\/laboratorios\/lac\/?page_id=45"},"modified":"2019-08-06T11:30:11","modified_gmt":"2019-08-06T14:30:11","slug":"agendamento-de-exames","status":"publish","type":"page","link":"https:\/\/www.ufsm.br\/laboratorios\/lac\/agendamento-de-exames","title":{"rendered":"Agendamento de Exames"},"content":{"rendered":"\n<p>Os pacientes ambulatoriais do HUSM dever\u00e3o agendar previamente seus exames diretamente na recep\u00e7\u00e3o do LAC.<br \/>Ao agendar o exame, receber\u00e1 todas as orienta\u00e7\u00f5es necess\u00e1rias para a realiza\u00e7\u00e3o do mesmo, bem como a senha e o hor\u00e1rio de atendimento (coleta e entrega de material).<\/p>\n","protected":false},"excerpt":{"rendered":"<p>Os pacientes ambulatoriais do HUSM dever\u00e3o agendar previamente seus exames diretamente na recep\u00e7\u00e3o do LAC.Ao agendar o exame, receber\u00e1 todas as orienta\u00e7\u00f5es necess\u00e1rias para a realiza\u00e7\u00e3o do mesmo, bem como a senha e o hor\u00e1rio de atendimento (coleta e entrega de material).<\/p>\n","protected":false},"author":115,"featured_media":0,"parent":0,"menu_order":0,"comment_status":"closed","ping_status":"closed","template":"","meta":{"footnotes":""},"categories":[],"tags":[],"class_list":["post-45","page","type-page","status-publish","hentry"],"acf":[],"_links":{"self":[{"href":"https:\/\/www.ufsm.br\/laboratorios\/lac\/wp-json\/wp\/v2\/pages\/45","targetHints":{"allow":["GET"]}}],"collection":[{"href":"https:\/\/www.ufsm.br\/laboratorios\/lac\/wp-json\/wp\/v2\/pages"}],"about":[{"href":"https:\/\/www.ufsm.br\/laboratorios\/lac\/wp-json\/wp\/v2\/types\/page"}],"author":[{"embeddable":true,"href":"https:\/\/www.ufsm.br\/laboratorios\/lac\/wp-json\/wp\/v2\/users\/115"}],"replies":[{"embeddable":true,"href":"https:\/\/www.ufsm.br\/laboratorios\/lac\/wp-json\/wp\/v2\/comments?post=45"}],"version-history":[{"count":0,"href":"https:\/\/www.ufsm.br\/laboratorios\/lac\/wp-json\/wp\/v2\/pages\/45\/revisions"}],"wp:attachment":[{"href":"https:\/\/www.ufsm.br\/laboratorios\/lac\/wp-json\/wp\/v2\/media?parent=45"}],"wp:term":[{"taxonomy":"category","embeddable":true,"href":"https:\/\/www.ufsm.br\/laboratorios\/lac\/wp-json\/wp\/v2\/categories?post=45"},{"taxonomy":"post_tag","embeddable":true,"href":"https:\/\/www.ufsm.br\/laboratorios\/lac\/wp-json\/wp\/v2\/tags?post=45"}],"curies":[{"name":"wp","href":"https:\/\/api.w.org\/{rel}","templated":true}]}}