{"id":48,"date":"2019-08-06T11:32:42","date_gmt":"2019-08-06T14:32:42","guid":{"rendered":"https:\/\/www.ufsm.br\/laboratorios\/lac\/?page_id=48"},"modified":"2019-08-06T11:32:44","modified_gmt":"2019-08-06T14:32:44","slug":"menu-de-exames","status":"publish","type":"page","link":"https:\/\/www.ufsm.br\/laboratorios\/lac\/menu-de-exames","title":{"rendered":"Menu de exames"},"content":{"rendered":"\n<p><label>Aten\u00e7\u00e3o:<\/label><br \/>Esta se\u00e7\u00e3o pertence ao dom\u00ednio de outro site.<\/p>\n<p>A sua conex\u00e3o est\u00e1 sendo redirecionada.<br \/>Por favor, aguarde&#8230;<br \/><br \/>Se o sistema travar, clique no link abaixo para continuar.<br \/><a href=\"http:\/\/ww3.ad.husm.ufsm.br\/laudos\/exames.asp\">http:\/\/ww3.ad.husm.ufsm.br\/laudos\/exames.asp<\/a><\/p>\n","protected":false},"excerpt":{"rendered":"<p>Aten\u00e7\u00e3o:Esta se\u00e7\u00e3o pertence ao dom\u00ednio de outro site. A sua conex\u00e3o est\u00e1 sendo redirecionada.Por favor, aguarde&#8230; Se o sistema travar, clique no link abaixo para continuar.http:\/\/ww3.ad.husm.ufsm.br\/laudos\/exames.asp<\/p>\n","protected":false},"author":115,"featured_media":0,"parent":0,"menu_order":0,"comment_status":"closed","ping_status":"closed","template":"","meta":{"footnotes":""},"categories":[],"tags":[],"class_list":["post-48","page","type-page","status-publish","hentry"],"acf":[],"_links":{"self":[{"href":"https:\/\/www.ufsm.br\/laboratorios\/lac\/wp-json\/wp\/v2\/pages\/48","targetHints":{"allow":["GET"]}}],"collection":[{"href":"https:\/\/www.ufsm.br\/laboratorios\/lac\/wp-json\/wp\/v2\/pages"}],"about":[{"href":"https:\/\/www.ufsm.br\/laboratorios\/lac\/wp-json\/wp\/v2\/types\/page"}],"author":[{"embeddable":true,"href":"https:\/\/www.ufsm.br\/laboratorios\/lac\/wp-json\/wp\/v2\/users\/115"}],"replies":[{"embeddable":true,"href":"https:\/\/www.ufsm.br\/laboratorios\/lac\/wp-json\/wp\/v2\/comments?post=48"}],"version-history":[{"count":0,"href":"https:\/\/www.ufsm.br\/laboratorios\/lac\/wp-json\/wp\/v2\/pages\/48\/revisions"}],"wp:attachment":[{"href":"https:\/\/www.ufsm.br\/laboratorios\/lac\/wp-json\/wp\/v2\/media?parent=48"}],"wp:term":[{"taxonomy":"category","embeddable":true,"href":"https:\/\/www.ufsm.br\/laboratorios\/lac\/wp-json\/wp\/v2\/categories?post=48"},{"taxonomy":"post_tag","embeddable":true,"href":"https:\/\/www.ufsm.br\/laboratorios\/lac\/wp-json\/wp\/v2\/tags?post=48"}],"curies":[{"name":"wp","href":"https:\/\/api.w.org\/{rel}","templated":true}]}}