{"id":52,"date":"2019-08-06T11:38:46","date_gmt":"2019-08-06T14:38:46","guid":{"rendered":"https:\/\/www.ufsm.br\/laboratorios\/lac\/?page_id=52"},"modified":"2019-08-06T11:38:49","modified_gmt":"2019-08-06T14:38:49","slug":"orientacoes","status":"publish","type":"page","link":"https:\/\/www.ufsm.br\/laboratorios\/lac\/orientacoes","title":{"rendered":"ORIENTA\u00c7\u00d5ES"},"content":{"rendered":"\n<p><strong>Coleta de urina de 24 horas<\/strong><\/p>\n<p>Toda a urina de um dia inteiro dever\u00e1 ser entregue no laborat\u00f3rio, portanto:<br \/>Marque um hor\u00e1rio para iniciar a coleta (Ex. 7 horas) e esvazie a bexiga, n\u00e3o guarde essa urina;<br \/>A partir desse hor\u00e1rio, guarde toda a urina at\u00e9 o mesmo hor\u00e1rio do dia seguinte (inclusive \u00e0 noite);<br \/>A \u00faltima urina dever\u00e1 ser coletada no mesmo hor\u00e1rio do in\u00edcio da coleta;<br \/>Mantenha a urina no refrigerador e traga ao laborat\u00f3rio em no m\u00e1ximo 24 horas ap\u00f3s terminar a coleta.<\/p>\n<p><strong>Coleta de amostra de urina<\/strong><\/p>\n<p>Realizar a higiene da genit\u00e1lia;<br \/>Desprezar o primeiro jato de urina;<br \/>Coletar a urina no frasco fornecido pelo laborat\u00f3rio<\/p>\n<p><strong>Coleta de amostra de fezes<\/strong><\/p>\n<p>O exame de fezes pode ser coletado em qualquer hora do dia (n\u00e3o necessita estar em jejum), por\u00e9m a amostra dever\u00e1 ser coletada sem uso de laxante.<br \/>Coletar a amostra em frasco adequado, fornecido pelo laborat\u00f3rio.<\/p>\n<p><strong>Dieta para pesquisa de sangue oculto nas fezes<\/strong><\/p>\n<p>Tr\u00eas dias antes da coleta n\u00e3o comer:<br \/>Carnes vermelhas, frutas e legumes de cor (pretos e vermelhos), feij\u00e3o e lentilha, chocolates.<br \/>Ter cuidados com a escova dental, palitos e fio dental para n\u00e3o provocar sangramentos.<br \/>Evitar tomar medicamentos que contenham ferro, bem como fazer uso de aspirina e vitamina C.<\/p>\n<p><strong>Dieta para coleta de \u00c1cido Vanil Mand\u00e9lico (VMA) e Catecolaminas em urina de 24 horas<\/strong><\/p>\n<p>Tr\u00eas dias antes da coleta n\u00e3o ingerir:<br \/>Ch\u00e1<br \/>Caf\u00e9<br \/>Refrigerantes<br \/>Sorvetes<br \/>Baunilha<br \/>Chocolates<br \/>Doces comerciais e\u00a0<br \/>Frutas (banana e manga)<\/p>\n<p><strong>Glicose e insulina p\u00f3s prandial<\/strong><\/p>\n<p>Permanecer de 8 a 12 horas de jejum;<br \/>Comparecer no laborat\u00f3rio no hor\u00e1rio agendado;<br \/>Trazer o caf\u00e9 da manh\u00e3 que usa habitualmente em casa;<br \/>Ap\u00f3s a coleta de sangue, tomar o caf\u00e9 da manh\u00e3;<br \/>Tomar junto com o caf\u00e9 as medica\u00e7\u00f5es usadas rotineiramente neste hor\u00e1rio;<br \/>Avisar ao laborat\u00f3rio o t\u00e9rmino do caf\u00e9;<br \/>Duas horas ap\u00f3s o caf\u00e9 da manh\u00e3, dever\u00e1 retornar ao laborat\u00f3rio para nova coleta de sangue;<br \/>Durante esse per\u00edodo poder\u00e1 realizar movimenta\u00e7\u00e3o que imite a rotina di\u00e1ria.<br \/><br \/><b>PACIENTES QUE FAZEM USO DE INSULINA:<\/b><br \/>Comparecer no laborat\u00f3rio no hor\u00e1rio agendado SEM aplicar a INSULINA;<br \/>Trazer o caf\u00e9 da manh\u00e3 que usa habitualmente em casa e a INSULINA;<br \/>Ap\u00f3s a coleta de sangue, aplicar a insulina;<br \/>Aguardar mais ou menos 15 a 30 minutos para tomar o caf\u00e9 da manh\u00e3 e as medica\u00e7\u00f5es usuais;<br \/>Ap\u00f3s, proceder conforme orienta\u00e7\u00e3o descrita acima.<\/p>\n<p><strong>Orienta\u00e7\u00f5es para dosagens de medicamentos <b>(\u00c1CIDO VALPR\u00d3ICO, CARBAMAZEPINA, CICLOSPORINA, FENOBARBITAL, L\u00cdTIO)<\/b><\/strong><\/p>\n<p>A coleta dever\u00e1 ser realizada ANTES da pr\u00f3xima dose do medicamento.<\/p>\n<p><strong>Teste oral de toler\u00e2ncia \u00e0 glicose<\/strong><\/p>\n<p>Permanecer de 8 a 12 horas de jejum;<br \/>Comparecer no laborat\u00f3rio no hor\u00e1rio agendado;<br \/>Trazer 75g de glicose (tamb\u00e9m poder\u00e1 trazer um lim\u00e3o);<br \/>Ap\u00f3s a coleta de sangue e a ingest\u00e3o da glicose, dever\u00e1 permanecer EM REPOUSO.<br \/>Retornar ao laborat\u00f3rio duas horas ap\u00f3s para a nova coleta de sangue.<\/p>\n","protected":false},"excerpt":{"rendered":"<p>Coleta de urina de 24 horas Toda a urina de um dia inteiro dever\u00e1 ser entregue no laborat\u00f3rio, portanto:Marque um hor\u00e1rio para iniciar a coleta (Ex. 7 horas) e esvazie a bexiga, n\u00e3o guarde essa urina;A partir desse hor\u00e1rio, guarde toda a urina at\u00e9 o mesmo hor\u00e1rio do dia seguinte (inclusive \u00e0 noite);A \u00faltima urina [&hellip;]<\/p>\n","protected":false},"author":115,"featured_media":0,"parent":0,"menu_order":0,"comment_status":"closed","ping_status":"closed","template":"","meta":{"footnotes":""},"categories":[],"tags":[],"class_list":["post-52","page","type-page","status-publish","hentry"],"acf":[],"_links":{"self":[{"href":"https:\/\/www.ufsm.br\/laboratorios\/lac\/wp-json\/wp\/v2\/pages\/52","targetHints":{"allow":["GET"]}}],"collection":[{"href":"https:\/\/www.ufsm.br\/laboratorios\/lac\/wp-json\/wp\/v2\/pages"}],"about":[{"href":"https:\/\/www.ufsm.br\/laboratorios\/lac\/wp-json\/wp\/v2\/types\/page"}],"author":[{"embeddable":true,"href":"https:\/\/www.ufsm.br\/laboratorios\/lac\/wp-json\/wp\/v2\/users\/115"}],"replies":[{"embeddable":true,"href":"https:\/\/www.ufsm.br\/laboratorios\/lac\/wp-json\/wp\/v2\/comments?post=52"}],"version-history":[{"count":0,"href":"https:\/\/www.ufsm.br\/laboratorios\/lac\/wp-json\/wp\/v2\/pages\/52\/revisions"}],"wp:attachment":[{"href":"https:\/\/www.ufsm.br\/laboratorios\/lac\/wp-json\/wp\/v2\/media?parent=52"}],"wp:term":[{"taxonomy":"category","embeddable":true,"href":"https:\/\/www.ufsm.br\/laboratorios\/lac\/wp-json\/wp\/v2\/categories?post=52"},{"taxonomy":"post_tag","embeddable":true,"href":"https:\/\/www.ufsm.br\/laboratorios\/lac\/wp-json\/wp\/v2\/tags?post=52"}],"curies":[{"name":"wp","href":"https:\/\/api.w.org\/{rel}","templated":true}]}}