{"id":53,"date":"2019-08-06T13:02:34","date_gmt":"2019-08-06T16:02:34","guid":{"rendered":"https:\/\/www.ufsm.br\/laboratorios\/lac\/?page_id=53"},"modified":"2019-08-06T13:02:38","modified_gmt":"2019-08-06T16:02:38","slug":"duvidas-frequentes","status":"publish","type":"page","link":"https:\/\/www.ufsm.br\/laboratorios\/lac\/duvidas-frequentes","title":{"rendered":"D\u00daVIDAS FREQUENTES"},"content":{"rendered":"\n<p><strong>Todo o exame de sangue necessita de jejum?<\/strong><\/p>\n<p>Nem todos. O tempo de jejum varia de acordo com o exame. O hemograma simples, por exemplo, dispensa o jejum. O colesterol e os triglicer\u00eddeos exigem que voc\u00ea fa\u00e7a um jejum de 12 a 14 horas. A glicemia exige que voc\u00ea fique 8 horas sem comer, por\u00e9m, se tiver tamb\u00e9m colesterol e triglicer\u00eddeos, fazer jejum de 12 horas.<\/p>\n<p><strong>\u00c1gua quebra o jejum?<\/strong><\/p>\n<p>N\u00e3o. Mas conv\u00e9m tom\u00e1-la com modera\u00e7\u00e3o. O excesso interfere nos exames de urina.\u00a0<\/p>\n<p><strong>Por que devemos desprezar o primeiro jato de urina quando vamos fazer o exame?<\/strong><\/p>\n<p>O primeiro jato de urina traz c\u00e9lulas e secre\u00e7\u00e3o que podem estar presentes na uretra, principalmente se existir um processo inflamat\u00f3rio e\/ou infeccioso chamado uretrite. Quando se est\u00e1 preocupado com uma poss\u00edvel infec\u00e7\u00e3o urin\u00e1ria, \u00e9 importante que o material examinado n\u00e3o seja &#8220;contaminado&#8221; com o que estiver na uretra. Da\u00ed a necessidade de desprezar o primeiro jato e coletar o jato m\u00e9dio, ou seja, uma urina que representa bem o material que est\u00e1 na bexiga.<\/p>\n<p><strong>Para a coleta de urina, tem que ser a \u201cprimeira da manh\u00e3\u201d?<\/strong><\/p>\n<p>Somente se o seu m\u00e9dico solicitar. Se isso n\u00e3o acontecer, a urina poder\u00e1 ser colhida em qualquer hor\u00e1rio do dia, mas com um cuidado antes do exame: de prefer\u00eancia, permanecer duas horas sem urinar. Coletar em frasco apropriado, fornecido pelo laborat\u00f3rio.<\/p>\n<p><strong>Menstrua\u00e7\u00e3o interfere nos exames?<\/strong><\/p>\n<p>Sim, por exemplo, no de urina. Por isso o ideal \u00e9 faz\u00ea-lo fora do per\u00edodo menstrual. Mas, se for urgente, a urina pode ser colhida, adotando-se dois cuidados: assepsia na hora do exame e o uso de tamp\u00e3o vaginal, para o sangue menstrual n\u00e3o se misturar \u00e0 urina.<\/p>\n<p><strong>Por que quando se coleta exame de sangue, \u00e0s vezes, o local fica roxo?<\/strong><\/p>\n<p>Isto se chama hematoma: extravasamento de sangue para fora da veia. Ele pode ocorrer em determinadas situa\u00e7\u00f5es, tais como: veias finas, delicadas, com muita press\u00e3o; falta de boa compress\u00e3o no local da pun\u00e7\u00e3o; e paciente usando algum medicamento que altera a coagula\u00e7\u00e3o do sangue, entre os quais a aspirina.<\/p>\n<p><strong>Outra pessoa poder\u00e1 retirar os meus exames?<\/strong><\/p>\n<p>Os resultados de exames somente poder\u00e3o ser retirados portando o comprovante do laborat\u00f3rio ou a carteira do HUSM ou um documento de identidade do paciente.\u00a0<\/p>\n","protected":false},"excerpt":{"rendered":"<p>Todo o exame de sangue necessita de jejum? Nem todos. O tempo de jejum varia de acordo com o exame. O hemograma simples, por exemplo, dispensa o jejum. O colesterol e os triglicer\u00eddeos exigem que voc\u00ea fa\u00e7a um jejum de 12 a 14 horas. A glicemia exige que voc\u00ea fique 8 horas sem comer, por\u00e9m, [&hellip;]<\/p>\n","protected":false},"author":115,"featured_media":0,"parent":0,"menu_order":0,"comment_status":"closed","ping_status":"closed","template":"","meta":{"footnotes":""},"categories":[],"tags":[],"class_list":["post-53","page","type-page","status-publish","hentry"],"acf":[],"_links":{"self":[{"href":"https:\/\/www.ufsm.br\/laboratorios\/lac\/wp-json\/wp\/v2\/pages\/53","targetHints":{"allow":["GET"]}}],"collection":[{"href":"https:\/\/www.ufsm.br\/laboratorios\/lac\/wp-json\/wp\/v2\/pages"}],"about":[{"href":"https:\/\/www.ufsm.br\/laboratorios\/lac\/wp-json\/wp\/v2\/types\/page"}],"author":[{"embeddable":true,"href":"https:\/\/www.ufsm.br\/laboratorios\/lac\/wp-json\/wp\/v2\/users\/115"}],"replies":[{"embeddable":true,"href":"https:\/\/www.ufsm.br\/laboratorios\/lac\/wp-json\/wp\/v2\/comments?post=53"}],"version-history":[{"count":0,"href":"https:\/\/www.ufsm.br\/laboratorios\/lac\/wp-json\/wp\/v2\/pages\/53\/revisions"}],"wp:attachment":[{"href":"https:\/\/www.ufsm.br\/laboratorios\/lac\/wp-json\/wp\/v2\/media?parent=53"}],"wp:term":[{"taxonomy":"category","embeddable":true,"href":"https:\/\/www.ufsm.br\/laboratorios\/lac\/wp-json\/wp\/v2\/categories?post=53"},{"taxonomy":"post_tag","embeddable":true,"href":"https:\/\/www.ufsm.br\/laboratorios\/lac\/wp-json\/wp\/v2\/tags?post=53"}],"curies":[{"name":"wp","href":"https:\/\/api.w.org\/{rel}","templated":true}]}}