{"id":43,"date":"2019-08-07T14:41:54","date_gmt":"2019-08-07T17:41:54","guid":{"rendered":"https:\/\/www.ufsm.br\/laboratorios\/lacem\/?page_id=43"},"modified":"2019-08-07T14:41:56","modified_gmt":"2019-08-07T17:41:56","slug":"estudos","status":"publish","type":"page","link":"https:\/\/www.ufsm.br\/laboratorios\/lacem\/estudos","title":{"rendered":"Estudos"},"content":{"rendered":"\n<p class=\"titulo\"><strong>DEC 1009 &#8211; Futebol<\/strong><\/p>\n<p class=\"normal\">A disciplina integra o corpo de conhecimento oferecido pelo Departamento de Desportos Coletivos para a forma\u00e7\u00e3o acad\u00eamica junto ao Curso de Educa\u00e7\u00e3o F\u00edsica da Universidade Federal de Santa Maria. De acordo com o programa vigente \u00e0 disciplina, o acad\u00eamico dever\u00e1 ser capaz de compreender as transforma\u00e7\u00f5es esportivas e aplicar adequadamente os conhecimentos adquiridos sobre a aprendizagem de t\u00e9cnicas e habilidades humanas que envolvem a sua atua\u00e7\u00e3o profissional no campo do esporte coletivo &#8211; FUTEBOL e FUTSAL.<\/p>\n<p class=\"normal\"><b>ELEMENTOS RELACIONADOS AOS CONTE\u00daDOS DA DISCIPLINA<\/b><\/p>\n<p class=\"normal\"><b>I- &#8220;Futebol &#8211; O Nascimento de uma Paix\u00e3o&#8221;<\/b><br \/>Uma sequ\u00eancia de nove v\u00eddeos que apresentam um document\u00e1rio onde \u00e9 contada a hist\u00f3ria do esporte mais popular do planeta, suas origens e evolu\u00e7\u00f5es.<\/p>\n<p class=\"normal\"><b>II &#8211; &#8221; Goleiros Rog\u00e9rio Ceni e Marcos participam do programa Bem Amigos&#8221;<\/b><br \/><a href=\"http:\/\/www.youtube.com\/watch?v=twml_sU3iLU&amp;feature=player_detailpage\" target=\"_blank\" rel=\"noopener noreferrer\">Parte 1<\/a><br \/><a href=\"http:\/\/www.youtube.com\/watch?feature=player_detailpage&amp;v=IQ2pNhySYeE\" target=\"_blank\" rel=\"noopener noreferrer\">Parte 2<\/a><br \/><a href=\"http:\/\/www.youtube.com\/watch?feature=player_detailpage&amp;v=t37vxFRrrWY\" target=\"_blank\" rel=\"noopener noreferrer\">Parte 3<\/a><br \/><a href=\"http:\/\/www.youtube.com\/watch?v=E5rgfB-d0W0&amp;feature=player_detailpage\" target=\"_blank\" rel=\"noopener noreferrer\">Parte 4<\/a><br \/><a href=\"http:\/\/www.youtube.com\/watch?feature=player_detailpage&amp;v=AXxEOt_kKIQ\" target=\"_blank\" rel=\"noopener noreferrer\">Parte 5<\/a><br \/><a href=\"http:\/\/www.youtube.com\/watch?feature=player_detailpage&amp;v=_059GS_PFv0\" target=\"_blank\" rel=\"noopener noreferrer\">Parte 6<\/a><br \/><a href=\"http:\/\/www.youtube.com\/watch?v=RuQde0iSUXI&amp;feature=player_detailpage\" target=\"_blank\" rel=\"noopener noreferrer\">Parte 7<\/a><br \/><a href=\"http:\/\/www.youtube.com\/watch?v=KCWly0y-Lac&amp;feature=player_detailpage\" target=\"_blank\" rel=\"noopener noreferrer\">Parte 8<\/a><br \/><a href=\"http:\/\/www.youtube.com\/watch?feature=player_detailpage&amp;v=K7CEF6yvqEc\" target=\"_blank\" rel=\"noopener noreferrer\">Parte 9<\/a><\/p>\n<p class=\"normal\"><b>III &#8211; Aula do dia 13\/09\/2011: &#8220;Gestos t\u00e9cnicos e posicionamentos espec\u00edficos do goleiro de futebol&#8221;.<\/b><br \/><a href=\"http:\/\/www.youtube.com\/watch?v=DIZ_Fqy0l9w\" target=\"_blank\" rel=\"noopener noreferrer\">V\u00eddeo<\/a>\u00a0&#8211; Apresenta\u00e7\u00e3o e discuss\u00e3o sobre a pegada e a prote\u00e7\u00e3o da bola em situa\u00e7\u00f5es distintas: alta, m\u00e9dia e baixa. Observa\u00e7\u00e3o dos detalhes que integram a constru\u00e7\u00e3o e a compreens\u00e3o do gesto caracter\u00edstico que envolve a a\u00e7\u00e3o, bem como a caracteriza\u00e7\u00e3o pr\u00e1tica do mesmo.<\/p>\n<p class=\"titulo\"><strong>DEC 1040 &#8211; Futsal<\/strong><\/p>\n<p class=\"normal\">A disciplina integra o corpo de conhecimento oferecido pelo Departamento de Desportos Coletivos para a forma\u00e7\u00e3o acad\u00eamica junto ao Curso de Educa\u00e7\u00e3o F\u00edsica da Universidade Federal de Santa Maria. De acordo com o programa vigente \u00e0 disciplina, o acad\u00eamico dever\u00e1 ser capaz de compreender as transforma\u00e7\u00f5es esportivas e aplicar adequadamente os conhecimentos adquiridos sobre a aprendizagem de t\u00e9cnicas e habilidades humanas que envolvem a sua atua\u00e7\u00e3o profissional no campo do esporte coletivo &#8211; FUTEBOL e FUTSAL.<\/p>\n<p class=\"titulo\">Materiais LACEM<\/p>\n<p class=\"normal\">Espa\u00e7o destinado aos materiais que o laborat\u00f3rio disponibiliza aos interessados em participar do Grupo LACEM.<\/p>\n<p class=\"normal\"><a href=\"https:\/\/www.ufsm.br\/laboratorios\/lacem\/wp-content\/uploads\/sites\/648\/2019\/08\/organogramaLACEM.pdf\">Organograma do Laborat\u00f3rio de An\u00e1lise dos Cen\u00e1rios Esportivos na M\u00eddia<\/a><\/p>\n","protected":false},"excerpt":{"rendered":"<p>DEC 1009 &#8211; Futebol A disciplina integra o corpo de conhecimento oferecido pelo Departamento de Desportos Coletivos para a forma\u00e7\u00e3o acad\u00eamica junto ao Curso de Educa\u00e7\u00e3o F\u00edsica da Universidade Federal de Santa Maria. De acordo com o programa vigente \u00e0 disciplina, o acad\u00eamico dever\u00e1 ser capaz de compreender as transforma\u00e7\u00f5es esportivas e aplicar adequadamente os [&hellip;]<\/p>\n","protected":false},"author":772,"featured_media":0,"parent":0,"menu_order":0,"comment_status":"closed","ping_status":"closed","template":"","meta":{"footnotes":""},"categories":[],"tags":[],"class_list":["post-43","page","type-page","status-publish","hentry"],"acf":[],"_links":{"self":[{"href":"https:\/\/www.ufsm.br\/laboratorios\/lacem\/wp-json\/wp\/v2\/pages\/43","targetHints":{"allow":["GET"]}}],"collection":[{"href":"https:\/\/www.ufsm.br\/laboratorios\/lacem\/wp-json\/wp\/v2\/pages"}],"about":[{"href":"https:\/\/www.ufsm.br\/laboratorios\/lacem\/wp-json\/wp\/v2\/types\/page"}],"author":[{"embeddable":true,"href":"https:\/\/www.ufsm.br\/laboratorios\/lacem\/wp-json\/wp\/v2\/users\/772"}],"replies":[{"embeddable":true,"href":"https:\/\/www.ufsm.br\/laboratorios\/lacem\/wp-json\/wp\/v2\/comments?post=43"}],"version-history":[{"count":0,"href":"https:\/\/www.ufsm.br\/laboratorios\/lacem\/wp-json\/wp\/v2\/pages\/43\/revisions"}],"wp:attachment":[{"href":"https:\/\/www.ufsm.br\/laboratorios\/lacem\/wp-json\/wp\/v2\/media?parent=43"}],"wp:term":[{"taxonomy":"category","embeddable":true,"href":"https:\/\/www.ufsm.br\/laboratorios\/lacem\/wp-json\/wp\/v2\/categories?post=43"},{"taxonomy":"post_tag","embeddable":true,"href":"https:\/\/www.ufsm.br\/laboratorios\/lacem\/wp-json\/wp\/v2\/tags?post=43"}],"curies":[{"name":"wp","href":"https:\/\/api.w.org\/{rel}","templated":true}]}}