{"id":141,"date":"2025-06-11T06:07:20","date_gmt":"2025-06-11T09:07:20","guid":{"rendered":"https:\/\/www.ufsm.br\/laboratorios\/lacria\/?page_id=141"},"modified":"2025-07-01T12:20:32","modified_gmt":"2025-07-01T15:20:32","slug":"disciplinas","status":"publish","type":"page","link":"https:\/\/www.ufsm.br\/laboratorios\/lacria\/disciplinas","title":{"rendered":"Disciplinas"},"content":{"rendered":"\t\t<div data-elementor-type=\"wp-page\" data-elementor-id=\"141\" class=\"elementor elementor-141\">\n\t\t\t\t\t\t<section class=\"elementor-section elementor-top-section elementor-element elementor-element-e56be0a elementor-section-boxed elementor-section-height-default elementor-section-height-default\" data-id=\"e56be0a\" data-element_type=\"section\">\n\t\t\t\t\t\t<div class=\"elementor-container elementor-column-gap-default\">\n\t\t\t\t\t<div class=\"elementor-column elementor-col-100 elementor-top-column elementor-element elementor-element-a47b4b2\" data-id=\"a47b4b2\" data-element_type=\"column\">\n\t\t\t<div class=\"elementor-widget-wrap elementor-element-populated\">\n\t\t\t\t\t\t<div class=\"elementor-element elementor-element-6a88b35 elementor-widget elementor-widget-heading\" data-id=\"6a88b35\" data-element_type=\"widget\" data-widget_type=\"heading.default\">\n\t\t\t\t<div class=\"elementor-widget-container\">\n\t\t\t<h2 class=\"elementor-heading-title elementor-size-default\">Disciplinas de gradua\u00e7\u00e3o - Artes Visuais (licenciatura)<\/h2>\t\t<\/div>\n\t\t\t\t<\/div>\n\t\t\t\t<div class=\"elementor-element elementor-element-0734c6c elementor-widget elementor-widget-heading\" data-id=\"0734c6c\" data-element_type=\"widget\" data-widget_type=\"heading.default\">\n\t\t\t\t<div class=\"elementor-widget-container\">\n\t\t\t<h5 class=\"elementor-heading-title elementor-size-default\">Hist\u00f3ria do Ensino das Artes Visuais no Brasil - ART1254\u200b<\/h5>\t\t<\/div>\n\t\t\t\t<\/div>\n\t\t\t\t<div class=\"elementor-element elementor-element-058779a elementor-widget elementor-widget-text-editor\" data-id=\"058779a\" data-element_type=\"widget\" data-widget_type=\"text-editor.default\">\n\t\t\t\t<div class=\"elementor-widget-container\">\n\t\t\t\t\t\t\t<p><span style=\"color: #1c1c1c;font-size: 16px\"><b>Objetivo:<\/b> Construir entendimentos cr\u00edticos sobre a trajet\u00f3ria hist\u00f3rica da Arte\/Educac\u0327\u00e3o no Brasil e conceitos contempora\u0302neos do ensino de Artes Visuais em pr\u00e1xis contextualizadoras. <a href=\"https:\/\/www.ufsm.br\/ementario\/disciplinas\/ART1254\">Saiba mais.<\/a><\/span><\/p>\t\t\t\t\t\t<\/div>\n\t\t\t\t<\/div>\n\t\t\t\t\t<\/div>\n\t\t<\/div>\n\t\t\t\t\t<\/div>\n\t\t<\/section>\n\t\t\t\t<section class=\"elementor-section elementor-top-section elementor-element elementor-element-0821eeb elementor-section-boxed elementor-section-height-default elementor-section-height-default\" data-id=\"0821eeb\" data-element_type=\"section\">\n\t\t\t\t\t\t<div class=\"elementor-container elementor-column-gap-default\">\n\t\t\t\t\t<div class=\"elementor-column elementor-col-100 elementor-top-column elementor-element elementor-element-c404db3\" data-id=\"c404db3\" data-element_type=\"column\">\n\t\t\t<div class=\"elementor-widget-wrap elementor-element-populated\">\n\t\t\t\t\t\t<div class=\"elementor-element elementor-element-c357fc6 elementor-widget elementor-widget-heading\" data-id=\"c357fc6\" data-element_type=\"widget\" data-widget_type=\"heading.default\">\n\t\t\t\t<div class=\"elementor-widget-container\">\n\t\t\t<h5 class=\"elementor-heading-title elementor-size-default\">Pr\u00e1ticas em Arte\/Educa\u00e7\u00e3o 1 - ART1255<\/h5>\t\t<\/div>\n\t\t\t\t<\/div>\n\t\t\t\t<div class=\"elementor-element elementor-element-d6bed10 elementor-widget elementor-widget-text-editor\" data-id=\"d6bed10\" data-element_type=\"widget\" data-widget_type=\"text-editor.default\">\n\t\t\t\t<div class=\"elementor-widget-container\">\n\t\t\t\t\t\t\t<p><span style=\"color: #1c1c1c;font-size: 16px\"><b>Objetivo:<\/b> Abordar os conceitos e contextos das pr\u00e1ticas arte\/educativas em espa\u00e7os n\u00e3o-formais de ensino de Artes Visuais. Implementar pr\u00e1ticas educativas que explorem tem\u00e1ticas de diversidade \u00e9tnicorracial, de g\u00eanero, sexualidades e faixa geracional. Desenvolver interpreta\u00e7\u00f5es sobre ateli\u00eas livres, oficinas, mini-cursos abertos \u00e0 comunidade. Produzir material did\u00e1tico para realiza\u00e7\u00e3o de ateli\u00eas livres. Realizar ateli\u00ea livre em Artes Visuais. Participar do projeto de extens\u00e3o. <a href=\"https:\/\/www.ufsm.br\/ementario\/disciplinas\/ART1255\">Saiba mais.<\/a><\/span><\/p>\t\t\t\t\t\t<\/div>\n\t\t\t\t<\/div>\n\t\t\t\t\t<\/div>\n\t\t<\/div>\n\t\t\t\t\t<\/div>\n\t\t<\/section>\n\t\t\t\t<section class=\"elementor-section elementor-top-section elementor-element elementor-element-4e84f59 elementor-section-boxed elementor-section-height-default elementor-section-height-default\" data-id=\"4e84f59\" data-element_type=\"section\">\n\t\t\t\t\t\t<div class=\"elementor-container elementor-column-gap-default\">\n\t\t\t\t\t<div class=\"elementor-column elementor-col-100 elementor-top-column elementor-element elementor-element-9593771\" data-id=\"9593771\" data-element_type=\"column\">\n\t\t\t<div class=\"elementor-widget-wrap elementor-element-populated\">\n\t\t\t\t\t\t<div class=\"elementor-element elementor-element-e11b864 elementor-widget elementor-widget-heading\" data-id=\"e11b864\" data-element_type=\"widget\" data-widget_type=\"heading.default\">\n\t\t\t\t<div class=\"elementor-widget-container\">\n\t\t\t<h5 class=\"elementor-heading-title elementor-size-default\">Pr\u00e1ticas em Arte\/Educa\u00e7\u00e3o 2 - ART1256<\/h5>\t\t<\/div>\n\t\t\t\t<\/div>\n\t\t\t\t<div class=\"elementor-element elementor-element-9c3c545 elementor-widget elementor-widget-text-editor\" data-id=\"9c3c545\" data-element_type=\"widget\" data-widget_type=\"text-editor.default\">\n\t\t\t\t<div class=\"elementor-widget-container\">\n\t\t\t\t\t\t\t<p><span style=\"color: #1c1c1c;font-size: 16px\"><b>Objetivo:<\/b> Construir entendimentos diante de diferentes espa\u00e7os expositivos com visita\u00e7\u00f5es. Produzir material did\u00e1tico para media\u00e7\u00e3o. Implementar pr\u00e1ticas educativas que explorem tem\u00e1ticas de diversidade \u00e9tnicorracial, de g\u00eanero, sexualidades e faixa geracional. Realizar media\u00e7\u00e3o educativa em exposi\u00e7\u00f5es de Artes Visuais. Participar no projeto de extens\u00e3o. <a href=\"https:\/\/www.ufsm.br\/ementario\/disciplinas\/ART1256\">Saiba mais.<\/a><\/span><\/p>\t\t\t\t\t\t<\/div>\n\t\t\t\t<\/div>\n\t\t\t\t\t<\/div>\n\t\t<\/div>\n\t\t\t\t\t<\/div>\n\t\t<\/section>\n\t\t\t\t<section class=\"elementor-section elementor-top-section elementor-element elementor-element-cffdcbb elementor-section-boxed elementor-section-height-default elementor-section-height-default\" data-id=\"cffdcbb\" data-element_type=\"section\">\n\t\t\t\t\t\t<div class=\"elementor-container elementor-column-gap-default\">\n\t\t\t\t\t<div class=\"elementor-column elementor-col-100 elementor-top-column elementor-element elementor-element-7c12bc4\" data-id=\"7c12bc4\" data-element_type=\"column\">\n\t\t\t<div class=\"elementor-widget-wrap elementor-element-populated\">\n\t\t\t\t\t\t<div class=\"elementor-element elementor-element-bce60c1 elementor-widget elementor-widget-heading\" data-id=\"bce60c1\" data-element_type=\"widget\" data-widget_type=\"heading.default\">\n\t\t\t\t<div class=\"elementor-widget-container\">\n\t\t\t<h5 class=\"elementor-heading-title elementor-size-default\"><a href=\"https:\/\/www.ufsm.br\/ementario\/disciplinas\/UFSM01015\">Arte, Media\u00e7\u00e3o e Criatividade - UFSM01015<\/a><\/h5>\t\t<\/div>\n\t\t\t\t<\/div>\n\t\t\t\t<div class=\"elementor-element elementor-element-f760b86 elementor-widget elementor-widget-text-editor\" data-id=\"f760b86\" data-element_type=\"widget\" data-widget_type=\"text-editor.default\">\n\t\t\t\t<div class=\"elementor-widget-container\">\n\t\t\t\t\t\t\t<p><span style=\"color: #1c1c1c;font-size: 16px\"><b>Objetivo:<\/b> Construir entendimentos sobre media\u00e7\u00e3o dos processos de ensino\/aprendizagem em diferentes \u00e1reas do conhecimento, no desenvolvimento da capacidade criadora com base nos fundamentos da linguagem visual e nas teorias da psicologia da criatividade..<\/span><span style=\"color: #1c1c1c;font-size: 16px\">\u00a0<a href=\"https:\/\/www.ufsm.br\/ementario\/disciplinas\/UFSM01015\">Saiba mais.<\/a><\/span><\/p>\t\t\t\t\t\t<\/div>\n\t\t\t\t<\/div>\n\t\t\t\t\t<\/div>\n\t\t<\/div>\n\t\t\t\t\t<\/div>\n\t\t<\/section>\n\t\t\t\t<section class=\"elementor-section elementor-top-section elementor-element elementor-element-f1346ee elementor-section-boxed elementor-section-height-default elementor-section-height-default\" data-id=\"f1346ee\" data-element_type=\"section\">\n\t\t\t\t\t\t<div class=\"elementor-container elementor-column-gap-default\">\n\t\t\t\t\t<div class=\"elementor-column elementor-col-100 elementor-top-column elementor-element elementor-element-638e454\" data-id=\"638e454\" data-element_type=\"column\">\n\t\t\t<div class=\"elementor-widget-wrap elementor-element-populated\">\n\t\t\t\t\t\t<div class=\"elementor-element elementor-element-9eb7fa8 elementor-widget elementor-widget-heading\" data-id=\"9eb7fa8\" data-element_type=\"widget\" data-widget_type=\"heading.default\">\n\t\t\t\t<div class=\"elementor-widget-container\">\n\t\t\t<h2 class=\"elementor-heading-title elementor-size-default\"><font><span>Disciplinas de P\u00f3s-Gradua\u00e7\u00e3o<\/span><\/font><\/h2>\t\t<\/div>\n\t\t\t\t<\/div>\n\t\t\t\t<div class=\"elementor-element elementor-element-bc17985 elementor-widget elementor-widget-heading\" data-id=\"bc17985\" data-element_type=\"widget\" data-widget_type=\"heading.default\">\n\t\t\t\t<div class=\"elementor-widget-container\">\n\t\t\t<h5 class=\"elementor-heading-title elementor-size-default\">Processos Criativos, Experi\u00eancia e Arte Contempor\u00e2nea - PPGA835<\/h5>\t\t<\/div>\n\t\t\t\t<\/div>\n\t\t\t\t<div class=\"elementor-element elementor-element-2b3c141 elementor-widget elementor-widget-text-editor\" data-id=\"2b3c141\" data-element_type=\"widget\" data-widget_type=\"text-editor.default\">\n\t\t\t\t<div class=\"elementor-widget-container\">\n\t\t\t\t\t\t\t<p><b style=\"color: #1c1c1c;font-size: 16px\">Objetivo:<\/b><span style=\"color: #1c1c1c\">\u00a0Desenvolver no\u00e7\u00f5es po\u00e9ticas sobre os recursos e processos de cria\u00e7\u00e3o na Arte Contempor\u00e2nea. Construir interpreta\u00e7\u00f5es acerca da pot\u00eancia, do espa\u00e7o da criatividade e da experi\u00eancia no processo criador. Articular interpreta\u00e7\u00f5es desde as obras de Arte e visualidades, possibilitando discuss\u00f5es emergentes no cerne da percep\u00e7\u00e3o, da representa\u00e7\u00e3o e da cogni\u00e7\u00e3o.. <\/span><a style=\"color: #1c1c1c;font-size: 16px\" href=\"https:\/\/www.ufsm.br\/ementario\/disciplinas\/PPGA835\">Saiba mais.<\/a><\/p>\t\t\t\t\t\t<\/div>\n\t\t\t\t<\/div>\n\t\t\t\t\t<\/div>\n\t\t<\/div>\n\t\t\t\t\t<\/div>\n\t\t<\/section>\n\t\t\t\t<section class=\"elementor-section elementor-top-section elementor-element elementor-element-452dd66 elementor-section-boxed elementor-section-height-default elementor-section-height-default\" data-id=\"452dd66\" data-element_type=\"section\">\n\t\t\t\t\t\t<div class=\"elementor-container elementor-column-gap-default\">\n\t\t\t\t\t<div class=\"elementor-column elementor-col-100 elementor-top-column elementor-element elementor-element-fabf03b\" data-id=\"fabf03b\" data-element_type=\"column\">\n\t\t\t<div class=\"elementor-widget-wrap elementor-element-populated\">\n\t\t\t\t\t\t<div class=\"elementor-element elementor-element-46605df elementor-widget elementor-widget-heading\" data-id=\"46605df\" data-element_type=\"widget\" data-widget_type=\"heading.default\">\n\t\t\t\t<div class=\"elementor-widget-container\">\n\t\t\t<h5 class=\"elementor-heading-title elementor-size-default\"><span>Semin\u00e1rio de Pesquisa em Arte e Transversalidade - PPGA837<\/span><\/h5>\t\t<\/div>\n\t\t\t\t<\/div>\n\t\t\t\t<div class=\"elementor-element elementor-element-f200449 elementor-widget elementor-widget-text-editor\" data-id=\"f200449\" data-element_type=\"widget\" data-widget_type=\"text-editor.default\">\n\t\t\t\t<div class=\"elementor-widget-container\">\n\t\t\t\t\t\t\t<p><span style=\"color: #1c1c1c;font-size: 16px\"><b>Objetivo:<\/b>\u00a0<\/span><span style=\"color: #1c1c1c;font-size: 16px\">Discutir as quest\u00f5es te\u00f3ricas e pr\u00e1ticas, emergentes no \u00e2mbito da linha de pesquisa arte e transversalidade, atrav\u00e9s de semin\u00e1rios de pesquisa sobre os projetos desenvolvidos pelos alunos do Curso.<\/span><span style=\"color: #1c1c1c;font-size: 16px\">\u00a0<a href=\"https:\/\/www.ufsm.br\/ementario\/disciplinas\/PPGA837\">Saiba mais.<\/a><\/span><\/p>\t\t\t\t\t\t<\/div>\n\t\t\t\t<\/div>\n\t\t\t\t\t<\/div>\n\t\t<\/div>\n\t\t\t\t\t<\/div>\n\t\t<\/section>\n\t\t\t\t<\/div>\n\t\t","protected":false},"excerpt":{"rendered":"<p>Disciplinas de gradua\u00e7\u00e3o &#8211; Artes Visuais (licenciatura) Hist\u00f3ria do Ensino das Artes Visuais no Brasil &#8211; ART1254\u200b Objetivo: Construir entendimentos cr\u00edticos sobre a trajet\u00f3ria hist\u00f3rica da Arte\/Educac\u0327\u00e3o no Brasil e conceitos contempora\u0302neos do ensino de Artes Visuais em pr\u00e1xis contextualizadoras. Saiba mais. Pr\u00e1ticas em Arte\/Educa\u00e7\u00e3o 1 &#8211; ART1255 Objetivo: Abordar os conceitos e contextos das [&hellip;]<\/p>\n","protected":false},"author":8813,"featured_media":0,"parent":0,"menu_order":0,"comment_status":"closed","ping_status":"closed","template":"","meta":{"footnotes":""},"categories":[],"tags":[],"class_list":["post-141","page","type-page","status-publish","hentry"],"acf":[],"_links":{"self":[{"href":"https:\/\/www.ufsm.br\/laboratorios\/lacria\/wp-json\/wp\/v2\/pages\/141","targetHints":{"allow":["GET"]}}],"collection":[{"href":"https:\/\/www.ufsm.br\/laboratorios\/lacria\/wp-json\/wp\/v2\/pages"}],"about":[{"href":"https:\/\/www.ufsm.br\/laboratorios\/lacria\/wp-json\/wp\/v2\/types\/page"}],"author":[{"embeddable":true,"href":"https:\/\/www.ufsm.br\/laboratorios\/lacria\/wp-json\/wp\/v2\/users\/8813"}],"replies":[{"embeddable":true,"href":"https:\/\/www.ufsm.br\/laboratorios\/lacria\/wp-json\/wp\/v2\/comments?post=141"}],"version-history":[{"count":0,"href":"https:\/\/www.ufsm.br\/laboratorios\/lacria\/wp-json\/wp\/v2\/pages\/141\/revisions"}],"wp:attachment":[{"href":"https:\/\/www.ufsm.br\/laboratorios\/lacria\/wp-json\/wp\/v2\/media?parent=141"}],"wp:term":[{"taxonomy":"category","embeddable":true,"href":"https:\/\/www.ufsm.br\/laboratorios\/lacria\/wp-json\/wp\/v2\/categories?post=141"},{"taxonomy":"post_tag","embeddable":true,"href":"https:\/\/www.ufsm.br\/laboratorios\/lacria\/wp-json\/wp\/v2\/tags?post=141"}],"curies":[{"name":"wp","href":"https:\/\/api.w.org\/{rel}","templated":true}]}}