{"id":22,"date":"2019-05-14T17:01:42","date_gmt":"2019-05-14T20:01:42","guid":{"rendered":"https:\/\/www.ufsm.br\/template-laboratprio\/?page_id=22"},"modified":"2025-06-11T05:44:16","modified_gmt":"2025-06-11T08:44:16","slug":"informacoes-gerais","status":"publish","type":"page","link":"https:\/\/www.ufsm.br\/laboratorios\/lacria\/informacoes-gerais","title":{"rendered":"Sobre"},"content":{"rendered":"\t\t<div data-elementor-type=\"wp-page\" data-elementor-id=\"22\" class=\"elementor elementor-22\">\n\t\t\t\t\t\t<section class=\"elementor-section elementor-top-section elementor-element elementor-element-2f1dc2a elementor-section-boxed elementor-section-height-default elementor-section-height-default\" data-id=\"2f1dc2a\" data-element_type=\"section\">\n\t\t\t\t\t\t<div class=\"elementor-container elementor-column-gap-default\">\n\t\t\t\t\t<div class=\"elementor-column elementor-col-100 elementor-top-column elementor-element elementor-element-e8c4372\" data-id=\"e8c4372\" data-element_type=\"column\">\n\t\t\t<div class=\"elementor-widget-wrap elementor-element-populated\">\n\t\t\t\t\t\t<div class=\"elementor-element elementor-element-245a6c6 elementor-widget elementor-widget-text-editor\" data-id=\"245a6c6\" data-element_type=\"widget\" data-widget_type=\"text-editor.default\">\n\t\t\t\t<div class=\"elementor-widget-container\">\n\t\t\t\t\t\t\t<p><span style=\"font-weight: 400\">O LACRIA, Laborat\u00f3rio de Criatividade e Inova\u00e7\u00e3o em Artes Visuais do Departamento de Artes Visuais e do Programa de P\u00f3s-Gradua\u00e7\u00e3o em Artes Visuais \u2013 PPGART\u00a0 foi criado em 2020 e tem como objetivo promover o espa\u00e7o de ensino, pesquisa e extens\u00e3o na forma\u00e7\u00e3o da criatividade e dos processos criativos a partir dos cursos de licenciatura e bacharelado em Artes Visuais, dando acesso \u00e0s potencialidades de inova\u00e7\u00e3o por meio da revis\u00e3o da hist\u00f3ria e da mem\u00f3ria da Arte e de seu ensino, assim como \u00e0 produ\u00e7\u00e3o de materiais art\u00edsticos e art\u00edstico\/educativos com uma proposta metodol\u00f3gica de constru\u00e7\u00e3o de pontes em media\u00e7\u00e3o cultural e media\u00e7\u00e3o do ensino\/aprendizado. Neste sentido, entende-se que o LACRIA busca estimular a produ\u00e7\u00e3o de saberes e fazeres da percep\u00e7\u00e3o, sensibilidade e criatividade de modo transversal e transdisciplinar.<\/span><\/p><p><span style=\"font-weight: 400\">No LACRIA, o Grupo de Pesquisa Artes Visuais e Criatividade \u2013 AVEC tem pontes com a International Society for Education through Art &#8211; INSEA, a Associa\u00e7\u00e3o Brasileira de Criatividade e Inova\u00e7\u00e3o (CRIABRASILIS, o Comit\u00ea de Hist\u00f3ria, Teoria e Cr\u00edtica de Arte (HTCA) da Associa\u00e7\u00e3o Nacional de Artes Pl\u00e1sticas \u2013 ANPAP e o Observat\u00f3rio da Forma\u00e7\u00e3o de Professores &#8211; Universidade do Estado de Santa Catarina \u2013 UDESC.<\/span><\/p><p><span style=\"font-weight: 400\">\u00a0<\/span><\/p><p>O laborat\u00f3rio \u00e9\u00a0<span style=\"color: #000000;font-family: Arial, sans-serif;font-size: 12pt;font-weight: var( --e-global-typography-text-font-weight );text-align: var(--bs-body-text-align)\">cadastrado na Plataforma Nacional de Infraestrutura e Pesquisa &#8211; PNIPE MCTI: <\/span><\/p>\t\t\t\t\t\t<\/div>\n\t\t\t\t<\/div>\n\t\t\t\t<div class=\"elementor-element elementor-element-7cbdc75 elementor-align-center elementor-widget elementor-widget-button\" data-id=\"7cbdc75\" data-element_type=\"widget\" data-widget_type=\"button.default\">\n\t\t\t\t<div class=\"elementor-widget-container\">\n\t\t\t\t\t\t\t<div class=\"elementor-button-wrapper\">\n\t\t\t\t\t<a class=\"elementor-button elementor-button-link elementor-size-sm\" href=\"https:\/\/pnipe.mcti.gov.br\/laboratory\/14872\" target=\"_blank\">\n\t\t\t\t\t\t<span class=\"elementor-button-content-wrapper\">\n\t\t\t\t\t\t\t\t\t<span class=\"elementor-button-text\">Clique aqui<\/span>\n\t\t\t\t\t<\/span>\n\t\t\t\t\t<\/a>\n\t\t\t\t<\/div>\n\t\t\t\t\t\t<\/div>\n\t\t\t\t<\/div>\n\t\t\t\t\t<\/div>\n\t\t<\/div>\n\t\t\t\t\t<\/div>\n\t\t<\/section>\n\t\t\t\t<section class=\"elementor-section elementor-top-section elementor-element elementor-element-7fb5120 elementor-section-boxed elementor-section-height-default elementor-section-height-default\" data-id=\"7fb5120\" data-element_type=\"section\">\n\t\t\t\t\t\t<div class=\"elementor-container elementor-column-gap-default\">\n\t\t\t\t\t<div class=\"elementor-column elementor-col-100 elementor-top-column elementor-element elementor-element-76ce16c\" data-id=\"76ce16c\" data-element_type=\"column\">\n\t\t\t<div class=\"elementor-widget-wrap elementor-element-populated\">\n\t\t\t\t\t\t<div class=\"elementor-element elementor-element-959da42 elementor-widget elementor-widget-heading\" data-id=\"959da42\" data-element_type=\"widget\" data-widget_type=\"heading.default\">\n\t\t\t\t<div class=\"elementor-widget-container\">\n\t\t\t<h5 class=\"elementor-heading-title elementor-size-default\">Localiza\u00e7\u00e3o<\/h5>\t\t<\/div>\n\t\t\t\t<\/div>\n\t\t\t\t<div class=\"elementor-element elementor-element-731dcbf elementor-widget elementor-widget-google_maps\" data-id=\"731dcbf\" data-element_type=\"widget\" data-widget_type=\"google_maps.default\">\n\t\t\t\t<div class=\"elementor-widget-container\">\n\t\t\t\t\t<div class=\"elementor-custom-embed\">\n\t\t\t<iframe loading=\"lazy\"\n\t\t\t\t\tsrc=\"https:\/\/maps.google.com\/maps?q=Centro%20de%20Artes%20e%20Letras%20da%20UFSM&#038;t=m&#038;z=15&#038;output=embed&#038;iwloc=near\"\n\t\t\t\t\ttitle=\"Centro de Artes e Letras da UFSM\"\n\t\t\t\t\taria-label=\"Centro de Artes e Letras da UFSM\"\n\t\t\t><\/iframe>\n\t\t<\/div>\n\t\t\t\t<\/div>\n\t\t\t\t<\/div>\n\t\t\t\t\t<\/div>\n\t\t<\/div>\n\t\t\t\t\t<\/div>\n\t\t<\/section>\n\t\t\t\t<\/div>\n\t\t","protected":false},"excerpt":{"rendered":"<p>O LACRIA, Laborat\u00f3rio de Criatividade e Inova\u00e7\u00e3o em Artes Visuais do Departamento de Artes Visuais e do Programa de P\u00f3s-Gradua\u00e7\u00e3o em Artes Visuais \u2013 PPGART\u00a0 foi criado em 2020 e tem como objetivo promover o espa\u00e7o de ensino, pesquisa e extens\u00e3o na forma\u00e7\u00e3o da criatividade e dos processos criativos a partir dos cursos de licenciatura [&hellip;]<\/p>\n","protected":false},"author":8,"featured_media":0,"parent":0,"menu_order":0,"comment_status":"closed","ping_status":"closed","template":"","meta":{"footnotes":""},"categories":[],"tags":[],"class_list":["post-22","page","type-page","status-publish","hentry"],"acf":[],"_links":{"self":[{"href":"https:\/\/www.ufsm.br\/laboratorios\/lacria\/wp-json\/wp\/v2\/pages\/22","targetHints":{"allow":["GET"]}}],"collection":[{"href":"https:\/\/www.ufsm.br\/laboratorios\/lacria\/wp-json\/wp\/v2\/pages"}],"about":[{"href":"https:\/\/www.ufsm.br\/laboratorios\/lacria\/wp-json\/wp\/v2\/types\/page"}],"author":[{"embeddable":true,"href":"https:\/\/www.ufsm.br\/laboratorios\/lacria\/wp-json\/wp\/v2\/users\/8"}],"replies":[{"embeddable":true,"href":"https:\/\/www.ufsm.br\/laboratorios\/lacria\/wp-json\/wp\/v2\/comments?post=22"}],"version-history":[{"count":0,"href":"https:\/\/www.ufsm.br\/laboratorios\/lacria\/wp-json\/wp\/v2\/pages\/22\/revisions"}],"wp:attachment":[{"href":"https:\/\/www.ufsm.br\/laboratorios\/lacria\/wp-json\/wp\/v2\/media?parent=22"}],"wp:term":[{"taxonomy":"category","embeddable":true,"href":"https:\/\/www.ufsm.br\/laboratorios\/lacria\/wp-json\/wp\/v2\/categories?post=22"},{"taxonomy":"post_tag","embeddable":true,"href":"https:\/\/www.ufsm.br\/laboratorios\/lacria\/wp-json\/wp\/v2\/tags?post=22"}],"curies":[{"name":"wp","href":"https:\/\/api.w.org\/{rel}","templated":true}]}}